{"id":17948,"date":"1970-01-01T00:00:00","date_gmt":"1969-12-31T23:00:00","guid":{"rendered":"https:\/\/cosyowl.com\/?post_type=product&#038;p=17948"},"modified":"2026-03-03T13:45:28","modified_gmt":"2026-03-03T13:45:28","slug":"niebieska-wzorzysta-puszka-na-swiece-150-ml-opakowanie-24-szt","status":"publish","type":"product","link":"https:\/\/cosyowl.com\/pl\/craft-supplies\/body-care-supplies\/containers-for-body-care-products\/blue-patterned-candle-tin-150ml-pack-of-24","title":{"rendered":"\u015awieca w puszce z niebieskim wzorem - 150 ml - opakowanie 24 szt."},"content":{"rendered":"<p>To interesuj\u0105ce <a href=\"https:\/\/cosyowl.com\/pl\/guides\/a-summers-beach-gel-votive-candle\">\u015bwieca<\/a> b\u0119dzie idealnym dodatkiem do Twojej kolekcji \u015bwiec. Puszka mie\u015bci 150 ml* wosku do \u015bwiec.<\/p>\n<h3>Zalecenia dotycz\u0105ce knot\u00f3w**<\/h3>\n<p><strong>Kliknij poni\u017cszy link, aby zapozna\u0107 si\u0119 z naszymi knotami <a href=\"https:\/\/cosyowl.com\/pl\/guides\/using-cotton-wicks-with-soyaluna-container-wax-recommendations\">zalecenia<\/a> dostosowane do Twoich potrzeb w zakresie produkcji \u015bwiec.<\/strong><\/p>\n<p><a href=\"https:\/\/cosyowl.com\/pl\/przewodniki\/wartosci-procentowe-i-pomiary\/?wmc-currency=EUR\">Rekomendacje Cosy Owl Wick<\/a><\/p>\n<p>*Nale\u017cy pami\u0119ta\u0107, \u017ce zalecana ilo\u015b\u0107 wosku to <a href=\"https:\/\/cosyowl.com\/pl\/guides\/a-guide-to-creating-your-own-soap-products\">przewodnik<\/a> i opiera si\u0119 na maksymalnej pojemno\u015bci danego pojemnika. Dlatego mo\u017cliwe jest u\u017cycie mniejszej ilo\u015bci wosku, ale nie zalecamy przekraczania maksymalnej pojemno\u015bci. Zalecamy stosowanie podanych ilo\u015bci wosku wy\u0142\u0105cznie jako punktu wyj\u015bcia i dostosowanie ich do w\u0142asnych potrzeb. <a href=\"https:\/\/cosyowl.com\/pl\/guides\/weighing-fragrance\">pomiary<\/a> zgodnie z w\u0142asnymi preferencjami.<\/p>\n<p>**Uwaga: wszystkie zalecenia dotycz\u0105ce knot\u00f3w opieraj\u0105 si\u0119 wy\u0142\u0105cznie na u\u017cyciu z naszym woskiem. Najmniejszy <a href=\"https:\/\/cosyowl.com\/pl\/guides\/candle-wick-size-chart\">Rozmiar knota<\/a> zalecany jest do u\u017cytku wy\u0142\u0105cznie z woskiem. Najwi\u0119kszy zalecany rozmiar knota jest przeznaczony do u\u017cytku, gdy <a href=\"https:\/\/cosyowl.com\/pl\/candle-making-supplies\/fragrance-oils-for-candle-making\/premium-fragrance-oils\/cosy-owl-premium-1-million-type-fragrance-oil\">Olejek zapachowy<\/a> i\/lub barwnik. Wszystkie podane informacje nale\u017cy traktowa\u0107 wy\u0142\u0105cznie jako wskaz\u00f3wki pomocne w znalezieniu punktu wyj\u015bcia podczas eksperymentowania z knotami, poniewa\u017c zmienne temperatury i <a href=\"https:\/\/cosyowl.com\/pl\/guides\/2023-spring-fragrance-oil-trends\">Olejki zapachowe<\/a> b\u0119d\u0105 mia\u0142y wp\u0142yw na sukces knota.<\/p>","protected":false},"excerpt":{"rendered":"<p>This interesting candle tin would be a perfect addition to your candle collection. This tin holds 150ml* of candle wax. Wick Recommendations** Please click the link below to explore our wick recommendations tailored to your candle-making needs. Cosy Owl Wick Recommendations *Please note, the amount of wax recommended is a guide only and is based [&hellip;]<\/p>\n","protected":false},"featured_media":54000,"comment_status":"open","ping_status":"closed","template":"","meta":{"_acf_changed":false},"product_brand":[],"product_cat":[639,752,642,790,501,717],"product_tag":[918,1595],"class_list":{"0":"post-17948","1":"product","2":"type-product","3":"status-publish","4":"has-post-thumbnail","6":"product_cat-body-care-containers","7":"product_cat-sale-containers","8":"product_cat-hair-care-containers","9":"product_cat-easter","10":"product_cat-metal-containers","11":"product_cat-sale","12":"product_tag-candle-tin","13":"product_tag-easter","14":"product_shipping_class-royal_mail","16":"first","17":"instock","18":"taxable","19":"shipping-taxable","20":"purchasable","21":"product-type-simple"},"acf":[],"_links":{"self":[{"href":"https:\/\/cosyowl.com\/pl\/wp-json\/wp\/v2\/product\/17948","targetHints":{"allow":["GET"]}}],"collection":[{"href":"https:\/\/cosyowl.com\/pl\/wp-json\/wp\/v2\/product"}],"about":[{"href":"https:\/\/cosyowl.com\/pl\/wp-json\/wp\/v2\/types\/product"}],"replies":[{"embeddable":true,"href":"https:\/\/cosyowl.com\/pl\/wp-json\/wp\/v2\/comments?post=17948"}],"wp:featuredmedia":[{"embeddable":true,"href":"https:\/\/cosyowl.com\/pl\/wp-json\/wp\/v2\/media\/54000"}],"wp:attachment":[{"href":"https:\/\/cosyowl.com\/pl\/wp-json\/wp\/v2\/media?parent=17948"}],"wp:term":[{"taxonomy":"product_brand","embeddable":true,"href":"https:\/\/cosyowl.com\/pl\/wp-json\/wp\/v2\/product_brand?post=17948"},{"taxonomy":"product_cat","embeddable":true,"href":"https:\/\/cosyowl.com\/pl\/wp-json\/wp\/v2\/product_cat?post=17948"},{"taxonomy":"product_tag","embeddable":true,"href":"https:\/\/cosyowl.com\/pl\/wp-json\/wp\/v2\/product_tag?post=17948"}],"curies":[{"name":"wp","href":"https:\/\/api.w.org\/{rel}","templated":true}]}}