{"id":17444,"date":"2021-12-08T15:10:00","date_gmt":"2021-12-08T15:10:00","guid":{"rendered":"https:\/\/cosyowl.com\/?post_type=product&#038;p=17444"},"modified":"2026-03-03T13:45:28","modified_gmt":"2026-03-03T13:45:28","slug":"etykieta-bezpieczenstwa-na-swiece-35-mm-czarny-bialy-tekst","status":"publish","type":"product","link":"https:\/\/cosyowl.com\/pl\/candle-making-supplies\/35mm-candle-safety-label-white","title":{"rendered":"Etykieta bezpiecze\u0144stwa na \u015bwiec\u0119 35 mm CZARNY\/BIA\u0141Y TEKST"},"content":{"rendered":"<p>Nasz czarny <a href=\"https:\/\/cosyowl.com\/pl\/guides\/a-summers-beach-gel-votive-candle\">\u015bwieca<\/a> Etykiety bezpiecze\u0144stwa s\u0105 drukowane na czarnej okr\u0105g\u0142ej etykiecie z bia\u0142ym tuszem. \u015awietnie wygl\u0105daj\u0105 na wi\u0119kszo\u015bci kolor\u00f3w \u015bwiec, s\u0105 profesjonalne i dyskretne. Maj\u0105 \u015brednic\u0119 35 mm, idealn\u0105 do wi\u0119kszo\u015bci zastosowa\u0144.<\/p>\n<p><strong>Do czego s\u0142u\u017c\u0105 etykiety bezpiecze\u0144stwa \u015bwiec?<\/strong><\/p>\n<p>Je\u015bli sprzedajesz swoje \u015bwiece, musisz do\u0142\u0105czy\u0107 t\u0119 etykiet\u0119 ostrzegawcz\u0105, aby zachowa\u0107 zgodno\u015b\u0107 z rozporz\u0105dzeniem w sprawie og\u00f3lnego bezpiecze\u0144stwa produkt\u00f3w z 2005 roku. Etykiety te s\u0105 przeznaczone do umieszczenia na spodzie pojemnika lub pude\u0142ka w celu wykazania zgodno\u015bci i nale\u017cytej staranno\u015bci z przepisami oraz dostarczenia cennych informacji praktycznych i dotycz\u0105cych bezpiecze\u0144stwa dla u\u017cytkownika ko\u0144cowego.<\/p>\n<p>Nasze etykiety zabezpieczaj\u0105ce na \u015bwiece s\u0105 profesjonalne i <a href=\"https:\/\/cosyowl.com\/pl\/candle-wicks\/wedo-lx-wick-raw\">jako\u015b\u0107<\/a>D\u0142ugotrwa\u0142e, nie\u015bcieralne, wodoodporne, odporne na rozmazywanie i zarysowania. Zaprojektowane z my\u015bl\u0105 o trwa\u0142o\u015bci, a jednocze\u015bnie ekonomiczne, wybrali\u015bmy te etykiety ze wzgl\u0119du na ich d\u0142ugoterminow\u0105 wydajno\u015b\u0107.<\/p>\n<p>Zapoznaj si\u0119 z og\u00f3lnym rozporz\u0105dzeniem w sprawie bezpiecze\u0144stwa produkt\u00f3w, aby lepiej zrozumie\u0107 swoje obowi\u0105zki jako producenta \u015bwiec.<\/p>\n<p>Nasze etykiety bezpiecze\u0144stwa na \u015bwiece s\u0105 dostarczane w rolkach po 10, 50, 100 lub <a href=\"https:\/\/cosyowl.com\/pl\/candle-making-supplies\/tools-equipment\/glue-dots-pack-of-1000\">1000<\/a> i s\u0105 \u0142atwe do odklejenia i na\u0142o\u017cenia.<\/p>","protected":false},"excerpt":{"rendered":"<p>Our Black candle safety labels are printed on to a black circular label with White ink. They look great on most colours of candles, professional and unobtrusive. They are 35mm in diameter, perfect for most applications. What are Candle Safety Labels for? If you are selling your candles you need to include this warning label [&hellip;]<\/p>\n","protected":false},"featured_media":17452,"comment_status":"open","ping_status":"closed","template":"","meta":{"_acf_changed":false},"product_brand":[],"product_cat":[532,717],"product_tag":[939],"class_list":{"0":"post-17444","1":"product","2":"type-product","3":"status-publish","4":"has-post-thumbnail","6":"product_cat-tools-equipment","7":"product_cat-sale","8":"product_tag-safety-label","9":"pa_pack-size-569","10":"pa_pack-size-571","11":"pa_pack-size-572","12":"pa_pack-size-570","14":"first","15":"instock","16":"taxable","17":"shipping-taxable","18":"purchasable","19":"product-type-variable"},"acf":[],"_links":{"self":[{"href":"https:\/\/cosyowl.com\/pl\/wp-json\/wp\/v2\/product\/17444","targetHints":{"allow":["GET"]}}],"collection":[{"href":"https:\/\/cosyowl.com\/pl\/wp-json\/wp\/v2\/product"}],"about":[{"href":"https:\/\/cosyowl.com\/pl\/wp-json\/wp\/v2\/types\/product"}],"replies":[{"embeddable":true,"href":"https:\/\/cosyowl.com\/pl\/wp-json\/wp\/v2\/comments?post=17444"}],"wp:featuredmedia":[{"embeddable":true,"href":"https:\/\/cosyowl.com\/pl\/wp-json\/wp\/v2\/media\/17452"}],"wp:attachment":[{"href":"https:\/\/cosyowl.com\/pl\/wp-json\/wp\/v2\/media?parent=17444"}],"wp:term":[{"taxonomy":"product_brand","embeddable":true,"href":"https:\/\/cosyowl.com\/pl\/wp-json\/wp\/v2\/product_brand?post=17444"},{"taxonomy":"product_cat","embeddable":true,"href":"https:\/\/cosyowl.com\/pl\/wp-json\/wp\/v2\/product_cat?post=17444"},{"taxonomy":"product_tag","embeddable":true,"href":"https:\/\/cosyowl.com\/pl\/wp-json\/wp\/v2\/product_tag?post=17444"}],"curies":[{"name":"wp","href":"https:\/\/api.w.org\/{rel}","templated":true}]}}