{"id":17406,"date":"2021-08-12T14:08:30","date_gmt":"2021-08-12T13:08:30","guid":{"rendered":"https:\/\/cosyowl.com\/?post_type=product&#038;p=17406"},"modified":"2026-03-03T13:45:28","modified_gmt":"2026-03-03T13:45:28","slug":"50-mm-etykieta-bezpieczenstwa-dyfuzora-trzcinowego-bialy-czarny-tekst","status":"publish","type":"product","link":"https:\/\/cosyowl.com\/pl\/candle-making-supplies\/50mm-reed-diffuser-safety-label-white-black-text","title":{"rendered":"Etykieta bezpiecze\u0144stwa na dyfuzor kontaktronowy 50 mm - bia\u0142y\/czarny tekst"},"content":{"rendered":"<p>Nasz bia\u0142y <a href=\"https:\/\/cosyowl.com\/pl\/guides\/making-a-reed-diffuser\">Dyfuzor trzcinowy<\/a> Etykiety bezpiecze\u0144stwa s\u0105 drukowane na bia\u0142ej okr\u0105g\u0142ej etykiecie czarnym tuszem. Etykiety maj\u0105 \u015brednic\u0119 50 mm i s\u0105 idealne do wi\u0119kszo\u015bci zastosowa\u0144. Nasza etykieta ostrzegawcza na dyfuzor trzcinowy zawiera wszystkie istotne informacje i ostrze\u017cenia, kt\u00f3re klienci powinni wiedzie\u0107 o bezpiecznym korzystaniu z dyfuzora trzcinowego.<\/p>\n<p><strong>Do czego s\u0142u\u017c\u0105 etykiety bezpiecze\u0144stwa Reed?<\/strong><\/p>\n<p>Je\u015bli sprzedajesz swoje <a href=\"https:\/\/cosyowl.com\/pl\/guides\/a-beginners-guide-to-making-reed-diffusers\">Dyfuzory trzcinowe<\/a> Nale\u017cy umie\u015bci\u0107 t\u0119 etykiet\u0119 ostrzegawcz\u0105, aby zachowa\u0107 zgodno\u015b\u0107 z rozporz\u0105dzeniem w sprawie og\u00f3lnego bezpiecze\u0144stwa produkt\u00f3w z 2005 r. Etykiety te s\u0105 przeznaczone do umieszczenia na spodzie pojemnika lub pude\u0142ka w celu wykazania zgodno\u015bci i nale\u017cytej staranno\u015bci z przepisami oraz dostarczenia u\u017cytkownikowi ko\u0144cowemu cennych informacji praktycznych i dotycz\u0105cych bezpiecze\u0144stwa.<br \/>\nNasze etykiety zabezpieczaj\u0105ce Reed Diffuser s\u0105 profesjonalne, wysokiej jako\u015bci. <a href=\"https:\/\/cosyowl.com\/pl\/candle-wicks\/wedo-lx-wick-raw\">jako\u015b\u0107<\/a>D\u0142ugotrwa\u0142e, nie\u015bcieralne, wodoodporne, odporne na rozmazywanie i zarysowania. Zaprojektowane z my\u015bl\u0105 o trwa\u0142o\u015bci, a jednocze\u015bnie ekonomiczne, wybrali\u015bmy te etykiety ze wzgl\u0119du na ich d\u0142ugoterminow\u0105 wydajno\u015b\u0107.<\/p>\n<p>Zapoznaj si\u0119 z og\u00f3lnym rozporz\u0105dzeniem w sprawie bezpiecze\u0144stwa produkt\u00f3w, aby lepiej zrozumie\u0107 swoje obowi\u0105zki jako sprzedawcy. <a href=\"https:\/\/cosyowl.com\/pl\/guides\/a-summers-beach-gel-votive-candle\">\u015bwieca<\/a> producent.<\/p>\n<p>Nasze etykiety bezpiecze\u0144stwa Reed Diffuser s\u0105 dostarczane w rolkach po 10, 50, 100 lub <a href=\"https:\/\/cosyowl.com\/pl\/candle-making-supplies\/tools-equipment\/glue-dots-pack-of-1000\">1000<\/a> i s\u0105 \u0142atwe do odklejenia i na\u0142o\u017cenia.<\/p>","protected":false},"excerpt":{"rendered":"<p>Our White Reed Diffuser safety labels are printed on to a white circular label with black ink. They are 50mm in diameter, perfect for most applications. Our Reed Diffuser Warning Label contains all the relevant information and warnings your customers need to know about safely using your reed diffuser. What are Reed Safety Labels for? [&hellip;]<\/p>\n","protected":false},"featured_media":17408,"comment_status":"open","ping_status":"closed","template":"","meta":{"_acf_changed":false},"product_brand":[],"product_cat":[532,729,717],"product_tag":[939],"class_list":{"0":"post-17406","1":"product","2":"type-product","3":"status-publish","4":"has-post-thumbnail","6":"product_cat-tools-equipment","7":"product_cat-equipment","8":"product_cat-sale","9":"product_tag-safety-label","10":"pa_pack-size-569","11":"pa_pack-size-571","12":"pa_pack-size-572","13":"pa_pack-size-570","15":"first","16":"instock","17":"taxable","18":"shipping-taxable","19":"purchasable","20":"product-type-variable"},"acf":[],"_links":{"self":[{"href":"https:\/\/cosyowl.com\/pl\/wp-json\/wp\/v2\/product\/17406","targetHints":{"allow":["GET"]}}],"collection":[{"href":"https:\/\/cosyowl.com\/pl\/wp-json\/wp\/v2\/product"}],"about":[{"href":"https:\/\/cosyowl.com\/pl\/wp-json\/wp\/v2\/types\/product"}],"replies":[{"embeddable":true,"href":"https:\/\/cosyowl.com\/pl\/wp-json\/wp\/v2\/comments?post=17406"}],"wp:featuredmedia":[{"embeddable":true,"href":"https:\/\/cosyowl.com\/pl\/wp-json\/wp\/v2\/media\/17408"}],"wp:attachment":[{"href":"https:\/\/cosyowl.com\/pl\/wp-json\/wp\/v2\/media?parent=17406"}],"wp:term":[{"taxonomy":"product_brand","embeddable":true,"href":"https:\/\/cosyowl.com\/pl\/wp-json\/wp\/v2\/product_brand?post=17406"},{"taxonomy":"product_cat","embeddable":true,"href":"https:\/\/cosyowl.com\/pl\/wp-json\/wp\/v2\/product_cat?post=17406"},{"taxonomy":"product_tag","embeddable":true,"href":"https:\/\/cosyowl.com\/pl\/wp-json\/wp\/v2\/product_tag?post=17406"}],"curies":[{"name":"wp","href":"https:\/\/api.w.org\/{rel}","templated":true}]}}