{"id":17382,"date":"2021-12-08T13:16:00","date_gmt":"2021-12-08T13:16:00","guid":{"rendered":"https:\/\/cosyowl.com\/?post_type=product&#038;p=17382"},"modified":"2026-03-03T13:45:26","modified_gmt":"2026-03-03T13:45:26","slug":"50-mm-etykieta-zabezpieczajaca-przed-stopieniem-wosku-z-czarnym-wyraznym-tekstem","status":"publish","type":"product","link":"https:\/\/cosyowl.com\/pl\/candle-making-supplies\/candle-making-extras\/50mm-wax-melt-safety-label-clear-black-text","title":{"rendered":"50 mm - Etykieta bezpiecze\u0144stwa - przezroczysta \/ czarny tekst"},"content":{"rendered":"<p>Nasz <a href=\"https:\/\/cosyowl.com\/pl\/candle-making-extras\/50mm-candle-safety-label-white-black-text\">Wyczy\u015b\u0107<\/a> Etykiety bezpiecze\u0144stwa Wax Melt s\u0105 drukowane na przezroczystej okr\u0105g\u0142ej etykiecie z czarnym tuszem. Maj\u0105 \u015brednic\u0119 50 mm i s\u0105 idealne do wi\u0119kszo\u015bci zastosowa\u0144.<\/p>\n<p><strong>Do czego s\u0142u\u017c\u0105 etykiety bezpiecze\u0144stwa Wax Melt?<\/strong><\/p>\n<p>Je\u015bli sprzedajesz swoje <a href=\"https:\/\/cosyowl.com\/pl\/guides\/sandalwood-vanilla-leaf-wax-melts-guide\">Wosk topiony<\/a> Nale\u017cy umie\u015bci\u0107 t\u0119 etykiet\u0119 ostrzegawcz\u0105, aby zachowa\u0107 zgodno\u015b\u0107 z rozporz\u0105dzeniem w sprawie og\u00f3lnego bezpiecze\u0144stwa produkt\u00f3w z 2005 r. Etykiety te s\u0105 przeznaczone do umieszczenia na spodzie pojemnika lub pude\u0142ka w celu wykazania zgodno\u015bci i nale\u017cytej staranno\u015bci z przepisami oraz dostarczenia u\u017cytkownikowi ko\u0144cowemu cennych informacji praktycznych i dotycz\u0105cych bezpiecze\u0144stwa.<\/p>\n<p>Nasze etykiety zabezpieczaj\u0105ce Wax Melt s\u0105 profesjonalne i wysokiej jako\u015bci. <a href=\"https:\/\/cosyowl.com\/pl\/candle-wicks\/wedo-lx-wick-raw\">jako\u015b\u0107<\/a>D\u0142ugotrwa\u0142e, nie\u015bcieralne, wodoodporne, odporne na rozmazywanie i zarysowania. Zaprojektowane z my\u015bl\u0105 o trwa\u0142o\u015bci, a jednocze\u015bnie ekonomiczne, wybrali\u015bmy te etykiety ze wzgl\u0119du na ich d\u0142ugoterminow\u0105 wydajno\u015b\u0107.<\/p>\n<p>Zapoznaj si\u0119 z og\u00f3lnym rozporz\u0105dzeniem w sprawie bezpiecze\u0144stwa produkt\u00f3w, aby lepiej zrozumie\u0107 swoje obowi\u0105zki jako sprzedawcy. <a href=\"https:\/\/cosyowl.com\/pl\/guides\/a-summers-beach-gel-votive-candle\">\u015bwieca<\/a> producent.<\/p>\n<p>Nasze etykiety bezpiecze\u0144stwa Wax Melt s\u0105 dostarczane w rolkach po 10, 50, 100 lub <a href=\"https:\/\/cosyowl.com\/pl\/candle-making-supplies\/tools-equipment\/glue-dots-pack-of-1000\">1000<\/a> i s\u0105 \u0142atwe do odklejenia i na\u0142o\u017cenia.<\/p>","protected":false},"excerpt":{"rendered":"<p>Our Clear Wax Melt safety labels are printed on to a Clear Transparent circular label with Black ink. They are 50mm in diameter, perfect for most applications. What are Wax Melt Safety Labels for? If you are selling your Wax Melts you need to include this warning label to comply with the General Product Safety [&hellip;]<\/p>\n","protected":false},"featured_media":17459,"comment_status":"open","ping_status":"closed","template":"","meta":{"_acf_changed":false},"product_brand":[],"product_cat":[532,643,717],"product_tag":[939],"class_list":{"0":"post-17382","1":"product","2":"type-product","3":"status-publish","4":"has-post-thumbnail","6":"product_cat-tools-equipment","7":"product_cat-wax-melts-equipment","8":"product_cat-sale","9":"product_tag-safety-label","10":"pa_pack-size-569","11":"pa_pack-size-571","12":"pa_pack-size-572","13":"pa_pack-size-570","15":"first","16":"instock","17":"taxable","18":"shipping-taxable","19":"purchasable","20":"product-type-variable"},"acf":[],"_links":{"self":[{"href":"https:\/\/cosyowl.com\/pl\/wp-json\/wp\/v2\/product\/17382","targetHints":{"allow":["GET"]}}],"collection":[{"href":"https:\/\/cosyowl.com\/pl\/wp-json\/wp\/v2\/product"}],"about":[{"href":"https:\/\/cosyowl.com\/pl\/wp-json\/wp\/v2\/types\/product"}],"replies":[{"embeddable":true,"href":"https:\/\/cosyowl.com\/pl\/wp-json\/wp\/v2\/comments?post=17382"}],"wp:featuredmedia":[{"embeddable":true,"href":"https:\/\/cosyowl.com\/pl\/wp-json\/wp\/v2\/media\/17459"}],"wp:attachment":[{"href":"https:\/\/cosyowl.com\/pl\/wp-json\/wp\/v2\/media?parent=17382"}],"wp:term":[{"taxonomy":"product_brand","embeddable":true,"href":"https:\/\/cosyowl.com\/pl\/wp-json\/wp\/v2\/product_brand?post=17382"},{"taxonomy":"product_cat","embeddable":true,"href":"https:\/\/cosyowl.com\/pl\/wp-json\/wp\/v2\/product_cat?post=17382"},{"taxonomy":"product_tag","embeddable":true,"href":"https:\/\/cosyowl.com\/pl\/wp-json\/wp\/v2\/product_tag?post=17382"}],"curies":[{"name":"wp","href":"https:\/\/api.w.org\/{rel}","templated":true}]}}