{"id":126579,"date":"2026-03-23T09:22:42","date_gmt":"2026-03-23T09:22:42","guid":{"rendered":"https:\/\/cosyowl.com\/?post_type=product&#038;p=126579"},"modified":"2026-05-01T13:09:03","modified_gmt":"2026-05-01T12:09:03","slug":"zestaw-do-robienia-swiec-sojowych-wykonaj-5-pachnacych-swiec-w-domu-lesne-zapachy","status":"publish","type":"product","link":"https:\/\/cosyowl.com\/pl\/craft-kits\/candle-making-kits\/soy-candle-making-kit-make-5-scented-candles-at-home-woody-scents","title":{"rendered":"Zestaw do robienia \u015bwiec sojowych \u2013 zr\u00f3b 5 pachn\u0105cych \u015bwiec w domu | Zapach drzewny"},"content":{"rendered":"<h4 style=\"text-align: left\"><strong>Nasz Zestaw do Wyrobu \u015awiec u\u0142atwia tworzenie pi\u0119knie pachn\u0105cych \u015bwiec sojowych w domu. Idealny zar\u00f3wno dla pocz\u0105tkuj\u0105cych, jak i do\u015bwiadczonych tw\u00f3rc\u00f3w, ten wszechstronny zestaw zawiera wszystko, czego potrzebujesz, aby wykona\u0107 do pi\u0119ciu pachn\u0105cych \u015bwiec, u\u017cywaj\u0105c wysokiej jako\u015bci materia\u0142\u00f3w. Idealny jako prezent lub zabawny domowy projekt r\u0119kodzielniczy, ka\u017cdy zestaw zawiera jeden zapach, dzi\u0119ki czemu mo\u017cesz tworzy\u0107 \u015bwiece pasuj\u0105ce do Twojego stylu i przestrzeni. Dzi\u0119ki wszystkiemu, co jest zawarte w zestawie, aby zacz\u0105\u0107 od razu, jest to prosty i satysfakcjonuj\u0105cy spos\u00f3b na cieszenie si\u0119 robieniem \u015bwiec w domu.<\/strong><\/h4>\n<p>&nbsp;<\/p>\n<h3 style=\"text-align: left\"><strong>Co znajduje si\u0119 w zestawie do tworzenia \u015bwiec?<\/strong><\/h3>\n<p>800g <strong>Wysoka jako\u015b\u0107 <a href=\"https:\/\/cosyowl.com\/pl\/candle-making-supplies\/candle-wax\/soy-wax\/kerasoy-4130-container-wax\">KeraSoy 4130<\/a> Wosk sojowy do pojemnik\u00f3w<\/strong> Dla A <a href=\"https:\/\/cosyowl.com\/pl\/candle-making-supplies\/glitters\/pure-white-biodegradable\">Czysto\u015b\u0107<\/a>, Even Burn<\/p>\n<p><a href=\"https:\/\/cosyowl.com\/pl\/candle-tins\/silver-round-candle-tin-with-window-lid-50ml\">50 ml<\/a> <strong><a href=\"https:\/\/cosyowl.com\/pl\/candle-making-supplies\/fragrance-oils-for-candle-making\/premium-fragrance-oils\/cosy-owl-premium-1-million-type-fragrance-oil\">Olejek zapachowy<\/a><\/strong><\/p>\n<p>5 <strong>Eco 10 knot\u00f3w<\/strong> Dla optymalnej wydajno\u015bci p\u0142omienia<\/p>\n<p>5 <strong>Drewniane Ko\u0142ki Centruj\u0105ce<\/strong><\/p>\n<p>5 G<strong>Niebieskie Kropki<\/strong><\/p>\n<p>5 <strong><a href=\"https:\/\/cosyowl.com\/pl\/candle-making-supplies\/candle-containers\/candle-glasses\/glass-candle-containers-20cl-karen-round-pack-of-12\">20 cl<\/a> <a href=\"https:\/\/cosyowl.com\/pl\/candle-making-supplies\/candle-containers\/candle-glasses\/glass-candle-container-30cl-karen-round\">Karen Round<\/a> Okulary<\/strong> Pojemniki idealne do u\u017cytku domowego lub na prezenty<\/p>\n<p>\u0141atwy do na\u015bladowania, <strong>Krok po kroku <a href=\"https:\/\/cosyowl.com\/pl\/guides\/how-to-make-a-candle\">Produkcja \u015bwiec<\/a> <a href=\"https:\/\/cosyowl.com\/pl\/guides\/a-guide-to-creating-your-own-soap-products\">Przewodnik<\/a><\/strong> Idealne dla pocz\u0105tkuj\u0105cych<\/p>\n<h3><strong>Wybierz sw\u00f3j ulubiony zapach \u015bwiecy<\/strong><\/h3>\n<p>Zapach jest jednym z najwa\u017cniejszych element\u00f3w ka\u017cdego zapachu. <a href=\"https:\/\/cosyowl.com\/pl\/guides\/a-summers-beach-gel-votive-candle\">\u015bwieca<\/a>. Pomaga stworzy\u0107 atmosfer\u0119, przywo\u0142uje wspomnienia i nadaje osobisty charakter ka\u017cdej wykonanej \u015bwiecy. Dlatego ten zestaw do tworzenia \u015bwiec z olejkiem zapachowym pozwala wybra\u0107 preferowany zapach z rozwijanego menu. Nasza kolekcja najwy\u017cszej jako\u015bci <a href=\"https:\/\/cosyowl.com\/pl\/guides\/2023-spring-fragrance-oil-trends\">olejki zapachowe<\/a> obejmuje szerok\u0105 gam\u0119 zapach\u00f3w, kt\u00f3re zaspokoj\u0105 ka\u017cdy gust, od <a href=\"https:\/\/cosyowl.com\/pl\/candle-making-supplies\/essential-oils\/eucalyptus-globulus-essential-oil\">\u015bwie\u017cy<\/a> i czyste aromaty do <a href=\"https:\/\/cosyowl.com\/pl\/craft-kits\/candle-making-kits\/soy-wax-mulled-wine-christmas-candle-making-kit\">ciep\u0142y<\/a>, <a href=\"https:\/\/cosyowl.com\/pl\/fragrance-oils\/chocolate-orange\">bogaty<\/a>, i komfortowe mieszanki. Ka\u017cdy olejek zapachowy jest wysoce skoncentrowany, wi\u0119c ju\u017c niewielka ilo\u015b\u0107 wystarcza na d\u0142ugo, zapewniaj\u0105c pe\u0142n\u0105 kontrol\u0119 nad si\u0142\u0105 zapachu gotowych \u015bwiec. Te olejki zapachowe zosta\u0142y specjalnie opracowane, aby p\u0142ynnie miesza\u0107 si\u0119 z woskiem, zapewniaj\u0105c doskona\u0142\u0105 wydajno\u015b\u0107 zapachow\u0105 bez wp\u0142ywu na jako\u015b\u0107 \u015bwiecy. <a href=\"https:\/\/cosyowl.com\/pl\/candle-wicks\/wedo-lx-wick-raw\">jako\u015b\u0107<\/a> lub wypali\u0107 \u015bwiec\u0119.<\/p>\n<p><strong><a href=\"https:\/\/cosyowl.com\/pl\/olejki-zapachowe\/bursztyn-baltycki-gozdzik\/?wmc-currency=EUR\">Bursztyn ba\u0142tycki i go\u017adzik<\/a> <\/strong>- Ciep\u0142o, <a href=\"https:\/\/cosyowl.com\/pl\/candle-making-supplies\/essential-oils\/frankincense-essential-oil\">\u017cywiczny<\/a> otwarcie zapachowe z <a href=\"https:\/\/cosyowl.com\/pl\/candle-making-supplies\/glitters\/fluorescent-peach\">jasny<\/a> <a href=\"https:\/\/cosyowl.com\/pl\/candle-making-supplies\/fragrance-oils-for-candle-making\/all-fragrances\/lemon-lavender-fragrance-oil\">sk\u00f3rka z cytryny<\/a> i sk\u00f3rki pomara\u0144czowej, z\u0142agodzone kaszmirem i p\u0105czkiem go\u017adzika, a zako\u0144czone bogat\u0105 baz\u0105 wanilii, czarnego bursztynu, drzewa sanda\u0142owego i pi\u017cma.<\/p>\n<p><strong><a href=\"https:\/\/cosyowl.com\/pl\/materialy-do-produkcji-swiec\/olejki-zapachowe-do-produkcji-swiec\/wszystkie-zapachy\/olejek-zapachowy-z-drzewa-cedrowego-i-jasminu\/?wmc-currency=EUR\">Drzewo cedrowe i ja\u015bmin<\/a> <\/strong>- \u015awie\u017cy, kwiatowo-drzewny zapach otwieraj\u0105cy si\u0119 od <a href=\"https:\/\/cosyowl.com\/pl\/candle-making-supplies\/fragrance-oils-for-candle-making\/all-fragrances\/jasmine-fragrance-oil\">ja\u015bmin<\/a> i sk\u00f3rki pomara\u0144czowej, z delikatnymi nutami konwalii, muguetu i cyklamenu, zako\u0144czone g\u0142adk\u0105 baz\u0105 z pi\u017cma, bia\u0142ego cedru i tonki.<\/p>\n<p><strong><a href=\"https:\/\/cosyowl.com\/pl\/materialy-do-produkcji-swiec\/olejki-zapachowe-do-produkcji-swiec\/wszystkie-zapachy\/olejek-zapachowy-dark-honey-tobacco\/?wmc-currency=EUR\">Ciemny mi\u00f3d i tyto\u0144<\/a> <\/strong>- Bogaty, uwodzicielski zapach otwieraj\u0105cy si\u0119 <a href=\"https:\/\/cosyowl.com\/pl\/candle-making-supplies\/fragrance-oils-for-candle-making\/all-fragrances\/pink-grapefruit-fragrance-oil\">cytrus<\/a> pomara\u0144cza, bergamotka i mi\u00f3d, prowadz\u0105ce do ciep\u0142ego, korzennego serca cynamonu, go\u017adzik\u00f3w i ja\u015bminu, <a href=\"https:\/\/cosyowl.com\/pl\/fragrance-oils\/gardenia\">gardenia<\/a>, i muguet, przechodz\u0105c w g\u0142\u0119bok\u0105 baz\u0119 z\u0142o\u017con\u0105 z bursztynu, cedru, paczuli, drzewa sanda\u0142owego, wanilii i pi\u017cma.<\/p>\n<p><strong><a href=\"https:\/\/cosyowl.com\/pl\/materialy-do-produkcji-swiec\/olejki-zapachowe-do-produkcji-swiec\/wszystkie-zapachy\/olejek-zapachowy-oud\/?wmc-currency=EUR\">Oud<\/a> <\/strong>- G\u0142\u0119boki, luksusowy zapach otwieraj\u0105cy si\u0119 cytrusami, jagodami ja\u0142owca, czarn\u0105 porzeczk\u0105, \u015bliwk\u0105, wi\u015bni\u0105 i nutami <a href=\"https:\/\/cosyowl.com\/pl\/candle-making-kits\/winter-pine-candle-making-kit\">sosna<\/a>, Prowadzi do kwiatowego serca z r\u00f3\u017cy, ja\u015bminu i ylang-ylang z ciep\u0142ymi przyprawami i osadza si\u0119 w intensywnej bazie oudu, cennego drewna, paczuli, bursztynu i pi\u017cma.<\/p>\n<p><a href=\"https:\/\/cosyowl.com\/pl\/materialy-do-produkcji-swiec\/olejki-zapachowe-do-produkcji-swiec\/wszystkie-zapachy\/olejek-zapachowy-z-drzewa-sandalowego-i-mirry\/?wmc-currency=EUR\"><strong>Drzewo sanda\u0142owe i mirra<\/strong><\/a> - Ciep\u0142o, <a href=\"https:\/\/cosyowl.com\/pl\/fragrance-oils\/teakwood\">drzewny<\/a> zapach z <a href=\"https:\/\/cosyowl.com\/pl\/candle-making-supplies\/candle-containers\/candle-glasses\/glass-candle-container-50cl-classic-jar-with-lid\">elegancki<\/a> nuty geranium, drzewa cedrowego, drzewa sanda\u0142owego i ylang ylang, z\u0142agodzone przez <a href=\"https:\/\/cosyowl.com\/pl\/candle-making-supplies\/fragrance-oils-for-candle-making\/all-fragrances\/blueberry-vanilla-fragrance-oil\">kremowa wanilia<\/a> i delikatne pi\u017cmo dla wyrafinowanego, ponadczasowego wyko\u0144czenia.<\/p>\n<p><strong><a href=\"https:\/\/cosyowl.com\/pl\/materialy-do-produkcji-swiec\/olejki-zapachowe-do-produkcji-swiec\/wszystkie-zapachy\/olejek-zapachowy-z-drzewa-sandalowego-i-wanilii\/?wmc-currency=EUR\">Drzewo sanda\u0142owe i wanilia<\/a> <\/strong>- Mi\u0119kki, drzewno-s\u0142odki zapach otwieraj\u0105cy si\u0119 bergamotk\u0105 i frezj\u0105, z warstwami <a href=\"https:\/\/cosyowl.com\/pl\/fragrance-oils\/lilac\">liliowy<\/a>, go\u017adzik i drzewo cedrowe, a na zako\u0144czenie <a href=\"https:\/\/cosyowl.com\/pl\/candle-making-supplies\/fragrance-oils-for-candle-making\/all-fragrances\/french-vanilla-fragrance-oil\">kremowy<\/a> baza z drzewa sanda\u0142owego, ziaren wanilii i bia\u0142ej paczuli.<\/p>\n<p><strong><a href=\"https:\/\/cosyowl.com\/pl\/materialy-do-produkcji-swiec\/olejki-zapachowe-do-produkcji-swiec\/wszystkie-zapachy\/olejek-zapachowy-bob-tonka-mirra\/?wmc-currency=EUR\">B\u00f3b tonka i mirra<\/a><\/strong> - A <a href=\"https:\/\/cosyowl.com\/pl\/fragrance-oils\/candy-floss\">s\u0142odki<\/a> orientalny zapach otwieraj\u0105cy si\u0119 \u015bwie\u017cymi cytrusowymi nutami <a href=\"https:\/\/cosyowl.com\/pl\/fragrance-oils\/lemon\">cytryna<\/a>, grejpfruta i bergamotki, co prowadzi do <a href=\"https:\/\/cosyowl.com\/pl\/candle-making-supplies\/fragrance-oils-for-candle-making\/all-fragrances\/velvet-rose-oud-fragrance-oil\">bogaty kwiatowy<\/a> serce z magnolii, heliotropu, r\u00f3\u017cy, irysa, lilii, ja\u015bminu i \u015bliwki, osadzone w g\u0142\u0119bokiej bazie z cedru, bursztynu, paczuli, mirry, bobu tonka, orchidei, drzewa gwajakowego, wanilii i pi\u017cma.<\/p>\n<p><strong><a href=\"https:\/\/cosyowl.com\/pl\/materialy-do-produkcji-swiec\/olejki-zapachowe-do-produkcji-swiec\/olejki-zapachowe-premium\/cosy-owl-olejek-zapachowy-premium-tonka-kwiat-tytoniu\/?wmc-currency=EUR\">Tonka i kwiat tytoniu<\/a> <\/strong>- Ciep\u0142y, bogaty zapach ze s\u0142odkimi nutami wanilii i cynamonu, korzennym sercem cynamonu, migda\u0142\u00f3w i go\u017adzik\u00f3w oraz g\u0142adk\u0105 baz\u0105 tonki i tytoniu dla g\u0142\u0119bokiego, lekko m\u0119skiego wyko\u0144czenia.<\/p>\n<p><a href=\"https:\/\/cosyowl.com\/pl\/materialy-do-produkcji-swiec\/olejki-zapachowe-do-produkcji-swiec\/wszystkie-zapachy\/olejek-zapachowy-velvet-rose-oud\/?wmc-currency=EUR\"><strong>Velvet Rose &amp; Oud<\/strong><\/a><strong> -<\/strong> Bogaty, orientalno-kwiatowy zapach otwieraj\u0105cy si\u0119 nutami oudu, r\u00f3\u017cy, geranium, ja\u015bminu i szczypt\u0105 go\u017adzik\u00f3w, os\u0142odzony pralina i osiadaj\u0105cy na aksamitnej bazie z cedru, drzewa sanda\u0142owego, wetiwerii, ambry, pi\u017cma, wanilii, paczuli i <a href=\"https:\/\/cosyowl.com\/pl\/fragrance-oils\/raspberry\">malina<\/a>.<\/p>\n<p><strong><a href=\"https:\/\/cosyowl.com\/pl\/olejki-zapachowe\/olejek-zapachowy-vintage-i-wetiwer\/?wmc-currency=EUR\">Vintage &amp; Vetiver<\/a> <\/strong>- A <a href=\"https:\/\/cosyowl.com\/pl\/candle-making-supplies\/candle-wax\/paraffin-wax\/kerawax-4600-paraffin-pillar-wax\">klasyczny<\/a>, <a href=\"https:\/\/cosyowl.com\/pl\/candle-making-supplies\/fragrance-oils-for-candle-making\/all-fragrances\/pomegranate-noir-fragrance-oil\">wyrafinowany<\/a> Drzewny zapach otwieraj\u0105cy si\u0119 \u015bwie\u017c\u0105 cytryn\u0105, prowadz\u0105cy do wyrafinowanego serca tytoniu i wetiweru, a nast\u0119pnie osiadaj\u0105cy w ciep\u0142ej, przyprawionej bazie ga\u0142ki muszkato\u0142owej, tytoniu i pieprzu.<\/p>\n<p><strong><a href=\"https:\/\/cosyowl.com\/pl\/materialy-do-produkcji-swiec\/olejki-zapachowe-do-produkcji-swiec\/olejki-zapachowe-premium\/olejek-zapachowy-cosy-owl-premium-wood-sage-seasalt\/?wmc-currency=EUR\">Sza\u0142wia lekarska<\/a> -<\/strong> \u015awie\u017cy, <a href=\"https:\/\/cosyowl.com\/pl\/fragrance-oils\/coffee\">aromatyczny<\/a> <a href=\"https:\/\/cosyowl.com\/pl\/candle-making-supplies\/fragrance-oils-for-candle-making\/all-fragrances\/ocean-fragrance-oil\">morski<\/a> Zapach z subtelnymi nutami cytrusowymi, \u0142\u0105cz\u0105cy s\u0142one akordy z mi\u0119kkim drewnem, delikatn\u0105 przypraw\u0105 i odrobin\u0105 s\u0142odyczy dla g\u0142adkiego, d\u0142ugotrwa\u0142ego wyko\u0144czenia.<\/p>\n<p>&nbsp;<\/p>\n<h3><strong>Dlaczego wybra\u0107 nasz zestaw do produkcji \u015bwiec sojowych?<\/strong><\/h3>\n<p>Szczycimy si\u0119 dostarczaniem wy\u0142\u0105cznie najwy\u017cszej jako\u015bci sk\u0142adnik\u00f3w do tworzenia domowych \u015bwiec zapachowych. W przeciwie\u0144stwie do wielu zestaw\u00f3w startowych, nasze produkty s\u0105 starannie dobrane pod k\u0105tem profesjonalnej jako\u015bci, pomagaj\u0105c tworzy\u0107 \u015bwiece o doskona\u0142ym spalaniu, mocnym zapachu i pi\u0119knym wyko\u0144czeniu.<\/p>\n<p><strong>Nasz <a href=\"https:\/\/cosyowl.com\/pl\/guides\/how-to-make-bleeding-heart-wax-melts\">DIY<\/a> Zestaw do produkcji \u015bwiec sojowych jest idealny dla:<\/strong><\/p>\n<ul>\n<li>Pocz\u0105tkuj\u0105cy ucz\u0105cy si\u0119 robi\u0107 \u015bwiece w domu<\/li>\n<li>Hobby\u015bci poszukuj\u0105cy niezawodnego <a href=\"https:\/\/cosyowl.com\/pl\/guides\/how-to-make-marbled-wax-melts\">rzemios\u0142o \u015bwiecowe<\/a> zestaw<\/li>\n<li>Kupuj\u0105cy prezenty szukaj\u0105cy <a href=\"https:\/\/cosyowl.com\/pl\/guides\/ideas-and-creativity\">kreatywne tworzenie \u015bwiec<\/a> prezent<\/li>\n<li>Ka\u017cdy, kto kocha <a href=\"https:\/\/cosyowl.com\/pl\/guides\/making-a-reed-diffuser\">zapach do domu<\/a> i r\u0119cznie robione \u015bwiece<\/li>\n<\/ul>\n<p>&nbsp;<\/p>\n<h3><strong>Profesjonalne materia\u0142y do produkcji \u015bwiec<\/strong><\/h3>\n<p>Ka\u017cdy element w tym <a href=\"https:\/\/cosyowl.com\/pl\/guides\/vegan-candle-making-supplies\">materia\u0142y do produkcji \u015bwiec<\/a> Zestaw zosta\u0142 dobrany tak, aby pom\u00f3c Ci osi\u0105gn\u0105\u0107 wspania\u0142e rezultaty w domu. Nie u\u017cywamy niskiej jako\u015bci materia\u0142\u00f3w startowych, poniewa\u017c wierzymy, \u017ce nauka z lepszymi sk\u0142adnikami prowadzi do lepszych \u015bwiec.<\/p>\n<p><strong>Wszystkie materia\u0142y zawarte w tym zestawie to:<\/strong><\/p>\n<ul>\n<li>Pozyskiwane w spos\u00f3b zr\u00f3wnowa\u017cony<\/li>\n<li>Przyjazny dla \u015brodowiska<\/li>\n<li>Przyjazne weganom<\/li>\n<li>Bez okrucie\u0144stwa<\/li>\n<li><a href=\"https:\/\/cosyowl.com\/pl\/guides\/cmrs-and-phthalates-in-fragrance-oils\">Wolny od<\/a> CMR i ftalany<\/li>\n<li>Idealne dla pocz\u0105tkuj\u0105cych i mi\u0142o\u015bnik\u00f3w \u015bwiec<\/li>\n<\/ul>\n<p>Je\u015bli szukasz zestawu startowego do tworzenia \u015bwiec, zestawu \u015bwiec sojowych lub kompletnego zestawu do samodzielnego tworzenia \u015bwiec, jest to doskona\u0142e miejsce na rozpocz\u0119cie. Z \u0142atwym <a href=\"https:\/\/cosyowl.com\/pl\/guides\/temperature-guidelines\">instrukcje<\/a>, Dzi\u0119ki najwy\u017cszej jako\u015bci sk\u0142adnikom i wybranemu zapachowi, nasz zestaw pozwala cieszy\u0107 si\u0119 kreatywnym procesem tworzenia \u015bwiec w zaciszu w\u0142asnego domu.<\/p>\n<h3 data-start=\"2493\" data-end=\"2542\"><\/h3>\n<h3 data-start=\"2493\" data-end=\"2542\"><strong>Pomocne zasoby dla sukcesu w tworzeniu \u015bwiec<\/strong><\/h3>\n<ul>\n<li><strong><span style=\"color: #ff6600\"><a style=\"color: #ff6600\" href=\"https:\/\/cosyowl.com\/pl\/przewodniki\/jak-zrobic-swiece\/?wmc-currency=EUR\">Jak zrobi\u0107 \u015bwiec\u0119\u00a0<\/a><\/span><\/strong><\/li>\n<li><strong><span style=\"color: #ff6600\"><a style=\"color: #ff6600\" href=\"https:\/\/cosyowl.com\/pl\/przewodniki\/przewodnik-po-swiecach-w-pojemnikach\/?wmc-currency=EUR\">Przewodnik tworzenia \u015bwiec w pojemnikach<\/a><\/span><\/strong><\/li>\n<li><strong><span style=\"color: #ff6600\"><a style=\"color: #ff6600\" href=\"https:\/\/cosyowl.com\/pl\/przewodniki\/przewodnik-dla-poczatkujacych-jak-zrobic-swiece\/?wmc-currency=EUR\">Przewodnik dla pocz\u0105tkuj\u0105cych, jak zrobi\u0107 \u015bwiec\u0119<\/a><\/span><\/strong><strong><br \/>\n<\/strong><\/li>\n<li class=\"entry-title\"><strong><span style=\"color: #ff6600\"><a style=\"color: #ff6600\" href=\"https:\/\/cosyowl.com\/pl\/przewodniki\/jak-uzywac-olejkow-zapachowych\/?wmc-currency=EUR\">Jak u\u017cywa\u0107 olejk\u00f3w zapachowych<\/a><\/span><\/strong><\/li>\n<li><strong><span style=\"color: #ff6600\"><a style=\"color: #ff6600\" href=\"https:\/\/cosyowl.com\/pl\/przewodniki\/rozwiazywanie-problemow\/?wmc-currency=EUR\">Rozwi\u0105zywanie problem\u00f3w zwi\u0105zanych z produkcj\u0105 \u015bwiec<\/a><\/span><\/strong><\/li>\n<li><strong><span style=\"color: #ff6600\"><a style=\"color: #ff6600\" href=\"https:\/\/cosyowl.com\/pl\/przewodniki\/faq\/?wmc-currency=EUR\">Najcz\u0119\u015bciej zadawane pytania dotycz\u0105ce tworzenia \u015bwiec<\/a><\/span><\/strong><\/li>\n<li><strong><span style=\"color: #ff6600\"><a style=\"color: #ff6600\" href=\"https:\/\/cosyowl.com\/pl\/przewodniki\/?wmc-currency=EUR\">Przewodniki i przepisy<\/a><\/span><\/strong><\/li>\n<\/ul>","protected":false},"excerpt":{"rendered":"<p>Our Candle Making Kit makes it easy to create beautifully scented soy candles at home. Ideal for beginners and experienced makers alike, this all-in-one kit includes everything you need to make up to five fragranced candles using high-quality materials.\u00a0Perfect as a gift or a fun home craft project, each kit includes one fragrance so you [&hellip;]<\/p>\n","protected":false},"featured_media":126805,"comment_status":"open","ping_status":"closed","template":"","meta":{"_acf_changed":false},"product_brand":[],"product_cat":[530,720,653],"product_tag":[917],"class_list":{"0":"post-126579","1":"product","2":"type-product","3":"status-publish","4":"has-post-thumbnail","6":"product_cat-candle-making-kits","7":"product_cat-candle-making-kits-candle-making-supplies","8":"product_cat-craft-kits","9":"product_tag-candle-making-kit","10":"product_shipping_class-royal_mail_kits","12":"first","13":"instock","14":"taxable","15":"shipping-taxable","16":"purchasable","17":"product-type-variable"},"acf":[],"_links":{"self":[{"href":"https:\/\/cosyowl.com\/pl\/wp-json\/wp\/v2\/product\/126579","targetHints":{"allow":["GET"]}}],"collection":[{"href":"https:\/\/cosyowl.com\/pl\/wp-json\/wp\/v2\/product"}],"about":[{"href":"https:\/\/cosyowl.com\/pl\/wp-json\/wp\/v2\/types\/product"}],"replies":[{"embeddable":true,"href":"https:\/\/cosyowl.com\/pl\/wp-json\/wp\/v2\/comments?post=126579"}],"wp:featuredmedia":[{"embeddable":true,"href":"https:\/\/cosyowl.com\/pl\/wp-json\/wp\/v2\/media\/126805"}],"wp:attachment":[{"href":"https:\/\/cosyowl.com\/pl\/wp-json\/wp\/v2\/media?parent=126579"}],"wp:term":[{"taxonomy":"product_brand","embeddable":true,"href":"https:\/\/cosyowl.com\/pl\/wp-json\/wp\/v2\/product_brand?post=126579"},{"taxonomy":"product_cat","embeddable":true,"href":"https:\/\/cosyowl.com\/pl\/wp-json\/wp\/v2\/product_cat?post=126579"},{"taxonomy":"product_tag","embeddable":true,"href":"https:\/\/cosyowl.com\/pl\/wp-json\/wp\/v2\/product_tag?post=126579"}],"curies":[{"name":"wp","href":"https:\/\/api.w.org\/{rel}","templated":true}]}}