{"id":126537,"date":"2026-03-23T09:22:47","date_gmt":"2026-03-23T09:22:47","guid":{"rendered":"https:\/\/cosyowl.com\/?post_type=product&#038;p=126537"},"modified":"2026-05-01T13:09:03","modified_gmt":"2026-05-01T12:09:03","slug":"zestaw-do-robienia-swiec-sojowych-zrob-5-pachnacych-swiec-w-domu-meskie-zapachy","status":"publish","type":"product","link":"https:\/\/cosyowl.com\/pl\/craft-kits\/candle-making-kits\/soy-candle-making-kit-make-5-scented-candles-at-home-masculine-scents","title":{"rendered":"Zestaw do robienia \u015bwiec sojowych \u2013 zr\u00f3b 5 \u015bwiec zapachowych w domu | M\u0119skie zapachy"},"content":{"rendered":"<h4 style=\"text-align: left\"><strong>Nasz Zestaw do Wyrobu \u015awiec u\u0142atwia tworzenie pi\u0119knie pachn\u0105cych \u015bwiec sojowych w domu. Idealny zar\u00f3wno dla pocz\u0105tkuj\u0105cych, jak i do\u015bwiadczonych tw\u00f3rc\u00f3w, ten wszechstronny zestaw zawiera wszystko, czego potrzebujesz, aby wykona\u0107 do pi\u0119ciu pachn\u0105cych \u015bwiec, u\u017cywaj\u0105c wysokiej jako\u015bci materia\u0142\u00f3w. Idealny jako prezent lub zabawny domowy projekt r\u0119kodzielniczy, ka\u017cdy zestaw zawiera jeden zapach, dzi\u0119ki czemu mo\u017cesz tworzy\u0107 \u015bwiece pasuj\u0105ce do Twojego stylu i przestrzeni. Dzi\u0119ki wszystkiemu, co jest zawarte w zestawie, aby zacz\u0105\u0107 od razu, jest to prosty i satysfakcjonuj\u0105cy spos\u00f3b na cieszenie si\u0119 robieniem \u015bwiec w domu.<\/strong><\/h4>\n<p>&nbsp;<\/p>\n<h3 style=\"text-align: left\"><strong>Co znajduje si\u0119 w zestawie do tworzenia \u015bwiec?<\/strong><\/h3>\n<p>800g <strong>Wysoka jako\u015b\u0107 <a href=\"https:\/\/cosyowl.com\/pl\/candle-making-supplies\/candle-wax\/soy-wax\/kerasoy-4130-container-wax\">KeraSoy 4130<\/a> Wosk sojowy do pojemnik\u00f3w<\/strong> Dla A <a href=\"https:\/\/cosyowl.com\/pl\/candle-making-supplies\/glitters\/pure-white-biodegradable\">Czysto\u015b\u0107<\/a>, Even Burn<\/p>\n<p><a href=\"https:\/\/cosyowl.com\/pl\/candle-tins\/silver-round-candle-tin-with-window-lid-50ml\">50 ml<\/a> <strong><a href=\"https:\/\/cosyowl.com\/pl\/candle-making-supplies\/fragrance-oils-for-candle-making\/premium-fragrance-oils\/cosy-owl-premium-1-million-type-fragrance-oil\">Olejek zapachowy<\/a><\/strong><\/p>\n<p>5 <strong>Eco 10 knot\u00f3w<\/strong> Dla optymalnej wydajno\u015bci p\u0142omienia<\/p>\n<p>5 <strong>Drewniane Ko\u0142ki Centruj\u0105ce<\/strong><\/p>\n<p>5 G<strong>Niebieskie Kropki<\/strong><\/p>\n<p>5 <strong><a href=\"https:\/\/cosyowl.com\/pl\/candle-making-supplies\/candle-containers\/candle-glasses\/glass-candle-containers-20cl-karen-round-pack-of-12\">20 cl<\/a> <a href=\"https:\/\/cosyowl.com\/pl\/candle-making-supplies\/candle-containers\/candle-glasses\/glass-candle-container-30cl-karen-round\">Karen Round<\/a> Okulary<\/strong> Pojemniki idealne do u\u017cytku domowego lub na prezenty<\/p>\n<p>\u0141atwy do na\u015bladowania, <strong>Krok po kroku <a href=\"https:\/\/cosyowl.com\/pl\/guides\/how-to-make-a-candle\">Produkcja \u015bwiec<\/a> <a href=\"https:\/\/cosyowl.com\/pl\/guides\/a-guide-to-creating-your-own-soap-products\">Przewodnik<\/a><\/strong> Idealne dla pocz\u0105tkuj\u0105cych<\/p>\n<h3><strong>Wybierz sw\u00f3j ulubiony zapach \u015bwiecy<\/strong><\/h3>\n<p>Zapach jest jednym z najwa\u017cniejszych element\u00f3w ka\u017cdego zapachu. <a href=\"https:\/\/cosyowl.com\/pl\/guides\/a-summers-beach-gel-votive-candle\">\u015bwieca<\/a>. Pomaga stworzy\u0107 atmosfer\u0119, przywo\u0142uje wspomnienia i nadaje osobisty charakter ka\u017cdej wykonanej \u015bwiecy. Dlatego ten zestaw do tworzenia \u015bwiec z olejkiem zapachowym pozwala wybra\u0107 preferowany zapach z rozwijanego menu. Nasza kolekcja najwy\u017cszej jako\u015bci <a href=\"https:\/\/cosyowl.com\/pl\/guides\/2023-spring-fragrance-oil-trends\">olejki zapachowe<\/a> obejmuje szerok\u0105 gam\u0119 zapach\u00f3w, kt\u00f3re zaspokoj\u0105 ka\u017cdy gust, od <a href=\"https:\/\/cosyowl.com\/pl\/candle-making-supplies\/essential-oils\/eucalyptus-globulus-essential-oil\">\u015bwie\u017cy<\/a> i czyste aromaty do <a href=\"https:\/\/cosyowl.com\/pl\/craft-kits\/candle-making-kits\/soy-wax-mulled-wine-christmas-candle-making-kit\">ciep\u0142y<\/a>, <a href=\"https:\/\/cosyowl.com\/pl\/fragrance-oils\/chocolate-orange\">bogaty<\/a>, i komfortowe mieszanki. Ka\u017cdy olejek zapachowy jest wysoce skoncentrowany, wi\u0119c ju\u017c niewielka ilo\u015b\u0107 wystarcza na d\u0142ugo, zapewniaj\u0105c pe\u0142n\u0105 kontrol\u0119 nad si\u0142\u0105 zapachu gotowych \u015bwiec. Te olejki zapachowe zosta\u0142y specjalnie opracowane, aby p\u0142ynnie miesza\u0107 si\u0119 z woskiem, zapewniaj\u0105c doskona\u0142\u0105 wydajno\u015b\u0107 zapachow\u0105 bez wp\u0142ywu na jako\u015b\u0107 \u015bwiecy. <a href=\"https:\/\/cosyowl.com\/pl\/candle-wicks\/wedo-lx-wick-raw\">jako\u015b\u0107<\/a> lub wypali\u0107 \u015bwiec\u0119.<\/p>\n<p><strong><a href=\"https:\/\/cosyowl.com\/pl\/materialy-do-produkcji-swiec\/olejki-zapachowe-do-produkcji-swiec\/olejki-zapachowe-premium\/olejek-zapachowy-typu-cosy-owl-premium-1-milion\/?wmc-currency=EUR\">1 milion<\/a> <\/strong>- A <a href=\"https:\/\/cosyowl.com\/pl\/candle-making-supplies\/glitters\/fluorescent-green\">pogrubiony<\/a>, M\u0119ski zapach otwieraj\u0105cy si\u0119 \u015bwie\u017cym grejpfrutem, mi\u0119t\u0105 i krwist\u0105 pomara\u0144cz\u0105, wzmocniony subtelnymi nutami zapachowymi. <a href=\"https:\/\/cosyowl.com\/pl\/craft-supplies\/wax-melt-supplies\/mica-powder-glitter\/bright-peach-biodegradable-candle-glitter\">iskrzenie<\/a> przyprawy i osadzone w g\u0142adkiej bazie z bia\u0142ego drewna i bursztynu.<\/p>\n<p><strong><a href=\"https:\/\/cosyowl.com\/pl\/olejki-zapachowe\/wszystkie-zapachy\/olejek-zapachowy-bibliotheque\/?wmc-currency=EUR\">Bibliotheque<\/a> -<\/strong> G\u0142\u0119boki, m\u0119ski zapach o ciep\u0142ym, piwnicznym charakterze, przywodz\u0105cy na my\u015bl stare ksi\u0105\u017cki i stare drewno, wzbogacony z\u0142o\u017conymi nutami serca i bazy dla bogatego, zaokr\u0105glonego i atmosferycznego wyko\u0144czenia.<\/p>\n<p><strong><a href=\"https:\/\/cosyowl.com\/pl\/materialy-do-produkcji-swiec\/olejki-zapachowe-do-produkcji-swiec\/wszystkie-zapachy\/olejek-zapachowy-mr-boss\/?wmc-currency=EUR\">Pan Boss<\/a> <\/strong>- Wyrafinowany, m\u0119ski zapach otwieraj\u0105cy si\u0119 chrupi\u0105cym jab\u0142kiem i <a href=\"https:\/\/cosyowl.com\/pl\/candle-making-supplies\/fragrance-oils-for-candle-making\/all-fragrances\/lime-basil-mandarin-fragrance-oil\">zesty<\/a> <a href=\"https:\/\/cosyowl.com\/pl\/fragrance-oils\/lemon\">cytryna<\/a>, prowadz\u0105c do ciep\u0142ego serca cynamonu i go\u017adzik\u00f3w z bursztynowymi i balsamicznymi nutami, ugruntowanymi drzewem cedrowym z delikatnym akcentem wanilii.<\/p>\n<p><strong><a href=\"https:\/\/cosyowl.com\/pl\/materialy-do-produkcji-swiec\/olejki-zapachowe-do-produkcji-swiec\/wszystkie-zapachy\/olejek-zapachowy-typu-creed\/?wmc-currency=EUR\">Typ Creed<\/a><\/strong> - \u015awie\u017cy, <a href=\"https:\/\/cosyowl.com\/pl\/fragrance-oils\/coffee\">aromatyczny<\/a> Zapach otwieraj\u0105cy si\u0119 sk\u00f3rk\u0105 cytryny, dzik\u0105 mi\u0119t\u0105 i eukaliptusem, z dodatkiem rozmarynu, cyklamenu, geranium i muguetu, zako\u0144czony wyrafinowan\u0105 baz\u0105 z bursztynu, bia\u0142ego drzewa sanda\u0142owego, mchu d\u0119bowego i paczuli.<\/p>\n<p><strong><a href=\"https:\/\/cosyowl.com\/pl\/materialy-do-produkcji-swiec\/olejki-zapachowe-do-produkcji-swiec\/wszystkie-zapachy\/olejek-zapachowy-dark-honey-tobacco\/?wmc-currency=EUR\">Ciemny mi\u00f3d i tyto\u0144<\/a> <\/strong>- Bogaty, pe\u0142ny zapach otwieraj\u0105cy si\u0119 <a href=\"https:\/\/cosyowl.com\/pl\/candle-making-supplies\/fragrance-oils-for-candle-making\/all-fragrances\/pink-grapefruit-fragrance-oil\">cytrus<\/a> pomara\u0144cza, bergamotka i mi\u00f3d, prowadz\u0105ce do ciep\u0142ego, korzennego serca cynamonu i go\u017adzik\u00f3w, <a href=\"https:\/\/cosyowl.com\/pl\/candle-making-supplies\/fragrance-oils-for-candle-making\/all-fragrances\/jasmine-fragrance-oil\">ja\u015bmin<\/a>, <a href=\"https:\/\/cosyowl.com\/pl\/fragrance-oils\/gardenia\">gardenia<\/a>, i muguet, przechodz\u0105c w g\u0142\u0119bok\u0105 baz\u0119 z\u0142o\u017con\u0105 z bursztynu, cedru, paczuli, drzewa sanda\u0142owego, wanilii i pi\u017cma.<\/p>\n<p><strong><a href=\"https:\/\/cosyowl.com\/pl\/materialy-do-produkcji-swiec\/olejki-zapachowe-do-produkcji-swiec\/wszystkie-zapachy\/olejek-zapachowy-z-bursztynu-egipskiego\/?wmc-currency=EUR\">Egipski bursztyn<\/a><\/strong> - Bogaty, duszny zapach z maroka\u0144skim bursztynem, <a href=\"https:\/\/cosyowl.com\/pl\/candle-making-kits\/soy-wax-christmas-spice-candle-making-kit\">pikantny<\/a> cynamon, gorzka pomara\u0144cza i kolendra, pog\u0142\u0119bione g\u0142adk\u0105 baz\u0105 wanilii, drzewa sanda\u0142owego, paczuli i ylang-ylang.<\/p>\n<p><strong><a href=\"https:\/\/cosyowl.com\/pl\/materialy-do-produkcji-swiec\/olejki-zapachowe-do-produkcji-swiec\/wszystkie-zapachy\/olejek-zapachowy-midnight-passion\/?wmc-currency=EUR\">Midnight Passion<\/a> <\/strong>- Bogaty, <a href=\"https:\/\/cosyowl.com\/pl\/candle-making-supplies\/fragrance-oils-for-candle-making\/all-fragrances\/black-coconut-fragrance-oil\">egzotyczny<\/a> kwiatowy zapach otwieraj\u0105cy si\u0119 gardeni\u0105, ylang-ylang i <a href=\"https:\/\/cosyowl.com\/pl\/fragrance-oils\/fresh-cut-grass\">zielony<\/a> nuty, prowadz\u0105ce do g\u0142adkiego serca z orchidei, r\u00f3\u017cy, ja\u015bminu i kwiatu pomara\u0144czy i osiadaj\u0105ce w ciep\u0142ej bazie z drzewa sanda\u0142owego, cedru, bursztynu i wanilii.<\/p>\n<p><strong><a href=\"https:\/\/cosyowl.com\/pl\/materialy-do-produkcji-swiec\/olejki-zapachowe-do-produkcji-swiec\/wszystkie-zapachy\/olejek-zapachowy-red-flare\/?wmc-currency=EUR\">Red Flare<\/a> <\/strong>- A <a href=\"https:\/\/cosyowl.com\/pl\/candle-making-supplies\/fragrance-oils-for-candle-making\/all-fragrances\/pomegranate-noir-fragrance-oil\">wyrafinowany<\/a> Zapach otwieraj\u0105cy si\u0119 \u015bwie\u017c\u0105 bergamotk\u0105 i cytryn\u0105, prowadz\u0105cy do ciep\u0142ego serca z bursztynu i fleur d'oranger i osiadaj\u0105cy na bogatej bazie tonki, wanilii, drzewa sanda\u0142owego i pi\u017cma.<\/p>\n<p><strong><a href=\"https:\/\/cosyowl.com\/pl\/materialy-do-produkcji-swiec\/olejki-zapachowe-do-produkcji-swiec\/wszystkie-zapachy\/olejek-zapachowy-sauvage\/?wmc-currency=EUR\">Sauvage<\/a> <\/strong>- A <a href=\"https:\/\/cosyowl.com\/pl\/candle-making-supplies\/glitters\/lake-blue-biodegradable\">fajny<\/a>, Wyrafinowany zapach otwieraj\u0105cy si\u0119 rze\u015bk\u0105 bergamotk\u0105 i mandarynk\u0105, po\u0142\u0105czony z geranium, olibanum i \u015bwie\u017c\u0105 lawend\u0105, a tak\u017ce z paczul\u0105, mchem, bursztynem i pi\u017cmem dla wyrafinowanego, trwa\u0142ego wyko\u0144czenia.<\/p>\n<p><strong><a href=\"https:\/\/cosyowl.com\/pl\/materialy-do-produkcji-swiec\/olejki-zapachowe-do-produkcji-swiec\/olejki-zapachowe-premium\/cosy-owl-olejek-zapachowy-premium-tonka-kwiat-tytoniu\/?wmc-currency=EUR\">Tonka Tyto\u0144<\/a> <\/strong>- Ciep\u0142y, bogaty zapach z <a href=\"https:\/\/cosyowl.com\/pl\/fragrance-oils\/candy-floss\">s\u0142odki<\/a> Nuty g\u0142owy wanilii i cynamonu, korzenne serce cynamonu, migda\u0142\u00f3w i go\u017adzik\u00f3w oraz g\u0142adka baza tonki i tytoniu dla g\u0142\u0119bokiego, m\u0119skiego wyko\u0144czenia.<\/p>\n<p><strong><a href=\"https:\/\/cosyowl.com\/pl\/materialy-do-produkcji-swiec\/olejki-zapachowe-do-produkcji-swiec\/wszystkie-zapachy\/olejek-zapachowy-ksiegarnia-vintage\/?wmc-currency=EUR\">Ksi\u0119garnia Vintage<\/a><\/strong> - Ciep\u0142y, nastrojowy zapach z <a href=\"https:\/\/cosyowl.com\/pl\/fragrance-oils\/teakwood\">drzewny<\/a> Nuty szyprowe, sk\u00f3ra, bergamotka i zielone li\u015bcie, prowadz\u0105ce do pikantnego serca z ga\u0142ki muszkato\u0142owej, paczuli, go\u017adzika i czarnego pieprzu oraz osiadaj\u0105ce na bogatej bazie z bursztynu, tytoniu i drzewa sanda\u0142owego.<\/p>\n<p><strong><a href=\"https:\/\/cosyowl.com\/pl\/olejki-zapachowe\/olejek-zapachowy-vintage-i-wetiwer\/?wmc-currency=EUR\">Vintage &amp; Vetiver<\/a> <\/strong>- A <a href=\"https:\/\/cosyowl.com\/pl\/candle-making-supplies\/candle-wax\/paraffin-wax\/kerawax-4600-paraffin-pillar-wax\">klasyczny<\/a>, Wyrafinowany, drzewny zapach otwieraj\u0105cy si\u0119 \u015bwie\u017c\u0105 cytryn\u0105, prowadz\u0105cy do wyrafinowanego serca z tytoniu i wetywerii, przechodz\u0105cy w ciep\u0142\u0105, korzenn\u0105 baz\u0119 z ga\u0142ki muszkato\u0142owej, tytoniu i pieprzu.<\/p>\n<p><strong><a href=\"https:\/\/cosyowl.com\/pl\/materialy-do-produkcji-swiec\/olejki-zapachowe-do-produkcji-swiec\/olejki-zapachowe-premium\/olejek-zapachowy-cosy-owl-premium-wood-sage-seasalt\/?wmc-currency=EUR\">Sza\u0142wia lekarska<\/a> <\/strong>- G\u0142adki, aromatyczny <a href=\"https:\/\/cosyowl.com\/pl\/candle-making-supplies\/fragrance-oils-for-candle-making\/all-fragrances\/ocean-fragrance-oil\">morski<\/a> Zapach o \u015bwie\u017cych nutach cytrusowych, \u0142\u0105cz\u0105cy s\u0142one akordy z mi\u0119kkim drewnem, delikatnymi przyprawami i odrobin\u0105 s\u0142odyczy, zapewniaj\u0105c wyrafinowane, d\u0142ugotrwa\u0142e wyko\u0144czenie.<\/p>\n<p><strong><a href=\"https:\/\/cosyowl.com\/pl\/olejki-zapachowe\/olejek-zapachowy-wood-smoke-vanilla\/?wmc-currency=EUR\">Wood Smoke Vanilla<\/a> <\/strong>- Z\u0142o\u017cony, ale delikatny zapach otwieraj\u0105cy si\u0119 drewnem syjamskim, \u017c\u00f3\u0142t\u0105 mandarynk\u0105, szafranem i wanili\u0105, spoczywaj\u0105cy na wyrafinowanej bazie herbaty lapsang souchong, kumaryny i ambry dla g\u0142adkiego, zr\u00f3wnowa\u017conego wyko\u0144czenia.<\/p>\n<h3><strong>Dlaczego wybra\u0107 nasz zestaw do produkcji \u015bwiec sojowych?<\/strong><\/h3>\n<p>Szczycimy si\u0119 dostarczaniem wy\u0142\u0105cznie najwy\u017cszej jako\u015bci sk\u0142adnik\u00f3w do tworzenia domowych \u015bwiec zapachowych. W przeciwie\u0144stwie do wielu zestaw\u00f3w startowych, nasze produkty s\u0105 starannie dobrane pod k\u0105tem profesjonalnej jako\u015bci, pomagaj\u0105c tworzy\u0107 \u015bwiece o doskona\u0142ym spalaniu, mocnym zapachu i pi\u0119knym wyko\u0144czeniu.<\/p>\n<p><strong>Nasz <a href=\"https:\/\/cosyowl.com\/pl\/guides\/how-to-make-bleeding-heart-wax-melts\">DIY<\/a> Zestaw do produkcji \u015bwiec sojowych jest idealny dla:<\/strong><\/p>\n<ul>\n<li>Pocz\u0105tkuj\u0105cy ucz\u0105cy si\u0119 robi\u0107 \u015bwiece w domu<\/li>\n<li>Hobby\u015bci poszukuj\u0105cy niezawodnego <a href=\"https:\/\/cosyowl.com\/pl\/guides\/how-to-make-marbled-wax-melts\">rzemios\u0142o \u015bwiecowe<\/a> zestaw<\/li>\n<li>Kupuj\u0105cy prezenty szukaj\u0105cy <a href=\"https:\/\/cosyowl.com\/pl\/guides\/ideas-and-creativity\">kreatywne tworzenie \u015bwiec<\/a> prezent<\/li>\n<li>Ka\u017cdy, kto kocha <a href=\"https:\/\/cosyowl.com\/pl\/guides\/making-a-reed-diffuser\">zapach do domu<\/a> i r\u0119cznie robione \u015bwiece<\/li>\n<\/ul>\n<h4><\/h4>\n<h3><strong>Profesjonalne materia\u0142y do produkcji \u015bwiec<\/strong><\/h3>\n<p>Ka\u017cdy element w tym <a href=\"https:\/\/cosyowl.com\/pl\/guides\/vegan-candle-making-supplies\">materia\u0142y do produkcji \u015bwiec<\/a> Zestaw zosta\u0142 dobrany tak, aby pom\u00f3c Ci osi\u0105gn\u0105\u0107 wspania\u0142e rezultaty w domu. Nie u\u017cywamy niskiej jako\u015bci materia\u0142\u00f3w startowych, poniewa\u017c wierzymy, \u017ce nauka z lepszymi sk\u0142adnikami prowadzi do lepszych \u015bwiec.<\/p>\n<p><strong>Wszystkie materia\u0142y zawarte w tym zestawie to:<\/strong><\/p>\n<ul>\n<li>Pozyskiwane w spos\u00f3b zr\u00f3wnowa\u017cony<\/li>\n<li>Przyjazny dla \u015brodowiska<\/li>\n<li>Przyjazne weganom<\/li>\n<li>Bez okrucie\u0144stwa<\/li>\n<li><a href=\"https:\/\/cosyowl.com\/pl\/guides\/cmrs-and-phthalates-in-fragrance-oils\">Wolny od<\/a> CMR i ftalany<\/li>\n<li>Idealne dla pocz\u0105tkuj\u0105cych i mi\u0142o\u015bnik\u00f3w \u015bwiec<\/li>\n<\/ul>\n<p>Je\u015bli szukasz zestawu startowego do tworzenia \u015bwiec, zestawu \u015bwiec sojowych lub kompletnego zestawu do samodzielnego tworzenia \u015bwiec, jest to doskona\u0142e miejsce na rozpocz\u0119cie. Z \u0142atwym <a href=\"https:\/\/cosyowl.com\/pl\/guides\/temperature-guidelines\">instrukcje<\/a>, Dzi\u0119ki najwy\u017cszej jako\u015bci sk\u0142adnikom i wybranemu zapachowi, nasz zestaw pozwala cieszy\u0107 si\u0119 kreatywnym procesem tworzenia \u015bwiec w zaciszu w\u0142asnego domu.<\/p>\n<h3 data-start=\"2493\" data-end=\"2542\"><\/h3>\n<h3 data-start=\"2493\" data-end=\"2542\"><strong>Pomocne zasoby dla sukcesu w tworzeniu \u015bwiec<\/strong><\/h3>\n<ul>\n<li><strong><span style=\"color: #ff6600\"><a style=\"color: #ff6600\" href=\"https:\/\/cosyowl.com\/pl\/przewodniki\/jak-zrobic-swiece\/?wmc-currency=EUR\">Jak zrobi\u0107 \u015bwiec\u0119\u00a0<\/a><\/span><\/strong><\/li>\n<li><strong><span style=\"color: #ff6600\"><a style=\"color: #ff6600\" href=\"https:\/\/cosyowl.com\/pl\/przewodniki\/przewodnik-po-swiecach-w-pojemnikach\/?wmc-currency=EUR\">Przewodnik tworzenia \u015bwiec w pojemnikach<\/a><\/span><\/strong><\/li>\n<li><strong><span style=\"color: #ff6600\"><a style=\"color: #ff6600\" href=\"https:\/\/cosyowl.com\/pl\/przewodniki\/przewodnik-dla-poczatkujacych-jak-zrobic-swiece\/?wmc-currency=EUR\">Przewodnik dla pocz\u0105tkuj\u0105cych, jak zrobi\u0107 \u015bwiec\u0119<\/a><\/span><\/strong><strong><br \/>\n<\/strong><\/li>\n<li class=\"entry-title\"><strong><span style=\"color: #ff6600\"><a style=\"color: #ff6600\" href=\"https:\/\/cosyowl.com\/pl\/przewodniki\/jak-uzywac-olejkow-zapachowych\/?wmc-currency=EUR\">Jak u\u017cywa\u0107 olejk\u00f3w zapachowych<\/a><\/span><\/strong><\/li>\n<li><strong><span style=\"color: #ff6600\"><a style=\"color: #ff6600\" href=\"https:\/\/cosyowl.com\/pl\/przewodniki\/rozwiazywanie-problemow\/?wmc-currency=EUR\">Rozwi\u0105zywanie problem\u00f3w zwi\u0105zanych z produkcj\u0105 \u015bwiec<\/a><\/span><\/strong><\/li>\n<li><strong><span style=\"color: #ff6600\"><a style=\"color: #ff6600\" href=\"https:\/\/cosyowl.com\/pl\/przewodniki\/faq\/?wmc-currency=EUR\">Najcz\u0119\u015bciej zadawane pytania dotycz\u0105ce tworzenia \u015bwiec<\/a><\/span><\/strong><\/li>\n<li><strong><span style=\"color: #ff6600\"><a style=\"color: #ff6600\" href=\"https:\/\/cosyowl.com\/pl\/przewodniki\/?wmc-currency=EUR\">Przewodniki i przepisy<\/a><\/span><\/strong><\/li>\n<\/ul>","protected":false},"excerpt":{"rendered":"<p>Our Candle Making Kit makes it easy to create beautifully scented soy candles at home. Ideal for beginners and experienced makers alike, this all-in-one kit includes everything you need to make up to five fragranced candles using high-quality materials.\u00a0Perfect as a gift or a fun home craft project, each kit includes one fragrance so you [&hellip;]<\/p>\n","protected":false},"featured_media":126805,"comment_status":"open","ping_status":"closed","template":"","meta":{"_acf_changed":false},"product_brand":[],"product_cat":[530,720,653],"product_tag":[917],"class_list":{"0":"post-126537","1":"product","2":"type-product","3":"status-publish","4":"has-post-thumbnail","6":"product_cat-candle-making-kits","7":"product_cat-candle-making-kits-candle-making-supplies","8":"product_cat-craft-kits","9":"product_tag-candle-making-kit","10":"product_shipping_class-royal_mail_kits","12":"first","13":"instock","14":"taxable","15":"shipping-taxable","16":"purchasable","17":"product-type-variable"},"acf":[],"_links":{"self":[{"href":"https:\/\/cosyowl.com\/pl\/wp-json\/wp\/v2\/product\/126537","targetHints":{"allow":["GET"]}}],"collection":[{"href":"https:\/\/cosyowl.com\/pl\/wp-json\/wp\/v2\/product"}],"about":[{"href":"https:\/\/cosyowl.com\/pl\/wp-json\/wp\/v2\/types\/product"}],"replies":[{"embeddable":true,"href":"https:\/\/cosyowl.com\/pl\/wp-json\/wp\/v2\/comments?post=126537"}],"wp:featuredmedia":[{"embeddable":true,"href":"https:\/\/cosyowl.com\/pl\/wp-json\/wp\/v2\/media\/126805"}],"wp:attachment":[{"href":"https:\/\/cosyowl.com\/pl\/wp-json\/wp\/v2\/media?parent=126537"}],"wp:term":[{"taxonomy":"product_brand","embeddable":true,"href":"https:\/\/cosyowl.com\/pl\/wp-json\/wp\/v2\/product_brand?post=126537"},{"taxonomy":"product_cat","embeddable":true,"href":"https:\/\/cosyowl.com\/pl\/wp-json\/wp\/v2\/product_cat?post=126537"},{"taxonomy":"product_tag","embeddable":true,"href":"https:\/\/cosyowl.com\/pl\/wp-json\/wp\/v2\/product_tag?post=126537"}],"curies":[{"name":"wp","href":"https:\/\/api.w.org\/{rel}","templated":true}]}}