{"id":126474,"date":"2026-03-23T09:22:55","date_gmt":"2026-03-23T09:22:55","guid":{"rendered":"https:\/\/cosyowl.com\/?post_type=product&#038;p=126474"},"modified":"2026-05-01T13:08:56","modified_gmt":"2026-05-01T12:08:56","slug":"zestaw-do-robienia-swiec-sojowych-zrob-5-pachnacych-swiec-w-domu-zapachy-gourmand","status":"publish","type":"product","link":"https:\/\/cosyowl.com\/pl\/craft-kits\/candle-making-kits\/soy-candle-making-kit-make-5-scented-candles-at-home-gourmand-scents","title":{"rendered":"Zestaw do robienia \u015bwiec sojowych \u2013 Zr\u00f3b 5 zapachowych \u015bwiec w domu | Zapachy Gourmand"},"content":{"rendered":"<h4 style=\"text-align: left\"><strong>Nasz Zestaw do Wyrobu \u015awiec u\u0142atwia tworzenie pi\u0119knie pachn\u0105cych \u015bwiec sojowych w domu. Idealny zar\u00f3wno dla pocz\u0105tkuj\u0105cych, jak i do\u015bwiadczonych tw\u00f3rc\u00f3w, ten wszechstronny zestaw zawiera wszystko, czego potrzebujesz, aby wykona\u0107 do pi\u0119ciu pachn\u0105cych \u015bwiec, u\u017cywaj\u0105c wysokiej jako\u015bci materia\u0142\u00f3w. Idealny jako prezent lub zabawny domowy projekt r\u0119kodzielniczy, ka\u017cdy zestaw zawiera jeden zapach, dzi\u0119ki czemu mo\u017cesz tworzy\u0107 \u015bwiece pasuj\u0105ce do Twojego stylu i przestrzeni. Dzi\u0119ki wszystkiemu, co jest zawarte w zestawie, aby zacz\u0105\u0107 od razu, jest to prosty i satysfakcjonuj\u0105cy spos\u00f3b na cieszenie si\u0119 robieniem \u015bwiec w domu.<\/strong><\/h4>\n<p>&nbsp;<\/p>\n<h3 style=\"text-align: left\"><strong>Co znajduje si\u0119 w zestawie do tworzenia \u015bwiec?<\/strong><\/h3>\n<p>800g <strong>Wysoka jako\u015b\u0107 <a href=\"https:\/\/cosyowl.com\/pl\/candle-making-supplies\/candle-wax\/soy-wax\/kerasoy-4130-container-wax\">KeraSoy 4130<\/a> Wosk sojowy do pojemnik\u00f3w<\/strong> Dla A <a href=\"https:\/\/cosyowl.com\/pl\/candle-making-supplies\/glitters\/pure-white-biodegradable\">Czysto\u015b\u0107<\/a>, Even Burn<\/p>\n<p><a href=\"https:\/\/cosyowl.com\/pl\/candle-tins\/silver-round-candle-tin-with-window-lid-50ml\">50 ml<\/a> <strong><a href=\"https:\/\/cosyowl.com\/pl\/candle-making-supplies\/fragrance-oils-for-candle-making\/premium-fragrance-oils\/cosy-owl-premium-1-million-type-fragrance-oil\">Olejek zapachowy<\/a><\/strong><\/p>\n<p>5 <strong>Eco 10 knot\u00f3w<\/strong> Dla optymalnej wydajno\u015bci p\u0142omienia<\/p>\n<p>5 <strong>Drewniane Ko\u0142ki Centruj\u0105ce<\/strong><\/p>\n<p>5 G<strong>Niebieskie Kropki<\/strong><\/p>\n<p>5 <strong><a href=\"https:\/\/cosyowl.com\/pl\/candle-making-supplies\/candle-containers\/candle-glasses\/glass-candle-containers-20cl-karen-round-pack-of-12\">20 cl<\/a> <a href=\"https:\/\/cosyowl.com\/pl\/candle-making-supplies\/candle-containers\/candle-glasses\/glass-candle-container-30cl-karen-round\">Karen Round<\/a> Okulary<\/strong> Pojemniki idealne do u\u017cytku domowego lub na prezenty<\/p>\n<p>\u0141atwy do na\u015bladowania, <strong>Krok po kroku <a href=\"https:\/\/cosyowl.com\/pl\/guides\/how-to-make-a-candle\">Produkcja \u015bwiec<\/a> <a href=\"https:\/\/cosyowl.com\/pl\/guides\/a-guide-to-creating-your-own-soap-products\">Przewodnik<\/a><\/strong> Idealne dla pocz\u0105tkuj\u0105cych<\/p>\n<h3><strong>Wybierz sw\u00f3j ulubiony zapach \u015bwiecy<\/strong><\/h3>\n<p>Zapach jest jednym z najwa\u017cniejszych element\u00f3w ka\u017cdego zapachu. <a href=\"https:\/\/cosyowl.com\/pl\/guides\/a-summers-beach-gel-votive-candle\">\u015bwieca<\/a>. Pomaga stworzy\u0107 atmosfer\u0119, przywo\u0142uje wspomnienia i nadaje osobisty charakter ka\u017cdej wykonanej \u015bwiecy. Dlatego ten zestaw do tworzenia \u015bwiec z olejkiem zapachowym pozwala wybra\u0107 preferowany zapach z rozwijanego menu. Nasza kolekcja najwy\u017cszej jako\u015bci <a href=\"https:\/\/cosyowl.com\/pl\/guides\/2023-spring-fragrance-oil-trends\">olejki zapachowe<\/a> obejmuje szerok\u0105 gam\u0119 zapach\u00f3w, kt\u00f3re zaspokoj\u0105 ka\u017cdy gust, od <a href=\"https:\/\/cosyowl.com\/pl\/candle-making-supplies\/essential-oils\/eucalyptus-globulus-essential-oil\">\u015bwie\u017cy<\/a> i czyste aromaty do <a href=\"https:\/\/cosyowl.com\/pl\/craft-kits\/candle-making-kits\/soy-wax-mulled-wine-christmas-candle-making-kit\">ciep\u0142y<\/a>, <a href=\"https:\/\/cosyowl.com\/pl\/fragrance-oils\/chocolate-orange\">bogaty<\/a>, i komfortowe mieszanki. Ka\u017cdy olejek zapachowy jest wysoce skoncentrowany, wi\u0119c ju\u017c niewielka ilo\u015b\u0107 wystarcza na d\u0142ugo, zapewniaj\u0105c pe\u0142n\u0105 kontrol\u0119 nad si\u0142\u0105 zapachu gotowych \u015bwiec. Te olejki zapachowe zosta\u0142y specjalnie opracowane, aby p\u0142ynnie miesza\u0107 si\u0119 z woskiem, zapewniaj\u0105c doskona\u0142\u0105 wydajno\u015b\u0107 zapachow\u0105 bez wp\u0142ywu na jako\u015b\u0107 \u015bwiecy. <a href=\"https:\/\/cosyowl.com\/pl\/candle-wicks\/wedo-lx-wick-raw\">jako\u015b\u0107<\/a> lub wypali\u0107 \u015bwiec\u0119.<\/p>\n<p><a href=\"https:\/\/cosyowl.com\/pl\/materialy-do-produkcji-swiec\/olejki-zapachowe-do-produkcji-swiec\/wszystkie-zapachy\/olejek-zapachowy-tort-urodzinowy\/?wmc-currency=EUR\">Tort urodzinowy<\/a> - A <a href=\"https:\/\/cosyowl.com\/pl\/fragrance-oils\/candy-floss\">s\u0142odki<\/a>, <a href=\"https:\/\/cosyowl.com\/pl\/candle-making-supplies\/fragrance-oils-for-candle-making\/all-fragrances\/fudge-fragrance-oil\">pob\u0142a\u017cliwy<\/a> aromat z puszystym biszkoptem, bit\u0105 \u015bmietan\u0105 i <a href=\"https:\/\/cosyowl.com\/pl\/candle-making-supplies\/fragrance-oils-for-candle-making\/all-fragrances\/strawberry-fragrance-oil\">truskawka<\/a> d\u017cemem, polane g\u0142adkim r\u00f3\u017cowym lukrem i posypane cukrem pudrem.<\/p>\n<p><a href=\"https:\/\/cosyowl.com\/pl\/materialy-do-produkcji-swiec\/olejki-zapachowe-do-produkcji-swiec\/wszystkie-zapachy\/olejek-zapachowy-z-czarnej-porzeczki-i-lukrecji\/?wmc-currency=EUR\">Czarna porzeczka i lukrecja<\/a> - Bogaty, <a href=\"https:\/\/cosyowl.com\/pl\/craft-kits\/candle-making-kits\/soy-wax-cheeky-cherry-candle-making-kit\">owocowy<\/a> zapach \u0142\u0105cz\u0105cy w sobie cierpk\u0105 \u017curawin\u0119 z soczyst\u0105 czarn\u0105 porzeczk\u0105 i <a href=\"https:\/\/cosyowl.com\/pl\/fragrance-oils\/raspberry\">malina<\/a>, pog\u0142\u0119biony dekadenck\u0105 baz\u0105 krem\u00f3wki, lukrecji i any\u017cu.<\/p>\n<p><a href=\"https:\/\/cosyowl.com\/pl\/olejki-zapachowe\/czekolada-pomaranczowa\/?wmc-currency=EUR\">Czekolada pomara\u0144czowa<\/a> - S\u0142odki, pob\u0142a\u017cliwy zapach otwieraj\u0105cy si\u0119 od <a href=\"https:\/\/cosyowl.com\/pl\/candle-making-supplies\/fragrance-oils-for-candle-making\/all-fragrances\/lemon-lavender-fragrance-oil\">sk\u00f3rka z cytryny<\/a>, cukier wirowany i <a href=\"https:\/\/cosyowl.com\/pl\/fragrance-oils\/juicy-orange\">soczysta pomara\u0144cza<\/a>, Wanilia z Madagaskaru, benzoes, migda\u0142y, kakao i krem ma\u015blany z ziarenkami wanilii.<\/p>\n<p><a href=\"https:\/\/cosyowl.com\/pl\/olejki-zapachowe\/kawa\/?wmc-currency=EUR\">Kawa<\/a> - Bogaty, <a href=\"https:\/\/cosyowl.com\/pl\/fragrance-oils\/coffee\">aromatyczny<\/a> zapach z <a href=\"https:\/\/cosyowl.com\/pl\/candle-making-supplies\/glitters\/fluorescent-green\">pogrubiony<\/a> Nuty kawy arabica, espresso i kardamonu, z\u0142agodzone orzechami laskowymi i cedrem, zako\u0144czone ciep\u0142\u0105 baz\u0105 wanilii i bobu tonka.<\/p>\n<p><a href=\"https:\/\/cosyowl.com\/pl\/materialy-do-produkcji-swiec\/olejki-zapachowe-do-produkcji-swiec\/wszystkie-zapachy\/olejek-zapachowy-francuska-wanilia\/?wmc-currency=EUR\">Francuska wanilia<\/a> - Kremowy, komfortowy zapach otwieraj\u0105cy si\u0119 od <a href=\"https:\/\/cosyowl.com\/pl\/fragrance-oils\/lemon\">cytryna<\/a> kremowy i delikatny kwiat, z warstw\u0105 <a href=\"https:\/\/cosyowl.com\/pl\/candle-wicks\/tcr-series-wick-raw\">surowy<\/a> wanilii i bobu tonka, a zako\u0144czone bogat\u0105 baz\u0105 <a href=\"https:\/\/cosyowl.com\/pl\/candle-making-supplies\/fragrance-oils-for-candle-making\/all-fragrances\/french-vanilla-fragrance-oil\">Francuska wanilia<\/a> i bursztynu.<\/p>\n<p><a href=\"https:\/\/cosyowl.com\/pl\/materialy-do-produkcji-swiec\/olejki-zapachowe-do-produkcji-swiec\/wszystkie-zapachy\/olejek-zapachowy-green-pistachio-marshmallow\/?wmc-currency=EUR\">Zielona pistacja i ptasie mleczko<\/a> - S\u0142odki, pob\u0142a\u017cliwy zapach \u0142\u0105cz\u0105cy pistacje, pra\u017cone orzechy laskowe i rum z puszystymi piankami i wat\u0105 cukrow\u0105, z\u0142agodzony przez <a href=\"https:\/\/cosyowl.com\/pl\/candle-making-supplies\/fragrance-oils-for-candle-making\/all-fragrances\/peony-petals-fragrance-oil\">delikatny kwiatowy<\/a> dotyk.<\/p>\n<p><a href=\"https:\/\/cosyowl.com\/pl\/materialy-do-produkcji-swiec\/olejki-zapachowe-do-produkcji-swiec\/wszystkie-zapachy\/olejek-zapachowy-iron-brew\/?wmc-currency=EUR\">Iron Brew<\/a> - A <a href=\"https:\/\/cosyowl.com\/pl\/candle-making-supplies\/glitters\/fluorescent-peach\">jasny<\/a>, Owocowy zapach otwieraj\u0105cy si\u0119 musuj\u0105c\u0105 pomara\u0144cz\u0105 i ananasem z nut\u0105 migda\u0142\u00f3w, prowadz\u0105cy do soczystego serca wi\u015bni i malin i osiadaj\u0105cy w g\u0142adkiej bazie <a href=\"https:\/\/cosyowl.com\/pl\/candle-making-supplies\/fragrance-oils-for-candle-making\/all-fragrances\/blueberry-vanilla-fragrance-oil\">kremowa wanilia<\/a>.<\/p>\n<p><a href=\"https:\/\/cosyowl.com\/pl\/materialy-do-produkcji-swiec\/olejki-zapachowe-do-produkcji-swiec\/wszystkie-zapachy\/olejek-zapachowy-rozowa-lemoniada\/?wmc-currency=EUR\">R\u00f3\u017cowa Lemoniada<\/a> - Do\u015bwiadcz radosnego uroku <a href=\"https:\/\/cosyowl.com\/pl\/candle-making-supplies\/fragrance-oils-for-candle-making\/all-fragrances\/pink-lemonade-fragrance-oil\">R\u00f3\u017cowa Lemoniada<\/a> z naszym olejkiem zapachowym. A <a href=\"https:\/\/cosyowl.com\/pl\/fragrance-oils\/strawberry-bon-bon\">zachwycaj\u0105cy<\/a> Mieszanka musuj\u0105cej cytryny, limonki i grejpfruta ta\u0144czy na sercu chrupi\u0105cego <a href=\"https:\/\/cosyowl.com\/pl\/candle-making-supplies\/fragrance-oils-for-candle-making\/all-fragrances\/pink-grapefruit-fragrance-oil\">cytrus<\/a>, jab\u0142ko i malina. Zakotwiczony w bazie wanilii i cukru, ten zapach oddaje esencj\u0119 <a href=\"https:\/\/cosyowl.com\/pl\/candle-making-supplies\/glitters\/turquoise-blue-candle-glitter\">od\u015bwie\u017canie<\/a> letni przysmak.<\/p>\n<p>&nbsp;<\/p>\n<h3><strong>Dlaczego wybra\u0107 nasz zestaw do produkcji \u015bwiec sojowych?<\/strong><\/h3>\n<p>Szczycimy si\u0119 dostarczaniem wy\u0142\u0105cznie najwy\u017cszej jako\u015bci sk\u0142adnik\u00f3w do tworzenia domowych \u015bwiec zapachowych. W przeciwie\u0144stwie do wielu zestaw\u00f3w startowych, nasze produkty s\u0105 starannie dobrane pod k\u0105tem profesjonalnej jako\u015bci, pomagaj\u0105c tworzy\u0107 \u015bwiece o doskona\u0142ym spalaniu, mocnym zapachu i pi\u0119knym wyko\u0144czeniu.<\/p>\n<p><strong>Nasz <a href=\"https:\/\/cosyowl.com\/pl\/guides\/how-to-make-bleeding-heart-wax-melts\">DIY<\/a> Zestaw do produkcji \u015bwiec sojowych jest idealny dla:<\/strong><\/p>\n<ul>\n<li>Pocz\u0105tkuj\u0105cy ucz\u0105cy si\u0119 robi\u0107 \u015bwiece w domu<\/li>\n<li>Hobby\u015bci poszukuj\u0105cy niezawodnego <a href=\"https:\/\/cosyowl.com\/pl\/guides\/how-to-make-marbled-wax-melts\">rzemios\u0142o \u015bwiecowe<\/a> zestaw<\/li>\n<li>Kupuj\u0105cy prezenty szukaj\u0105cy <a href=\"https:\/\/cosyowl.com\/pl\/guides\/ideas-and-creativity\">kreatywne tworzenie \u015bwiec<\/a> prezent<\/li>\n<li>Ka\u017cdy, kto kocha <a href=\"https:\/\/cosyowl.com\/pl\/guides\/making-a-reed-diffuser\">zapach do domu<\/a> i r\u0119cznie robione \u015bwiece<\/li>\n<\/ul>\n<h4><\/h4>\n<h3><strong>Profesjonalne materia\u0142y do produkcji \u015bwiec<\/strong><\/h3>\n<p>Ka\u017cdy element w tym <a href=\"https:\/\/cosyowl.com\/pl\/guides\/vegan-candle-making-supplies\">materia\u0142y do produkcji \u015bwiec<\/a> Zestaw zosta\u0142 dobrany tak, aby pom\u00f3c Ci osi\u0105gn\u0105\u0107 wspania\u0142e rezultaty w domu. Nie u\u017cywamy niskiej jako\u015bci materia\u0142\u00f3w startowych, poniewa\u017c wierzymy, \u017ce nauka z lepszymi sk\u0142adnikami prowadzi do lepszych \u015bwiec.<\/p>\n<p><strong>Wszystkie materia\u0142y zawarte w tym zestawie to:<\/strong><\/p>\n<ul>\n<li>Pozyskiwane w spos\u00f3b zr\u00f3wnowa\u017cony<\/li>\n<li>Przyjazny dla \u015brodowiska<\/li>\n<li>Przyjazne weganom<\/li>\n<li>Bez okrucie\u0144stwa<\/li>\n<li><a href=\"https:\/\/cosyowl.com\/pl\/guides\/cmrs-and-phthalates-in-fragrance-oils\">Wolny od<\/a> CMR i ftalany<\/li>\n<li>Idealne dla pocz\u0105tkuj\u0105cych i mi\u0142o\u015bnik\u00f3w \u015bwiec<\/li>\n<\/ul>\n<p>Je\u015bli szukasz zestawu startowego do tworzenia \u015bwiec, zestawu \u015bwiec sojowych lub kompletnego zestawu do samodzielnego tworzenia \u015bwiec, jest to doskona\u0142e miejsce na rozpocz\u0119cie. Z \u0142atwym <a href=\"https:\/\/cosyowl.com\/pl\/guides\/temperature-guidelines\">instrukcje<\/a>, Dzi\u0119ki najwy\u017cszej jako\u015bci sk\u0142adnikom i wybranemu zapachowi, nasz zestaw pozwala cieszy\u0107 si\u0119 kreatywnym procesem tworzenia \u015bwiec w zaciszu w\u0142asnego domu.<\/p>\n<h3 data-start=\"2493\" data-end=\"2542\"><\/h3>\n<h3 data-start=\"2493\" data-end=\"2542\"><strong>Pomocne zasoby dla sukcesu w tworzeniu \u015bwiec<\/strong><\/h3>\n<ul>\n<li><strong><span style=\"color: #ff6600\"><a style=\"color: #ff6600\" href=\"https:\/\/cosyowl.com\/pl\/przewodniki\/jak-zrobic-swiece\/?wmc-currency=EUR\">Jak zrobi\u0107 \u015bwiec\u0119\u00a0<\/a><\/span><\/strong><\/li>\n<li><strong><span style=\"color: #ff6600\"><a style=\"color: #ff6600\" href=\"https:\/\/cosyowl.com\/pl\/przewodniki\/przewodnik-po-swiecach-w-pojemnikach\/?wmc-currency=EUR\">Przewodnik tworzenia \u015bwiec w pojemnikach<\/a><\/span><\/strong><\/li>\n<li><strong><span style=\"color: #ff6600\"><a style=\"color: #ff6600\" href=\"https:\/\/cosyowl.com\/pl\/przewodniki\/przewodnik-dla-poczatkujacych-jak-zrobic-swiece\/?wmc-currency=EUR\">Przewodnik dla pocz\u0105tkuj\u0105cych, jak zrobi\u0107 \u015bwiec\u0119<\/a><\/span><\/strong><strong><br \/>\n<\/strong><\/li>\n<li class=\"entry-title\"><strong><span style=\"color: #ff6600\"><a style=\"color: #ff6600\" href=\"https:\/\/cosyowl.com\/pl\/przewodniki\/jak-uzywac-olejkow-zapachowych\/?wmc-currency=EUR\">Jak u\u017cywa\u0107 olejk\u00f3w zapachowych<\/a><\/span><\/strong><\/li>\n<li><strong><span style=\"color: #ff6600\"><a style=\"color: #ff6600\" href=\"https:\/\/cosyowl.com\/pl\/przewodniki\/rozwiazywanie-problemow\/?wmc-currency=EUR\">Rozwi\u0105zywanie problem\u00f3w zwi\u0105zanych z produkcj\u0105 \u015bwiec<\/a><\/span><\/strong><\/li>\n<li><strong><span style=\"color: #ff6600\"><a style=\"color: #ff6600\" href=\"https:\/\/cosyowl.com\/pl\/przewodniki\/faq\/?wmc-currency=EUR\">Najcz\u0119\u015bciej zadawane pytania dotycz\u0105ce tworzenia \u015bwiec<\/a><\/span><\/strong><\/li>\n<li><strong><span style=\"color: #ff6600\"><a style=\"color: #ff6600\" href=\"https:\/\/cosyowl.com\/pl\/przewodniki\/?wmc-currency=EUR\">Przewodniki i przepisy<\/a><\/span><\/strong><\/li>\n<\/ul>","protected":false},"excerpt":{"rendered":"<p>Our Candle Making Kit makes it easy to create beautifully scented soy candles at home. Ideal for beginners and experienced makers alike, this all-in-one kit includes everything you need to make up to five fragranced candles using high-quality materials.\u00a0Perfect as a gift or a fun home craft project, each kit includes one fragrance so you [&hellip;]<\/p>\n","protected":false},"featured_media":126805,"comment_status":"open","ping_status":"closed","template":"","meta":{"_acf_changed":false},"product_brand":[],"product_cat":[530,720,653],"product_tag":[917],"class_list":{"0":"post-126474","1":"product","2":"type-product","3":"status-publish","4":"has-post-thumbnail","6":"product_cat-candle-making-kits","7":"product_cat-candle-making-kits-candle-making-supplies","8":"product_cat-craft-kits","9":"product_tag-candle-making-kit","10":"product_shipping_class-royal_mail_kits","12":"first","13":"instock","14":"taxable","15":"shipping-taxable","16":"purchasable","17":"product-type-variable"},"acf":[],"_links":{"self":[{"href":"https:\/\/cosyowl.com\/pl\/wp-json\/wp\/v2\/product\/126474","targetHints":{"allow":["GET"]}}],"collection":[{"href":"https:\/\/cosyowl.com\/pl\/wp-json\/wp\/v2\/product"}],"about":[{"href":"https:\/\/cosyowl.com\/pl\/wp-json\/wp\/v2\/types\/product"}],"replies":[{"embeddable":true,"href":"https:\/\/cosyowl.com\/pl\/wp-json\/wp\/v2\/comments?post=126474"}],"wp:featuredmedia":[{"embeddable":true,"href":"https:\/\/cosyowl.com\/pl\/wp-json\/wp\/v2\/media\/126805"}],"wp:attachment":[{"href":"https:\/\/cosyowl.com\/pl\/wp-json\/wp\/v2\/media?parent=126474"}],"wp:term":[{"taxonomy":"product_brand","embeddable":true,"href":"https:\/\/cosyowl.com\/pl\/wp-json\/wp\/v2\/product_brand?post=126474"},{"taxonomy":"product_cat","embeddable":true,"href":"https:\/\/cosyowl.com\/pl\/wp-json\/wp\/v2\/product_cat?post=126474"},{"taxonomy":"product_tag","embeddable":true,"href":"https:\/\/cosyowl.com\/pl\/wp-json\/wp\/v2\/product_tag?post=126474"}],"curies":[{"name":"wp","href":"https:\/\/api.w.org\/{rel}","templated":true}]}}