{"id":126265,"date":"2026-03-23T09:22:38","date_gmt":"2026-03-23T09:22:38","guid":{"rendered":"https:\/\/cosyowl.com\/?post_type=product&#038;p=126265"},"modified":"2026-05-01T13:08:54","modified_gmt":"2026-05-01T12:08:54","slug":"zestaw-do-robienia-swiec-sojowych-zrob-5-aromatycznych-swiec-w-domu-zapachy-inspirowane-jesienia-i-zima","status":"publish","type":"product","link":"https:\/\/cosyowl.com\/pl\/craft-kits\/candle-making-kits\/soy-candle-making-kit-make-5-scented-candles-at-home-autumn-winter-inspired-scents","title":{"rendered":"Zestaw do tworzenia \u015bwiec sojowych \u2013 zr\u00f3b 5 pachn\u0105cych \u015bwiec w domu | Zapachy inspirowane jesieni\u0105\/zim\u0105"},"content":{"rendered":"<h4 style=\"text-align: left\"><strong>Nasz Zestaw do Wyrobu \u015awiec u\u0142atwia tworzenie pi\u0119knie pachn\u0105cych \u015bwiec sojowych w domu. Idealny zar\u00f3wno dla pocz\u0105tkuj\u0105cych, jak i do\u015bwiadczonych tw\u00f3rc\u00f3w, ten wszechstronny zestaw zawiera wszystko, czego potrzebujesz, aby wykona\u0107 do pi\u0119ciu pachn\u0105cych \u015bwiec, u\u017cywaj\u0105c wysokiej jako\u015bci materia\u0142\u00f3w. Idealny jako prezent lub zabawny domowy projekt r\u0119kodzielniczy, ka\u017cdy zestaw zawiera jeden zapach, dzi\u0119ki czemu mo\u017cesz tworzy\u0107 \u015bwiece pasuj\u0105ce do Twojego stylu i przestrzeni. Dzi\u0119ki wszystkiemu, co jest zawarte w zestawie, aby zacz\u0105\u0107 od razu, jest to prosty i satysfakcjonuj\u0105cy spos\u00f3b na cieszenie si\u0119 robieniem \u015bwiec w domu.<\/strong><\/h4>\n<p>&nbsp;<\/p>\n<h3 style=\"text-align: left\"><strong>Co znajduje si\u0119 w zestawie do tworzenia \u015bwiec?<\/strong><\/h3>\n<p>800g <strong>Wysoka jako\u015b\u0107 <a href=\"https:\/\/cosyowl.com\/pl\/candle-making-supplies\/candle-wax\/soy-wax\/kerasoy-4130-container-wax\">KeraSoy 4130<\/a> Wosk sojowy do pojemnik\u00f3w<\/strong> Dla A <a href=\"https:\/\/cosyowl.com\/pl\/candle-making-supplies\/glitters\/pure-white-biodegradable\">Czysto\u015b\u0107<\/a>, Even Burn<\/p>\n<p><a href=\"https:\/\/cosyowl.com\/pl\/candle-tins\/silver-round-candle-tin-with-window-lid-50ml\">50 ml<\/a> <strong><a href=\"https:\/\/cosyowl.com\/pl\/candle-making-supplies\/fragrance-oils-for-candle-making\/premium-fragrance-oils\/cosy-owl-premium-1-million-type-fragrance-oil\">Olejek zapachowy<\/a><\/strong><\/p>\n<p>5 <strong>Eco 10 knot\u00f3w<\/strong> Dla optymalnej wydajno\u015bci p\u0142omienia<\/p>\n<p>5 <strong>Drewniane Ko\u0142ki Centruj\u0105ce<\/strong><\/p>\n<p>5 G<strong>Niebieskie Kropki<\/strong><\/p>\n<p>5 <strong><a href=\"https:\/\/cosyowl.com\/pl\/candle-making-supplies\/candle-containers\/candle-glasses\/glass-candle-containers-20cl-karen-round-pack-of-12\">20 cl<\/a> <a href=\"https:\/\/cosyowl.com\/pl\/candle-making-supplies\/candle-containers\/candle-glasses\/glass-candle-container-30cl-karen-round\">Karen Round<\/a> Okulary<\/strong> Pojemniki idealne do u\u017cytku domowego lub na prezenty<\/p>\n<p>\u0141atwy do na\u015bladowania, <strong>Krok po kroku <a href=\"https:\/\/cosyowl.com\/pl\/guides\/how-to-make-a-candle\">Produkcja \u015bwiec<\/a> <a href=\"https:\/\/cosyowl.com\/pl\/guides\/a-guide-to-creating-your-own-soap-products\">Przewodnik<\/a><\/strong> Idealne dla pocz\u0105tkuj\u0105cych<\/p>\n<h3><strong>Wybierz sw\u00f3j ulubiony zapach \u015bwiecy<\/strong><\/h3>\n<p>Zapach jest jednym z najwa\u017cniejszych element\u00f3w ka\u017cdego zapachu. <a href=\"https:\/\/cosyowl.com\/pl\/guides\/a-summers-beach-gel-votive-candle\">\u015bwieca<\/a>. Pomaga stworzy\u0107 atmosfer\u0119, przywo\u0142uje wspomnienia i nadaje osobisty charakter ka\u017cdej wykonanej \u015bwiecy. Dlatego ten zestaw do tworzenia \u015bwiec z olejkiem zapachowym pozwala wybra\u0107 preferowany zapach z rozwijanego menu. Nasza kolekcja najwy\u017cszej jako\u015bci <a href=\"https:\/\/cosyowl.com\/pl\/guides\/2023-spring-fragrance-oil-trends\">olejki zapachowe<\/a> obejmuje szerok\u0105 gam\u0119 zapach\u00f3w, kt\u00f3re zaspokoj\u0105 ka\u017cdy gust, od <a href=\"https:\/\/cosyowl.com\/pl\/candle-making-supplies\/essential-oils\/eucalyptus-globulus-essential-oil\">\u015bwie\u017cy<\/a> i czyste aromaty do <a href=\"https:\/\/cosyowl.com\/pl\/craft-kits\/candle-making-kits\/soy-wax-mulled-wine-christmas-candle-making-kit\">ciep\u0142y<\/a>, <a href=\"https:\/\/cosyowl.com\/pl\/fragrance-oils\/chocolate-orange\">bogaty<\/a>, i komfortowe mieszanki. Ka\u017cdy olejek zapachowy jest wysoce skoncentrowany, wi\u0119c ju\u017c niewielka ilo\u015b\u0107 wystarcza na d\u0142ugo, zapewniaj\u0105c pe\u0142n\u0105 kontrol\u0119 nad si\u0142\u0105 zapachu gotowych \u015bwiec. Te olejki zapachowe zosta\u0142y specjalnie opracowane, aby p\u0142ynnie miesza\u0107 si\u0119 z woskiem, zapewniaj\u0105c doskona\u0142\u0105 wydajno\u015b\u0107 zapachow\u0105 bez wp\u0142ywu na jako\u015b\u0107 \u015bwiecy. <a href=\"https:\/\/cosyowl.com\/pl\/candle-wicks\/wedo-lx-wick-raw\">jako\u015b\u0107<\/a> lub wypali\u0107 \u015bwiec\u0119.<\/p>\n<p><a href=\"https:\/\/cosyowl.com\/pl\/materialy-do-produkcji-swiec\/olejki-zapachowe-do-produkcji-swiec\/wszystkie-zapachy\/olejek-zapachowy-jablkowo-cynamonowy\/?wmc-currency=EUR\"><strong>Jab\u0142ko z cynamonem<\/strong><\/a> - Ciep\u0142y, zach\u0119caj\u0105cy zapach z pieczonym jab\u0142kiem jako nut\u0105 dominuj\u0105c\u0105, z subtelnymi nutami cynamonu, ga\u0142ki muszkato\u0142owej, kolendry i go\u017adzik\u00f3w, wyko\u0144czony mi\u0119kk\u0105, d\u0142ugotrwa\u0142\u0105 baz\u0105 wanilii, bursztynu, pi\u017cma i karmelizowanego cukru.<\/p>\n<p><a href=\"https:\/\/cosyowl.com\/pl\/materialy-do-produkcji-swiec\/olejki-zapachowe-do-produkcji-swiec\/wszystkie-zapachy\/olejek-o-zapachu-choinki\/?wmc-currency=EUR\"><strong>Choinka<\/strong><\/a> - A <a href=\"https:\/\/cosyowl.com\/pl\/candle-making-kits\/soy-wax-christmas-spice-candle-making-kit\">\u015bwi\u0105teczny<\/a>, <a href=\"https:\/\/cosyowl.com\/pl\/fragrance-oils\/coffee\">aromatyczny<\/a> zapach ze \u015bwie\u017co\u015bci\u0105 <a href=\"https:\/\/cosyowl.com\/pl\/candle-making-kits\/winter-pine-candle-making-kit\">sosna<\/a> iglaste nuty g\u0142owy, zmieszane z ciep\u0142ymi nutami go\u017adzik\u00f3w, cynamonu i pimento, a tak\u017ce z bogatym balsamem jod\u0142owym i dymnym drewnem dla przytulnego, le\u015bnego wyko\u0144czenia.<\/p>\n<p><a href=\"https:\/\/cosyowl.com\/pl\/olejki-zapachowe\/laska-cynamonu\/?wmc-currency=EUR\"><strong>Laska cynamonu<\/strong><\/a> - A <a href=\"https:\/\/cosyowl.com\/pl\/candle-making-supplies\/glitters\/fluorescent-green\">pogrubiony<\/a>, <a href=\"https:\/\/cosyowl.com\/pl\/fragrance-oils\/nutcracker\">pikantny<\/a> otwarcie zapachowe z <a href=\"https:\/\/cosyowl.com\/pl\/candle-making-supplies\/glitters\/lake-blue-biodegradable\">\u017cywy<\/a> nuty krwistej pomara\u0144czy, <a href=\"https:\/\/cosyowl.com\/pl\/candle-making-supplies\/fragrance-oils-for-candle-making\/all-fragrances\/pink-grapefruit-fragrance-oil\">cytrus<\/a>, i pieprzu, z\u0142agodzone ciep\u0142ymi nutami cynamonu i irysa, wyko\u0144czone g\u0142adk\u0105 baz\u0105 ga\u0142ki muszkato\u0142owej i ziaren wanilii.<\/p>\n<p><a href=\"https:\/\/cosyowl.com\/pl\/olejki-zapachowe\/cynamon-wanilia\/?wmc-currency=EUR\"><strong>Cynamon Wanilia<\/strong><\/a> - A <a href=\"https:\/\/cosyowl.com\/pl\/fragrance-oils\/candy-floss\">s\u0142odki<\/a> i korzenny zapach otwieraj\u0105cy si\u0119 <a href=\"https:\/\/cosyowl.com\/pl\/candle-making-supplies\/glitters\/fluorescent-peach\">jasny<\/a> notatki <a href=\"https:\/\/cosyowl.com\/pl\/fragrance-oils\/lemon\">cytryna<\/a> puch i trzcina cukrowa, z ciep\u0142ymi nutami cynamonu, ziela angielskiego i li\u015bci go\u017adzika, wyko\u0144czone bogat\u0105 baz\u0105 z ziaren wanilii, ga\u0142ki muszkato\u0142owej i tonki.<\/p>\n<p><a href=\"https:\/\/cosyowl.com\/pl\/materialy-do-produkcji-swiec\/olejki-zapachowe-do-produkcji-swiec\/olejek-zapachowy-kadzidlo-mirra\/?wmc-currency=EUR\"><strong>Kadzid\u0142o i mirra<\/strong><\/a> - \u015awie\u017cy, aromatyczny zapach otwieraj\u0105cy si\u0119 cytrusami, eukaliptusem, ja\u0142owcem i lawend\u0105, prowadz\u0105cy do ciep\u0142ego, korzennego serca z cynamonem, go\u017adzikami i irysem oraz osiadaj\u0105cy na bogatej bazie z bursztynu, drzewa sanda\u0142owego, cedru, paczuli, pi\u017cma i wanilii.<\/p>\n<p><a href=\"https:\/\/cosyowl.com\/pl\/materialy-do-produkcji-swiec\/olejki-zapachowe-do-produkcji-swiec\/wszystkie-zapachy\/olejek-zapachowy-frosted-cranberries\/?wmc-currency=EUR\"><strong>Mro\u017cona \u017curawina<\/strong><\/a> - Jasne, <a href=\"https:\/\/cosyowl.com\/pl\/craft-supplies\/wax-melt-supplies\/mica-powder-glitter\/bright-peach-biodegradable-candle-glitter\">iskrzenie<\/a> zapach z musuj\u0105cymi b\u0105belkami, soczystym pomelo i cierpk\u0105 \u017curawin\u0105, z\u0142agodzony komfortow\u0105 baz\u0105 karmelu, wanilii i irysa.<\/p>\n<p><a href=\"https:\/\/cosyowl.com\/pl\/olejki-zapachowe\/szarlotka-na-cieplo\/?wmc-currency=EUR\"><strong>Szarlotka na gor\u0105co<\/strong><\/a> - Ciep\u0142y, pocieszaj\u0105cy zapach ze s\u0142odkim jab\u0142kiem, cytryn\u0105 i bit\u0105 \u015bmietan\u0105 w nutach g\u0142owy, z delikatnymi nutami cynamonu, go\u017adzik\u00f3w i any\u017cu, wyko\u0144czony bogat\u0105 baz\u0105 waniliowego kremu ma\u015blanego, ciasta i ga\u0142ki muszkato\u0142owej.<\/p>\n<p><a href=\"https:\/\/cosyowl.com\/pl\/materialy-do-produkcji-swiec\/olejki-zapachowe-do-produkcji-swiec\/wszystkie-zapachy\/olejek-zapachowy-midnight-fright\/?wmc-currency=EUR\"><strong>Midnight Fright<\/strong><\/a> - Mroczny, owocowo-drzewny zapach z bogatymi nutami czerni <a href=\"https:\/\/cosyowl.com\/pl\/fragrance-oils\/raspberry\">malina<\/a>, data, <a href=\"https:\/\/cosyowl.com\/pl\/candle-making-supplies\/fragrance-oils-for-candle-making\/all-fragrances\/fig-fragrance-oil\">fig<\/a>, rodzynki i \u015bwie\u017ce <a href=\"https:\/\/cosyowl.com\/pl\/candle-making-supplies\/fragrance-oils-for-candle-making\/all-fragrances\/strawberry-fragrance-oil\">truskawka<\/a>, uniesiony przez subtelne przyprawy i osadzony w ciep\u0142ej bazie wanilii, cedru i pi\u017cma.<\/p>\n<p><a href=\"https:\/\/cosyowl.com\/pl\/materialy-do-produkcji-swiec\/olejki-zapachowe-do-produkcji-swiec\/wszystkie-zapachy\/olejek-o-zapachu-grzanego-wina\/?wmc-currency=EUR\"><strong>Grzane wino<\/strong><\/a> - Bogaty, \u015bwi\u0105teczny zapach z soczystymi nutami winogron, \u015bliwek i bia\u0142ego imbiru, ocieplony nutami go\u017adzik\u00f3w, je\u017cyn i any\u017cu, wyko\u0144czony g\u0142adk\u0105 baz\u0105 z ziaren wanilii, pi\u017cma i suchego bursztynu.<\/p>\n<p><a href=\"https:\/\/cosyowl.com\/pl\/materialy-do-produkcji-swiec\/olejki-zapachowe-do-produkcji-swiec\/wszystkie-zapachy\/olejek-zapachowy-gozdzik-pomaranczowy\/?wmc-currency=EUR\"><strong>Go\u017adzik pomara\u0144czowy<\/strong><\/a> - Ciep\u0142y, korzenny zapach \u0142\u0105cz\u0105cy jasn\u0105 pomara\u0144cz\u0119 z pocieszaj\u0105cymi nutami cynamonu, go\u017adzik\u00f3w i ga\u0142ki muszkato\u0142owej.<\/p>\n<p><a href=\"https:\/\/cosyowl.com\/pl\/olejki-zapachowe\/przyprawa-dyniowa\/?wmc-currency=EUR\"><strong>Pumpkin Spice<\/strong><\/a> - Bogaty, <a href=\"https:\/\/cosyowl.com\/pl\/craft-kits\/candle-making-kits\/soy-wax-cheeky-cherry-candle-making-kit\">owocowy<\/a> Zapach dojrza\u0142ej pomara\u0144czy i dyni, podkre\u015blony ciep\u0142ymi nutami pikantnego cynamonu.<\/p>\n<p><a href=\"https:\/\/cosyowl.com\/pl\/olejki-zapachowe\/platek-sniegu\/?wmc-currency=EUR\"><strong>P\u0142atek \u015bniegu<\/strong><\/a> - \u015awie\u017cy, <a href=\"https:\/\/cosyowl.com\/pl\/fragrance-oils\/gardenia\">kwiatowy<\/a> zapach z rze\u015bk\u0105 mi\u0119t\u0105 i cytrusowymi nutami g\u0142owy, mi\u0119kkim sercem <a href=\"https:\/\/cosyowl.com\/pl\/fragrance-oils\/fresh-cut-grass\">zielony<\/a> jab\u0142ko, <a href=\"https:\/\/cosyowl.com\/pl\/candle-making-supplies\/fragrance-oils-for-candle-making\/all-fragrances\/jasmine-fragrance-oil\">ja\u015bmin<\/a>, i p\u0142atki r\u00f3\u017cy oraz delikatna baza z drewna i pi\u017cma.<\/p>\n<p><a href=\"https:\/\/cosyowl.com\/pl\/materialy-do-produkcji-swiec\/olejki-zapachowe-do-produkcji-swiec\/wszystkie-zapachy\/olejek-zapachowy-snowkissed-lodge\/?wmc-currency=EUR\"><strong>Snowkissed Lodge<\/strong><\/a> - \u015awie\u017cy, zimowy zapach otwieraj\u0105cy si\u0119 sosn\u0105, cytryn\u0105 i eukaliptusem, prowadz\u0105cy do serca z owoc\u00f3w le\u015bnych, ja\u015bminu, lawendy i mentolu oraz osiadaj\u0105cy na przytulnej bazie z bursztynu, pi\u017cma i mchu.<\/p>\n<p><a href=\"https:\/\/cosyowl.com\/pl\/materialy-do-produkcji-swiec\/olejki-zapachowe-do-produkcji-swiec\/wszystkie-zapachy\/olejek-zapachowy-winter-fae\/?wmc-currency=EUR\"><strong>Winter Fae<\/strong><\/a> - Figlarny, s\u0142odki zapach pe\u0142en <a href=\"https:\/\/cosyowl.com\/pl\/fragrance-oils\/all-fragrances\/bubblegum-fragrance-oil\">guma balonowa<\/a>, banana i gruszki, z\u0142agodzone nutami pi\u017cma i wanilii, zako\u0144czone s\u0142odkim akcentem waty cukrowej.<\/p>\n<p><a href=\"https:\/\/cosyowl.com\/pl\/materialy-do-produkcji-swiec\/olejki-zapachowe-do-produkcji-swiec\/wszystkie-zapachy\/olejek-zapachowy-winter-pine\/?wmc-currency=EUR\"><strong>Sosna zimowa<\/strong><\/a> - \u015awie\u017cy, rze\u015bki zapach otwieraj\u0105cy si\u0119 bergamotk\u0105, cytryn\u0105, bia\u0142\u0105 mi\u0119t\u0105 i grejpfrutem, z nutami kalonu, li\u015bcia go\u017adzika i tymianku. <a href=\"https:\/\/cosyowl.com\/pl\/candle-making-supplies\/fragrance-oils-for-candle-making\/all-fragrances\/honey-fragrance-oil\">naturalny<\/a> baza z sosny, cedru, drzewa sanda\u0142owego, kopru w\u0142oskiego i mi\u0119kkiego drewna.<\/p>\n<h3><strong>Dlaczego wybra\u0107 nasz zestaw do produkcji \u015bwiec sojowych?<\/strong><\/h3>\n<p>Szczycimy si\u0119 dostarczaniem wy\u0142\u0105cznie najwy\u017cszej jako\u015bci sk\u0142adnik\u00f3w do tworzenia domowych \u015bwiec zapachowych. W przeciwie\u0144stwie do wielu zestaw\u00f3w startowych, nasze produkty s\u0105 starannie dobrane pod k\u0105tem profesjonalnej jako\u015bci, pomagaj\u0105c tworzy\u0107 \u015bwiece o doskona\u0142ym spalaniu, mocnym zapachu i pi\u0119knym wyko\u0144czeniu.<\/p>\n<p><strong>Nasz <a href=\"https:\/\/cosyowl.com\/pl\/guides\/how-to-make-bleeding-heart-wax-melts\">DIY<\/a> Zestaw do produkcji \u015bwiec sojowych jest idealny dla:<\/strong><\/p>\n<ul>\n<li>Pocz\u0105tkuj\u0105cy ucz\u0105cy si\u0119 robi\u0107 \u015bwiece w domu<\/li>\n<li>Hobby\u015bci poszukuj\u0105cy niezawodnego <a href=\"https:\/\/cosyowl.com\/pl\/guides\/how-to-make-marbled-wax-melts\">rzemios\u0142o \u015bwiecowe<\/a> zestaw<\/li>\n<li>Kupuj\u0105cy prezenty szukaj\u0105cy <a href=\"https:\/\/cosyowl.com\/pl\/guides\/ideas-and-creativity\">kreatywne tworzenie \u015bwiec<\/a> prezent<\/li>\n<li>Ka\u017cdy, kto kocha <a href=\"https:\/\/cosyowl.com\/pl\/guides\/making-a-reed-diffuser\">zapach do domu<\/a> i r\u0119cznie robione \u015bwiece<\/li>\n<\/ul>\n<h4><\/h4>\n<h3><strong>Profesjonalne materia\u0142y do produkcji \u015bwiec<\/strong><\/h3>\n<p>Ka\u017cdy element w tym <a href=\"https:\/\/cosyowl.com\/pl\/guides\/vegan-candle-making-supplies\">materia\u0142y do produkcji \u015bwiec<\/a> Zestaw zosta\u0142 dobrany tak, aby pom\u00f3c Ci osi\u0105gn\u0105\u0107 wspania\u0142e rezultaty w domu. Nie u\u017cywamy niskiej jako\u015bci materia\u0142\u00f3w startowych, poniewa\u017c wierzymy, \u017ce nauka z lepszymi sk\u0142adnikami prowadzi do lepszych \u015bwiec.<\/p>\n<p><strong>Wszystkie materia\u0142y zawarte w tym zestawie to:<\/strong><\/p>\n<ul>\n<li>Pozyskiwane w spos\u00f3b zr\u00f3wnowa\u017cony<\/li>\n<li>Przyjazny dla \u015brodowiska<\/li>\n<li>Przyjazne weganom<\/li>\n<li>Bez okrucie\u0144stwa<\/li>\n<li><a href=\"https:\/\/cosyowl.com\/pl\/guides\/cmrs-and-phthalates-in-fragrance-oils\">Wolny od<\/a> CMR i ftalany<\/li>\n<li>Idealne dla pocz\u0105tkuj\u0105cych i mi\u0142o\u015bnik\u00f3w \u015bwiec<\/li>\n<\/ul>\n<p>Je\u015bli szukasz zestawu startowego do tworzenia \u015bwiec, zestawu \u015bwiec sojowych lub kompletnego zestawu do samodzielnego tworzenia \u015bwiec, jest to doskona\u0142e miejsce na rozpocz\u0119cie. Z \u0142atwym <a href=\"https:\/\/cosyowl.com\/pl\/guides\/temperature-guidelines\">instrukcje<\/a>, Dzi\u0119ki najwy\u017cszej jako\u015bci sk\u0142adnikom i wybranemu zapachowi, nasz zestaw pozwala cieszy\u0107 si\u0119 kreatywnym procesem tworzenia \u015bwiec w zaciszu w\u0142asnego domu.<\/p>\n<h3 data-start=\"2493\" data-end=\"2542\"><\/h3>\n<h3 data-start=\"2493\" data-end=\"2542\"><strong>Pomocne zasoby dla sukcesu w tworzeniu \u015bwiec<\/strong><\/h3>\n<ul>\n<li><strong><span style=\"color: #ff6600\"><a style=\"color: #ff6600\" href=\"https:\/\/cosyowl.com\/pl\/przewodniki\/jak-zrobic-swiece\/?wmc-currency=EUR\">Jak zrobi\u0107 \u015bwiec\u0119\u00a0<\/a><\/span><\/strong><\/li>\n<li><strong><span style=\"color: #ff6600\"><a style=\"color: #ff6600\" href=\"https:\/\/cosyowl.com\/pl\/przewodniki\/przewodnik-po-swiecach-w-pojemnikach\/?wmc-currency=EUR\">Przewodnik tworzenia \u015bwiec w pojemnikach<\/a><\/span><\/strong><\/li>\n<li><strong><span style=\"color: #ff6600\"><a style=\"color: #ff6600\" href=\"https:\/\/cosyowl.com\/pl\/przewodniki\/przewodnik-dla-poczatkujacych-jak-zrobic-swiece\/?wmc-currency=EUR\">Przewodnik dla pocz\u0105tkuj\u0105cych, jak zrobi\u0107 \u015bwiec\u0119<\/a><\/span><\/strong><strong><br \/>\n<\/strong><\/li>\n<li class=\"entry-title\"><strong><span style=\"color: #ff6600\"><a style=\"color: #ff6600\" href=\"https:\/\/cosyowl.com\/pl\/przewodniki\/jak-uzywac-olejkow-zapachowych\/?wmc-currency=EUR\">Jak u\u017cywa\u0107 olejk\u00f3w zapachowych<\/a><\/span><\/strong><\/li>\n<li><strong><span style=\"color: #ff6600\"><a style=\"color: #ff6600\" href=\"https:\/\/cosyowl.com\/pl\/przewodniki\/rozwiazywanie-problemow\/?wmc-currency=EUR\">Rozwi\u0105zywanie problem\u00f3w zwi\u0105zanych z produkcj\u0105 \u015bwiec<\/a><\/span><\/strong><\/li>\n<li><strong><span style=\"color: #ff6600\"><a style=\"color: #ff6600\" href=\"https:\/\/cosyowl.com\/pl\/przewodniki\/faq\/?wmc-currency=EUR\">Najcz\u0119\u015bciej zadawane pytania dotycz\u0105ce tworzenia \u015bwiec<\/a><\/span><\/strong><\/li>\n<li><strong><span style=\"color: #ff6600\"><a style=\"color: #ff6600\" href=\"https:\/\/cosyowl.com\/pl\/przewodniki\/?wmc-currency=EUR\">Przewodniki i przepisy<\/a><\/span><\/strong><\/li>\n<\/ul>","protected":false},"excerpt":{"rendered":"<p>Our Candle Making Kit makes it easy to create beautifully scented soy candles at home. Ideal for beginners and experienced makers alike, this all-in-one kit includes everything you need to make up to five fragranced candles using high-quality materials.\u00a0Perfect as a gift or a fun home craft project, each kit includes one fragrance so you [&hellip;]<\/p>\n","protected":false},"featured_media":126805,"comment_status":"open","ping_status":"closed","template":"","meta":{"_acf_changed":false},"product_brand":[],"product_cat":[530,720,653],"product_tag":[917],"class_list":{"0":"post-126265","1":"product","2":"type-product","3":"status-publish","4":"has-post-thumbnail","6":"product_cat-candle-making-kits","7":"product_cat-candle-making-kits-candle-making-supplies","8":"product_cat-craft-kits","9":"product_tag-candle-making-kit","10":"product_shipping_class-royal_mail_kits","12":"first","13":"instock","14":"taxable","15":"shipping-taxable","16":"purchasable","17":"product-type-variable"},"acf":[],"_links":{"self":[{"href":"https:\/\/cosyowl.com\/pl\/wp-json\/wp\/v2\/product\/126265","targetHints":{"allow":["GET"]}}],"collection":[{"href":"https:\/\/cosyowl.com\/pl\/wp-json\/wp\/v2\/product"}],"about":[{"href":"https:\/\/cosyowl.com\/pl\/wp-json\/wp\/v2\/types\/product"}],"replies":[{"embeddable":true,"href":"https:\/\/cosyowl.com\/pl\/wp-json\/wp\/v2\/comments?post=126265"}],"wp:featuredmedia":[{"embeddable":true,"href":"https:\/\/cosyowl.com\/pl\/wp-json\/wp\/v2\/media\/126805"}],"wp:attachment":[{"href":"https:\/\/cosyowl.com\/pl\/wp-json\/wp\/v2\/media?parent=126265"}],"wp:term":[{"taxonomy":"product_brand","embeddable":true,"href":"https:\/\/cosyowl.com\/pl\/wp-json\/wp\/v2\/product_brand?post=126265"},{"taxonomy":"product_cat","embeddable":true,"href":"https:\/\/cosyowl.com\/pl\/wp-json\/wp\/v2\/product_cat?post=126265"},{"taxonomy":"product_tag","embeddable":true,"href":"https:\/\/cosyowl.com\/pl\/wp-json\/wp\/v2\/product_tag?post=126265"}],"curies":[{"name":"wp","href":"https:\/\/api.w.org\/{rel}","templated":true}]}}