{"id":11509,"date":"2021-01-07T06:16:00","date_gmt":"2021-01-07T06:16:00","guid":{"rendered":"https:\/\/cosyowl.com\/product\/uncategorized\/flora-30cl-candle-container-matt-black-pack-of-6"},"modified":"2026-04-30T16:22:54","modified_gmt":"2026-04-30T15:22:54","slug":"flora-30cl-pojemnik-na-swiece-czarny-matowy-opakowanie-6-szt","status":"publish","type":"product","link":"https:\/\/cosyowl.com\/pl\/candle-making-supplies\/candle-containers\/metal-containers\/flora-30cl-candle-container-matt-black-pack-of-6","title":{"rendered":"Pojemnik na \u015bwiec\u0119 Flora 30cl - czarny matowy - zestaw 6 sztuk"},"content":{"rendered":"<p>Ten metalowy pojemnik doskonale nadaje si\u0119 do wyr\u00f3\u017cniania \u015bwiec. Pojemnik pomie\u015bci 300 ml <a href=\"https:\/\/cosyowl.com\/pl\/guides\/a-summers-beach-gel-votive-candle\">\u015bwieca<\/a> wosk.<\/p>\n<p><strong>Rozmiar:<\/strong> 78mm x 79mm<\/p>\n<p><strong>Materia\u0142:\u00a0<\/strong>\u017belazo<\/p>\n<p><strong>Kolor:<\/strong> <a href=\"https:\/\/cosyowl.com\/pl\/candle-making-supplies\/candle-containers\/candle-glasses\/karen-30cl-candle-glass-matt-black-pack-of-12\">Matt Black<\/a><\/p>\n<h3>Zalecenia dotycz\u0105ce knot\u00f3w**<\/h3>\n<p><strong>Kliknij poni\u017cszy link, aby zapozna\u0107 si\u0119 z naszymi knotami <a href=\"https:\/\/cosyowl.com\/pl\/guides\/using-cotton-wicks-with-soyaluna-container-wax-recommendations\">zalecenia<\/a> dostosowane do Twoich potrzeb w zakresie produkcji \u015bwiec.<\/strong><\/p>\n<p><a href=\"https:\/\/cosyowl.com\/pl\/przewodniki\/wartosci-procentowe-i-pomiary\/?wmc-currency=EUR\">Rekomendacje Cosy Owl Wick<\/a><\/p>\n<p>*Nale\u017cy pami\u0119ta\u0107, \u017ce zalecana ilo\u015b\u0107 wosku to <a href=\"https:\/\/cosyowl.com\/pl\/guides\/a-guide-to-creating-your-own-soap-products\">przewodnik<\/a> i opiera si\u0119 na maksymalnej pojemno\u015bci danego pojemnika. Dlatego mo\u017cliwe jest u\u017cycie mniejszej ilo\u015bci wosku, ale nie zalecamy przekraczania maksymalnej pojemno\u015bci. Zalecamy stosowanie podanych ilo\u015bci wosku wy\u0142\u0105cznie jako punktu wyj\u015bcia i dostosowanie ich do w\u0142asnych potrzeb. <a href=\"https:\/\/cosyowl.com\/pl\/guides\/weighing-fragrance\">pomiary<\/a> zgodnie z w\u0142asnymi preferencjami.<\/p>\n<p>**Uwaga: wszystkie zalecenia dotycz\u0105ce knot\u00f3w opieraj\u0105 si\u0119 wy\u0142\u0105cznie na u\u017cyciu z naszym woskiem. Najmniejszy <a href=\"https:\/\/cosyowl.com\/pl\/guides\/candle-wick-size-chart\">Rozmiar knota<\/a> zalecany jest do u\u017cytku wy\u0142\u0105cznie z woskiem. Najwi\u0119kszy zalecany rozmiar knota jest przeznaczony do u\u017cytku, gdy <a href=\"https:\/\/cosyowl.com\/pl\/candle-making-supplies\/fragrance-oils-for-candle-making\/premium-fragrance-oils\/cosy-owl-premium-1-million-type-fragrance-oil\">Olejek zapachowy<\/a> i\/lub barwnik. Wszystkie podane informacje nale\u017cy traktowa\u0107 wy\u0142\u0105cznie jako wskaz\u00f3wki pomocne w znalezieniu punktu wyj\u015bcia podczas eksperymentowania z knotami, poniewa\u017c zmienne temperatury i <a href=\"https:\/\/cosyowl.com\/pl\/guides\/2023-spring-fragrance-oil-trends\">Olejki zapachowe<\/a> b\u0119d\u0105 mia\u0142y wp\u0142yw na sukces knota.<\/p>","protected":false},"excerpt":{"rendered":"<p>This is a perfect metal container for making your candles stand out. This container will accommodate 300ml of candle wax. Size: 78mm x 79mm Material:\u00a0Iron Colour: Matt Black Wick Recommendations** Please click the link below to explore our wick recommendations tailored to your candle-making needs. Cosy Owl Wick Recommendations *Please note, the amount of wax [&hellip;]<\/p>\n","protected":false},"featured_media":53985,"comment_status":"open","ping_status":"closed","template":"","meta":{"_acf_changed":false},"product_brand":[],"product_cat":[501,752,717],"product_tag":[922],"class_list":{"0":"post-11509","1":"product","2":"type-product","3":"status-publish","4":"has-post-thumbnail","6":"product_cat-metal-containers","7":"product_cat-sale-containers","8":"product_cat-sale","9":"product_tag-metal-container","10":"product_shipping_class-royal_mail","12":"first","13":"instock","14":"sale","15":"taxable","16":"shipping-taxable","17":"purchasable","18":"product-type-simple"},"acf":[],"_links":{"self":[{"href":"https:\/\/cosyowl.com\/pl\/wp-json\/wp\/v2\/product\/11509","targetHints":{"allow":["GET"]}}],"collection":[{"href":"https:\/\/cosyowl.com\/pl\/wp-json\/wp\/v2\/product"}],"about":[{"href":"https:\/\/cosyowl.com\/pl\/wp-json\/wp\/v2\/types\/product"}],"replies":[{"embeddable":true,"href":"https:\/\/cosyowl.com\/pl\/wp-json\/wp\/v2\/comments?post=11509"}],"wp:featuredmedia":[{"embeddable":true,"href":"https:\/\/cosyowl.com\/pl\/wp-json\/wp\/v2\/media\/53985"}],"wp:attachment":[{"href":"https:\/\/cosyowl.com\/pl\/wp-json\/wp\/v2\/media?parent=11509"}],"wp:term":[{"taxonomy":"product_brand","embeddable":true,"href":"https:\/\/cosyowl.com\/pl\/wp-json\/wp\/v2\/product_brand?post=11509"},{"taxonomy":"product_cat","embeddable":true,"href":"https:\/\/cosyowl.com\/pl\/wp-json\/wp\/v2\/product_cat?post=11509"},{"taxonomy":"product_tag","embeddable":true,"href":"https:\/\/cosyowl.com\/pl\/wp-json\/wp\/v2\/product_tag?post=11509"}],"curies":[{"name":"wp","href":"https:\/\/api.w.org\/{rel}","templated":true}]}}