{"id":11499,"date":"2021-10-01T06:16:00","date_gmt":"2021-10-01T05:16:00","guid":{"rendered":"https:\/\/cosyowl.com\/product\/uncategorized\/wax-melt-mould-hearts-10"},"modified":"2026-03-03T13:45:25","modified_gmt":"2026-03-03T13:45:25","slug":"forma-do-wosku-serca-10","status":"publish","type":"product","link":"https:\/\/cosyowl.com\/pl\/craft-supplies\/wax-melt-supplies\/moulds-for-wax-melts\/wax-melt-mould-hearts-10","title":{"rendered":"Forma do wytapiania wosku - Serca - 10"},"content":{"rendered":"<p>\u2018<\/p>\n<p>Ten wosk do topienia w kszta\u0142cie serca to uroczy dodatek do kolekcji wosk\u00f3w do topienia. Ten stop tworzy 10 mniejszych kszta\u0142t\u00f3w serca.<\/p>\n<p><a href=\"https:\/\/cosyowl.com\/pl\/guides\/weighing-fragrance\">Pomiary<\/a> tej formy*:<\/p>\n<p>Pe\u0142na forma (szeroko\u015b\u0107): 153 mm<\/p>\n<p>*Wszystkie wymiary s\u0105 przybli\u017cone.<\/p>","protected":false},"excerpt":{"rendered":"<p>\u2018Ten wosk do topienia w kszta\u0142cie serca jest uroczym dodatkiem do kolekcji wosk\u00f3w do topienia. Ta forma pozwala uzyska\u0107 10 mniejszych kszta\u0142t\u00f3w serca. Wymiary tej formy*: Pe\u0142na forma (szeroko\u015b\u0107): 153 mm *Nale\u017cy pami\u0119ta\u0107, \u017ce wszystkie pomiary s\u0105 przybli\u017cone.<\/p>","protected":false},"featured_media":18339,"comment_status":"open","ping_status":"closed","template":"","meta":{"_acf_changed":false},"product_brand":[],"product_cat":[752,535,717,750],"product_tag":[926,1596],"class_list":{"0":"post-11499","1":"product","2":"type-product","3":"status-publish","4":"has-post-thumbnail","6":"product_cat-sale-containers","7":"product_cat-wax-melts-moulds","8":"product_cat-sale","9":"product_cat-valentines-day","10":"product_tag-mould","11":"product_tag-valentines","12":"product_shipping_class-royal_mail","14":"first","15":"outofstock","16":"taxable","17":"shipping-taxable","18":"purchasable","19":"product-type-simple"},"acf":[],"_links":{"self":[{"href":"https:\/\/cosyowl.com\/pl\/wp-json\/wp\/v2\/product\/11499","targetHints":{"allow":["GET"]}}],"collection":[{"href":"https:\/\/cosyowl.com\/pl\/wp-json\/wp\/v2\/product"}],"about":[{"href":"https:\/\/cosyowl.com\/pl\/wp-json\/wp\/v2\/types\/product"}],"replies":[{"embeddable":true,"href":"https:\/\/cosyowl.com\/pl\/wp-json\/wp\/v2\/comments?post=11499"}],"wp:featuredmedia":[{"embeddable":true,"href":"https:\/\/cosyowl.com\/pl\/wp-json\/wp\/v2\/media\/18339"}],"wp:attachment":[{"href":"https:\/\/cosyowl.com\/pl\/wp-json\/wp\/v2\/media?parent=11499"}],"wp:term":[{"taxonomy":"product_brand","embeddable":true,"href":"https:\/\/cosyowl.com\/pl\/wp-json\/wp\/v2\/product_brand?post=11499"},{"taxonomy":"product_cat","embeddable":true,"href":"https:\/\/cosyowl.com\/pl\/wp-json\/wp\/v2\/product_cat?post=11499"},{"taxonomy":"product_tag","embeddable":true,"href":"https:\/\/cosyowl.com\/pl\/wp-json\/wp\/v2\/product_tag?post=11499"}],"curies":[{"name":"wp","href":"https:\/\/api.w.org\/{rel}","templated":true}]}}