{"id":11488,"date":"2021-10-01T06:16:00","date_gmt":"2021-10-01T05:16:00","guid":{"rendered":"https:\/\/cosyowl.com\/product\/uncategorized\/wax-melt-round-mould-24"},"modified":"2026-04-30T16:22:54","modified_gmt":"2026-04-30T15:22:54","slug":"okragla-forma-do-topienia-wosku-24","status":"publish","type":"product","link":"https:\/\/cosyowl.com\/pl\/craft-supplies\/wax-melt-supplies\/moulds-for-wax-melts\/wax-melt-round-mould-24","title":{"rendered":"Okr\u0105g\u0142a forma do wosku - 24"},"content":{"rendered":"<p>\u2018<\/p>\n<p>Ta p\u00f3\u0142okr\u0105g\u0142a forma jest idealna do <a href=\"https:\/\/cosyowl.com\/pl\/wholesale-candle-making-supplies\">luzem<\/a> ma\u0142ych <a href=\"https:\/\/cosyowl.com\/pl\/guides\/sandalwood-vanilla-leaf-wax-melts-guide\">wosk topi si\u0119<\/a> w tym samym czasie.<\/p>\n<p><a href=\"https:\/\/cosyowl.com\/pl\/guides\/weighing-fragrance\">Pomiary<\/a> tej formy*:<\/p>\n<p>Pe\u0142na forma (d\u0142ugo\u015b\u0107 x szeroko\u015b\u0107): 290 mm x 185 mm<\/p>\n<p>*Wszystkie wymiary s\u0105 przybli\u017cone.<\/p>","protected":false},"excerpt":{"rendered":"<p>Ta p\u00f3\u0142okr\u0105g\u0142a forma jest idealna do tworzenia du\u017cej ilo\u015bci ma\u0142ych wosk\u00f3w do topienia za jednym razem. Wymiary tej formy*: Pe\u0142na forma (d\u0142ugo\u015b\u0107 x szeroko\u015b\u0107): 290 mm x 185 mm *Nale\u017cy pami\u0119ta\u0107, \u017ce wszystkie pomiary s\u0105 przybli\u017cone.<\/p>","protected":false},"featured_media":54548,"comment_status":"open","ping_status":"closed","template":"","meta":{"_acf_changed":false},"product_brand":[],"product_cat":[535,752,717],"product_tag":[926],"class_list":{"0":"post-11488","1":"product","2":"type-product","3":"status-publish","4":"has-post-thumbnail","6":"product_cat-wax-melts-moulds","7":"product_cat-sale-containers","8":"product_cat-sale","9":"product_tag-mould","10":"product_shipping_class-royal_mail","12":"first","13":"instock","14":"sale","15":"taxable","16":"shipping-taxable","17":"purchasable","18":"product-type-simple"},"acf":[],"_links":{"self":[{"href":"https:\/\/cosyowl.com\/pl\/wp-json\/wp\/v2\/product\/11488","targetHints":{"allow":["GET"]}}],"collection":[{"href":"https:\/\/cosyowl.com\/pl\/wp-json\/wp\/v2\/product"}],"about":[{"href":"https:\/\/cosyowl.com\/pl\/wp-json\/wp\/v2\/types\/product"}],"replies":[{"embeddable":true,"href":"https:\/\/cosyowl.com\/pl\/wp-json\/wp\/v2\/comments?post=11488"}],"wp:featuredmedia":[{"embeddable":true,"href":"https:\/\/cosyowl.com\/pl\/wp-json\/wp\/v2\/media\/54548"}],"wp:attachment":[{"href":"https:\/\/cosyowl.com\/pl\/wp-json\/wp\/v2\/media?parent=11488"}],"wp:term":[{"taxonomy":"product_brand","embeddable":true,"href":"https:\/\/cosyowl.com\/pl\/wp-json\/wp\/v2\/product_brand?post=11488"},{"taxonomy":"product_cat","embeddable":true,"href":"https:\/\/cosyowl.com\/pl\/wp-json\/wp\/v2\/product_cat?post=11488"},{"taxonomy":"product_tag","embeddable":true,"href":"https:\/\/cosyowl.com\/pl\/wp-json\/wp\/v2\/product_tag?post=11488"}],"curies":[{"name":"wp","href":"https:\/\/api.w.org\/{rel}","templated":true}]}}