{"id":11482,"date":"2021-10-01T06:15:00","date_gmt":"2021-10-01T05:15:00","guid":{"rendered":"https:\/\/cosyowl.com\/product\/uncategorized\/wax-melt-letter-mould-48"},"modified":"2026-04-30T16:22:54","modified_gmt":"2026-04-30T15:22:54","slug":"forma-do-wytapiania-liter-z-wosku-48","status":"publish","type":"product","link":"https:\/\/cosyowl.com\/pl\/craft-supplies\/wax-melt-supplies\/moulds-for-wax-melts\/wax-melt-letter-mould-48","title":{"rendered":"Forma na litery z wosku - 48"},"content":{"rendered":"<p>Ta zabawna foremka w kszta\u0142cie litery jest idealna do tworzenia spersonalizowanych <a href=\"https:\/\/cosyowl.com\/pl\/guides\/sandalwood-vanilla-leaf-wax-melts-guide\">wosk topi si\u0119<\/a>, daj\u0105c mo\u017cliwo\u015b\u0107 tworzenia dowolnych s\u0142\u00f3w lub fraz.<\/p>\n<p><a href=\"https:\/\/cosyowl.com\/pl\/guides\/weighing-fragrance\">Pomiary<\/a> tej formy*:<\/p>\n<p>Pe\u0142na forma (d\u0142ugo\u015b\u0107 x szeroko\u015b\u0107): 240 mm x 181 mm<\/p>\n<p>Rozmiar formy (d\u0142ugo\u015b\u0107 x szeroko\u015b\u0107 x g\u0142\u0119boko\u015b\u0107): 20mm x 20mm x 15mm<\/p>\n<p>*Wszystkie wymiary s\u0105 przybli\u017cone.<\/p>","protected":false},"excerpt":{"rendered":"<p>Ta zabawna forma w kszta\u0142cie litery jest idealna do tworzenia spersonalizowanych wosk\u00f3w topionych, daj\u0105c mo\u017cliwo\u015b\u0107 tworzenia dowolnych s\u0142\u00f3w lub zwrot\u00f3w. Wymiary tej formy*: Pe\u0142na forma (d\u0142ugo\u015b\u0107 x szeroko\u015b\u0107): 240 mm x 181 mm Rozmiar literki (d\u0142ugo\u015b\u0107 x szeroko\u015b\u0107 x g\u0142\u0119boko\u015b\u0107): 20 mm x 20 mm x 15 mm *Nale\u017cy pami\u0119ta\u0107, \u017ce wszystkie pomiary s\u0105 przybli\u017cone.<\/p>","protected":false},"featured_media":12131,"comment_status":"open","ping_status":"closed","template":"","meta":{"_acf_changed":false},"product_brand":[],"product_cat":[535,790,843],"product_tag":[1595,1593,926],"class_list":{"0":"post-11482","1":"product","2":"type-product","3":"status-publish","4":"has-post-thumbnail","6":"product_cat-wax-melts-moulds","7":"product_cat-easter","8":"product_cat-halloween","9":"product_tag-easter","10":"product_tag-halloween","11":"product_tag-mould","12":"product_shipping_class-royal_mail","14":"first","15":"instock","16":"sale","17":"taxable","18":"shipping-taxable","19":"purchasable","20":"product-type-simple"},"acf":[],"_links":{"self":[{"href":"https:\/\/cosyowl.com\/pl\/wp-json\/wp\/v2\/product\/11482","targetHints":{"allow":["GET"]}}],"collection":[{"href":"https:\/\/cosyowl.com\/pl\/wp-json\/wp\/v2\/product"}],"about":[{"href":"https:\/\/cosyowl.com\/pl\/wp-json\/wp\/v2\/types\/product"}],"replies":[{"embeddable":true,"href":"https:\/\/cosyowl.com\/pl\/wp-json\/wp\/v2\/comments?post=11482"}],"wp:featuredmedia":[{"embeddable":true,"href":"https:\/\/cosyowl.com\/pl\/wp-json\/wp\/v2\/media\/12131"}],"wp:attachment":[{"href":"https:\/\/cosyowl.com\/pl\/wp-json\/wp\/v2\/media?parent=11482"}],"wp:term":[{"taxonomy":"product_brand","embeddable":true,"href":"https:\/\/cosyowl.com\/pl\/wp-json\/wp\/v2\/product_brand?post=11482"},{"taxonomy":"product_cat","embeddable":true,"href":"https:\/\/cosyowl.com\/pl\/wp-json\/wp\/v2\/product_cat?post=11482"},{"taxonomy":"product_tag","embeddable":true,"href":"https:\/\/cosyowl.com\/pl\/wp-json\/wp\/v2\/product_tag?post=11482"}],"curies":[{"name":"wp","href":"https:\/\/api.w.org\/{rel}","templated":true}]}}