{"id":11437,"date":"2021-01-07T06:15:00","date_gmt":"2021-01-07T06:15:00","guid":{"rendered":"https:\/\/cosyowl.com\/product\/uncategorized\/import-placeholder-for-tcdl-ccar-bowl-njoj-544"},"modified":"2026-04-30T16:22:55","modified_gmt":"2026-04-30T15:22:55","slug":"rafinowany-olej-nosnikowy-jojoba","status":"publish","type":"product","link":"https:\/\/cosyowl.com\/pl\/craft-supplies\/body-care-supplies\/base-oils-and-butters-for-body-care\/refined-jojoba-carrier-oil","title":{"rendered":"Olej jojoba"},"content":{"rendered":"<p>Ten wspania\u0142y rafinowany olej no\u015bnikowy jojoba jest <a href=\"https:\/\/cosyowl.com\/pl\/fragrance-oils\/strawberry-bon-bon\">zachwycaj\u0105cy<\/a> przewo\u017anik dla <a href=\"https:\/\/cosyowl.com\/pl\/craft-supplies\/body-care-supplies\/fragrance-oils-for-body-care\/tea-tree-fragrance-oil\">olejek eteryczny<\/a>. Olej jojoba jest pozyskiwany z nasion krzewu jojoba, pochodz\u0105cego z Ameryki P\u00f3\u0142nocnej. Olej ten ma wiele w\u0142a\u015bciwo\u015bci przeciwzapalnych, utrzymuj\u0105c sk\u00f3r\u0119 w dobrej kondycji. <a href=\"https:\/\/cosyowl.com\/pl\/guides\/scent-and-relaxation\">spok\u00f3j<\/a> i komfort, a kompleks witaminy B pomaga chroni\u0107 i naprawia\u0107 barier\u0119 ochronn\u0105 sk\u00f3ry. Olejek jojoba zawiera r\u00f3wnie\u017c kwas gadolowy, kt\u00f3ry sprawia, \u017ce olejek nie blokuje por\u00f3w sk\u00f3ry i umo\u017cliwia swobodny przep\u0142yw tlenu.<\/p>\n<p>Przechowuj olej jojoba w <a href=\"https:\/\/cosyowl.com\/pl\/candle-making-supplies\/glitters\/lake-blue-biodegradable\">fajny<\/a>Przechowywa\u0107 w suchym miejscu w temperaturze pokojowej lub, je\u015bli wolisz zimniejszy, twardszy olej, przechowywa\u0107 w lod\u00f3wce.<\/p>\n<p>Nale\u017cy pami\u0119ta\u0107, \u017ce jest to olej t\u0142oczony na zimno, kt\u00f3ry nie zosta\u0142 poddany rafinacji. Typowe jest, \u017ce w ni\u017cszych temperaturach <a href=\"https:\/\/cosyowl.com\/pl\/candle-making-supplies\/fragrance-oils-for-candle-making\/all-fragrances\/honey-fragrance-oil\">naturalny<\/a> Woski w oleju zaczynaj\u0105 krzepn\u0105\u0107, powoduj\u0105c jego zamglenie i\/lub tworzenie si\u0119 woskowych cz\u0105stek. Ten wygl\u0105d nie ma wp\u0142ywu na <a href=\"https:\/\/cosyowl.com\/pl\/candle-wicks\/wedo-lx-wick-raw\">jako\u015b\u0107<\/a> oleju. Delikatne podgrzanie oleju do temperatury pokojowej roztopi te woski, pozostawiaj\u0105c olej <a href=\"https:\/\/cosyowl.com\/pl\/candle-making-extras\/50mm-candle-safety-label-white-black-text\">czysty<\/a> i jasne.<\/p>\n<p><strong>Ci\u0119\u017car w\u0142a\u015bciwy<\/strong> 20\/25\u00b0<br \/>\n<strong>Wsp\u00f3\u0142czynnik za\u0142amania \u015bwiat\u0142a<\/strong> 20\/40\u00b0 1.450-1.470<\/p>\n<p><em>Nale\u017cy pami\u0119ta\u0107, \u017ce nasz z\u0142oty olej jojoba jest przeznaczony wy\u0142\u0105cznie do cel\u00f3w kosmetycznych.\u00a0<\/em><\/p>","protected":false},"excerpt":{"rendered":"<p>This stunning Refined Jojoba Carrier Oil is a delightful carrier for your essential oil. Jojoba oil is extracted from the seeds of the Jojoba bush, native to North America. This oil has many anti-inflammatory properties, keeping your skin calm and comfortable while the Vitamin B complex helps to protect and repair the skin barrier. Jojoba [&hellip;]<\/p>\n","protected":false},"featured_media":53359,"comment_status":"open","ping_status":"closed","template":"","meta":{"_acf_changed":false},"product_brand":[],"product_cat":[646,579,577,547,752,717],"product_tag":[932],"class_list":{"0":"post-11437","1":"product","2":"type-product","3":"status-publish","4":"has-post-thumbnail","6":"product_cat-soap-making-supplies-base","7":"product_cat-body-care-base-oils-butters","8":"product_cat-hair-care-carrier-oils","9":"product_cat-beard-oil-carrier-oils","10":"product_cat-sale-containers","11":"product_cat-sale","12":"product_tag-carrier-oil","13":"pa_bottle-size-100ml","14":"pa_bottle-size-1litre","15":"pa_bottle-size-250ml","16":"pa_bottle-size-5litre","17":"pa_bottle-size-500ml","19":"first","20":"instock","21":"sale","22":"taxable","23":"shipping-taxable","24":"purchasable","25":"product-type-variable"},"acf":[],"_links":{"self":[{"href":"https:\/\/cosyowl.com\/pl\/wp-json\/wp\/v2\/product\/11437","targetHints":{"allow":["GET"]}}],"collection":[{"href":"https:\/\/cosyowl.com\/pl\/wp-json\/wp\/v2\/product"}],"about":[{"href":"https:\/\/cosyowl.com\/pl\/wp-json\/wp\/v2\/types\/product"}],"replies":[{"embeddable":true,"href":"https:\/\/cosyowl.com\/pl\/wp-json\/wp\/v2\/comments?post=11437"}],"wp:featuredmedia":[{"embeddable":true,"href":"https:\/\/cosyowl.com\/pl\/wp-json\/wp\/v2\/media\/53359"}],"wp:attachment":[{"href":"https:\/\/cosyowl.com\/pl\/wp-json\/wp\/v2\/media?parent=11437"}],"wp:term":[{"taxonomy":"product_brand","embeddable":true,"href":"https:\/\/cosyowl.com\/pl\/wp-json\/wp\/v2\/product_brand?post=11437"},{"taxonomy":"product_cat","embeddable":true,"href":"https:\/\/cosyowl.com\/pl\/wp-json\/wp\/v2\/product_cat?post=11437"},{"taxonomy":"product_tag","embeddable":true,"href":"https:\/\/cosyowl.com\/pl\/wp-json\/wp\/v2\/product_tag?post=11437"}],"curies":[{"name":"wp","href":"https:\/\/api.w.org\/{rel}","templated":true}]}}