{"id":11382,"date":"2021-07-01T06:14:00","date_gmt":"2021-07-01T05:14:00","guid":{"rendered":"https:\/\/cosyowl.com\/product\/uncategorized\/import-placeholder-for-tcdl-cess-bowl-ncro-520"},"modified":"2026-04-30T16:22:55","modified_gmt":"2026-04-30T15:22:55","slug":"olejek-eteryczny-z-rumianku-rzymskiego","status":"publish","type":"product","link":"https:\/\/cosyowl.com\/pl\/candle-making-supplies\/essential-oils\/chamomile-roman-essential-oil","title":{"rendered":"Olejek eteryczny z rumianku rzymskiego"},"content":{"rendered":"<p>To <strong>uspokajaj\u0105cy rumianek rzymski <a href=\"https:\/\/cosyowl.com\/pl\/craft-supplies\/body-care-supplies\/fragrance-oils-for-body-care\/tea-tree-fragrance-oil\">olejek eteryczny<\/a><\/strong> jest <strong>owocowy i <a href=\"https:\/\/cosyowl.com\/pl\/fragrance-oils\/coffee\">aromatyczny<\/a> <\/strong>z <strong>relaksuj\u0105cy <a href=\"https:\/\/cosyowl.com\/pl\/candle-making-supplies\/essential-oils\/marjoram-essential-oil\">zielny<\/a> aromat<\/strong> i <strong>intensywnie s\u0142odki ton<\/strong>. Mo\u017ce by\u0107 stosowany indywidualnie lub jako cz\u0119\u015b\u0107 indywidualnej kompozycji zapachowej, doskonale \u0142\u0105cz\u0105c si\u0119 z innymi zapachami. <a href=\"https:\/\/cosyowl.com\/pl\/guides\/essential-oil-benefits\">olejki eteryczne<\/a> takich jak: <strong>Drzewo herbaciane <\/strong>oraz <strong>Bergamotka<\/strong>. Ten olejek eteryczny mo\u017ce by\u0107 stosowany w \u015bwiecach, myd\u0142ach i dyfuzorach.<\/p>\n<p>Wszystkie nasze olejki eteryczne s\u0105 dost\u0119pne wy\u0142\u0105cznie dla <a href=\"https:\/\/cosyowl.com\/pl\/\">Przytulna sowa<\/a> i zosta\u0142y opracowane przez naszych ekspert\u00f3w z my\u015bl\u0105 o doskona\u0142ym zapachu i niezwyk\u0142ych w\u0142a\u015bciwo\u015bciach aromaterapeutycznych. Nasze skoncentrowane olejki 100% s\u0105 kompatybilne ze wszystkimi naszymi woskami, <a href=\"https:\/\/cosyowl.com\/pl\/guides\/how-to-melt-wax-soap-bases\">bazy mydlane<\/a> i oleje augeo.<\/p>\n<p>Olejki eteryczne powinny by\u0107 przechowywane w <a href=\"https:\/\/cosyowl.com\/pl\/candle-making-supplies\/glitters\/lake-blue-biodegradable\">fajny<\/a>, ciemne miejsca, aby zapobiec utlenianiu. Idealnym miejscem do ich przechowywania jest lod\u00f3wka, ale je\u015bli nie jest to idealne rozwi\u0105zanie, nale\u017cy przechowywa\u0107 je z dala od bezpo\u015bredniego \u015bwiat\u0142a i wysokich temperatur.<\/p>\n<p><strong>Ile olejku eterycznego powinienem doda\u0107?<\/strong><\/p>\n<p>Wszystkie nasze olejki eteryczne s\u0105 wysokiej jako\u015bci <a href=\"https:\/\/cosyowl.com\/pl\/candle-wicks\/wedo-lx-wick-raw\">jako\u015b\u0107<\/a> Olejki eteryczne zosta\u0142y zaprojektowane przez ekspert\u00f3w w celu uzyskania niesamowitego zapachu i w\u0142a\u015bciwo\u015bci aromaterapeutycznych, wi\u0119c generalnie mniej znaczy wi\u0119cej. Olejki eteryczne powinny by\u0107 rozcie\u0144czane w niewielkim st\u0119\u017ceniu, takim jak:<\/p>\n<ul>\n<li>2% do rozcie\u0144czania w oleju no\u015bnikowym<\/li>\n<li>3% do rozcie\u0144czania w bazie mydlanej<\/li>\n<li>3% do rozcie\u0144czania w <a href=\"https:\/\/cosyowl.com\/pl\/guides\/a-summers-beach-gel-votive-candle\">\u015bwieca<\/a> wosk<\/li>\n<li>25% do rozcie\u0144czania w oleju augeo<\/li>\n<\/ul>\n<p>Wszystkie olejki eteryczne maj\u0105 tak zwan\u0105 temperatur\u0119 zap\u0142onu - najni\u017csz\u0105 temperatur\u0119, w kt\u00f3rej olejek zaczyna si\u0119 pali\u0107 i uwalniane s\u0105 zar\u00f3wno jego w\u0142a\u015bciwo\u015bci zapachowe, jak i lecznicze.<\/p>\n<p>Temperatura zap\u0142onu Chamomile Roman wynosi <strong>30\u00b0c<\/strong> aby uzyska\u0107 wi\u0119cej informacji na temat Flash Points <a href=\"https:\/\/cosyowl.com\/pl\/przewodniki\/?p=770&wmc-currency=EUR\">kliknij ten link<\/a><\/p>\n<p><strong><em>Nale\u017cy pami\u0119ta\u0107, \u017ce nasze olejki eteryczne nie s\u0105 organiczne.\u00a0<\/em><\/strong><\/p>","protected":false},"excerpt":{"rendered":"<p>This calming Chamomile Roman essential oil is fruity and aromatic with a relaxing herbaceous aroma and an intensely sweet undertone. It can be used individually or as part of a bespoke fragrance medley, pairing brilliantly well with other essential oils such as: Tea Tree and Bergamot. This essential oil can be used in candles, soaps [&hellip;]<\/p>\n","protected":false},"featured_media":12098,"comment_status":"open","ping_status":"closed","template":"","meta":{"_acf_changed":false},"product_brand":[],"product_cat":[542,753,717],"product_tag":[938],"class_list":{"0":"post-11382","1":"product","2":"type-product","3":"status-publish","4":"has-post-thumbnail","6":"product_cat-candle-making-supplies-essential-oils","7":"product_cat-sale-fragrance-oils","8":"product_cat-sale","9":"product_tag-essential-oil","10":"pa_bottle-size-10ml","11":"pa_bottle-size-30ml","12":"pa_bottle-size-50ml","14":"first","15":"instock","16":"sale","17":"taxable","18":"shipping-taxable","19":"purchasable","20":"product-type-variable"},"acf":[],"_links":{"self":[{"href":"https:\/\/cosyowl.com\/pl\/wp-json\/wp\/v2\/product\/11382","targetHints":{"allow":["GET"]}}],"collection":[{"href":"https:\/\/cosyowl.com\/pl\/wp-json\/wp\/v2\/product"}],"about":[{"href":"https:\/\/cosyowl.com\/pl\/wp-json\/wp\/v2\/types\/product"}],"replies":[{"embeddable":true,"href":"https:\/\/cosyowl.com\/pl\/wp-json\/wp\/v2\/comments?post=11382"}],"wp:featuredmedia":[{"embeddable":true,"href":"https:\/\/cosyowl.com\/pl\/wp-json\/wp\/v2\/media\/12098"}],"wp:attachment":[{"href":"https:\/\/cosyowl.com\/pl\/wp-json\/wp\/v2\/media?parent=11382"}],"wp:term":[{"taxonomy":"product_brand","embeddable":true,"href":"https:\/\/cosyowl.com\/pl\/wp-json\/wp\/v2\/product_brand?post=11382"},{"taxonomy":"product_cat","embeddable":true,"href":"https:\/\/cosyowl.com\/pl\/wp-json\/wp\/v2\/product_cat?post=11382"},{"taxonomy":"product_tag","embeddable":true,"href":"https:\/\/cosyowl.com\/pl\/wp-json\/wp\/v2\/product_tag?post=11382"}],"curies":[{"name":"wp","href":"https:\/\/api.w.org\/{rel}","templated":true}]}}