{"id":11380,"date":"2021-07-01T06:14:00","date_gmt":"2021-07-01T05:14:00","guid":{"rendered":"https:\/\/cosyowl.com\/product\/uncategorized\/import-placeholder-for-tcdl-cess-bowl-ncll-518"},"modified":"2026-03-03T13:45:23","modified_gmt":"2026-03-03T13:45:23","slug":"olejek-eteryczny-z-lisci-gozdzikowca","status":"publish","type":"product","link":"https:\/\/cosyowl.com\/pl\/candle-making-supplies\/essential-oils\/clove-leaf-essential-oil","title":{"rendered":"Olejek eteryczny z li\u015bci go\u017adzikowca"},"content":{"rendered":"<p>To <strong>pocieszaj\u0105cy li\u015b\u0107 go\u017adzikowca <a href=\"https:\/\/cosyowl.com\/pl\/craft-supplies\/body-care-supplies\/fragrance-oils-for-body-care\/tea-tree-fragrance-oil\">olejek eteryczny<\/a><\/strong> jest <strong>mocny i owocowy <\/strong>z <strong>s\u0142odko-korzenny aromat<\/strong> oraz <strong>ocieplaj\u0105cy ton<\/strong>. Mo\u017ce by\u0107 stosowany indywidualnie lub jako cz\u0119\u015b\u0107 indywidualnej kompozycji zapachowej, doskonale \u0142\u0105cz\u0105c si\u0119 z innymi zapachami. <a href=\"https:\/\/cosyowl.com\/pl\/guides\/essential-oil-benefits\">olejki eteryczne<\/a> takich jak: <strong>Lawenda <\/strong>oraz <strong>Cytryna<\/strong>. Ten olejek eteryczny mo\u017ce by\u0107 stosowany w \u015bwiecach, myd\u0142ach i dyfuzorach.<\/p>\n<p>Wszystkie nasze olejki eteryczne s\u0105 dost\u0119pne wy\u0142\u0105cznie dla <a href=\"https:\/\/cosyowl.com\/pl\/\">Przytulna sowa<\/a> i zosta\u0142y opracowane przez naszych ekspert\u00f3w z my\u015bl\u0105 o doskona\u0142ym zapachu i niezwyk\u0142ych w\u0142a\u015bciwo\u015bciach aromaterapeutycznych. Nasze skoncentrowane olejki 100% s\u0105 kompatybilne ze wszystkimi naszymi woskami, <a href=\"https:\/\/cosyowl.com\/pl\/guides\/how-to-melt-wax-soap-bases\">bazy mydlane<\/a> i oleje augeo.<\/p>\n<p>Olejki eteryczne powinny by\u0107 przechowywane w <a href=\"https:\/\/cosyowl.com\/pl\/candle-making-supplies\/glitters\/lake-blue-biodegradable\">fajny<\/a>, ciemne miejsca, aby zapobiec utlenianiu. Idealnym miejscem do ich przechowywania jest lod\u00f3wka, ale je\u015bli nie jest to idealne rozwi\u0105zanie, nale\u017cy przechowywa\u0107 je z dala od bezpo\u015bredniego \u015bwiat\u0142a i wysokich temperatur.<\/p>\n<p><strong>Ile olejku eterycznego powinienem doda\u0107?<\/strong><\/p>\n<p>Wszystkie nasze olejki eteryczne s\u0105 wysokiej jako\u015bci <a href=\"https:\/\/cosyowl.com\/pl\/candle-wicks\/wedo-lx-wick-raw\">jako\u015b\u0107<\/a> Olejki eteryczne zosta\u0142y zaprojektowane przez ekspert\u00f3w w celu uzyskania niesamowitego zapachu i w\u0142a\u015bciwo\u015bci aromaterapeutycznych, wi\u0119c generalnie mniej znaczy wi\u0119cej. Olejki eteryczne powinny by\u0107 rozcie\u0144czane w niewielkim st\u0119\u017ceniu, takim jak:<\/p>\n<ul>\n<li>2% do rozcie\u0144czania w oleju no\u015bnikowym<\/li>\n<li>3% do rozcie\u0144czania w bazie mydlanej<\/li>\n<li>3% do rozcie\u0144czania w <a href=\"https:\/\/cosyowl.com\/pl\/guides\/a-summers-beach-gel-votive-candle\">\u015bwieca<\/a> wosk<\/li>\n<li>25% do rozcie\u0144czania w oleju augeo<\/li>\n<\/ul>\n<p>Wszystkie olejki eteryczne maj\u0105 tak zwan\u0105 temperatur\u0119 zap\u0142onu - najni\u017csz\u0105 temperatur\u0119, w kt\u00f3rej olejek zaczyna si\u0119 pali\u0107 i uwalniane s\u0105 zar\u00f3wno jego w\u0142a\u015bciwo\u015bci zapachowe, jak i lecznicze.<\/p>\n<p>Temperatura zap\u0142onu Clove Leaf wynosi &gt;<strong>65\u00b0c<\/strong> aby uzyska\u0107 wi\u0119cej informacji na temat Flash Points <a href=\"https:\/\/cosyowl.com\/pl\/przewodniki\/?p=770&wmc-currency=EUR\">kliknij ten link<\/a><\/p>\n<p><strong><em>Nale\u017cy pami\u0119ta\u0107, \u017ce nasz olejek eteryczny z li\u015bci go\u017adzikowca nie jest organiczny.<\/em><\/strong><\/p>\n<p>&nbsp;<\/p>","protected":false},"excerpt":{"rendered":"<p>This comforting Clove Leaf essential oil is powerful and fruity with a sweet-spicy aroma and a warming undertone. It can be used individually or as part of a bespoke fragrance medley, pairing brilliantly well with other essential oils such as: Lavender and Lemon. This essential oil can be used in candles, soaps and diffusers. All [&hellip;]<\/p>\n","protected":false},"featured_media":12096,"comment_status":"open","ping_status":"closed","template":"","meta":{"_acf_changed":false},"product_brand":[],"product_cat":[542,544,585,582,649,543,545,637,753,717],"product_tag":[938],"class_list":{"0":"post-11380","1":"product","2":"type-product","3":"status-publish","4":"has-post-thumbnail","6":"product_cat-candle-making-supplies-essential-oils","7":"product_cat-beard-oil-essential-oils","8":"product_cat-hair-care-essential-oils","9":"product_cat-lip-balm-essential-oils","10":"product_cat-reed-diffusers-essential-oils","11":"product_cat-soap-making-supplies-essential-oils","12":"product_cat-wax-melts-essential-oils","13":"product_cat-body-care-essential-oils","14":"product_cat-sale-fragrance-oils","15":"product_cat-sale","16":"product_tag-essential-oil","17":"pa_bottle-size-10ml","18":"pa_bottle-size-30ml","19":"pa_bottle-size-50ml","21":"first","22":"instock","23":"sale","24":"taxable","25":"shipping-taxable","26":"purchasable","27":"product-type-variable"},"acf":[],"_links":{"self":[{"href":"https:\/\/cosyowl.com\/pl\/wp-json\/wp\/v2\/product\/11380","targetHints":{"allow":["GET"]}}],"collection":[{"href":"https:\/\/cosyowl.com\/pl\/wp-json\/wp\/v2\/product"}],"about":[{"href":"https:\/\/cosyowl.com\/pl\/wp-json\/wp\/v2\/types\/product"}],"replies":[{"embeddable":true,"href":"https:\/\/cosyowl.com\/pl\/wp-json\/wp\/v2\/comments?post=11380"}],"wp:featuredmedia":[{"embeddable":true,"href":"https:\/\/cosyowl.com\/pl\/wp-json\/wp\/v2\/media\/12096"}],"wp:attachment":[{"href":"https:\/\/cosyowl.com\/pl\/wp-json\/wp\/v2\/media?parent=11380"}],"wp:term":[{"taxonomy":"product_brand","embeddable":true,"href":"https:\/\/cosyowl.com\/pl\/wp-json\/wp\/v2\/product_brand?post=11380"},{"taxonomy":"product_cat","embeddable":true,"href":"https:\/\/cosyowl.com\/pl\/wp-json\/wp\/v2\/product_cat?post=11380"},{"taxonomy":"product_tag","embeddable":true,"href":"https:\/\/cosyowl.com\/pl\/wp-json\/wp\/v2\/product_tag?post=11380"}],"curies":[{"name":"wp","href":"https:\/\/api.w.org\/{rel}","templated":true}]}}