{"id":11308,"date":"2021-01-10T06:13:20","date_gmt":"2021-01-10T06:13:20","guid":{"rendered":"https:\/\/cosyowl.com\/product\/uncategorized\/pure-white-biodegradable-candle-glitter"},"modified":"2026-03-03T13:45:40","modified_gmt":"2026-03-03T13:45:40","slug":"czysty-bialy-biodegradowalny-brokat-do-swiec","status":"publish","type":"product","link":"https:\/\/cosyowl.com\/pl\/candle-making-supplies\/glitters\/pure-white-biodegradable","title":{"rendered":"Czysty bia\u0142y biodegradowalny brokat do \u015bwiec"},"content":{"rendered":"<p>Ta osza\u0142amiaj\u0105ca czysta biel <a href=\"https:\/\/cosyowl.com\/pl\/candle-making-supplies\/glitters\/apple-green-biodegradable\">biodegradowalny<\/a> brokat jest doskona\u0142ym dodatkiem do <a href=\"https:\/\/cosyowl.com\/pl\/guides\/sandalwood-vanilla-leaf-wax-melts-guide\">wosk topi si\u0119<\/a>. Poniewa\u017c jest to tak subtelny brokat, mo\u017cna go miesza\u0107 ze wszystkimi opcjami kolorystycznymi, aby doda\u0107 kolejny poziom po\u0142ysku i klasy. Ten brokat mo\u017ce by\u0107 stosowany w kosmetykach, cieniach do powiek, myd\u0142ach, zdobieniach paznokci i r\u0119kodziele.<\/p>\n<p>Ten produkt najlepiej stosowa\u0107 w woskach do topienia, je\u015bli zostanie u\u017cyty w \u015bwiecach, mo\u017ce zatka\u0107 knot!<\/p>","protected":false},"excerpt":{"rendered":"<p>This stunning pure white biodegradable glitter is a great additive to your wax melts. Being such a subtle glitter, this can be mixed with all colour options to add another level of shimmer and class. This glitter can be used in cosmetics, eyeshadow, soaps, nail art and crafts. This product is best used in wax [&hellip;]<\/p>\n","protected":false},"featured_media":12075,"comment_status":"open","ping_status":"closed","template":"","meta":{"_acf_changed":false},"product_brand":[],"product_cat":[541,540],"product_tag":[909,914],"class_list":{"0":"post-11308","1":"product","2":"type-product","3":"status-publish","4":"has-post-thumbnail","6":"product_cat-wax-melts-mica-powder-and-glitter","7":"product_cat-candle-making-supplies-mica-powder-glitter","8":"product_tag-black-friday","9":"product_tag-glitter","11":"first","12":"instock","13":"taxable","14":"shipping-taxable","15":"purchasable","16":"product-type-variable"},"acf":[],"_links":{"self":[{"href":"https:\/\/cosyowl.com\/pl\/wp-json\/wp\/v2\/product\/11308","targetHints":{"allow":["GET"]}}],"collection":[{"href":"https:\/\/cosyowl.com\/pl\/wp-json\/wp\/v2\/product"}],"about":[{"href":"https:\/\/cosyowl.com\/pl\/wp-json\/wp\/v2\/types\/product"}],"replies":[{"embeddable":true,"href":"https:\/\/cosyowl.com\/pl\/wp-json\/wp\/v2\/comments?post=11308"}],"wp:featuredmedia":[{"embeddable":true,"href":"https:\/\/cosyowl.com\/pl\/wp-json\/wp\/v2\/media\/12075"}],"wp:attachment":[{"href":"https:\/\/cosyowl.com\/pl\/wp-json\/wp\/v2\/media?parent=11308"}],"wp:term":[{"taxonomy":"product_brand","embeddable":true,"href":"https:\/\/cosyowl.com\/pl\/wp-json\/wp\/v2\/product_brand?post=11308"},{"taxonomy":"product_cat","embeddable":true,"href":"https:\/\/cosyowl.com\/pl\/wp-json\/wp\/v2\/product_cat?post=11308"},{"taxonomy":"product_tag","embeddable":true,"href":"https:\/\/cosyowl.com\/pl\/wp-json\/wp\/v2\/product_tag?post=11308"}],"curies":[{"name":"wp","href":"https:\/\/api.w.org\/{rel}","templated":true}]}}