{"id":11255,"date":"2021-01-10T06:13:00","date_gmt":"2021-01-10T06:13:00","guid":{"rendered":"https:\/\/cosyowl.com\/product\/uncategorized\/import-placeholder-for-tcdl-cmca-bowl-lhrt-489"},"modified":"2026-03-03T13:45:40","modified_gmt":"2026-03-03T13:45:40","slug":"swieca-serce-brokat","status":"publish","type":"product","link":"https:\/\/cosyowl.com\/pl\/candle-making-supplies\/glitters\/heart-candle-glitter","title":{"rendered":"\u015awieca w kszta\u0142cie serca z brokatem"},"content":{"rendered":"<p>Ten zniewalaj\u0105cy brokat w kszta\u0142cie z\u0142otego serca to \u015bwietny spos\u00f3b na dodanie czego\u015b ekstra do wosku. Serduszka maj\u0105 z\u0142oty kolor, dop\u00f3ki nie zostan\u0105 mocno o\u015bwietlone, w kt\u00f3rym to momencie odbijaj\u0105 i wydzielaj\u0105 wiele kolor\u00f3w, takich jak: czerwienie, zielenie, b\u0142\u0119kity i biele. Brokat ten mo\u017ce by\u0107 stosowany w myd\u0142ach, lakierach do paznokci, r\u0119kodziele, farbach i pow\u0142okach oraz grafikach.<\/p>\n<p>Ten produkt najlepiej stosowa\u0107 w <a href=\"https:\/\/cosyowl.com\/pl\/guides\/sandalwood-vanilla-leaf-wax-melts-guide\">wosk topi si\u0119<\/a>Je\u015bli jest u\u017cywany w \u015bwiecach, mo\u017ce zatka\u0107 knot!<\/p>","protected":false},"excerpt":{"rendered":"<p>This compelling golden heart glitter is a great way to add something extra to your wax. The hearts are gold in colour until they are heavily lit, at which point they reflect and give off lots of colours such as: reds, greens, blues and whites. This glitter can be used in soaps, nail polish, crafts, [&hellip;]<\/p>\n","protected":false},"featured_media":42456,"comment_status":"open","ping_status":"closed","template":"","meta":{"_acf_changed":false},"product_brand":[],"product_cat":[541,540],"product_tag":[909,914],"class_list":{"0":"post-11255","1":"product","2":"type-product","3":"status-publish","4":"has-post-thumbnail","6":"product_cat-wax-melts-mica-powder-and-glitter","7":"product_cat-candle-making-supplies-mica-powder-glitter","8":"product_tag-black-friday","9":"product_tag-glitter","11":"first","12":"instock","13":"taxable","14":"shipping-taxable","15":"purchasable","16":"product-type-variable"},"acf":[],"_links":{"self":[{"href":"https:\/\/cosyowl.com\/pl\/wp-json\/wp\/v2\/product\/11255","targetHints":{"allow":["GET"]}}],"collection":[{"href":"https:\/\/cosyowl.com\/pl\/wp-json\/wp\/v2\/product"}],"about":[{"href":"https:\/\/cosyowl.com\/pl\/wp-json\/wp\/v2\/types\/product"}],"replies":[{"embeddable":true,"href":"https:\/\/cosyowl.com\/pl\/wp-json\/wp\/v2\/comments?post=11255"}],"wp:featuredmedia":[{"embeddable":true,"href":"https:\/\/cosyowl.com\/pl\/wp-json\/wp\/v2\/media\/42456"}],"wp:attachment":[{"href":"https:\/\/cosyowl.com\/pl\/wp-json\/wp\/v2\/media?parent=11255"}],"wp:term":[{"taxonomy":"product_brand","embeddable":true,"href":"https:\/\/cosyowl.com\/pl\/wp-json\/wp\/v2\/product_brand?post=11255"},{"taxonomy":"product_cat","embeddable":true,"href":"https:\/\/cosyowl.com\/pl\/wp-json\/wp\/v2\/product_cat?post=11255"},{"taxonomy":"product_tag","embeddable":true,"href":"https:\/\/cosyowl.com\/pl\/wp-json\/wp\/v2\/product_tag?post=11255"}],"curies":[{"name":"wp","href":"https:\/\/api.w.org\/{rel}","templated":true}]}}