{"id":11254,"date":"2021-01-10T06:13:06","date_gmt":"2021-01-10T06:13:06","guid":{"rendered":"https:\/\/cosyowl.com\/product\/uncategorized\/import-placeholder-for-tcdl-cmca-bowl-lmpu-488"},"modified":"2026-03-03T13:45:40","modified_gmt":"2026-03-03T13:45:40","slug":"magiczna-fioletowa-swieca-brokatowa","status":"publish","type":"product","link":"https:\/\/cosyowl.com\/pl\/candle-making-supplies\/glitters\/magic-purple-candle-glitter","title":{"rendered":"Magiczny fioletowy brokat do \u015bwiec"},"content":{"rendered":"<p>Magia z nazwy i magia z natury! W swojej brokatowej formie \u0142atwo go pomyli\u0107 z biel\u0105. Ale gdy jest zawieszony w wosku, subtelny ametyst i <a href=\"https:\/\/cosyowl.com\/pl\/fragrance-oils\/lilac\">liliowy<\/a> Odcienie staj\u0105 si\u0119 widoczne, gdy wiruje wok\u00f3\u0142 wosku. Ten brokat mo\u017ce by\u0107 stosowany w myd\u0142ach, lakierach do paznokci, r\u0119kodziele, farbach i pow\u0142okach oraz grafice.<\/p>\n<p>Ten produkt najlepiej stosowa\u0107 w <a href=\"https:\/\/cosyowl.com\/pl\/guides\/sandalwood-vanilla-leaf-wax-melts-guide\">wosk topi si\u0119<\/a>Je\u015bli jest u\u017cywany w \u015bwiecach, mo\u017ce zatka\u0107 knot!<\/p>","protected":false},"excerpt":{"rendered":"<p>Magic by name and magic by nature! In its glitter form, it is easily mistaken as white. But when suspended in wax, the subtle amethyst and lilac hues become apparent as it whirls around the wax. This glitter can be used in soaps, nail polish, crafts, paints and coatings and graphic arts. This product is [&hellip;]<\/p>\n","protected":false},"featured_media":12066,"comment_status":"open","ping_status":"closed","template":"","meta":{"_acf_changed":false},"product_brand":[],"product_cat":[541,540],"product_tag":[909,914],"class_list":{"0":"post-11254","1":"product","2":"type-product","3":"status-publish","4":"has-post-thumbnail","6":"product_cat-wax-melts-mica-powder-and-glitter","7":"product_cat-candle-making-supplies-mica-powder-glitter","8":"product_tag-black-friday","9":"product_tag-glitter","11":"first","12":"instock","13":"taxable","14":"shipping-taxable","15":"purchasable","16":"product-type-variable"},"acf":[],"_links":{"self":[{"href":"https:\/\/cosyowl.com\/pl\/wp-json\/wp\/v2\/product\/11254","targetHints":{"allow":["GET"]}}],"collection":[{"href":"https:\/\/cosyowl.com\/pl\/wp-json\/wp\/v2\/product"}],"about":[{"href":"https:\/\/cosyowl.com\/pl\/wp-json\/wp\/v2\/types\/product"}],"replies":[{"embeddable":true,"href":"https:\/\/cosyowl.com\/pl\/wp-json\/wp\/v2\/comments?post=11254"}],"wp:featuredmedia":[{"embeddable":true,"href":"https:\/\/cosyowl.com\/pl\/wp-json\/wp\/v2\/media\/12066"}],"wp:attachment":[{"href":"https:\/\/cosyowl.com\/pl\/wp-json\/wp\/v2\/media?parent=11254"}],"wp:term":[{"taxonomy":"product_brand","embeddable":true,"href":"https:\/\/cosyowl.com\/pl\/wp-json\/wp\/v2\/product_brand?post=11254"},{"taxonomy":"product_cat","embeddable":true,"href":"https:\/\/cosyowl.com\/pl\/wp-json\/wp\/v2\/product_cat?post=11254"},{"taxonomy":"product_tag","embeddable":true,"href":"https:\/\/cosyowl.com\/pl\/wp-json\/wp\/v2\/product_tag?post=11254"}],"curies":[{"name":"wp","href":"https:\/\/api.w.org\/{rel}","templated":true}]}}