{"id":11251,"date":"2021-01-10T06:13:06","date_gmt":"2021-01-10T06:13:06","guid":{"rendered":"https:\/\/cosyowl.com\/product\/uncategorized\/import-placeholder-for-tcdl-cmca-bowl-lfly-485"},"modified":"2026-03-03T13:45:37","modified_gmt":"2026-03-03T13:45:37","slug":"fluorescencyjny-zolty-brokat-swiecowy","status":"publish","type":"product","link":"https:\/\/cosyowl.com\/pl\/candle-making-supplies\/glitters\/fluorescent-yellow","title":{"rendered":"Fluorescencyjny \u017c\u00f3\u0142ty brokat do \u015bwiec"},"content":{"rendered":"<p>Ten osza\u0142amiaj\u0105cy fluorescencyjny \u017c\u00f3\u0142ty brokat to obowi\u0105zkowy dodatek do wosku. The <a href=\"https:\/\/cosyowl.com\/pl\/craft-supplies\/wax-melt-supplies\/mica-powder-glitter\/royal-blue-purple-biodegradable-candle-glitter\">uderzaj\u0105cy<\/a> R\u00f3wnowaga mi\u0119dzy po\u0142yskuj\u0105cym brokatem a autorytatywnym kolorem fluorescencyjnej \u017c\u00f3\u0142ci jest imponuj\u0105ca. Ten brokat mo\u017ce by\u0107 stosowany w myd\u0142ach, lakierach do paznokci, r\u0119kodziele, farbach i pow\u0142okach oraz grafikach.<\/p>\n<p>Ten produkt najlepiej stosowa\u0107 w <a href=\"https:\/\/cosyowl.com\/pl\/guides\/sandalwood-vanilla-leaf-wax-melts-guide\">wosk topi si\u0119<\/a>Je\u015bli jest u\u017cywany w \u015bwiecach, mo\u017ce zatka\u0107 knot!<\/p>","protected":false},"excerpt":{"rendered":"<p>This jaw-dropping fluorescent yellow glitter is a must-have as an additive to your wax. The striking balance between the shimmer glitter and the authoritative colour of fluorescent yellow is impressive. This glitter can be used in soaps, nail polish, crafts, paints and coatings and graphic arts. This product is best used in wax melts, if [&hellip;]<\/p>\n","protected":false},"featured_media":12063,"comment_status":"open","ping_status":"closed","template":"","meta":{"_acf_changed":false},"product_brand":[],"product_cat":[541,843,540],"product_tag":[909,914,1593],"class_list":{"0":"post-11251","1":"product","2":"type-product","3":"status-publish","4":"has-post-thumbnail","6":"product_cat-wax-melts-mica-powder-and-glitter","7":"product_cat-halloween","8":"product_cat-candle-making-supplies-mica-powder-glitter","9":"product_tag-black-friday","10":"product_tag-glitter","11":"product_tag-halloween","12":"product_shipping_class-royal_mail","14":"first","15":"instock","16":"taxable","17":"shipping-taxable","18":"purchasable","19":"product-type-variable"},"acf":[],"_links":{"self":[{"href":"https:\/\/cosyowl.com\/pl\/wp-json\/wp\/v2\/product\/11251","targetHints":{"allow":["GET"]}}],"collection":[{"href":"https:\/\/cosyowl.com\/pl\/wp-json\/wp\/v2\/product"}],"about":[{"href":"https:\/\/cosyowl.com\/pl\/wp-json\/wp\/v2\/types\/product"}],"replies":[{"embeddable":true,"href":"https:\/\/cosyowl.com\/pl\/wp-json\/wp\/v2\/comments?post=11251"}],"wp:featuredmedia":[{"embeddable":true,"href":"https:\/\/cosyowl.com\/pl\/wp-json\/wp\/v2\/media\/12063"}],"wp:attachment":[{"href":"https:\/\/cosyowl.com\/pl\/wp-json\/wp\/v2\/media?parent=11251"}],"wp:term":[{"taxonomy":"product_brand","embeddable":true,"href":"https:\/\/cosyowl.com\/pl\/wp-json\/wp\/v2\/product_brand?post=11251"},{"taxonomy":"product_cat","embeddable":true,"href":"https:\/\/cosyowl.com\/pl\/wp-json\/wp\/v2\/product_cat?post=11251"},{"taxonomy":"product_tag","embeddable":true,"href":"https:\/\/cosyowl.com\/pl\/wp-json\/wp\/v2\/product_tag?post=11251"}],"curies":[{"name":"wp","href":"https:\/\/api.w.org\/{rel}","templated":true}]}}