{"id":11249,"date":"2021-01-10T06:13:06","date_gmt":"2021-01-10T06:13:06","guid":{"rendered":"https:\/\/cosyowl.com\/product\/uncategorized\/import-placeholder-for-tcdl-cmca-bowl-ltbl-483"},"modified":"2026-03-03T13:45:37","modified_gmt":"2026-03-03T13:45:37","slug":"turkusowo-niebieska-swieca-brokatowa","status":"publish","type":"product","link":"https:\/\/cosyowl.com\/pl\/candle-making-supplies\/glitters\/turquoise-blue-candle-glitter","title":{"rendered":"Turkusowo-niebieski brokat do \u015bwiec"},"content":{"rendered":"<p>Ten ol\u015bniewaj\u0105cy brokat w kolorze capri blue to imponuj\u0105cy dodatek do wosku. Po stopieniu wosku kolor tego pi\u0119knego brokatu naprawd\u0119 o\u017cywa. Ten brokat mo\u017ce by\u0107 stosowany w myd\u0142ach, lakierach do paznokci, r\u0119kodziele, farbach i pow\u0142okach oraz grafikach.<\/p>\n<p>Ten produkt najlepiej stosowa\u0107 w <a href=\"https:\/\/cosyowl.com\/pl\/guides\/sandalwood-vanilla-leaf-wax-melts-guide\">wosk topi si\u0119<\/a>Je\u015bli jest u\u017cywany w \u015bwiecach, mo\u017ce zatka\u0107 knot!<\/p>","protected":false},"excerpt":{"rendered":"<p>This dazzling capri blue glitter is an impressive additive to your wax. When the wax is melted, the colour of this beautiful glitter really comes alive. This glitter can be used in soaps, nail polish, crafts, paints and coatings and graphic arts. This product is best used in wax melts, if used in candles it [&hellip;]<\/p>\n","protected":false},"featured_media":12061,"comment_status":"open","ping_status":"closed","template":"","meta":{"_acf_changed":false},"product_brand":[],"product_cat":[541,540],"product_tag":[909,914],"class_list":{"0":"post-11249","1":"product","2":"type-product","3":"status-publish","4":"has-post-thumbnail","6":"product_cat-wax-melts-mica-powder-and-glitter","7":"product_cat-candle-making-supplies-mica-powder-glitter","8":"product_tag-black-friday","9":"product_tag-glitter","11":"first","12":"instock","13":"taxable","14":"shipping-taxable","15":"purchasable","16":"product-type-variable"},"acf":[],"_links":{"self":[{"href":"https:\/\/cosyowl.com\/pl\/wp-json\/wp\/v2\/product\/11249","targetHints":{"allow":["GET"]}}],"collection":[{"href":"https:\/\/cosyowl.com\/pl\/wp-json\/wp\/v2\/product"}],"about":[{"href":"https:\/\/cosyowl.com\/pl\/wp-json\/wp\/v2\/types\/product"}],"replies":[{"embeddable":true,"href":"https:\/\/cosyowl.com\/pl\/wp-json\/wp\/v2\/comments?post=11249"}],"wp:featuredmedia":[{"embeddable":true,"href":"https:\/\/cosyowl.com\/pl\/wp-json\/wp\/v2\/media\/12061"}],"wp:attachment":[{"href":"https:\/\/cosyowl.com\/pl\/wp-json\/wp\/v2\/media?parent=11249"}],"wp:term":[{"taxonomy":"product_brand","embeddable":true,"href":"https:\/\/cosyowl.com\/pl\/wp-json\/wp\/v2\/product_brand?post=11249"},{"taxonomy":"product_cat","embeddable":true,"href":"https:\/\/cosyowl.com\/pl\/wp-json\/wp\/v2\/product_cat?post=11249"},{"taxonomy":"product_tag","embeddable":true,"href":"https:\/\/cosyowl.com\/pl\/wp-json\/wp\/v2\/product_tag?post=11249"}],"curies":[{"name":"wp","href":"https:\/\/api.w.org\/{rel}","templated":true}]}}