{"id":11222,"date":"2021-01-07T06:12:00","date_gmt":"2021-01-07T06:12:00","guid":{"rendered":"https:\/\/cosyowl.com\/product\/uncategorized\/import-placeholder-for-tcdl-cmca-bowl-lsaf-478"},"modified":"2026-03-03T13:45:37","modified_gmt":"2026-03-03T13:45:37","slug":"szafran-mika-w-proszku","status":"publish","type":"product","link":"https:\/\/cosyowl.com\/pl\/candle-making-supplies\/mica-powder-glitter\/saffron-mica-powder","title":{"rendered":"Mika szafranowa w proszku"},"content":{"rendered":"<p>Ten pi\u0119kny szafranowy proszek mikowy jest <a href=\"https:\/\/cosyowl.com\/pl\/candle-making-supplies\/glitters\/fluorescent-peach\">przyci\u0105gaj\u0105cy wzrok<\/a>. Po zmieszaniu z woskiem, ta jasna pomara\u0144cza jest najbardziej fascynuj\u0105cym i urzekaj\u0105cym po\u0142yskiem.  Ta mika w proszku mo\u017ce by\u0107 stosowana w kosmetykach, lakierach do paznokci, rzemio\u015ble, farbach i pow\u0142okach oraz sztukach graficznych. Sk\u0142adniki tej miki w proszku to: Mika, dwutlenek tytanu i tlenek \u017celaza.<br \/>\nTen produkt najlepiej stosowa\u0107 w <a href=\"https:\/\/cosyowl.com\/pl\/guides\/sandalwood-vanilla-leaf-wax-melts-guide\">wosk topi si\u0119<\/a>Je\u015bli jest u\u017cywany w \u015bwiecach, mo\u017ce zatka\u0107 knot!<\/p>","protected":false},"excerpt":{"rendered":"<p>This beautiful rooted saffron mica powder is eye-catching. When mixed with wax, this bright orange is the most fascinating and entrancing shimmer.\u00a0 This mica powder can be used in cosmetics, nail polish, crafts, paints and coatings and graphic arts. The ingredients of this mica powder are: Mica, Titanium Dioxide and Iron Oxide. This product is [&hellip;]<\/p>\n","protected":false},"featured_media":12056,"comment_status":"open","ping_status":"closed","template":"","meta":{"_acf_changed":false},"product_brand":[],"product_cat":[541,843,540,580],"product_tag":[909,1593,915],"class_list":{"0":"post-11222","1":"product","2":"type-product","3":"status-publish","4":"has-post-thumbnail","6":"product_cat-wax-melts-mica-powder-and-glitter","7":"product_cat-halloween","8":"product_cat-candle-making-supplies-mica-powder-glitter","9":"product_cat-soap-making-supplies-mica-powder-glitter","10":"product_tag-black-friday","11":"product_tag-halloween","12":"product_tag-mica-powder","13":"product_shipping_class-royal_mail","15":"first","16":"instock","17":"taxable","18":"shipping-taxable","19":"purchasable","20":"product-type-variable"},"acf":[],"_links":{"self":[{"href":"https:\/\/cosyowl.com\/pl\/wp-json\/wp\/v2\/product\/11222","targetHints":{"allow":["GET"]}}],"collection":[{"href":"https:\/\/cosyowl.com\/pl\/wp-json\/wp\/v2\/product"}],"about":[{"href":"https:\/\/cosyowl.com\/pl\/wp-json\/wp\/v2\/types\/product"}],"replies":[{"embeddable":true,"href":"https:\/\/cosyowl.com\/pl\/wp-json\/wp\/v2\/comments?post=11222"}],"wp:featuredmedia":[{"embeddable":true,"href":"https:\/\/cosyowl.com\/pl\/wp-json\/wp\/v2\/media\/12056"}],"wp:attachment":[{"href":"https:\/\/cosyowl.com\/pl\/wp-json\/wp\/v2\/media?parent=11222"}],"wp:term":[{"taxonomy":"product_brand","embeddable":true,"href":"https:\/\/cosyowl.com\/pl\/wp-json\/wp\/v2\/product_brand?post=11222"},{"taxonomy":"product_cat","embeddable":true,"href":"https:\/\/cosyowl.com\/pl\/wp-json\/wp\/v2\/product_cat?post=11222"},{"taxonomy":"product_tag","embeddable":true,"href":"https:\/\/cosyowl.com\/pl\/wp-json\/wp\/v2\/product_tag?post=11222"}],"curies":[{"name":"wp","href":"https:\/\/api.w.org\/{rel}","templated":true}]}}