{"id":11220,"date":"2021-01-07T06:12:00","date_gmt":"2021-01-07T06:12:00","guid":{"rendered":"https:\/\/cosyowl.com\/product\/uncategorized\/import-placeholder-for-tcdl-cmca-bowl-lrpr-476"},"modified":"2026-03-03T13:45:37","modified_gmt":"2026-03-03T13:45:37","slug":"czerwona-mika-perlowa-w-proszku","status":"publish","type":"product","link":"https:\/\/cosyowl.com\/pl\/craft-supplies\/wax-melt-supplies\/mica-powder-glitter\/red-pearl-mica-powder","title":{"rendered":"Czerwona per\u0142a w proszku"},"content":{"rendered":"<p>Ten per\u0142owy vermillion jest g\u0142\u0119boki, ciemny i bogaty. Jest jednocze\u015bnie lekki i delikatny, ekscytuj\u0105cy i <a href=\"https:\/\/cosyowl.com\/pl\/candle-making-supplies\/glitters\/magic-purple-candle-glitter\">czaruj\u0105cy<\/a>. Idealnie dopasowany do innego po\u0142yskuj\u0105cego odcienia, ten proszek mikowy ma niesko\u0144czone mo\u017cliwo\u015bci tw\u00f3rcze.  Ta mika w proszku mo\u017ce by\u0107 stosowana w kosmetykach, \u015brodkach higieny osobistej, myd\u0142ach, lakierach do paznokci, r\u0119kodziele, farbach i pow\u0142okach oraz sztukach graficznych. Sk\u0142adniki tej miki w proszku to: Mika i tlenek \u017celaza.<\/p>\n<p>Ten produkt najlepiej stosowa\u0107 w <a href=\"https:\/\/cosyowl.com\/pl\/guides\/sandalwood-vanilla-leaf-wax-melts-guide\">wosk topi si\u0119<\/a>Je\u015bli jest u\u017cywany w \u015bwiecach, mo\u017ce zatka\u0107 knot!<\/p>","protected":false},"excerpt":{"rendered":"<p>This pearly vermillion is deep, dark and rich. It is both light and delicate, exciting and enchanting. Matched perfectly with another shimmery hue, this mica powder has endless creative possibilities.\u00a0 This mica powder can be used in cosmetics, personal care, soaps, nail polish, crafts, paints and coatings and graphic arts. The ingredients of this mica [&hellip;]<\/p>\n","protected":false},"featured_media":12054,"comment_status":"open","ping_status":"closed","template":"","meta":{"_acf_changed":false},"product_brand":[],"product_cat":[541,583,540,580,750],"product_tag":[909,915,1596],"class_list":{"0":"post-11220","1":"product","2":"type-product","3":"status-publish","4":"has-post-thumbnail","6":"product_cat-wax-melts-mica-powder-and-glitter","7":"product_cat-lip-balm-tints","8":"product_cat-candle-making-supplies-mica-powder-glitter","9":"product_cat-soap-making-supplies-mica-powder-glitter","10":"product_cat-valentines-day","11":"product_tag-black-friday","12":"product_tag-mica-powder","13":"product_tag-valentines","15":"first","16":"instock","17":"taxable","18":"shipping-taxable","19":"purchasable","20":"product-type-variable"},"acf":[],"_links":{"self":[{"href":"https:\/\/cosyowl.com\/pl\/wp-json\/wp\/v2\/product\/11220","targetHints":{"allow":["GET"]}}],"collection":[{"href":"https:\/\/cosyowl.com\/pl\/wp-json\/wp\/v2\/product"}],"about":[{"href":"https:\/\/cosyowl.com\/pl\/wp-json\/wp\/v2\/types\/product"}],"replies":[{"embeddable":true,"href":"https:\/\/cosyowl.com\/pl\/wp-json\/wp\/v2\/comments?post=11220"}],"wp:featuredmedia":[{"embeddable":true,"href":"https:\/\/cosyowl.com\/pl\/wp-json\/wp\/v2\/media\/12054"}],"wp:attachment":[{"href":"https:\/\/cosyowl.com\/pl\/wp-json\/wp\/v2\/media?parent=11220"}],"wp:term":[{"taxonomy":"product_brand","embeddable":true,"href":"https:\/\/cosyowl.com\/pl\/wp-json\/wp\/v2\/product_brand?post=11220"},{"taxonomy":"product_cat","embeddable":true,"href":"https:\/\/cosyowl.com\/pl\/wp-json\/wp\/v2\/product_cat?post=11220"},{"taxonomy":"product_tag","embeddable":true,"href":"https:\/\/cosyowl.com\/pl\/wp-json\/wp\/v2\/product_tag?post=11220"}],"curies":[{"name":"wp","href":"https:\/\/api.w.org\/{rel}","templated":true}]}}