{"id":11191,"date":"2021-01-10T06:12:00","date_gmt":"2021-01-10T06:12:00","guid":{"rendered":"https:\/\/cosyowl.com\/product\/uncategorized\/import-placeholder-for-marbles-473"},"modified":"2026-04-30T16:22:52","modified_gmt":"2026-04-30T15:22:52","slug":"przezroczyste-szklane-kulki-marmurowe-14-mm-do-butelek-z-dyfuzorem","status":"publish","type":"product","link":"https:\/\/cosyowl.com\/pl\/craft-supplies\/reed-diffuser-supplies\/reed-diffuser-bottles\/14mm-clear-glass-marble-balls-for-diffuser-bottles","title":{"rendered":"Przezroczyste szklane kulki marmurowe 14 mm do butelek z dyfuzorem"},"content":{"rendered":"<p>Zwi\u0119ksz atrakcyjno\u015b\u0107 swoich butelek z dyfuzorem, dodaj\u0105c do nich nast\u0119puj\u0105ce elementy <a href=\"https:\/\/cosyowl.com\/pl\/candle-making-supplies\/glitters\/heart-candle-glitter\">dekoracyjny<\/a> <a href=\"https:\/\/cosyowl.com\/pl\/candle-making-extras\/50mm-candle-safety-label-white-black-text\">czysty<\/a> szklane kulki. S\u0105 one wykonane ze szk\u0142a pochodz\u0105cego z recyklingu i mo\u017cna je \u0142atwo doda\u0107 do butelki z dyfuzorem przez szyjk\u0119 i u\u017cywa\u0107 wielokrotnie. Dodaj do butelki tyle kulek, ile chcesz, aby osi\u0105gn\u0105\u0107 po\u017c\u0105dany efekt. Maj\u0105 \u015brednic\u0119 14 mm.<\/p>\n<p>Sprzedajemy je w opakowaniach po 50, 100 i 500 sztuk.<\/p>\n<p>Nale\u017cy pami\u0119ta\u0107, \u017ce ten produkt jest przeznaczony wy\u0142\u0105cznie do kulek - butelki z dyfuzorem s\u0105 sprzedawane oddzielnie i pokazane na zdj\u0119ciu w celach ilustracyjnych.<\/p>","protected":false},"excerpt":{"rendered":"<p>Add some more interest to your diffuser bottles by adding these decorative clear glass balls. These are made from recycled glass and are easily added to a diffuser bottle through the neck and can be re-used time and again. Add as few or as many as you like to bottle to achieve the desired effect.They [&hellip;]<\/p>\n","protected":false},"featured_media":12036,"comment_status":"open","ping_status":"closed","template":"","meta":{"_acf_changed":false},"product_brand":[],"product_cat":[650,717],"product_tag":[933],"class_list":{"0":"post-11191","1":"product","2":"type-product","3":"status-publish","4":"has-post-thumbnail","6":"product_cat-reed-diffusers-bottles","7":"product_cat-sale","8":"product_tag-marbles","10":"first","11":"instock","12":"sale","13":"taxable","14":"shipping-taxable","15":"purchasable","16":"product-type-variable"},"acf":[],"_links":{"self":[{"href":"https:\/\/cosyowl.com\/pl\/wp-json\/wp\/v2\/product\/11191","targetHints":{"allow":["GET"]}}],"collection":[{"href":"https:\/\/cosyowl.com\/pl\/wp-json\/wp\/v2\/product"}],"about":[{"href":"https:\/\/cosyowl.com\/pl\/wp-json\/wp\/v2\/types\/product"}],"replies":[{"embeddable":true,"href":"https:\/\/cosyowl.com\/pl\/wp-json\/wp\/v2\/comments?post=11191"}],"wp:featuredmedia":[{"embeddable":true,"href":"https:\/\/cosyowl.com\/pl\/wp-json\/wp\/v2\/media\/12036"}],"wp:attachment":[{"href":"https:\/\/cosyowl.com\/pl\/wp-json\/wp\/v2\/media?parent=11191"}],"wp:term":[{"taxonomy":"product_brand","embeddable":true,"href":"https:\/\/cosyowl.com\/pl\/wp-json\/wp\/v2\/product_brand?post=11191"},{"taxonomy":"product_cat","embeddable":true,"href":"https:\/\/cosyowl.com\/pl\/wp-json\/wp\/v2\/product_cat?post=11191"},{"taxonomy":"product_tag","embeddable":true,"href":"https:\/\/cosyowl.com\/pl\/wp-json\/wp\/v2\/product_tag?post=11191"}],"curies":[{"name":"wp","href":"https:\/\/api.w.org\/{rel}","templated":true}]}}