{"id":11170,"date":"2021-01-10T06:11:00","date_gmt":"2021-01-10T06:11:00","guid":{"rendered":"https:\/\/cosyowl.com\/product\/uncategorized\/import-placeholder-for-tcdl-ccon-bowl-ccts-450"},"modified":"2026-03-03T13:45:12","modified_gmt":"2026-03-03T13:45:12","slug":"forma-do-choinek","status":"publish","type":"product","link":"https:\/\/cosyowl.com\/pl\/candle-making-supplies\/candle-containers\/other-containers\/christmas-trees-wax-melt-mould","title":{"rendered":"Forma do wytapiania wosku w kszta\u0142cie choinki"},"content":{"rendered":"<p>Ta forma jest idealna do tworzenia blok\u00f3w choinek, kt\u00f3re mo\u017cna \u0142atwo podzieli\u0107 na 6 pojedynczych stop\u00f3w. Uwaga: forma nie jest dostarczana z woskiem.<\/p>\n<p>Sugestie dotycz\u0105ce roztapiania choinek bo\u017conarodzeniowych<\/p>\n<ul>\n<li>Roztop wosk i pozw\u00f3l mu <a href=\"https:\/\/cosyowl.com\/pl\/candle-making-supplies\/glitters\/lake-blue-biodegradable\">fajny<\/a> do 55\u00b0C przed ostro\u017cnym wlaniem do foremek (wlewanie do foremek w wy\u017cszej temperaturze mo\u017ce spowodowa\u0107 uszkodzenie i wyciek masy) - zawsze u\u017cywaj p\u0142askiej powierzchni, kt\u00f3ra jest odporna na ciep\u0142o (wi\u0119kszo\u015b\u0107 blat\u00f3w w kuchni jest)<\/li>\n<li>W przypadku drzewek jednokolorowych wystarczy wla\u0107 wosk do formy do maksymalnego poziomu<\/li>\n<li>Je\u015bli chcesz po\u0142\u0105czy\u0107 kolory (np. r\u00f3\u017cne zielenie), najpierw wlej niewielk\u0105 ilo\u015b\u0107 wosku, kt\u00f3ry ma znale\u017a\u0107 si\u0119 na g\u00f3rnej powierzchni drzewka, do wg\u0142\u0119bienia i pozw\u00f3l mu lekko zastygn\u0105\u0107 - a nast\u0119pnie dodaj dodatkowe kolory w razie potrzeby (sugerujemy nie wi\u0119cej ni\u017c trzy kolory na drzewko).<\/li>\n<li>Pozostawi\u0107 wosk do ostygni\u0119cia, aby by\u0142 <a href=\"https:\/\/cosyowl.com\/pl\/candle-making-extras\/50mm-candle-safety-label-white-black-text\">czysty<\/a> przed zamkni\u0119ciem pokrywy sprawdzi\u0107, czy si\u0119 zestala i pozostawi\u0107 do utwardzenia.<\/li>\n<li>Wi\u0119kszo\u015b\u0107 naszych klient\u00f3w preferuje mieszank\u0119 wosku filarowego, poniewa\u017c ten rodzaj wosku jest twardszy i pozwala na \u0142atwe usuni\u0119cie zestalonych drzew z formy.<\/li>\n<\/ul>\n<p>Pami\u0119taj o do\u0142\u0105czeniu odpowiedniego <a href=\"https:\/\/cosyowl.com\/pl\/candle-making-supplies\/fragrance-oils-for-candle-making\/all-fragrances\/honey-fragrance-oil\">naturalny<\/a> aby stworzy\u0107 po\u017c\u0105dany aromat. Wyb\u00f3r najbardziej odpowiednich zapach\u00f3w mo\u017cna znale\u017a\u0107 w naszej ofercie <strong>Bo\u017ce Narodzenie <a href=\"https:\/\/cosyowl.com\/pl\/guides\/2023-spring-fragrance-oil-trends\">Olejki zapachowe<\/a><\/strong> lub <strong>Olejki o zapachu drewna<\/strong> oferty.<\/p>\n<p>Forma w pe\u0142ni nadaje si\u0119 do recyklingu.<\/p>","protected":false},"excerpt":{"rendered":"<p>This mould is ideal for making a block of Christmas trees that can easily be broken down in to 6 individual melts. Please note, the mould does not come with wax. Suggestions for making your Christmas trees melts Melt the wax and allow it to cool to 55\u00b0C before pouring it carefully into the moulds [&hellip;]<\/p>\n","protected":false},"featured_media":65170,"comment_status":"open","ping_status":"closed","template":"","meta":{"_acf_changed":false},"product_brand":[],"product_cat":[502,498,752,535,717],"product_tag":[1594,926],"class_list":{"0":"post-11170","1":"product","2":"type-product","3":"status-publish","4":"has-post-thumbnail","6":"product_cat-candle-containers-other-containers","7":"product_cat-christmas","8":"product_cat-sale-containers","9":"product_cat-wax-melts-moulds","10":"product_cat-sale","11":"product_tag-christmas","12":"product_tag-mould","14":"first","15":"instock","16":"taxable","17":"shipping-taxable","18":"purchasable","19":"product-type-variable"},"acf":[],"_links":{"self":[{"href":"https:\/\/cosyowl.com\/pl\/wp-json\/wp\/v2\/product\/11170","targetHints":{"allow":["GET"]}}],"collection":[{"href":"https:\/\/cosyowl.com\/pl\/wp-json\/wp\/v2\/product"}],"about":[{"href":"https:\/\/cosyowl.com\/pl\/wp-json\/wp\/v2\/types\/product"}],"replies":[{"embeddable":true,"href":"https:\/\/cosyowl.com\/pl\/wp-json\/wp\/v2\/comments?post=11170"}],"wp:featuredmedia":[{"embeddable":true,"href":"https:\/\/cosyowl.com\/pl\/wp-json\/wp\/v2\/media\/65170"}],"wp:attachment":[{"href":"https:\/\/cosyowl.com\/pl\/wp-json\/wp\/v2\/media?parent=11170"}],"wp:term":[{"taxonomy":"product_brand","embeddable":true,"href":"https:\/\/cosyowl.com\/pl\/wp-json\/wp\/v2\/product_brand?post=11170"},{"taxonomy":"product_cat","embeddable":true,"href":"https:\/\/cosyowl.com\/pl\/wp-json\/wp\/v2\/product_cat?post=11170"},{"taxonomy":"product_tag","embeddable":true,"href":"https:\/\/cosyowl.com\/pl\/wp-json\/wp\/v2\/product_tag?post=11170"}],"curies":[{"name":"wp","href":"https:\/\/api.w.org\/{rel}","templated":true}]}}