{"id":11169,"date":"2021-01-10T06:11:22","date_gmt":"2021-01-10T06:11:22","guid":{"rendered":"https:\/\/cosyowl.com\/product\/uncategorized\/segment-deli-pots-and-lids-mould"},"modified":"2026-03-03T13:45:12","modified_gmt":"2026-03-03T13:45:12","slug":"segment-garnkow-delikatesowych-z-pokrywkami","status":"publish","type":"product","link":"https:\/\/cosyowl.com\/pl\/candle-making-supplies\/candle-containers\/other-containers\/segment-deli-pots-and-lids-mould","title":{"rendered":"Forma do garnk\u00f3w segmentowych (bez pokrywki)"},"content":{"rendered":"<p>(Uwaga - pokrywa nie jest do\u0142\u0105czona z powodu wyczerpania zapas\u00f3w)<\/p>\n<p>Ta forma jest idealna do tworzenia segment\u00f3w garnk\u00f3w delikatesowych, kt\u00f3re mo\u017cna \u0142atwo podzieli\u0107 na 6 pojedynczych topielc\u00f3w.<\/p>\n<p>Wymiary tego pojemnika to: \u015arednica (65mm), G\u0142\u0119boko\u015b\u0107 formy (22mm).<\/p>\n<p>Forma w pe\u0142ni nadaje si\u0119 do recyklingu.<\/p>","protected":false},"excerpt":{"rendered":"<p>(Uwaga - pokrywka nie jest do\u0142\u0105czona ze wzgl\u0119du na brak w magazynie) Ta forma jest idealna do tworzenia segment\u00f3w garnk\u00f3w delikatesowych, kt\u00f3re mo\u017cna \u0142atwo podzieli\u0107 na 6 pojedynczych topielc\u00f3w. Wymiary tego pojemnika to: \u015arednica (65 mm), g\u0142\u0119boko\u015b\u0107 formy (22 mm). Forma w pe\u0142ni nadaje si\u0119 do recyklingu.<\/p>","protected":false},"featured_media":71401,"comment_status":"open","ping_status":"closed","template":"","meta":{"_acf_changed":false},"product_brand":[],"product_cat":[502,535],"product_tag":[926],"class_list":{"0":"post-11169","1":"product","2":"type-product","3":"status-publish","4":"has-post-thumbnail","6":"product_cat-candle-containers-other-containers","7":"product_cat-wax-melts-moulds","8":"product_tag-mould","10":"first","11":"instock","12":"taxable","13":"shipping-taxable","14":"purchasable","15":"product-type-variable"},"acf":[],"_links":{"self":[{"href":"https:\/\/cosyowl.com\/pl\/wp-json\/wp\/v2\/product\/11169","targetHints":{"allow":["GET"]}}],"collection":[{"href":"https:\/\/cosyowl.com\/pl\/wp-json\/wp\/v2\/product"}],"about":[{"href":"https:\/\/cosyowl.com\/pl\/wp-json\/wp\/v2\/types\/product"}],"replies":[{"embeddable":true,"href":"https:\/\/cosyowl.com\/pl\/wp-json\/wp\/v2\/comments?post=11169"}],"wp:featuredmedia":[{"embeddable":true,"href":"https:\/\/cosyowl.com\/pl\/wp-json\/wp\/v2\/media\/71401"}],"wp:attachment":[{"href":"https:\/\/cosyowl.com\/pl\/wp-json\/wp\/v2\/media?parent=11169"}],"wp:term":[{"taxonomy":"product_brand","embeddable":true,"href":"https:\/\/cosyowl.com\/pl\/wp-json\/wp\/v2\/product_brand?post=11169"},{"taxonomy":"product_cat","embeddable":true,"href":"https:\/\/cosyowl.com\/pl\/wp-json\/wp\/v2\/product_cat?post=11169"},{"taxonomy":"product_tag","embeddable":true,"href":"https:\/\/cosyowl.com\/pl\/wp-json\/wp\/v2\/product_tag?post=11169"}],"curies":[{"name":"wp","href":"https:\/\/api.w.org\/{rel}","templated":true}]}}