{"id":11162,"date":"2021-10-01T06:11:00","date_gmt":"2021-10-01T05:11:00","guid":{"rendered":"https:\/\/cosyowl.com\/product\/uncategorized\/wax-pouring-jug-1-5-litre"},"modified":"2026-03-03T13:45:10","modified_gmt":"2026-03-03T13:45:10","slug":"dzbanek-do-nalewania-wosku-1-5-l","status":"publish","type":"product","link":"https:\/\/cosyowl.com\/pl\/candle-making-supplies\/tools-equipment\/wax-pouring-jug-15-litre","title":{"rendered":"Dzbanek do nalewania wosku (1,5 litra)"},"content":{"rendered":"<p>Jest to bardzo przydatny dzbanek do nalewania wosku ze stali nierdzewnej o pojemno\u015bci 1,5 litra i wysokim <a href=\"https:\/\/cosyowl.com\/pl\/candle-wicks\/wedo-lx-wick-raw\">jako\u015b\u0107<\/a> spawany stalowy uchwyt u\u017cywany zar\u00f3wno przez amator\u00f3w <a href=\"https:\/\/cosyowl.com\/pl\/guides\/a-summers-beach-gel-votive-candle\">\u015bwieca<\/a> producent\u00f3w i profesjonalist\u00f3w. Dzbanek do nalewania jest prosty i szybki w obs\u0142udze. <a href=\"https:\/\/cosyowl.com\/pl\/candle-making-supplies\/glitters\/pure-white-biodegradable\">czysty<\/a> i jest niezb\u0119dny, je\u015bli chcesz by\u0107 bardziej wydajny i z pewno\u015bci\u0105 mniej niechlujny w swoim <a href=\"https:\/\/cosyowl.com\/pl\/guides\/how-to-make-a-candle\">produkcja \u015bwiec<\/a>. Jego du\u017cy uchwyt jest stosunkowo <a href=\"https:\/\/cosyowl.com\/pl\/candle-making-supplies\/glitters\/lake-blue-biodegradable\">fajny<\/a> jest przyjemny w dotyku i u\u0142atwia trzymanie i przelewanie. Mo\u017cna przenie\u015b\u0107 roztopiony wosk z patelni do dzbanka do nalewania lub alternatywnie podgrza\u0107 wod\u0119 na patelni i umie\u015bci\u0107 dzbanek z nieroztopionym woskiem na patelni; utrzymuj ciep\u0142o wody (nie musi by\u0107 wrz\u0105ca), co z kolei stopi wosk w dzbanku.<\/p>\n<p>Nie my\u0107 w zmywarce ani razem z innymi patelniami, garnkami itp.<\/p>\n<p>Dzbanek ma 15,5 cm wysoko\u015bci i \u015brednic\u0119\/szeroko\u015b\u0107 wraz z uchwytem 16,5 cm na g\u00f3rze i 12 cm na dole.<\/p>","protected":false},"excerpt":{"rendered":"<p>This is a very useful 1.5 Litre stainless steel Wax Pouring Jug with a high quality welded steel handle used by both amateur candle makers and the professionals. The pouring jug is straightforward and quick to clean and is essential if you want to be more efficient and certainly less messy in your candle making. [&hellip;]<\/p>\n","protected":false},"featured_media":12027,"comment_status":"open","ping_status":"closed","template":"","meta":{"_acf_changed":false},"product_brand":[],"product_cat":[532,638,667,729,641,643,645],"product_tag":[911],"class_list":{"0":"post-11162","1":"product","2":"type-product","3":"status-publish","4":"has-post-thumbnail","6":"product_cat-tools-equipment","7":"product_cat-body-care-equipment","8":"product_cat-soap-making-supplies-equipment","9":"product_cat-equipment","10":"product_cat-hair-care-equipment","11":"product_cat-wax-melts-equipment","12":"product_cat-lip-balm-equipment","13":"product_tag-jug","14":"product_shipping_class-royal_mail","16":"first","17":"instock","18":"taxable","19":"shipping-taxable","20":"purchasable","21":"product-type-simple"},"acf":[],"_links":{"self":[{"href":"https:\/\/cosyowl.com\/pl\/wp-json\/wp\/v2\/product\/11162","targetHints":{"allow":["GET"]}}],"collection":[{"href":"https:\/\/cosyowl.com\/pl\/wp-json\/wp\/v2\/product"}],"about":[{"href":"https:\/\/cosyowl.com\/pl\/wp-json\/wp\/v2\/types\/product"}],"replies":[{"embeddable":true,"href":"https:\/\/cosyowl.com\/pl\/wp-json\/wp\/v2\/comments?post=11162"}],"wp:featuredmedia":[{"embeddable":true,"href":"https:\/\/cosyowl.com\/pl\/wp-json\/wp\/v2\/media\/12027"}],"wp:attachment":[{"href":"https:\/\/cosyowl.com\/pl\/wp-json\/wp\/v2\/media?parent=11162"}],"wp:term":[{"taxonomy":"product_brand","embeddable":true,"href":"https:\/\/cosyowl.com\/pl\/wp-json\/wp\/v2\/product_brand?post=11162"},{"taxonomy":"product_cat","embeddable":true,"href":"https:\/\/cosyowl.com\/pl\/wp-json\/wp\/v2\/product_cat?post=11162"},{"taxonomy":"product_tag","embeddable":true,"href":"https:\/\/cosyowl.com\/pl\/wp-json\/wp\/v2\/product_tag?post=11162"}],"curies":[{"name":"wp","href":"https:\/\/api.w.org\/{rel}","templated":true}]}}