{"id":11144,"date":"2021-01-10T06:11:00","date_gmt":"2021-01-10T06:11:00","guid":{"rendered":"https:\/\/cosyowl.com\/product\/uncategorized\/import-placeholder-for-tcdl-ccon-bowl-cscs-448"},"modified":"2026-03-03T13:45:12","modified_gmt":"2026-03-03T13:45:12","slug":"forma-z-klapka-w-ksztalcie-gwiazdy","status":"publish","type":"product","link":"https:\/\/cosyowl.com\/pl\/candle-making-supplies\/candle-containers\/other-containers\/star-wax-melt-clamshell-mould","title":{"rendered":"Forma do wytapiania wosku Star Clamshell Mould"},"content":{"rendered":"<p>Ta forma jest idealna do tworzenia blok\u00f3w woskowych gwiazd, kt\u00f3re mo\u017cna \u0142atwo podzieli\u0107 na 6 pojedynczych stop\u00f3w. Nale\u017cy pami\u0119ta\u0107, \u017ce forma nie jest dostarczana z woskiem.<\/p>\n<p>Sugestie dotycz\u0105ce tworzenia muszli ma\u0142\u017cy Star<\/p>\n<ul>\n<li>Roztop wosk i pozw\u00f3l mu <a href=\"https:\/\/cosyowl.com\/pl\/candle-making-supplies\/glitters\/lake-blue-biodegradable\">fajny<\/a> do 55\u00b0C przed ostro\u017cnym wlaniem do foremek (wlewanie do foremek w wy\u017cszej temperaturze mo\u017ce spowodowa\u0107 uszkodzenie i wyciek masy) - zawsze u\u017cywaj p\u0142askiej powierzchni, kt\u00f3ra jest odporna na ciep\u0142o (wi\u0119kszo\u015b\u0107 blat\u00f3w w kuchni jest)<\/li>\n<li>W przypadku gwiazd jednokolorowych wystarczy wla\u0107 wosk do formy do maksymalnego poziomu<\/li>\n<li>Je\u015bli chcesz po\u0142\u0105czy\u0107 kolory, pocz\u0105tkowo wlej niewielk\u0105 ilo\u015b\u0107 wosku, kt\u00f3ry ma znajdowa\u0107 si\u0119 na g\u00f3rnej powierzchni gwiazdy, do wg\u0142\u0119bienia i pozw\u00f3l mu lekko zastygn\u0105\u0107 - nast\u0119pnie dodaj dodatkowe kolory zgodnie z wymaganiami (sugerujemy nie wi\u0119cej ni\u017c trzy kolory na gwiazd\u0119).<\/li>\n<li>Pozostawi\u0107 wosk do ostygni\u0119cia, aby by\u0142 <a href=\"https:\/\/cosyowl.com\/pl\/candle-making-extras\/50mm-candle-safety-label-white-black-text\">czysty<\/a> przed zamkni\u0119ciem pokrywy sprawdzi\u0107, czy si\u0119 zestala i pozostawi\u0107 do utwardzenia.<\/li>\n<li>Wosk typu pillar blend jest preferowany przez wi\u0119kszo\u015b\u0107 naszych klient\u00f3w, poniewa\u017c ten rodzaj wosku jest twardszy i pozwala na \u0142atwe usuni\u0119cie zestalonych gwiazd z formy.<\/li>\n<\/ul>\n<p>Pami\u0119taj, aby doda\u0107 sw\u00f3j ulubiony zapach, aby stworzy\u0107 po\u017c\u0105dany aromat.<\/p>\n<p>Forma w pe\u0142ni nadaje si\u0119 do recyklingu.<\/p>","protected":false},"excerpt":{"rendered":"<p>This mould is ideal for making a block of wax stars that can easily be broken down in to 6 individual melts. Please note, the mold does not come with wax. Suggestions for making your Star Clam Shells Melt the wax and allow it to cool to 55\u00b0C before pouring it carefully into the moulds [&hellip;]<\/p>\n","protected":false},"featured_media":12026,"comment_status":"open","ping_status":"closed","template":"","meta":{"_acf_changed":false},"product_brand":[],"product_cat":[502,498,752,535,717],"product_tag":[1594,926],"class_list":{"0":"post-11144","1":"product","2":"type-product","3":"status-publish","4":"has-post-thumbnail","6":"product_cat-candle-containers-other-containers","7":"product_cat-christmas","8":"product_cat-sale-containers","9":"product_cat-wax-melts-moulds","10":"product_cat-sale","11":"product_tag-christmas","12":"product_tag-mould","14":"first","15":"instock","16":"taxable","17":"shipping-taxable","18":"purchasable","19":"product-type-variable"},"acf":[],"_links":{"self":[{"href":"https:\/\/cosyowl.com\/pl\/wp-json\/wp\/v2\/product\/11144","targetHints":{"allow":["GET"]}}],"collection":[{"href":"https:\/\/cosyowl.com\/pl\/wp-json\/wp\/v2\/product"}],"about":[{"href":"https:\/\/cosyowl.com\/pl\/wp-json\/wp\/v2\/types\/product"}],"replies":[{"embeddable":true,"href":"https:\/\/cosyowl.com\/pl\/wp-json\/wp\/v2\/comments?post=11144"}],"wp:featuredmedia":[{"embeddable":true,"href":"https:\/\/cosyowl.com\/pl\/wp-json\/wp\/v2\/media\/12026"}],"wp:attachment":[{"href":"https:\/\/cosyowl.com\/pl\/wp-json\/wp\/v2\/media?parent=11144"}],"wp:term":[{"taxonomy":"product_brand","embeddable":true,"href":"https:\/\/cosyowl.com\/pl\/wp-json\/wp\/v2\/product_brand?post=11144"},{"taxonomy":"product_cat","embeddable":true,"href":"https:\/\/cosyowl.com\/pl\/wp-json\/wp\/v2\/product_cat?post=11144"},{"taxonomy":"product_tag","embeddable":true,"href":"https:\/\/cosyowl.com\/pl\/wp-json\/wp\/v2\/product_tag?post=11144"}],"curies":[{"name":"wp","href":"https:\/\/api.w.org\/{rel}","templated":true}]}}