{"id":11141,"date":"2021-10-01T06:11:00","date_gmt":"2021-10-01T05:11:00","guid":{"rendered":"https:\/\/cosyowl.com\/product\/uncategorized\/import-placeholder-for-tcdl-cfra-bowl-n1mt-443"},"modified":"2026-03-24T16:27:33","modified_gmt":"2026-03-24T16:27:33","slug":"olejek-zapachowy-typu-cosy-owl-premium-1-milion","status":"publish","type":"product","link":"https:\/\/cosyowl.com\/pl\/candle-making-supplies\/fragrance-oils-for-candle-making\/premium-fragrance-oils\/cosy-owl-premium-1-million-type-fragrance-oil","title":{"rendered":"Olejek zapachowy Cosy Owl Premium 1 Million Type"},"content":{"rendered":"<p><strong>Uwaga - wszystkie modele 5 kg, 10 kg i 25 kg <a href=\"https:\/\/cosyowl.com\/pl\/guides\/2023-spring-fragrance-oil-trends\">Olejki zapachowe<\/a> S\u0105 to produkty wykonywane na zam\u00f3wienie i maj\u0105 czas realizacji do 6 tygodni, co nie jest odzwierciedlone w opcjach wysy\u0142ki przedstawionych na stronie <a href=\"https:\/\/cosyowl.com\/pl\/checkout\">kasa<\/a>. Je\u015bli <a href=\"https:\/\/cosyowl.com\/pl\/basket\">porz\u0105dek<\/a> obejmuje dowolne olejki zapachowe o wadze 5 kg, 10 kg lub 25 kg, czas realizacji ca\u0142ego zam\u00f3wienia wynosi do 6 tygodni. 5kg, 10kg lub 25kg olejki zapachowe na zam\u00f3wienie r\u00f3wnie\u017c nie podlegaj\u0105 zwrotowi.<\/strong><\/p>\n<p>The <a href=\"https:\/\/cosyowl.com\/pl\/guides\/new-cosy-owl-premium-candle-fragrances\">Cosy Owl Premium<\/a> wersja tego kultowego zapachu oddaje osobowo\u015b\u0107 tego zawsze popularnego m\u0119skiego zapachu. Z owocowymi g\u00f3rnymi nutami grejpfruta, mi\u0119ty i krwistej pomara\u0144czy osadzonymi na bazie bia\u0142ego drewna i bursztynu, znajduj\u0105 si\u0119 r\u00f3wnie\u017c wyra\u017ane nuty przyprawowe, kt\u00f3re dodaj\u0105 blasku temu zapachowi. Jako jeden z naszych zapach\u00f3w premium, mo\u017cesz spodziewa\u0107 si\u0119 bujnego, mocnego zapachu, kt\u00f3ry prze\u0142o\u017cy si\u0119 na <a href=\"https:\/\/cosyowl.com\/pl\/guides\/how-to-make-a-candle\">produkcja \u015bwiec<\/a>, <a href=\"https:\/\/cosyowl.com\/pl\/guides\/sandalwood-vanilla-leaf-wax-melts-guide\">wosk topi si\u0119<\/a> i wiele innych <a href=\"https:\/\/cosyowl.com\/pl\/guides\/how-to-make-wax-melts-at-home\">rzemios\u0142o<\/a> aplikacje.<\/p>\n<p>Jako jeden z <a href=\"https:\/\/cosyowl.com\/pl\/\">Przytulna sowa<\/a> Zapachy premium, jeste\u015bmy przekonani, \u017ce przewy\u017cszaj\u0105 one wszystko, co jest obecnie dost\u0119pne na rynku. <a href=\"https:\/\/cosyowl.com\/pl\/guides\/vegan-candle-making-supplies\">materia\u0142y do produkcji \u015bwiec<\/a> obecnie na rynku. Sp\u0119dzili\u015bmy miesi\u0105ce pracuj\u0105c z ekspertami z bran\u017cy, aby opracowa\u0107 now\u0105 gam\u0119 zapach\u00f3w o wi\u0119kszej sile, g\u0142\u0119bi, okr\u0105g\u0142o\u015bci i intensywno\u015bci. U\u017cyli\u015bmy najwy\u017cszej jako\u015bci i najdro\u017cszych sk\u0142adnik\u00f3w, bardziej z\u0142o\u017conych mieszanek sk\u0142adnik\u00f3w i znacznie bardziej skoncentrowanej mieszanki, co oznacza, \u017ce b\u0119d\u0105 to znacznie silniejsze i bardziej zaokr\u0105glone zapachy.<\/p>\n<p>Najlepsze jest jednak to, \u017ce chocia\u017c s\u0105 one dro\u017csze w zakupie, mog\u0105 zaoszcz\u0119dzi\u0107 pieni\u0105dze w por\u00f3wnaniu do standardowych zapach\u00f3w, poniewa\u017c nale\u017cy u\u017cy\u0107 mniej, aby uzyska\u0107 t\u0119 sam\u0105 si\u0142\u0119 - co oznacza r\u00f3wnie\u017c lepsz\u0105 jako\u015b\u0107 produkt\u00f3w ko\u0144cowych.<\/p>\n<p>Odkryj nasz luksusowy wyb\u00f3r wysokiej klasy duplikat\u00f3w zapach\u00f3w - kliknij link, aby dowiedzie\u0107 si\u0119 wi\u0119cej i znale\u017a\u0107 sw\u00f3j idealny zapach\u00a0<a href=\"https:\/\/cosyowl.com\/pl\/przewodniki\/nasze-zapachowe-duplikaty-luksusowych-zapachow-bez-luksusowej-ceny\/?wmc-currency=EUR\">Lista duplikat\u00f3w olejk\u00f3w zapachowych<\/a><\/p>\n<p>Wszystkie olejki zapachowe maj\u0105 tak zwan\u0105 temperatur\u0119 zap\u0142onu - temperatur\u0119, w kt\u00f3rej olejek zaczyna si\u0119 pali\u0107 i uwalnia si\u0119 zapach.<\/p>\n<p>The <strong>temperatura zap\u0142onu dla typu 1 Million wynosi 93,33\u00b0C<\/strong>Aby uzyska\u0107 wi\u0119cej informacji na temat Flash Points, kliknij ten link <a href=\"https:\/\/cosyowl.com\/pl\/przewodniki\/jak-uzywac-olejkow-zapachowych\/?wmc-currency=EUR\">https:\/\/www.cosyowl.com\/guides\/how-to-use-fragrance-oils\/<\/a><\/p>\n<p>Aby uzyska\u0107 wi\u0119cej informacji na temat naszej nowej gamy Cosy Owl Premium, jak i dlaczego s\u0105 to doskona\u0142e zapachy i jakie s\u0105 korzy\u015bci z ich stosowania, <a href=\"https:\/\/cosyowl.com\/pl\/przewodniki\/nowe-zapachy-swiec-cosy-owl-premium\/?wmc-currency=EUR\" target=\"_blank\" rel=\"noopener\">zobacz nasz artyku\u0142<\/a>.<\/p>\n<p>Przed zakupem nale\u017cy r\u00f3wnie\u017c zapozna\u0107 si\u0119 z nasz\u0105 not\u0105 informacyjn\u0105 CLP dotycz\u0105c\u0105 stosowania olejk\u00f3w zapachowych w \u015bwiecach. Informacje te odnosz\u0105 si\u0119 do sk\u0142adu chemicznego olejku wraz z ostrze\u017ceniami dotycz\u0105cymi mo\u017cliwych reakcji alergicznych.<\/p>\n<p><strong> Zalecamy wszystkim klientom przetestowanie zapach\u00f3w za pomoc\u0105 naszych butelek testowych o pojemno\u015bci 10 ml przed z\u0142o\u017ceniem zam\u00f3wienia w wi\u0119kszych rozmiarach lub ilo\u015bciach. <a href=\"https:\/\/cosyowl.com\/pl\/fragrance-oils\/grace-type-fragrance-oil\">Olejek zapachowy<\/a>. Wi\u0119cej informacji <a href=\"\/index.php?main_page=shippinginfo\">Dostawa i zwroty<\/a> strona dla pe\u0142nego <a href=\"https:\/\/cosyowl.com\/pl\/privacy\">warunki<\/a> i warunki.<\/strong><\/p>\n<p>Olejki zapachowe maj\u0105 zazwyczaj roczny okres wa\u017cno\u015bci od daty produkcji, jednak wiele olejk\u00f3w zapachowych mo\u017ce przetrwa\u0107 miesi\u0105ce, a nawet lata po up\u0142ywie tej daty, je\u015bli s\u0105 prawid\u0142owo przechowywane. Testy (nie oferujemy tej us\u0142ugi) mog\u0105 by\u0107 wykonywane na olejkach zapachowych w celu okre\u015blenia ich przydatno\u015bci po up\u0142ywie okresu przydatno\u015bci do spo\u017cycia.<\/p>","protected":false},"excerpt":{"rendered":"<p>Please note &#8211; all 5kg, 10kg and 25kg Fragrance Oils are bespoke made-to-order items and have an up to 6-week delivery lead time which isn\u2019t reflected in the shipping options presented at checkout. If your order includes any 5kg, 10kg or 25kg Fragrance Oils, lead time for the entirety of the order will be up [&hellip;]<\/p>\n","protected":false},"featured_media":11862,"comment_status":"open","ping_status":"closed","template":"","meta":{"_acf_changed":false},"product_brand":[],"product_cat":[536,522,505,504,636,586,509,512,511,506],"product_tag":[909,908],"class_list":{"0":"post-11141","1":"product","2":"type-product","3":"status-publish","4":"has-post-thumbnail","6":"product_cat-fragrance-oils-premium-fragrances","7":"product_cat-fragrance-oils-citrus","8":"product_cat-fragrance-oils-designer","9":"product_cat-fragrance-oils-all-fragrances","10":"product_cat-body-care-fragrance-oils","11":"product_cat-hair-care-fragrance-oils","12":"product_cat-soap-making-supplies-fragrances","13":"product_cat-wax-melts-fragrances","14":"product_cat-beard-oil-fragrances","15":"product_cat-fragrance-oils-masculine-fragrances","16":"product_tag-black-friday","17":"product_tag-fragrance-oil","18":"pa_bottle-size-100ml","19":"pa_bottle-size-10kg","20":"pa_bottle-size-250ml","21":"pa_bottle-size-25kg","22":"pa_bottle-size-500ml","23":"pa_bottle-size-50ml","24":"pa_bottle-size-5kg","25":"pa_bottle-size-950ml","26":"pa_bottle-size-sample","28":"first","29":"instock","30":"taxable","31":"shipping-taxable","32":"purchasable","33":"product-type-variable"},"acf":[],"_links":{"self":[{"href":"https:\/\/cosyowl.com\/pl\/wp-json\/wp\/v2\/product\/11141","targetHints":{"allow":["GET"]}}],"collection":[{"href":"https:\/\/cosyowl.com\/pl\/wp-json\/wp\/v2\/product"}],"about":[{"href":"https:\/\/cosyowl.com\/pl\/wp-json\/wp\/v2\/types\/product"}],"replies":[{"embeddable":true,"href":"https:\/\/cosyowl.com\/pl\/wp-json\/wp\/v2\/comments?post=11141"}],"wp:featuredmedia":[{"embeddable":true,"href":"https:\/\/cosyowl.com\/pl\/wp-json\/wp\/v2\/media\/11862"}],"wp:attachment":[{"href":"https:\/\/cosyowl.com\/pl\/wp-json\/wp\/v2\/media?parent=11141"}],"wp:term":[{"taxonomy":"product_brand","embeddable":true,"href":"https:\/\/cosyowl.com\/pl\/wp-json\/wp\/v2\/product_brand?post=11141"},{"taxonomy":"product_cat","embeddable":true,"href":"https:\/\/cosyowl.com\/pl\/wp-json\/wp\/v2\/product_cat?post=11141"},{"taxonomy":"product_tag","embeddable":true,"href":"https:\/\/cosyowl.com\/pl\/wp-json\/wp\/v2\/product_tag?post=11141"}],"curies":[{"name":"wp","href":"https:\/\/api.w.org\/{rel}","templated":true}]}}