{"id":11024,"date":"2021-10-01T06:10:00","date_gmt":"2021-10-01T05:10:00","guid":{"rendered":"https:\/\/cosyowl.com\/product\/uncategorized\/import-placeholder-for-tcdl-cfra-bowl-nttf-426"},"modified":"2026-05-01T13:08:31","modified_gmt":"2026-05-01T12:08:31","slug":"cosy-owl-olejek-zapachowy-premium-tonka-kwiat-tytoniu","status":"publish","type":"product","link":"https:\/\/cosyowl.com\/pl\/candle-making-supplies\/fragrance-oils-for-candle-making\/premium-fragrance-oils\/cosy-owl-premium-tonka-tobacco-flower-fragrance-oil","title":{"rendered":"Olejek zapachowy Cosy Owl Premium Tonka &amp; Tobacco Flower"},"content":{"rendered":"<p><strong>Uwaga - wszystkie modele 5 kg, 10 kg i 25 kg <a href=\"https:\/\/cosyowl.com\/pl\/guides\/2023-spring-fragrance-oil-trends\">Olejki zapachowe<\/a> S\u0105 to produkty wykonywane na zam\u00f3wienie i maj\u0105 czas realizacji do 6 tygodni, co nie jest odzwierciedlone w opcjach wysy\u0142ki przedstawionych na stronie <a href=\"https:\/\/cosyowl.com\/pl\/checkout\">kasa<\/a>. Je\u015bli <a href=\"https:\/\/cosyowl.com\/pl\/basket\">porz\u0105dek<\/a> obejmuje dowolne olejki zapachowe o wadze 5 kg, 10 kg lub 25 kg, czas realizacji ca\u0142ego zam\u00f3wienia wynosi do 6 tygodni. 5kg, 10kg lub 25kg olejki zapachowe na zam\u00f3wienie r\u00f3wnie\u017c nie podlegaj\u0105 zwrotowi.<\/strong><\/p>\n<p>Wykonany z naturalnych sk\u0142adnik\u00f3w i olejk\u00f3w eterycznych*.<\/p>\n<p>To <a href=\"https:\/\/cosyowl.com\/pl\/craft-kits\/candle-making-kits\/soy-wax-mulled-wine-christmas-candle-making-kit\">ciep\u0142y<\/a>, s\u0142odki, prawie waniliowy zapach fasoli tonka ma nut\u0119 tytoniu, kt\u00f3ra sprawia, \u017ce jest to bardziej m\u0119ski zapach. Wspania\u0142y, bogaty i <a href=\"https:\/\/cosyowl.com\/pl\/candle-making-kits\/soy-wax-christmas-spice-candle-making-kit\">pikantny<\/a> Zapach ze s\u0142odkimi g\u00f3rnymi nutami wanilii i cynamonu, kt\u00f3re s\u0105 pi\u0119knie po\u0142\u0105czone ze \u015brodkiem cynamonu, migda\u0142\u00f3w i go\u017adzik\u00f3w oraz subteln\u0105 nut\u0105 tytoniu.<\/p>\n<p>Jako jeden z <a href=\"https:\/\/cosyowl.com\/pl\/guides\/new-cosy-owl-premium-candle-fragrances\">Cosy Owl Premium<\/a> zapach\u00f3w, jeste\u015bmy przekonani, \u017ce przewy\u017csza on wszystko, co jest obecnie dost\u0119pne na rynku. <a href=\"https:\/\/cosyowl.com\/pl\/guides\/how-to-make-a-candle\">produkcja \u015bwiec<\/a> Obecnie rynek zapach\u00f3w. Miesi\u0105cami wsp\u00f3\u0142pracowali\u015bmy z ekspertami bran\u017cowymi, aby opracowa\u0107 now\u0105 gam\u0119 zapach\u00f3w o wi\u0119kszej sile, g\u0142\u0119bi, pe\u0142ni i zasi\u0119gu. U\u017cyli\u015bmy najwy\u017cszej jako\u015bci i najdro\u017cszych sk\u0142adnik\u00f3w, bardziej z\u0142o\u017conych mieszanek sk\u0142adnik\u00f3w i znacznie bardziej skoncentrowanej mieszanki, co oznacza, \u017ce b\u0119d\u0105 to znacznie silniejsze i pe\u0142niejsze zapachy.<\/p>\n<p>Najlepsze jest jednak to, \u017ce chocia\u017c s\u0105 one dro\u017csze w zakupie, mog\u0105 zaoszcz\u0119dzi\u0107 pieni\u0105dze w por\u00f3wnaniu do standardowych zapach\u00f3w, poniewa\u017c nale\u017cy u\u017cy\u0107 mniej, aby uzyska\u0107 t\u0119 sam\u0105 si\u0142\u0119 - co oznacza r\u00f3wnie\u017c lepsz\u0105 jako\u015b\u0107 produkt\u00f3w ko\u0144cowych.<\/p>\n<p>Wszystkie olejki zapachowe maj\u0105 tak zwan\u0105 temperatur\u0119 zap\u0142onu - temperatur\u0119, w kt\u00f3rej olejek zaczyna si\u0119 pali\u0107 i uwalnia si\u0119 zapach.<\/p>\n<p>The <strong>Temperatura zap\u0142onu dla tonki i tytoniu wynosi 93,33\u00b0C.<\/strong>Aby uzyska\u0107 wi\u0119cej informacji na temat Flash Points, kliknij ten link <a href=\"https:\/\/cosyowl.com\/pl\/przewodniki\/jak-uzywac-olejkow-zapachowych\/?wmc-currency=EUR\">https:\/\/www.cosyowl.com\/guides\/how-to-use-fragrance-oils\/<\/a><\/p>\n<p>Wi\u0119cej informacji na temat naszego nowego <a href=\"https:\/\/cosyowl.com\/pl\/\">Przytulna sowa<\/a> Premium Range, jak i dlaczego s\u0105 to zapachy najwy\u017cszej jako\u015bci i jakie s\u0105 korzy\u015bci z ich stosowania, <a href=\"https:\/\/cosyowl.com\/pl\/przewodniki\/nowe-zapachy-swiec-cosy-owl-premium\/?wmc-currency=EUR\" target=\"_blank\" rel=\"noopener\">zobacz nasz artyku\u0142<\/a>.<\/p>\n<p>Przed zakupem nale\u017cy r\u00f3wnie\u017c zapozna\u0107 si\u0119 z nasz\u0105 not\u0105 informacyjn\u0105 CLP dotycz\u0105c\u0105 stosowania olejk\u00f3w zapachowych w \u015bwiecach. Informacje te odnosz\u0105 si\u0119 do sk\u0142adu chemicznego olejku wraz z ostrze\u017ceniami dotycz\u0105cymi mo\u017cliwych reakcji alergicznych.<\/p>\n<p><strong> Zalecamy wszystkim klientom przetestowanie zapach\u00f3w za pomoc\u0105 naszych butelek testowych o pojemno\u015bci 10 ml przed z\u0142o\u017ceniem zam\u00f3wienia w wi\u0119kszych rozmiarach lub ilo\u015bciach. <a href=\"https:\/\/cosyowl.com\/pl\/candle-making-supplies\/fragrance-oils-for-candle-making\/premium-fragrance-oils\/cosy-owl-premium-1-million-type-fragrance-oil\">Olejek zapachowy<\/a>. Wi\u0119cej informacji <a href=\"\/index.php?main_page=shippinginfo\">Dostawa i zwroty<\/a> strona dla pe\u0142nego <a href=\"https:\/\/cosyowl.com\/pl\/privacy\">warunki<\/a> i warunki.<\/strong><\/p>\n<p>*Ten zapach zawiera naturalne sk\u0142adniki (<a href=\"https:\/\/cosyowl.com\/pl\/guides\/essential-oil-benefits\">olejki eteryczne<\/a>ekstrakty, \u017cywice, izolaty), ale nie jest w pe\u0142ni naturalny. Nasze olejki zapachowe zosta\u0142y zaprojektowane tak, aby by\u0142y jak najprostsze, <a href=\"https:\/\/cosyowl.com\/pl\/candle-making-supplies\/glitters\/pure-white-biodegradable\">czysty<\/a> i naturalne, jak to tylko mo\u017cliwe, zapewniaj\u0105c jednocze\u015bnie najlepsz\u0105 projekcj\u0119 zapachu i najlepszy zakres nut zapachowych. Zwi\u0105zki, kt\u00f3re nie s\u0105 pozyskiwane bezpo\u015brednio z natury, s\u0105 albo chemicznie identyczne z naturalnie wyst\u0119puj\u0105cymi zwi\u0105zkami, sztucznie tworzone lub nieznacznie modyfikowane, zwykle w celu uzyskania nieco silniejszego zapachu. Czasami substancje zapachowe niewyst\u0119puj\u0105ce w naturze s\u0105 wykorzystywane do nadania charakterystycznego zapachu, kt\u00f3ry jest wymagany w przypadku niekt\u00f3rych bardziej sztucznych zapach\u00f3w. To samo dotyczy wszystkich olejk\u00f3w zapachowych dost\u0119pnych obecnie na rynku.<\/p>\n<p>Olejki zapachowe maj\u0105 zazwyczaj roczny okres wa\u017cno\u015bci od daty produkcji, jednak wiele olejk\u00f3w zapachowych mo\u017ce przetrwa\u0107 miesi\u0105ce, a nawet lata po up\u0142ywie tej daty, je\u015bli s\u0105 prawid\u0142owo przechowywane. Testy (nie oferujemy tej us\u0142ugi) mog\u0105 by\u0107 wykonywane na olejkach zapachowych w celu okre\u015blenia ich przydatno\u015bci po up\u0142ywie okresu przydatno\u015bci do spo\u017cycia.<\/p>","protected":false},"excerpt":{"rendered":"<p>Please note &#8211; all 5kg, 10kg and 25kg Fragrance Oils are bespoke made-to-order items and have an up to 6-week delivery lead time which isn\u2019t reflected in the shipping options presented at checkout. If your order includes any 5kg, 10kg or 25kg Fragrance Oils, lead time for the entirety of the order will be up [&hellip;]<\/p>\n","protected":false},"featured_media":11847,"comment_status":"open","ping_status":"closed","template":"","meta":{"_acf_changed":false},"product_brand":[],"product_cat":[536,523,504,636,586,509,512,511,730,762,506],"product_tag":[909,908],"class_list":{"0":"post-11024","1":"product","2":"type-product","3":"status-publish","4":"has-post-thumbnail","6":"product_cat-fragrance-oils-premium-fragrances","7":"product_cat-fragrance-oils-floral","8":"product_cat-fragrance-oils-all-fragrances","9":"product_cat-body-care-fragrance-oils","10":"product_cat-hair-care-fragrance-oils","11":"product_cat-soap-making-supplies-fragrances","12":"product_cat-wax-melts-fragrances","13":"product_cat-beard-oil-fragrances","14":"product_cat-fragrances-for-reed-diffusers","15":"product_cat-garden-fragrance-oils","16":"product_cat-fragrance-oils-masculine-fragrances","17":"product_tag-black-friday","18":"product_tag-fragrance-oil","19":"pa_bottle-size-100ml","20":"pa_bottle-size-10kg","21":"pa_bottle-size-250ml","22":"pa_bottle-size-25kg","23":"pa_bottle-size-500ml","24":"pa_bottle-size-50ml","25":"pa_bottle-size-5kg","26":"pa_bottle-size-950ml","27":"pa_bottle-size-sample","29":"first","30":"instock","31":"featured","32":"taxable","33":"shipping-taxable","34":"purchasable","35":"product-type-variable"},"acf":[],"_links":{"self":[{"href":"https:\/\/cosyowl.com\/pl\/wp-json\/wp\/v2\/product\/11024","targetHints":{"allow":["GET"]}}],"collection":[{"href":"https:\/\/cosyowl.com\/pl\/wp-json\/wp\/v2\/product"}],"about":[{"href":"https:\/\/cosyowl.com\/pl\/wp-json\/wp\/v2\/types\/product"}],"replies":[{"embeddable":true,"href":"https:\/\/cosyowl.com\/pl\/wp-json\/wp\/v2\/comments?post=11024"}],"wp:featuredmedia":[{"embeddable":true,"href":"https:\/\/cosyowl.com\/pl\/wp-json\/wp\/v2\/media\/11847"}],"wp:attachment":[{"href":"https:\/\/cosyowl.com\/pl\/wp-json\/wp\/v2\/media?parent=11024"}],"wp:term":[{"taxonomy":"product_brand","embeddable":true,"href":"https:\/\/cosyowl.com\/pl\/wp-json\/wp\/v2\/product_brand?post=11024"},{"taxonomy":"product_cat","embeddable":true,"href":"https:\/\/cosyowl.com\/pl\/wp-json\/wp\/v2\/product_cat?post=11024"},{"taxonomy":"product_tag","embeddable":true,"href":"https:\/\/cosyowl.com\/pl\/wp-json\/wp\/v2\/product_tag?post=11024"}],"curies":[{"name":"wp","href":"https:\/\/api.w.org\/{rel}","templated":true}]}}