{"id":11023,"date":"2021-01-10T06:10:00","date_gmt":"2021-01-10T06:10:00","guid":{"rendered":"https:\/\/cosyowl.com\/product\/uncategorized\/import-placeholder-for-tcdl-ccon-bowl-ccls-425"},"modified":"2026-03-03T13:44:58","modified_gmt":"2026-03-03T13:44:58","slug":"muszle-do-tartaletek-z-wosku-topionego","status":"publish","type":"product","link":"https:\/\/cosyowl.com\/pl\/candle-making-supplies\/candle-containers\/other-containers\/wax-melt-tartlet-clamshells","title":{"rendered":"Tartaletki z roztopionym woskiem"},"content":{"rendered":"<p>Wax Melt Tartlet Clamshells maj\u0105 wymiary ok. 77 x 55 mm i g\u0142\u0119boko\u015b\u0107 25 mm. Jest to idealne rozwi\u0105zanie do tworzenia blok\u00f3w <a href=\"https:\/\/cosyowl.com\/pl\/guides\/sandalwood-vanilla-leaf-wax-melts-guide\">wosk topi si\u0119<\/a> kt\u00f3ry mo\u017cna \u0142atwo roz\u0142o\u017cy\u0107 na 6 pojedynczych topielnik\u00f3w. Pozostaw i pozw\u00f3l woskowi <a href=\"https:\/\/cosyowl.com\/pl\/candle-making-supplies\/glitters\/lake-blue-biodegradable\">fajny<\/a> przed zamkni\u0119ciem pokrywy. Pojemnik mo\u017ce pomie\u015bci\u0107 oko\u0142o 78 g wosku.<\/p>\n<p>Forma ta w pe\u0142ni nadaje si\u0119 do recyklingu i jest wykonana z tworzywa Eco PET (politereftalan etylenu).<\/p>","protected":false},"excerpt":{"rendered":"<p>The Wax Melt Tartlet Clamshells measure approx 77 x 55 mm with a depth 25 mm. This is ideal for making a block of wax melts that can easily be broken down in to 6 individual melts. Please leave and allow the wax to cool before closing the lid. This containter can hold approximatley 78g [&hellip;]<\/p>\n","protected":false},"featured_media":34355,"comment_status":"open","ping_status":"closed","template":"","meta":{"_acf_changed":false},"product_brand":[],"product_cat":[502,752,535,717],"product_tag":[926],"class_list":{"0":"post-11023","1":"product","2":"type-product","3":"status-publish","4":"has-post-thumbnail","6":"product_cat-candle-containers-other-containers","7":"product_cat-sale-containers","8":"product_cat-wax-melts-moulds","9":"product_cat-sale","10":"product_tag-mould","12":"first","13":"instock","14":"taxable","15":"shipping-taxable","16":"purchasable","17":"product-type-variable"},"acf":[],"_links":{"self":[{"href":"https:\/\/cosyowl.com\/pl\/wp-json\/wp\/v2\/product\/11023","targetHints":{"allow":["GET"]}}],"collection":[{"href":"https:\/\/cosyowl.com\/pl\/wp-json\/wp\/v2\/product"}],"about":[{"href":"https:\/\/cosyowl.com\/pl\/wp-json\/wp\/v2\/types\/product"}],"replies":[{"embeddable":true,"href":"https:\/\/cosyowl.com\/pl\/wp-json\/wp\/v2\/comments?post=11023"}],"wp:featuredmedia":[{"embeddable":true,"href":"https:\/\/cosyowl.com\/pl\/wp-json\/wp\/v2\/media\/34355"}],"wp:attachment":[{"href":"https:\/\/cosyowl.com\/pl\/wp-json\/wp\/v2\/media?parent=11023"}],"wp:term":[{"taxonomy":"product_brand","embeddable":true,"href":"https:\/\/cosyowl.com\/pl\/wp-json\/wp\/v2\/product_brand?post=11023"},{"taxonomy":"product_cat","embeddable":true,"href":"https:\/\/cosyowl.com\/pl\/wp-json\/wp\/v2\/product_cat?post=11023"},{"taxonomy":"product_tag","embeddable":true,"href":"https:\/\/cosyowl.com\/pl\/wp-json\/wp\/v2\/product_tag?post=11023"}],"curies":[{"name":"wp","href":"https:\/\/api.w.org\/{rel}","templated":true}]}}