{"id":11013,"date":"2021-01-10T06:10:00","date_gmt":"2021-01-10T06:10:00","guid":{"rendered":"https:\/\/cosyowl.com\/product\/uncategorized\/glass-container-30cl-karen-round-matt-black"},"modified":"2026-03-03T13:44:57","modified_gmt":"2026-03-03T13:44:57","slug":"szklany-pojemnik-30cl-karen-okragly-czarny-matowy","status":"publish","type":"product","link":"https:\/\/cosyowl.com\/pl\/candle-making-supplies\/candle-containers\/candle-glasses\/karen-30cl-candle-glass-matt-black-single-glass","title":{"rendered":"Kieliszek do \u015bwiecy Karen 30cl - matowa czer\u0144 - pojedynczy kieliszek"},"content":{"rendered":"<p>Jest to silny, odporny na ciep\u0142o <a href=\"https:\/\/cosyowl.com\/pl\/craft-supplies\/reed-diffuser-supplies\/reed-diffuser-bottles\/glass-container-200ml-karen-diffuser-bottle\">szklany pojemnik<\/a> nadaje si\u0119 do produkcji du\u017cych \u015bwiec. Skorzystaj z naszych <a href=\"https:\/\/cosyowl.com\/pl\/guides\/2023-spring-fragrance-oil-trends\">olejki zapachowe<\/a> aby stworzy\u0107 niesamowity aromat pot\u0119guj\u0105cy doznania.<\/p>\n<p><strong>Rozmiar - <\/strong> \u015arednica: 81 mm Wysoko\u015b\u0107: 93 mm<\/p>\n<p>The <a href=\"https:\/\/cosyowl.com\/pl\/candle-making-supplies\/candle-containers\/candle-glasses\/karen-30cl-candle-glass-frosted-amber-pack-of-12\">30Cl<\/a> Karen pomie\u015bci oko\u0142o 240 g wosku*.<\/p>\n<p>Nale\u017cy pami\u0119ta\u0107, \u017ce wst\u0119pne podgrzanie szklanego pojemnika do temperatury oko\u0142o 45\u00b0C mo\u017ce pom\u00f3c w zmniejszeniu mo\u017cliwo\u015bci powstawania wad w szklanym pojemniku. <a href=\"https:\/\/cosyowl.com\/pl\/guides\/a-summers-beach-gel-votive-candle\">\u015bwieca<\/a> w miar\u0119 krzepni\u0119cia.<\/p>\n<p><a href=\"https:\/\/cosyowl.com\/pl\/candle-making-supplies\/candle-containers\/candle-glasses\/karen-30cl-candle-glass-matt-black-pack-of-12\">Matt Black<\/a> to kolor zewn\u0119trzny szklanego pojemnika.<\/p>\n<h3>Zalecenia dotycz\u0105ce knot\u00f3w**<\/h3>\n<p><strong>Kliknij poni\u017cszy link, aby zapozna\u0107 si\u0119 z naszymi knotami <a href=\"https:\/\/cosyowl.com\/pl\/guides\/using-cotton-wicks-with-soyaluna-container-wax-recommendations\">zalecenia<\/a> dostosowane do Twoich potrzeb w zakresie produkcji \u015bwiec.<\/strong><\/p>\n<p><a href=\"https:\/\/cosyowl.com\/pl\/przewodniki\/wartosci-procentowe-i-pomiary\/?wmc-currency=EUR\">Rekomendacje Cosy Owl Wick<\/a><\/p>\n<p>*Nale\u017cy pami\u0119ta\u0107, \u017ce zalecana ilo\u015b\u0107 wosku to <a href=\"https:\/\/cosyowl.com\/pl\/guides\/a-guide-to-creating-your-own-soap-products\">przewodnik<\/a> i opiera si\u0119 na maksymalnej pojemno\u015bci danego pojemnika. Dlatego mo\u017cliwe jest u\u017cycie mniejszej ilo\u015bci wosku, ale nie zalecamy przekraczania maksymalnej pojemno\u015bci. Zalecamy stosowanie podanych ilo\u015bci wosku wy\u0142\u0105cznie jako punktu wyj\u015bcia i dostosowanie ich do w\u0142asnych potrzeb. <a href=\"https:\/\/cosyowl.com\/pl\/guides\/weighing-fragrance\">pomiary<\/a> zgodnie z w\u0142asnymi preferencjami.<\/p>\n<p>**Uwaga: wszystkie zalecenia dotycz\u0105ce knot\u00f3w opieraj\u0105 si\u0119 wy\u0142\u0105cznie na u\u017cyciu z naszym woskiem. Najmniejszy <a href=\"https:\/\/cosyowl.com\/pl\/guides\/candle-wick-size-chart\">Rozmiar knota<\/a> zalecany jest do u\u017cytku wy\u0142\u0105cznie z woskiem. Najwi\u0119kszy zalecany rozmiar knota jest przeznaczony do u\u017cytku, gdy <a href=\"https:\/\/cosyowl.com\/pl\/candle-making-supplies\/fragrance-oils-for-candle-making\/premium-fragrance-oils\/cosy-owl-premium-1-million-type-fragrance-oil\">Olejek zapachowy<\/a> i\/lub barwnik. Wszystkie podane informacje nale\u017cy traktowa\u0107 wy\u0142\u0105cznie jako wskaz\u00f3wki pomocne w znalezieniu punktu wyj\u015bcia podczas eksperymentowania z knotami, poniewa\u017c r\u00f3\u017cne temperatury i olejki zapachowe b\u0119d\u0105 mia\u0142y wp\u0142yw na powodzenie knota.<\/p>","protected":false},"excerpt":{"rendered":"<p>This is a strong heat-resistant glass container suitable for making large sized candles. Make use of our fragrance oils to create a tremendous aroma to augment the sensation. Size &#8211; Diameter: 81mm Height: 93mm The 30Cl Karen will hold approx. 240g of wax* Note, pre-heating your glass container to about 45\u00b0C can help in reducing [&hellip;]<\/p>\n","protected":false},"featured_media":96508,"comment_status":"open","ping_status":"closed","template":"","meta":{"_acf_changed":false},"product_brand":[],"product_cat":[527,843],"product_tag":[921,1593],"class_list":{"0":"post-11013","1":"product","2":"type-product","3":"status-publish","4":"has-post-thumbnail","6":"product_cat-candle-glasses","7":"product_cat-halloween","8":"product_tag-glass-container","9":"product_tag-halloween","10":"product_shipping_class-royal_mail","12":"first","13":"instock","14":"sold-individually","15":"taxable","16":"shipping-taxable","17":"purchasable","18":"product-type-simple"},"acf":[],"_links":{"self":[{"href":"https:\/\/cosyowl.com\/pl\/wp-json\/wp\/v2\/product\/11013","targetHints":{"allow":["GET"]}}],"collection":[{"href":"https:\/\/cosyowl.com\/pl\/wp-json\/wp\/v2\/product"}],"about":[{"href":"https:\/\/cosyowl.com\/pl\/wp-json\/wp\/v2\/types\/product"}],"replies":[{"embeddable":true,"href":"https:\/\/cosyowl.com\/pl\/wp-json\/wp\/v2\/comments?post=11013"}],"wp:featuredmedia":[{"embeddable":true,"href":"https:\/\/cosyowl.com\/pl\/wp-json\/wp\/v2\/media\/96508"}],"wp:attachment":[{"href":"https:\/\/cosyowl.com\/pl\/wp-json\/wp\/v2\/media?parent=11013"}],"wp:term":[{"taxonomy":"product_brand","embeddable":true,"href":"https:\/\/cosyowl.com\/pl\/wp-json\/wp\/v2\/product_brand?post=11013"},{"taxonomy":"product_cat","embeddable":true,"href":"https:\/\/cosyowl.com\/pl\/wp-json\/wp\/v2\/product_cat?post=11013"},{"taxonomy":"product_tag","embeddable":true,"href":"https:\/\/cosyowl.com\/pl\/wp-json\/wp\/v2\/product_tag?post=11013"}],"curies":[{"name":"wp","href":"https:\/\/api.w.org\/{rel}","templated":true}]}}