{"id":10992,"date":"2021-01-10T06:10:00","date_gmt":"2021-01-10T06:10:00","guid":{"rendered":"https:\/\/cosyowl.com\/product\/uncategorized\/import-placeholder-for-tcdl-cdif-bowl-lwhi-d4mm-412"},"modified":"2026-04-28T17:24:40","modified_gmt":"2026-04-28T16:24:40","slug":"porex-biale-trzciny-do-dyfuzorow-240mm-x-o-3mm","status":"publish","type":"product","link":"https:\/\/cosyowl.com\/pl\/craft-supplies\/reed-diffuser-supplies\/reeds-for-reed-diffusers\/white-reeds-for-diffusers-240mm-x-o-4mm","title":{"rendered":"Bia\u0142e trzciny do dyfuzor\u00f3w - 240 mm x \u00d8 4 mm"},"content":{"rendered":"<p>\u2018<\/p>\n<p><a href=\"https:\/\/cosyowl.com\/pl\/guides\/a-beginners-guide-to-making-reed-diffusers\">Dyfuzory trzcinowe<\/a> s\u0105 <a href=\"https:\/\/cosyowl.com\/pl\/candle-making-supplies\/glitters\/pure-white-biodegradable\">elegancki<\/a> rozwi\u0105zanie zapewniaj\u0105ce bezpieczniejszy i trwalszy zapach w domu, a nasza gama szybko odprowadzaj\u0105cych wilgo\u0107, odpornych na zabarwienie trzcin jest idealnym dodatkiem zapewniaj\u0105cym uwolnienie pe\u0142nego potencja\u0142u Twojego zapachu. <a href=\"https:\/\/cosyowl.com\/pl\/guides\/essential-oil-benefits\">olejki eteryczne<\/a>.<\/p>\n<p>Kontrolowanie szybko\u015bci uwalniania zapachu ma kluczowe znaczenie dla <a href=\"https:\/\/cosyowl.com\/pl\/candle-wicks\/wedo-lx-wick-raw\">jako\u015b\u0107<\/a> Stroiki te charakteryzuj\u0105 si\u0119 wysokowydajn\u0105 dyfuzj\u0105 zapachu i kapilarno\u015bci oraz technologi\u0105 trwa\u0142ego koloru, dzi\u0119ki czemu utrzymuj\u0105 stabilny zapach i kolor bez konieczno\u015bci \"odwracania\". Wszystkie stroiki s\u0105 syntetyczne.<\/p>","protected":false},"excerpt":{"rendered":"<p>&#8216; Reed Diffusers are an elegant solution to safer and longer lasting fragrance in the home and our range of fast-wicking, colourfast Reeds are the perfect accompaniment to ensuring you release the full potential of your essential oils. Controlling the rate of fragrance release is crucial in a quality Reed and feature high-performing fragrance and [&hellip;]<\/p>\n","protected":false},"featured_media":53344,"comment_status":"open","ping_status":"closed","template":"","meta":{"_acf_changed":false},"product_brand":[],"product_cat":[648],"product_tag":[937],"class_list":{"0":"post-10992","1":"product","2":"type-product","3":"status-publish","4":"has-post-thumbnail","6":"product_cat-reed-diffusers-reeds","7":"product_tag-reeds","9":"first","10":"outofstock","11":"taxable","12":"shipping-taxable","13":"purchasable","14":"product-type-variable"},"acf":[],"_links":{"self":[{"href":"https:\/\/cosyowl.com\/pl\/wp-json\/wp\/v2\/product\/10992","targetHints":{"allow":["GET"]}}],"collection":[{"href":"https:\/\/cosyowl.com\/pl\/wp-json\/wp\/v2\/product"}],"about":[{"href":"https:\/\/cosyowl.com\/pl\/wp-json\/wp\/v2\/types\/product"}],"replies":[{"embeddable":true,"href":"https:\/\/cosyowl.com\/pl\/wp-json\/wp\/v2\/comments?post=10992"}],"wp:featuredmedia":[{"embeddable":true,"href":"https:\/\/cosyowl.com\/pl\/wp-json\/wp\/v2\/media\/53344"}],"wp:attachment":[{"href":"https:\/\/cosyowl.com\/pl\/wp-json\/wp\/v2\/media?parent=10992"}],"wp:term":[{"taxonomy":"product_brand","embeddable":true,"href":"https:\/\/cosyowl.com\/pl\/wp-json\/wp\/v2\/product_brand?post=10992"},{"taxonomy":"product_cat","embeddable":true,"href":"https:\/\/cosyowl.com\/pl\/wp-json\/wp\/v2\/product_cat?post=10992"},{"taxonomy":"product_tag","embeddable":true,"href":"https:\/\/cosyowl.com\/pl\/wp-json\/wp\/v2\/product_tag?post=10992"}],"curies":[{"name":"wp","href":"https:\/\/api.w.org\/{rel}","templated":true}]}}