{"id":10991,"date":"2021-10-01T06:10:00","date_gmt":"2021-10-01T05:10:00","guid":{"rendered":"https:\/\/cosyowl.com\/product\/uncategorized\/import-placeholder-for-tcdl-cacc-bowl-cwct-411"},"modified":"2026-03-03T13:44:56","modified_gmt":"2026-03-03T13:44:56","slug":"narzedzie-do-centrowania-knota","status":"publish","type":"product","link":"https:\/\/cosyowl.com\/pl\/candle-making-supplies\/tools-equipment\/candle-wick-centering-tool","title":{"rendered":"Narz\u0119dzie do centrowania knota \u015bwiecy"},"content":{"rendered":"<p>A <strong>narz\u0119dzie do centrowania knota<\/strong> to bardzo uproszczone urz\u0105dzenie, kt\u00f3re przechowuje <a href=\"https:\/\/cosyowl.com\/pl\/guides\/a-summers-beach-gel-votive-candle\">\u015bwieca<\/a> knot na miejscu. Jest to bardzo wytrzyma\u0142y stalowy adapter, kt\u00f3ry umieszcza si\u0119 na szczycie filaru \u015bwiecy, T-lights lub innego pojemnika, aby utrzyma\u0107 knot w wymaganym miejscu - zwykle po\u015brodku. W przeciwie\u0144stwie do innych narz\u0119dzi centruj\u0105cych dost\u0119pnych w Internecie, ten jest znacznie wytrzymalszy ni\u017c jego plastikowe odpowiedniki i pozwala na zawieszenie wi\u0119cej ni\u017c jednego knota w \u015bwiecy, je\u015bli jest to wymagane.<\/p>\n<p>Dost\u0119pne w opakowaniach po 10 lub 50 sztuk.<\/p>","protected":false},"excerpt":{"rendered":"<p>A wick centering tool is a very simplistic device that holds your candle wick in place. This is a highly durable steel adapter that is placed on the top of your candle pillar, T-lights or other container to hold the wick in the location required &#8211; normally the centre. Unlike other centring tools on the [&hellip;]<\/p>\n","protected":false},"featured_media":12011,"comment_status":"open","ping_status":"closed","template":"","meta":{"_acf_changed":false},"product_brand":[],"product_cat":[532,499],"product_tag":[935],"class_list":{"0":"post-10991","1":"product","2":"type-product","3":"status-publish","4":"has-post-thumbnail","6":"product_cat-tools-equipment","7":"product_cat-candle-wicks","8":"product_tag-wick-centering-tool","10":"first","11":"instock","12":"taxable","13":"shipping-taxable","14":"purchasable","15":"product-type-variable"},"acf":[],"_links":{"self":[{"href":"https:\/\/cosyowl.com\/pl\/wp-json\/wp\/v2\/product\/10991","targetHints":{"allow":["GET"]}}],"collection":[{"href":"https:\/\/cosyowl.com\/pl\/wp-json\/wp\/v2\/product"}],"about":[{"href":"https:\/\/cosyowl.com\/pl\/wp-json\/wp\/v2\/types\/product"}],"replies":[{"embeddable":true,"href":"https:\/\/cosyowl.com\/pl\/wp-json\/wp\/v2\/comments?post=10991"}],"wp:featuredmedia":[{"embeddable":true,"href":"https:\/\/cosyowl.com\/pl\/wp-json\/wp\/v2\/media\/12011"}],"wp:attachment":[{"href":"https:\/\/cosyowl.com\/pl\/wp-json\/wp\/v2\/media?parent=10991"}],"wp:term":[{"taxonomy":"product_brand","embeddable":true,"href":"https:\/\/cosyowl.com\/pl\/wp-json\/wp\/v2\/product_brand?post=10991"},{"taxonomy":"product_cat","embeddable":true,"href":"https:\/\/cosyowl.com\/pl\/wp-json\/wp\/v2\/product_cat?post=10991"},{"taxonomy":"product_tag","embeddable":true,"href":"https:\/\/cosyowl.com\/pl\/wp-json\/wp\/v2\/product_tag?post=10991"}],"curies":[{"name":"wp","href":"https:\/\/api.w.org\/{rel}","templated":true}]}}