{"id":10989,"date":"2021-10-01T06:10:00","date_gmt":"2021-10-01T05:10:00","guid":{"rendered":"https:\/\/cosyowl.com\/product\/uncategorized\/essential-wax-thermometer"},"modified":"2026-03-03T13:44:55","modified_gmt":"2026-03-03T13:44:55","slug":"niezbedny-termometr-woskowy","status":"publish","type":"product","link":"https:\/\/cosyowl.com\/pl\/candle-making-supplies\/tools-equipment\/essential-wax-thermometer-127mm-stem","title":{"rendered":"Termometr woskowy Essential z trzpieniem 127 mm"},"content":{"rendered":"<p>Ten termometr jest dostarczany wy\u0142\u0105cznie przez <a href=\"https:\/\/cosyowl.com\/pl\/\">Przytulna sowa<\/a> mo\u017ce mierzy\u0107 temperatur\u0119 topi\u0105cego si\u0119 wosku w zakresie od 0\u00b0C do 100\u00b0C (do 212F). Ten bardzo wytrzyma\u0142y termometr zosta\u0142 wyprodukowany specjalnie dla <a href=\"https:\/\/cosyowl.com\/pl\/guides\/how-to-make-a-candle\">produkcja \u015bwiec<\/a>. Jest to wa\u017cna cz\u0119\u015b\u0107 <a href=\"https:\/\/cosyowl.com\/pl\/guides\/a-summers-beach-gel-votive-candle\">\u015bwieca<\/a> upewniaj\u0105c si\u0119, \u017ce temperatura wosku nie jest zbyt niska i nie przekracza temperatury, w kt\u00f3rej stopiony wosk mo\u017ce sta\u0107 si\u0119 niebezpieczny. Og\u00f3lnie rzecz bior\u0105c, temperatura powinna wynosi\u0107 od 55\u00b0C do 65\u00b0C w zale\u017cno\u015bci od rodzaju u\u017cywanego wosku. Wi\u0119cej dok\u0142adnych informacji mo\u017cna znale\u017a\u0107 na stronie <strong>\"Wytyczne dotycz\u0105ce temperatury<\/strong> pod naszym <strong>INFORMACJE I WSKAZ\u00d3WKI<\/strong> sekcji tej witryny.<\/p>","protected":false},"excerpt":{"rendered":"<p>This thermometer provided exclusively by Cosy Owl can measure the temperature of your melting wax between 0\u00b0C and 100\u00b0C (up to 212F). This highly durable thermometer has been specifically manufactured for candle making. This is an important part of your candle making kit, ensuring the wax temperature is not too low and does not exceed [&hellip;]<\/p>\n","protected":false},"featured_media":12010,"comment_status":"open","ping_status":"closed","template":"","meta":{"_acf_changed":false},"product_brand":[],"product_cat":[532,638,641,643,645,667],"product_tag":[912],"class_list":{"0":"post-10989","1":"product","2":"type-product","3":"status-publish","4":"has-post-thumbnail","6":"product_cat-tools-equipment","7":"product_cat-body-care-equipment","8":"product_cat-hair-care-equipment","9":"product_cat-wax-melts-equipment","10":"product_cat-lip-balm-equipment","11":"product_cat-soap-making-supplies-equipment","12":"product_tag-thermometer","13":"product_shipping_class-royal_mail","15":"first","16":"instock","17":"taxable","18":"shipping-taxable","19":"purchasable","20":"product-type-simple"},"acf":[],"_links":{"self":[{"href":"https:\/\/cosyowl.com\/pl\/wp-json\/wp\/v2\/product\/10989","targetHints":{"allow":["GET"]}}],"collection":[{"href":"https:\/\/cosyowl.com\/pl\/wp-json\/wp\/v2\/product"}],"about":[{"href":"https:\/\/cosyowl.com\/pl\/wp-json\/wp\/v2\/types\/product"}],"replies":[{"embeddable":true,"href":"https:\/\/cosyowl.com\/pl\/wp-json\/wp\/v2\/comments?post=10989"}],"wp:featuredmedia":[{"embeddable":true,"href":"https:\/\/cosyowl.com\/pl\/wp-json\/wp\/v2\/media\/12010"}],"wp:attachment":[{"href":"https:\/\/cosyowl.com\/pl\/wp-json\/wp\/v2\/media?parent=10989"}],"wp:term":[{"taxonomy":"product_brand","embeddable":true,"href":"https:\/\/cosyowl.com\/pl\/wp-json\/wp\/v2\/product_brand?post=10989"},{"taxonomy":"product_cat","embeddable":true,"href":"https:\/\/cosyowl.com\/pl\/wp-json\/wp\/v2\/product_cat?post=10989"},{"taxonomy":"product_tag","embeddable":true,"href":"https:\/\/cosyowl.com\/pl\/wp-json\/wp\/v2\/product_tag?post=10989"}],"curies":[{"name":"wp","href":"https:\/\/api.w.org\/{rel}","templated":true}]}}