{"id":10966,"date":"2021-10-01T06:10:00","date_gmt":"2021-10-01T05:10:00","guid":{"rendered":"https:\/\/cosyowl.com\/product\/uncategorized\/import-placeholder-for-tcdl-cacc-bowl-s1000p-cwgd-410"},"modified":"2026-03-03T13:44:55","modified_gmt":"2026-03-03T13:44:55","slug":"kropki-kleju-opakowanie-1000-2-rozmiary","status":"publish","type":"product","link":"https:\/\/cosyowl.com\/pl\/candle-making-supplies\/tools-equipment\/glue-dots-pack-of-1000","title":{"rendered":"Kropki kleju (opakowanie 1000 sztuk)"},"content":{"rendered":"<p>The <a href=\"https:\/\/cosyowl.com\/pl\/guides\/how-to-make-a-candle\">produkcja \u015bwiec<\/a> dwustronny <strong><a href=\"https:\/\/cosyowl.com\/pl\/candle-making-supplies\/tools-equipment\/glue-dots-pack-of-100\">Kropki kleju<\/a><\/strong> s\u0142u\u017c\u0105 do skutecznego mocowania knota do podstawy urz\u0105dzenia <a href=\"https:\/\/cosyowl.com\/pl\/guides\/a-summers-beach-gel-votive-candle\">\u015bwieca<\/a> i s\u0105 odporne na temperatur\u0119 przekraczaj\u0105c\u0105 70\u00b0C. Aby go u\u017cy\u0107, wystarczy przyklei\u0107 go do podstawy knota, umie\u015bci\u0107 na \u015brodku pojemnika, a nast\u0119pnie mocno docisn\u0105\u0107, aby zamocowa\u0107 knot na miejscu. Zapobiega to bardzo irytuj\u0105cym ruchom knota podczas nalewania wosku do pojemnika. Nale\u017cy pami\u0119ta\u0107, \u017ce ten produkt pod ka\u017cdym wzgl\u0119dem nie r\u00f3\u017cni si\u0119 pod wzgl\u0119dem funkcji i zastosowania od tego, co czasami okre\u015bla si\u0119 mianem kleju.<\/p>\n<p>Dost\u0119pne w rolce zawieraj\u0105cej oko\u0142o 1000 kropek kleju - to du\u017co \u015bwiec!<\/p>","protected":false},"excerpt":{"rendered":"<p>The candle making double sided Glue Dots are used to effectively secure the wick to the base of your candle container and are rated in excess of 70\u00b0C. To use, simply stick to the base of the wick, locate in the centre of the container and then press firmly down to secure the wick in [&hellip;]<\/p>\n","protected":false},"featured_media":12008,"comment_status":"open","ping_status":"closed","template":"","meta":{"_acf_changed":false},"product_brand":[],"product_cat":[532],"product_tag":[913],"class_list":{"0":"post-10966","1":"product","2":"type-product","3":"status-publish","4":"has-post-thumbnail","6":"product_cat-tools-equipment","7":"product_tag-glue-dots","8":"product_shipping_class-royal_mail","10":"first","11":"outofstock","12":"taxable","13":"shipping-taxable","14":"purchasable","15":"product-type-simple"},"acf":[],"_links":{"self":[{"href":"https:\/\/cosyowl.com\/pl\/wp-json\/wp\/v2\/product\/10966","targetHints":{"allow":["GET"]}}],"collection":[{"href":"https:\/\/cosyowl.com\/pl\/wp-json\/wp\/v2\/product"}],"about":[{"href":"https:\/\/cosyowl.com\/pl\/wp-json\/wp\/v2\/types\/product"}],"replies":[{"embeddable":true,"href":"https:\/\/cosyowl.com\/pl\/wp-json\/wp\/v2\/comments?post=10966"}],"wp:featuredmedia":[{"embeddable":true,"href":"https:\/\/cosyowl.com\/pl\/wp-json\/wp\/v2\/media\/12008"}],"wp:attachment":[{"href":"https:\/\/cosyowl.com\/pl\/wp-json\/wp\/v2\/media?parent=10966"}],"wp:term":[{"taxonomy":"product_brand","embeddable":true,"href":"https:\/\/cosyowl.com\/pl\/wp-json\/wp\/v2\/product_brand?post=10966"},{"taxonomy":"product_cat","embeddable":true,"href":"https:\/\/cosyowl.com\/pl\/wp-json\/wp\/v2\/product_cat?post=10966"},{"taxonomy":"product_tag","embeddable":true,"href":"https:\/\/cosyowl.com\/pl\/wp-json\/wp\/v2\/product_tag?post=10966"}],"curies":[{"name":"wp","href":"https:\/\/api.w.org\/{rel}","templated":true}]}}