{"id":10940,"date":"2021-01-10T06:09:07","date_gmt":"2021-01-10T06:09:07","guid":{"rendered":"https:\/\/cosyowl.com\/product\/uncategorized\/import-placeholder-for-tcdl-cext-bcow-lboc-d50mm-ccsl-399"},"modified":"2026-03-03T13:44:56","modified_gmt":"2026-03-03T13:44:56","slug":"50-mm-etykieta-bezpieczenstwa-na-swiece-z-czarnym-wyraznym-tekstem","status":"publish","type":"product","link":"https:\/\/cosyowl.com\/pl\/candle-making-extras\/50mm-candle-safety-label-clear-black-text","title":{"rendered":"Etykieta bezpiecze\u0144stwa na \u015bwiec\u0119 50 mm - CLEAR \/ czarny tekst"},"content":{"rendered":"<p>Nasz <a href=\"https:\/\/cosyowl.com\/pl\/candle-making-extras\/50mm-candle-safety-label-white-black-text\">czysty<\/a> <a href=\"https:\/\/cosyowl.com\/pl\/guides\/a-summers-beach-gel-votive-candle\">\u015bwieca<\/a> Etykiety bezpiecze\u0144stwa s\u0105 drukowane na przezroczystej okr\u0105g\u0142ej etykiecie czarnym tuszem.  \u015awietnie wygl\u0105daj\u0105 na wi\u0119kszo\u015bci kolor\u00f3w \u015bwiec, s\u0105 profesjonalne i dyskretne.  Maj\u0105 \u015brednic\u0119 50 mm, idealn\u0105 do wi\u0119kszo\u015bci zastosowa\u0144.<\/p>\n<p><strong>Do czego s\u0142u\u017c\u0105 etykiety bezpiecze\u0144stwa \u015bwiec?<\/strong><\/p>\n<p>Je\u015bli sprzedajesz swoje \u015bwiece, musisz do\u0142\u0105czy\u0107 t\u0119 etykiet\u0119 ostrzegawcz\u0105, aby zachowa\u0107 zgodno\u015b\u0107 z rozporz\u0105dzeniem w sprawie og\u00f3lnego bezpiecze\u0144stwa produkt\u00f3w z 2005 roku.  Etykiety te s\u0105 przeznaczone do umieszczenia na spodzie pojemnika lub pude\u0142ka w celu wykazania zgodno\u015bci i nale\u017cytej staranno\u015bci z przepisami oraz dostarczenia cennych informacji praktycznych i dotycz\u0105cych bezpiecze\u0144stwa dla u\u017cytkownika ko\u0144cowego.<\/p>\n<p>Nasze etykiety zabezpieczaj\u0105ce na \u015bwiece s\u0105 profesjonalne i <a href=\"https:\/\/cosyowl.com\/pl\/candle-wicks\/wedo-lx-wick-raw\">jako\u015b\u0107<\/a>D\u0142ugotrwa\u0142e, nie\u015bcieralne, wodoodporne, odporne na rozmazywanie i zarysowania.  Zaprojektowane z my\u015bl\u0105 o trwa\u0142o\u015bci, a jednocze\u015bnie ekonomiczne, wybrali\u015bmy te etykiety ze wzgl\u0119du na ich d\u0142ugoterminow\u0105 wydajno\u015b\u0107.<\/p>\n<p><a href=\"http:\/\/www.legislation.gov.uk\/uksi\/2005\/1803\/contents\/made\" target=\"_blank\" rel=\"noopener\">Przeczytaj o rozporz\u0105dzeniu w sprawie og\u00f3lnego bezpiecze\u0144stwa produkt\u00f3w<\/a> aby lepiej zrozumie\u0107 swoje obowi\u0105zki jako producenta \u015bwiec.<\/p>\n<p>Nasze przezroczyste etykiety bezpiecze\u0144stwa na \u015bwiece s\u0105 dostarczane w rolkach po 10, 50, 100 lub <a href=\"https:\/\/cosyowl.com\/pl\/candle-making-supplies\/tools-equipment\/glue-dots-pack-of-1000\">1000<\/a> i s\u0105 \u0142atwe do odklejenia i na\u0142o\u017cenia.<\/p>","protected":false},"excerpt":{"rendered":"<p>Our clear candle safety labels are printed on to a transparent circular label with black ink. \u00a0They look great on most colours of candles, professional and unobtrusive. \u00a0They are 50mm in diameter, perfect for most applications. What are Candle Safety Labels for? If you are selling your candles you need to include this warning label [&hellip;]<\/p>\n","protected":false},"featured_media":12000,"comment_status":"open","ping_status":"closed","template":"","meta":{"_acf_changed":false},"product_brand":[],"product_cat":[532,717],"product_tag":[939],"class_list":{"0":"post-10940","1":"product","2":"type-product","3":"status-publish","4":"has-post-thumbnail","6":"product_cat-tools-equipment","7":"product_cat-sale","8":"product_tag-safety-label","10":"first","11":"instock","12":"taxable","13":"shipping-taxable","14":"purchasable","15":"product-type-variable"},"acf":[],"_links":{"self":[{"href":"https:\/\/cosyowl.com\/pl\/wp-json\/wp\/v2\/product\/10940","targetHints":{"allow":["GET"]}}],"collection":[{"href":"https:\/\/cosyowl.com\/pl\/wp-json\/wp\/v2\/product"}],"about":[{"href":"https:\/\/cosyowl.com\/pl\/wp-json\/wp\/v2\/types\/product"}],"replies":[{"embeddable":true,"href":"https:\/\/cosyowl.com\/pl\/wp-json\/wp\/v2\/comments?post=10940"}],"wp:featuredmedia":[{"embeddable":true,"href":"https:\/\/cosyowl.com\/pl\/wp-json\/wp\/v2\/media\/12000"}],"wp:attachment":[{"href":"https:\/\/cosyowl.com\/pl\/wp-json\/wp\/v2\/media?parent=10940"}],"wp:term":[{"taxonomy":"product_brand","embeddable":true,"href":"https:\/\/cosyowl.com\/pl\/wp-json\/wp\/v2\/product_brand?post=10940"},{"taxonomy":"product_cat","embeddable":true,"href":"https:\/\/cosyowl.com\/pl\/wp-json\/wp\/v2\/product_cat?post=10940"},{"taxonomy":"product_tag","embeddable":true,"href":"https:\/\/cosyowl.com\/pl\/wp-json\/wp\/v2\/product_tag?post=10940"}],"curies":[{"name":"wp","href":"https:\/\/api.w.org\/{rel}","templated":true}]}}