{"id":10852,"date":"2021-10-01T06:08:00","date_gmt":"2021-10-01T05:08:00","guid":{"rendered":"https:\/\/cosyowl.com\/product\/uncategorized\/import-placeholder-for-tcdl-ccmk-bowl-ncsp-cscw-381"},"modified":"2026-04-20T08:58:46","modified_gmt":"2026-04-20T07:58:46","slug":"zestaw-do-produkcji-swiec-z-wosku-sojowego-z-przyprawami-bozonarodzeniowymi","status":"publish","type":"product","link":"https:\/\/cosyowl.com\/pl\/candle-making-kits\/soy-wax-christmas-spice-candle-making-kit","title":{"rendered":"Zestaw do tworzenia \u015bwiec z wosku sojowego z przyprawami bo\u017conarodzeniowymi"},"content":{"rendered":"<p data-start=\"130\" data-end=\"386\">Nasze zestawy s\u0105 idealne dla ka\u017cdego, kto chce by\u0107 kreatywny i zanurzy\u0107 si\u0119 w <a href=\"https:\/\/cosyowl.com\/pl\/guides\/how-to-make-a-candle\">produkcja \u015bwiec<\/a>. To <strong data-start=\"218\" data-end=\"255\"><a href=\"https:\/\/cosyowl.com\/pl\/fragrance-oils\/christmas-spice\">Przyprawa \u015bwi\u0105teczna<\/a> <a href=\"https:\/\/cosyowl.com\/pl\/guides\/a-summers-beach-gel-votive-candle\">\u015awieca<\/a> Zestaw do tworzenia<\/strong> zapewnia wszystko, czego potrzebujesz, aby <a href=\"https:\/\/cosyowl.com\/pl\/guides\/how-to-make-wax-melts-at-home\">rzemios\u0142o<\/a> <strong data-start=\"294\" data-end=\"324\">do pi\u0119ciu \u015bwi\u0105tecznych \u015bwiec<\/strong> wype\u0142niony <a href=\"https:\/\/cosyowl.com\/pl\/craft-kits\/candle-making-kits\/soy-wax-mulled-wine-christmas-candle-making-kit\">ciep\u0142y<\/a>pocieszaj\u0105cy aromat <strong data-start=\"367\" data-end=\"385\"><a href=\"https:\/\/cosyowl.com\/pl\/candle-making-kits\/winter-pine-candle-making-kit\">\u015bwi\u0119to<\/a> przyprawy<\/strong>. Ka\u017cda \u015bwieca ma bogaty <strong data-start=\"416\" data-end=\"447\">sezonowy rdzawo-pomara\u0144czowy kolor<\/strong>wnosz\u0105c przytulnego ducha \u015bwi\u0105t wprost do Twojego domu. Zestaw ten sprawia, \u017ce tworzenie \u015bwiec jest proste, zabawne i g\u0142\u0119boko satysfakcjonuj\u0105ce, zar\u00f3wno dla siebie, jak i na prezent.<\/p>\n<h3>Co znajduje si\u0119 w zestawie do tworzenia \u015bwiec?<\/h3>\n<ul>\n<li><span style=\"color: #0a0101\"><a style=\"color: #0a0000\" href=\"https:\/\/cosyowl.com\/pl\/materialy-do-produkcji-swiec\/wosk-do-swiec\/wosk-sojowy\/wosk-do-pojemnikow-kerasoy-4130\/?wmc-currency=EUR\">800 g wysokiej jako\u015bci<\/a> <\/span><span style=\"color: #ff6600\"><strong><a style=\"color: #ff6600\" href=\"https:\/\/cosyowl.com\/pl\/materialy-do-produkcji-swiec\/wosk-do-swiec\/wosk-sojowy\/naturalne-woski-w-pojemnikach-soyaluna\/?wmc-currency=EUR\">Wosk sojowy do pojemnik\u00f3w<\/a><\/strong><\/span> <span style=\"color: #0a0000\"><a style=\"color: #0a0000\" href=\"https:\/\/cosyowl.com\/pl\/materialy-do-produkcji-swiec\/wosk-do-swiec\/wosk-sojowy\/wosk-do-pojemnikow-kerasoy-4130\/?wmc-currency=EUR\">dla czystego, r\u00f3wnomiernego spalania<\/a><\/span><\/li>\n<li><span style=\"color: #080000\"><a style=\"color: #080000\" href=\"https:\/\/cosyowl.com\/pl\/olejki-zapachowe\/przyprawa-swiateczna\/?wmc-currency=EUR\">50 ml<\/a><span style=\"color: #ff6600\"><strong><a style=\"color: #ff6600\" href=\"https:\/\/cosyowl.com\/pl\/olejki-zapachowe\/przyprawa-swiateczna\/?wmc-currency=EUR\">\u00a0Olejek zapachowy Christmas Spice <\/a><\/strong><\/span><a style=\"color: #080000\" href=\"https:\/\/cosyowl.com\/pl\/olejki-zapachowe\/przyprawa-swiateczna\/?wmc-currency=EUR\">(Temperatura zap\u0142onu 76\u00b0C) oferuj\u0105cy ciep\u0142y, \u015bwi\u0105teczny aromat z nutami cynamonu, go\u017adzik\u00f3w i sk\u00f3rki pomara\u0144czowej.<\/a><\/span><\/li>\n<li><span style=\"color: #080000\">1 g <a style=\"color: #080000\" href=\"https:\/\/cosyowl.com\/pl\/barwniki-do-swiec\/bekro-5024-27-pomaranczowy-barwnik-do-swiec\/?wmc-currency=EUR\"><span style=\"color: #ff6600\"><strong>Rdzawo-pomara\u0144czowy barwnik Bekro <\/strong><\/span>(5024\/27), aby nada\u0107 \u015bwiecom bogaty, sezonowy odcie\u0144<\/a><\/span><\/li>\n<li><span style=\"color: #0a0101\">5 <span style=\"color: #ff6600\"><strong><a style=\"color: #ff6600\" href=\"https:\/\/cosyowl.com\/pl\/knoty-do-swiec\/wedo-eco-wick-120mm\/?wmc-currency=EUR\">Eco Wicks <\/a><\/strong><\/span><a style=\"color: #0a0101\" href=\"https:\/\/cosyowl.com\/pl\/knoty-do-swiec\/wedo-eco-wick-120mm\/?wmc-currency=EUR\"><span style=\"color: #0a0000\">dla optymalnej wydajno\u015bci p\u0142omienia<\/span><\/a><\/span><\/li>\n<li><span style=\"color: #0a0101\">5 <span style=\"color: #ff6600\"><strong><a style=\"color: #ff6600\" href=\"https:\/\/cosyowl.com\/pl\/materialy-do-produkcji-swiec\/pojemniki-na-swiece\/kieliszki-do-swiec\/szklany-pojemnik-na-swiece-20cl-karen-round\/?wmc-currency=EUR\">Okr\u0105g\u0142e szklanki 20cl Karen Pojemniki <\/a><\/strong><\/span><a style=\"color: #0a0101\" href=\"https:\/\/cosyowl.com\/pl\/materialy-do-produkcji-swiec\/pojemniki-na-swiece\/kieliszki-do-swiec\/szklany-pojemnik-na-swiece-20cl-karen-round\/?wmc-currency=EUR\">Idealny do u\u017cytku domowego lub na prezent<\/a><\/span><\/li>\n<li><span style=\"color: #0a0000\">\u0141atwy do na\u015bladowania, <span style=\"color: #ff6600\"><strong><a style=\"color: #ff6600\" href=\"https:\/\/cosyowl.com\/pl\/przewodniki\/jak-zrobic-swiece\/?wmc-currency=EUR\">Przewodnik tworzenia \u015bwiec krok po kroku<\/a><\/strong><\/span> Idealny dla pocz\u0105tkuj\u0105cych<\/span><\/li>\n<\/ul>\n<p><span style=\"color: #0a0101\">Jeste\u015bmy dumni z zapewniania najwy\u017cszej <a href=\"https:\/\/cosyowl.com\/pl\/candle-wicks\/wedo-lx-wick-raw\">jako\u015b\u0107<\/a> sk\u0142adnik\u00f3w dost\u0119pnych na rynku do tworzenia idealnych \u015bwiec w domu. Nasze zestawy s\u0105 idealne zar\u00f3wno dla tych, kt\u00f3rzy dopiero zaczynaj\u0105, jak i tych, kt\u00f3rzy ju\u017c opanowali t\u0119 umiej\u0119tno\u015b\u0107, wi\u0119c chwy\u0107 fartuch i zacznijmy tworzy\u0107. Dla tych, kt\u00f3rzy chc\u0105 by\u0107 bardziej kreatywni, warto kupi\u0107 inny kolor barwnika i wymiesza\u0107 r\u00f3\u017cne rzeczy.<\/span><\/p>\n<h3>Informacje o zapachu<\/h3>\n<p>Nasz <strong><span style=\"color: #ff6600\"><a style=\"color: #ff6600\" href=\"https:\/\/cosyowl.com\/pl\/olejki-zapachowe\/przyprawa-swiateczna\/?wmc-currency=EUR\">Olejek zapachowy Christmas Spice <\/a><\/span><\/strong>zosta\u0142 specjalnie opracowany, aby przywo\u0142a\u0107 znajome <a href=\"https:\/\/cosyowl.com\/pl\/candle-making-supplies\/fragrance-oils-for-candle-making\/all-fragrances\/tonka-bean-myrrh-fragrance-oil\">bogaty aromat<\/a> Zapach ten zawiera jedne z najbardziej znanych przypraw u\u017cywanych zar\u00f3wno w \u017cywno\u015bci, jak i w zapachach; co\u015b, co nigdy nie jest nie na miejscu w okresie Bo\u017cego Narodzenia. Ten intensywny i rezonuj\u0105cy zapach emanuje silnym i wyra\u017anym zapachem kojarzonym z<strong> bergamotka, imbir, sk\u00f3rka pomara\u0144czowa i eukaliptus<\/strong>. Ten pocz\u0105tkowy aromat jest najbardziej wyra\u017any, gdy \u015bwieca zaczyna si\u0119 pali\u0107, wype\u0142niaj\u0105c pomieszczenie zapachem, kt\u00f3ry jest nast\u0119pnie wzmacniany przez lekkie nuty zapachowe. <strong>p\u0105czek go\u017adzika i cynamon<\/strong>. W recepturze tego charakterystycznego zapachu znajduje si\u0119 <a href=\"https:\/\/cosyowl.com\/pl\/fragrance-oils\/strawberry-bon-bon\">zachwycaj\u0105cy<\/a> \u015bladowy posmak<strong> pi\u017cmo, kardamon i wanilia<\/strong>.<\/p>\n<p><span style=\"color: #ff6600\"><a style=\"color: #ff6600\" href=\"https:\/\/cosyowl.com\/pl\/arkusze-danych-substancji-zapachowych-i-olejkow-eterycznych\/?wmc-currency=EUR\">(Arkusze danych dla olejku zapachowego Christmas Spice)<\/a><\/span><\/p>\n<h3>Informacje o naszych produktach<\/h3>\n<p><a href=\"https:\/\/cosyowl.com\/pl\/shop\">Wszystkie produkty<\/a> w tym zestawie s\u0105 profesjonalnej jako\u015bci, aby stworzy\u0107 najwy\u017cszej jako\u015bci \u015bwiece, kt\u00f3re b\u0119d\u0105 si\u0119 pi\u0119knie i w pe\u0142ni pali\u0107 z doskona\u0142ym wyrzutem zapachu. Nie oferujemy zestaw\u00f3w startowych z ta\u0144szymi lub pocz\u0105tkowymi materia\u0142ami, poniewa\u017c uwa\u017camy, \u017ce najlepiej jest uczy\u0107 si\u0119 przy u\u017cyciu materia\u0142\u00f3w najwy\u017cszej jako\u015bci. Jeste\u015bmy r\u00f3wnie\u017c dumni z tego, \u017ce zaopatrujemy si\u0119 nie tylko w materia\u0142y najwy\u017cszej jako\u015bci, ale tak\u017ce najbardziej etyczne i ekologiczne. <a href=\"https:\/\/cosyowl.com\/pl\/candle-wicks\/wedo-eco-wick-raw\">zr\u00f3wnowa\u017cony<\/a> materia\u0142y. Wszystkie materia\u0142y s\u0105:<\/p>\n<ul>\n<li>Pozyskiwane w spos\u00f3b zr\u00f3wnowa\u017cony<\/li>\n<li>Przyjazny dla \u015brodowiska<\/li>\n<li>Przyjazny dla wegan<\/li>\n<li>Cruelty Free<\/li>\n<li><a href=\"https:\/\/cosyowl.com\/pl\/guides\/cmrs-and-phthalates-in-fragrance-oils\">Wolny od<\/a> CMR i ftalany<\/li>\n<\/ul>\n<h3 data-start=\"2493\" data-end=\"2542\">Pomocne zasoby dla sukcesu w tworzeniu \u015bwiec<\/h3>\n<ul>\n<li><strong><span style=\"color: #ff6600\"><a style=\"color: #ff6600\" href=\"https:\/\/cosyowl.com\/pl\/przewodniki\/jak-zrobic-swiece\/?wmc-currency=EUR\">Jak zrobi\u0107 \u015bwiec\u0119\u00a0<\/a><\/span><\/strong><\/li>\n<li><strong><span style=\"color: #ff6600\"><a style=\"color: #ff6600\" href=\"https:\/\/cosyowl.com\/pl\/przewodniki\/przewodnik-po-swiecach-w-pojemnikach\/?wmc-currency=EUR\">Przewodnik tworzenia \u015bwiec w pojemnikach<\/a><\/span><\/strong><\/li>\n<li><strong><span style=\"color: #ff6600\"><a style=\"color: #ff6600\" href=\"https:\/\/cosyowl.com\/pl\/przewodniki\/przewodnik-dla-poczatkujacych-jak-zrobic-swiece\/?wmc-currency=EUR\">Przewodnik dla pocz\u0105tkuj\u0105cych, jak zrobi\u0107 \u015bwiec\u0119<\/a><\/span><\/strong><\/li>\n<li class=\"entry-title\"><strong><span style=\"color: #ff6600\"><a style=\"color: #ff6600\" href=\"https:\/\/cosyowl.com\/pl\/przewodniki\/przewodnik-po-stosowaniu-barwnika-woskowego-bekro\/?wmc-currency=EUR\" rel=\"bookmark\">Przewodnik po u\u017cywaniu barwnika woskowego Bekro<\/a><\/span><\/strong><\/li>\n<li class=\"entry-title\"><strong><span style=\"color: #ff6600\"><a style=\"color: #ff6600\" href=\"https:\/\/cosyowl.com\/pl\/przewodniki\/jak-uzywac-olejkow-zapachowych\/?wmc-currency=EUR\">Jak u\u017cywa\u0107 olejk\u00f3w zapachowych<\/a><\/span><\/strong><\/li>\n<li><strong><span style=\"color: #ff6600\"><a style=\"color: #ff6600\" href=\"https:\/\/cosyowl.com\/pl\/przewodniki\/rozwiazywanie-problemow\/?wmc-currency=EUR\">Rozwi\u0105zywanie problem\u00f3w zwi\u0105zanych z produkcj\u0105 \u015bwiec<\/a><\/span><\/strong><\/li>\n<li><strong><span style=\"color: #ff6600\"><a style=\"color: #ff6600\" href=\"https:\/\/cosyowl.com\/pl\/przewodniki\/faq\/?wmc-currency=EUR\">Najcz\u0119\u015bciej zadawane pytania dotycz\u0105ce tworzenia \u015bwiec<\/a><\/span><\/strong><\/li>\n<li><strong><span style=\"color: #ff6600\"><a style=\"color: #ff6600\" href=\"https:\/\/cosyowl.com\/pl\/przewodniki\/?wmc-currency=EUR\">Przewodniki i przepisy<\/a><\/span><\/strong><\/li>\n<\/ul>","protected":false},"excerpt":{"rendered":"<p>Our kits are perfect for anyone eager to get creative and dive into candle making. This Christmas Spice Candle Making Kit provides everything you need to craft up to five festive candles filled with the warm, comforting aroma of holiday spices.\u00a0Each candle features a rich seasonal rust orange colour, bringing the cosy spirit of the [&hellip;]<\/p>\n","protected":false},"featured_media":60392,"comment_status":"open","ping_status":"closed","template":"","meta":{"_acf_changed":false},"product_brand":[],"product_cat":[530,720,498],"product_tag":[917,1594],"class_list":{"0":"post-10852","1":"product","2":"type-product","3":"status-publish","4":"has-post-thumbnail","6":"product_cat-candle-making-kits","7":"product_cat-candle-making-kits-candle-making-supplies","8":"product_cat-christmas","9":"product_tag-candle-making-kit","10":"product_tag-christmas","11":"product_shipping_class-royal_mail_kits","13":"first","14":"instock","15":"taxable","16":"shipping-taxable","17":"purchasable","18":"product-type-simple"},"acf":[],"_links":{"self":[{"href":"https:\/\/cosyowl.com\/pl\/wp-json\/wp\/v2\/product\/10852","targetHints":{"allow":["GET"]}}],"collection":[{"href":"https:\/\/cosyowl.com\/pl\/wp-json\/wp\/v2\/product"}],"about":[{"href":"https:\/\/cosyowl.com\/pl\/wp-json\/wp\/v2\/types\/product"}],"replies":[{"embeddable":true,"href":"https:\/\/cosyowl.com\/pl\/wp-json\/wp\/v2\/comments?post=10852"}],"wp:featuredmedia":[{"embeddable":true,"href":"https:\/\/cosyowl.com\/pl\/wp-json\/wp\/v2\/media\/60392"}],"wp:attachment":[{"href":"https:\/\/cosyowl.com\/pl\/wp-json\/wp\/v2\/media?parent=10852"}],"wp:term":[{"taxonomy":"product_brand","embeddable":true,"href":"https:\/\/cosyowl.com\/pl\/wp-json\/wp\/v2\/product_brand?post=10852"},{"taxonomy":"product_cat","embeddable":true,"href":"https:\/\/cosyowl.com\/pl\/wp-json\/wp\/v2\/product_cat?post=10852"},{"taxonomy":"product_tag","embeddable":true,"href":"https:\/\/cosyowl.com\/pl\/wp-json\/wp\/v2\/product_tag?post=10852"}],"curies":[{"name":"wp","href":"https:\/\/api.w.org\/{rel}","templated":true}]}}