{"id":10822,"date":"2021-10-01T06:08:00","date_gmt":"2021-10-01T05:08:00","guid":{"rendered":"https:\/\/cosyowl.com\/product\/uncategorized\/import-placeholder-for-tcdl-ccmk-bowl-nmuw-cscw-376"},"modified":"2026-03-25T10:48:58","modified_gmt":"2026-03-25T10:48:58","slug":"zestaw-do-produkcji-swiatecznych-swiec-z-wosku-sojowego-z-grzanym-winem","status":"publish","type":"product","link":"https:\/\/cosyowl.com\/pl\/craft-kits\/candle-making-kits\/soy-wax-mulled-wine-christmas-candle-making-kit","title":{"rendered":"Zestaw do tworzenia \u015bwi\u0105tecznych \u015bwiec z wosku sojowego z grzanym winem"},"content":{"rendered":"<p data-start=\"162\" data-end=\"418\">Szukasz przytulnego, kreatywnego projektu? Nasz <a href=\"https:\/\/cosyowl.com\/pl\/guides\/how-to-make-a-candle\">produkcja \u015bwiec<\/a> zestawy s\u0105 idealne dla ka\u017cdego, kto jest gotowy do odkrywania \u015bwiata <a href=\"https:\/\/cosyowl.com\/pl\/guides\/a-summers-beach-gel-votive-candle\">\u015bwieca<\/a> rzemios\u0142o. To <strong data-start=\"298\" data-end=\"331\"><a href=\"https:\/\/cosyowl.com\/pl\/candle-making-supplies\/fragrance-oils-for-candle-making\/all-fragrances\/mulled-wine-fragrance-oil\">Grzane wino<\/a> Zestaw do produkcji \u015bwiec<\/strong> zawiera wszystko, czego potrzebujesz, aby stworzy\u0107 <strong data-start=\"371\" data-end=\"403\">do pi\u0119ciu luksusowych \u015bwiec<\/strong> w domu. Ka\u017cda \u015bwieca jest nasycona <strong data-start=\"452\" data-end=\"489\"><a href=\"https:\/\/cosyowl.com\/pl\/candle-making-supplies\/fragrance-oils-for-candle-making\/all-fragrances\/honey-fragrance-oil\">ciep\u0142y<\/a>korzenny aromat grzanego wina<\/strong>w po\u0142\u0105czeniu z <strong data-start=\"505\" data-end=\"530\">bogaty, g\u0142\u0119boki czerwony kolor<\/strong> kt\u00f3ry przywo\u0142uje serce <a href=\"https:\/\/cosyowl.com\/pl\/candle-making-kits\/soy-wax-christmas-spice-candle-making-kit\">\u015bwi\u0105teczny<\/a> sezon. Niezale\u017cnie od tego, czy chodzi o prezent, dekoracj\u0119 czy odrobin\u0119 troski o siebie, ten zestaw wniesie zapach i ducha zimy prosto do Twojej przestrzeni.<\/p>\n<h3><strong data-start=\"715\" data-end=\"756\">Co znajduje si\u0119 w zestawie do tworzenia \u015bwiec?<\/strong><\/h3>\n<ul>\n<li><span style=\"color: #0a0101\"><a style=\"color: #0a0000\" href=\"https:\/\/cosyowl.com\/pl\/materialy-do-produkcji-swiec\/wosk-do-swiec\/wosk-sojowy\/wosk-do-pojemnikow-kerasoy-4130\/?wmc-currency=EUR\">800 g wysokiej jako\u015bci<\/a> <\/span><span style=\"color: #ff6600\"><strong><a style=\"color: #ff6600\" href=\"https:\/\/cosyowl.com\/pl\/materialy-do-produkcji-swiec\/wosk-do-swiec\/wosk-sojowy\/naturalne-woski-w-pojemnikach-soyaluna\/?wmc-currency=EUR\">Wosk sojowy do pojemnik\u00f3w<\/a><\/strong><\/span> <span style=\"color: #0a0000\"><a style=\"color: #0a0000\" href=\"https:\/\/cosyowl.com\/pl\/materialy-do-produkcji-swiec\/wosk-do-swiec\/wosk-sojowy\/wosk-do-pojemnikow-kerasoy-4130\/?wmc-currency=EUR\">dla czystego, r\u00f3wnomiernego spalania<\/a><\/span><span style=\"color: #0d0101\"><br \/>\n<\/span><\/li>\n<li><span style=\"color: #0d0101\"><a style=\"color: #0d0101\" href=\"https:\/\/cosyowl.com\/pl\/materialy-do-produkcji-swiec\/olejki-zapachowe-do-produkcji-swiec\/wszystkie-zapachy\/olejek-o-zapachu-grzanego-wina\/?wmc-currency=EUR\">50 ml<\/a><span style=\"color: #ff6600\"><strong><a style=\"color: #ff6600\" href=\"https:\/\/cosyowl.com\/pl\/materialy-do-produkcji-swiec\/olejki-zapachowe-do-produkcji-swiec\/wszystkie-zapachy\/olejek-o-zapachu-grzanego-wina\/?wmc-currency=EUR\">\u00a0Olejek zapachowy grzane wino <\/a><\/strong><\/span><a style=\"color: #0d0101\" href=\"https:\/\/cosyowl.com\/pl\/materialy-do-produkcji-swiec\/olejki-zapachowe-do-produkcji-swiec\/wszystkie-zapachy\/olejek-o-zapachu-grzanego-wina\/?wmc-currency=EUR\">(Temperatura zap\u0142onu 93,3\u00b0C) \u015awi\u0105teczny aromat z nutami ciep\u0142ego czerwonego wina, go\u017adzik\u00f3w, cynamonu i pomara\u0144czy.<\/a><\/span><\/li>\n<li><span style=\"color: #0d0101\"><span style=\"color: #080000\">1g <\/span>z <span style=\"color: #ff6600\"><strong><a style=\"color: #ff6600\" href=\"https:\/\/cosyowl.com\/pl\/barwniki-do-swiec\/bekro-6133-34-czerwony-barwnik-do-swiec\/?wmc-currency=EUR\">Ciemnoczerwony barwnik Bekro <\/a><\/strong><\/span><a style=\"color: #0d0101\" href=\"https:\/\/cosyowl.com\/pl\/barwniki-do-swiec\/bekro-6133-34-czerwony-barwnik-do-swiec\/?wmc-currency=EUR\">(6133\/34) Wytwarza \u015bwiece w kolorze g\u0142\u0119bokiej, eleganckiej czerwieni, idealne do \u015bwi\u0105tecznych dekoracji.<\/a><\/span><\/li>\n<li><span style=\"color: #0a0101\">5 <span style=\"color: #ff6600\"><strong><a style=\"color: #ff6600\" href=\"https:\/\/cosyowl.com\/pl\/knoty-do-swiec\/wedo-eco-wick-120mm\/?wmc-currency=EUR\">Eco Wicks <\/a><\/strong><\/span><a style=\"color: #0a0101\" href=\"https:\/\/cosyowl.com\/pl\/knoty-do-swiec\/wedo-eco-wick-120mm\/?wmc-currency=EUR\"><span style=\"color: #0a0000\">dla optymalnej wydajno\u015bci p\u0142omienia<\/span><\/a><\/span><\/li>\n<li><span style=\"color: #0a0101\">5 <strong><a style=\"color: #0a0101\" href=\"https:\/\/cosyowl.com\/pl\/materialy-do-produkcji-swiec\/pojemniki-na-swiece\/kieliszki-do-swiec\/szklany-pojemnik-na-swiece-20cl-karen-round\/?wmc-currency=EUR\">2<span style=\"color: #ff6600\">Okr\u0105g\u0142e pojemniki na szklanki 0cl Karen <\/span><\/a><\/strong><a style=\"color: #0a0101\" href=\"https:\/\/cosyowl.com\/pl\/materialy-do-produkcji-swiec\/pojemniki-na-swiece\/kieliszki-do-swiec\/szklany-pojemnik-na-swiece-20cl-karen-round\/?wmc-currency=EUR\">Idealny do u\u017cytku domowego lub na prezent<\/a><\/span><\/li>\n<li><span style=\"color: #0a0000\">\u0141atwy do na\u015bladowania, <span style=\"color: #ff6600\"><strong><a style=\"color: #ff6600\" href=\"https:\/\/cosyowl.com\/pl\/przewodniki\/jak-zrobic-swiece\/?wmc-currency=EUR\">Przewodnik tworzenia \u015bwiec krok po kroku<\/a><\/strong><\/span> Idealny dla pocz\u0105tkuj\u0105cych<\/span><\/li>\n<\/ul>\n<p><span style=\"color: #0a0101\">Jeste\u015bmy dumni z zapewniania najwy\u017cszej <a href=\"https:\/\/cosyowl.com\/pl\/candle-wicks\/wedo-lx-wick-raw\">jako\u015b\u0107<\/a> sk\u0142adnik\u00f3w dost\u0119pnych na rynku do tworzenia idealnych \u015bwiec w domu. Nasze zestawy s\u0105 idealne zar\u00f3wno dla tych, kt\u00f3rzy dopiero zaczynaj\u0105, jak i tych, kt\u00f3rzy ju\u017c opanowali t\u0119 umiej\u0119tno\u015b\u0107, wi\u0119c chwy\u0107 fartuch i zacznijmy tworzy\u0107. Dla tych, kt\u00f3rzy chc\u0105 by\u0107 bardziej kreatywni, warto kupi\u0107 inny kolor barwnika i wymiesza\u0107 r\u00f3\u017cne rzeczy.<\/span><\/p>\n<h3>Informacje o zapachu<\/h3>\n<p>Nasz <span style=\"color: #ff6600\"><strong><a style=\"color: #ff6600\" href=\"https:\/\/cosyowl.com\/pl\/materialy-do-produkcji-swiec\/olejki-zapachowe-do-produkcji-swiec\/wszystkie-zapachy\/olejek-o-zapachu-grzanego-wina\/?wmc-currency=EUR\">Olejek zapachowy grzane wino<\/a><\/strong>\u00a0<\/span>zosta\u0142 specjalnie opracowany, aby zapewni\u0107 <a href=\"https:\/\/cosyowl.com\/pl\/fragrance-oils\/nutcracker\">pikantny<\/a> aromat kojarzony z tym popularnym napojem przywo\u0142uj\u0105cym rado\u015b\u0107 \u015awi\u0105t Bo\u017cego Narodzenia. Olejek przywo\u0142uje ten powszechnie ceniony i lubiany zapach, w szczeg\u00f3lno\u015bci kojarzony z<strong> pestki winogron, \u015bliwka i bia\u0142y imbir<\/strong>. Ten pocz\u0105tkowy aromat jest najbardziej wyra\u017any, gdy \u015bwieca zaczyna si\u0119 pali\u0107, wype\u0142niaj\u0105c pomieszczenie zapachem, kt\u00f3ry jest nast\u0119pnie wzmacniany przez lekkie nuty zapachowe.<strong> p\u0105czek go\u017adzika, je\u017cyna i any\u017c<\/strong>. W recepturze tego charakterystycznego zapachu znajduje si\u0119 <a href=\"https:\/\/cosyowl.com\/pl\/fragrance-oils\/strawberry-bon-bon\">zachwycaj\u0105cy<\/a> \u015bladowy posmak<strong> wanilia, pi\u017cmo i suchy bursztyn<\/strong>.<\/p>\n<p><span style=\"color: #ff6600\"><a style=\"color: #ff6600\" href=\"https:\/\/cosyowl.com\/pl\/arkusze-danych-substancji-zapachowych-i-olejkow-eterycznych\/?wmc-currency=EUR\">(Arkusze danych dla olejku zapachowego Mulled Wine)<\/a><\/span><\/p>\n<h3>Informacje o naszych produktach<\/h3>\n<p><a href=\"https:\/\/cosyowl.com\/pl\/shop\">Wszystkie produkty<\/a> w tym zestawie s\u0105 profesjonalnej jako\u015bci, aby stworzy\u0107 najwy\u017cszej jako\u015bci \u015bwiece, kt\u00f3re b\u0119d\u0105 si\u0119 pi\u0119knie i w pe\u0142ni pali\u0107 z doskona\u0142ym wyrzutem zapachu. Nie oferujemy zestaw\u00f3w startowych z ta\u0144szymi lub pocz\u0105tkowymi materia\u0142ami, poniewa\u017c uwa\u017camy, \u017ce najlepiej jest uczy\u0107 si\u0119 przy u\u017cyciu materia\u0142\u00f3w najwy\u017cszej jako\u015bci. Jeste\u015bmy r\u00f3wnie\u017c dumni z tego, \u017ce zaopatrujemy si\u0119 nie tylko w materia\u0142y najwy\u017cszej jako\u015bci, ale tak\u017ce najbardziej etyczne i ekologiczne. <a href=\"https:\/\/cosyowl.com\/pl\/candle-wicks\/wedo-eco-wick-raw\">zr\u00f3wnowa\u017cony<\/a> materia\u0142y. Wszystkie materia\u0142y s\u0105:<\/p>\n<ul>\n<li>Pozyskiwane w spos\u00f3b zr\u00f3wnowa\u017cony<\/li>\n<li>Przyjazny dla \u015brodowiska<\/li>\n<li>Przyjazny dla wegan<\/li>\n<li>Cruelty Free<\/li>\n<li><a href=\"https:\/\/cosyowl.com\/pl\/guides\/cmrs-and-phthalates-in-fragrance-oils\">Wolny od<\/a> CMR i ftalany<\/li>\n<\/ul>\n<h3 data-start=\"2493\" data-end=\"2542\">Pomocne zasoby dla sukcesu w tworzeniu \u015bwiec<\/h3>\n<ul>\n<li><strong><span style=\"color: #ff6600\"><a style=\"color: #ff6600\" href=\"https:\/\/cosyowl.com\/pl\/przewodniki\/jak-zrobic-swiece\/?wmc-currency=EUR\">Jak zrobi\u0107 \u015bwiec\u0119\u00a0<\/a><\/span><\/strong><\/li>\n<li><strong><span style=\"color: #ff6600\"><a style=\"color: #ff6600\" href=\"https:\/\/cosyowl.com\/pl\/przewodniki\/przewodnik-po-swiecach-w-pojemnikach\/?wmc-currency=EUR\">Przewodnik tworzenia \u015bwiec w pojemnikach<\/a><\/span><\/strong><\/li>\n<li><strong><span style=\"color: #ff6600\"><a style=\"color: #ff6600\" href=\"https:\/\/cosyowl.com\/pl\/przewodniki\/przewodnik-dla-poczatkujacych-jak-zrobic-swiece\/?wmc-currency=EUR\">Przewodnik dla pocz\u0105tkuj\u0105cych, jak zrobi\u0107 \u015bwiec\u0119<\/a><\/span><\/strong><\/li>\n<li class=\"entry-title\"><strong><span style=\"color: #ff6600\"><a style=\"color: #ff6600\" href=\"https:\/\/cosyowl.com\/pl\/przewodniki\/przewodnik-po-stosowaniu-barwnika-woskowego-bekro\/?wmc-currency=EUR\" rel=\"bookmark\">Przewodnik po u\u017cywaniu barwnika woskowego Bekro<\/a><\/span><\/strong><\/li>\n<li class=\"entry-title\"><strong><span style=\"color: #ff6600\"><a style=\"color: #ff6600\" href=\"https:\/\/cosyowl.com\/pl\/przewodniki\/jak-uzywac-olejkow-zapachowych\/?wmc-currency=EUR\">Jak u\u017cywa\u0107 olejk\u00f3w zapachowych<\/a><\/span><\/strong><\/li>\n<li><strong><span style=\"color: #ff6600\"><a style=\"color: #ff6600\" href=\"https:\/\/cosyowl.com\/pl\/przewodniki\/rozwiazywanie-problemow\/?wmc-currency=EUR\">Rozwi\u0105zywanie problem\u00f3w zwi\u0105zanych z produkcj\u0105 \u015bwiec<\/a><\/span><\/strong><\/li>\n<li><strong><span style=\"color: #ff6600\"><a style=\"color: #ff6600\" href=\"https:\/\/cosyowl.com\/pl\/przewodniki\/faq\/?wmc-currency=EUR\">Najcz\u0119\u015bciej zadawane pytania dotycz\u0105ce tworzenia \u015bwiec<\/a><\/span><\/strong><\/li>\n<li><strong><span style=\"color: #ff6600\"><a style=\"color: #ff6600\" href=\"https:\/\/cosyowl.com\/pl\/przewodniki\/?wmc-currency=EUR\">Przewodniki i przepisy<\/a><\/span><\/strong><\/li>\n<\/ul>","protected":false},"excerpt":{"rendered":"<p>Looking for a cosy, creative project? Our candle making kits are perfect for anyone ready to explore the world of candle crafting. This Mulled Wine Candle Making Kit includes everything you need to create up to five luxurious candles right at home.\u00a0Each candle is infused with the warm, spiced aroma of mulled wine, paired with [&hellip;]<\/p>\n","protected":false},"featured_media":60382,"comment_status":"open","ping_status":"closed","template":"","meta":{"_acf_changed":false},"product_brand":[],"product_cat":[530,720,498],"product_tag":[917,1594],"class_list":{"0":"post-10822","1":"product","2":"type-product","3":"status-publish","4":"has-post-thumbnail","6":"product_cat-candle-making-kits","7":"product_cat-candle-making-kits-candle-making-supplies","8":"product_cat-christmas","9":"product_tag-candle-making-kit","10":"product_tag-christmas","11":"product_shipping_class-royal_mail_kits","13":"first","14":"instock","15":"taxable","16":"shipping-taxable","17":"purchasable","18":"product-type-simple"},"acf":[],"_links":{"self":[{"href":"https:\/\/cosyowl.com\/pl\/wp-json\/wp\/v2\/product\/10822","targetHints":{"allow":["GET"]}}],"collection":[{"href":"https:\/\/cosyowl.com\/pl\/wp-json\/wp\/v2\/product"}],"about":[{"href":"https:\/\/cosyowl.com\/pl\/wp-json\/wp\/v2\/types\/product"}],"replies":[{"embeddable":true,"href":"https:\/\/cosyowl.com\/pl\/wp-json\/wp\/v2\/comments?post=10822"}],"wp:featuredmedia":[{"embeddable":true,"href":"https:\/\/cosyowl.com\/pl\/wp-json\/wp\/v2\/media\/60382"}],"wp:attachment":[{"href":"https:\/\/cosyowl.com\/pl\/wp-json\/wp\/v2\/media?parent=10822"}],"wp:term":[{"taxonomy":"product_brand","embeddable":true,"href":"https:\/\/cosyowl.com\/pl\/wp-json\/wp\/v2\/product_brand?post=10822"},{"taxonomy":"product_cat","embeddable":true,"href":"https:\/\/cosyowl.com\/pl\/wp-json\/wp\/v2\/product_cat?post=10822"},{"taxonomy":"product_tag","embeddable":true,"href":"https:\/\/cosyowl.com\/pl\/wp-json\/wp\/v2\/product_tag?post=10822"}],"curies":[{"name":"wp","href":"https:\/\/api.w.org\/{rel}","templated":true}]}}