{"id":10820,"date":"2021-10-01T06:08:00","date_gmt":"2021-10-01T05:08:00","guid":{"rendered":"https:\/\/cosyowl.com\/product\/uncategorized\/import-placeholder-for-tcdl-ccmk-bowl-nblc-cscw-374"},"modified":"2026-03-29T22:22:34","modified_gmt":"2026-03-29T21:22:34","slug":"zestaw-do-produkcji-swiec-z-wosku-sojowego-cheeky-cherry","status":"publish","type":"product","link":"https:\/\/cosyowl.com\/pl\/craft-kits\/candle-making-kits\/soy-wax-cheeky-cherry-candle-making-kit","title":{"rendered":"Zestaw do tworzenia \u015bwiec z wosku sojowego Cheeky Cherry"},"content":{"rendered":"<p data-start=\"136\" data-end=\"407\">Nie szukaj dalej, je\u015bli masz ochot\u0119 na kreatywn\u0105 ucieczk\u0119 z <a href=\"https:\/\/cosyowl.com\/pl\/candle-making-supplies\/glitters\/fluorescent-green\">pogrubiony<\/a>pi\u0119kny zwrot akcji. The <strong>Cheeky Cherry<\/strong> <strong data-start=\"222\" data-end=\"258\"><a href=\"https:\/\/cosyowl.com\/pl\/guides\/how-to-make-a-candle\">Produkcja \u015bwiec<\/a> Zestaw<\/strong> zawiera wszystko, czego potrzebujesz, aby <a href=\"https:\/\/cosyowl.com\/pl\/guides\/how-to-make-wax-melts-at-home\">rzemios\u0142o<\/a> <strong data-start=\"297\" data-end=\"319\">do pi\u0119ciu \u015bwiec<\/strong> p\u0119kaj\u0105cy w szwach <strong data-start=\"336\" data-end=\"371\">przepyszny wi\u015bniowy zapach<\/strong> oraz <strong data-start=\"378\" data-end=\"406\">Romantyczny g\u0142\u0119boki czerwony kolor<\/strong>. Idealny jako osobisty prezent lub przemy\u015blany prezent dla mi\u0142o\u015bnik\u00f3w r\u0119kodzie\u0142a w twoim \u017cyciu, ten zestaw oferuje zabawne, praktyczne do\u015bwiadczenie, kt\u00f3re wype\u0142ni twoj\u0105 przestrze\u0144 bogat\u0105, <a href=\"https:\/\/cosyowl.com\/pl\/all-fragrances\/sumptious-fruits-fragrance-oil\">owocowy aromat<\/a> oraz <a href=\"https:\/\/cosyowl.com\/pl\/craft-supplies\/wax-melt-supplies\/mica-powder-glitter\/bright-peach-biodegradable-candle-glitter\">\u017cywy<\/a> kolor. Pozw\u00f3l swojej kreatywno\u015bci zab\u0142ysn\u0105\u0107 <a href=\"https:\/\/cosyowl.com\/pl\/guides\/a-summers-beach-gel-votive-candle\">\u015bwieca<\/a> na raz.<\/p>\n<h3>Co znajduje si\u0119 w zestawie do tworzenia \u015bwiec?<\/h3>\n<ul>\n<li><span style=\"color: #0a0101\"><a style=\"color: #0a0000\" href=\"https:\/\/cosyowl.com\/pl\/materialy-do-produkcji-swiec\/wosk-do-swiec\/wosk-sojowy\/wosk-do-pojemnikow-kerasoy-4130\/?wmc-currency=EUR\">800 g wysokiej jako\u015bci<\/a> <\/span><span style=\"color: #ff6600\"><strong><a style=\"color: #ff6600\" href=\"https:\/\/cosyowl.com\/pl\/materialy-do-produkcji-swiec\/wosk-do-swiec\/wosk-sojowy\/naturalne-woski-w-pojemnikach-soyaluna\/?wmc-currency=EUR\">Wosk sojowy do pojemnik\u00f3w<\/a><\/strong><\/span> <span style=\"color: #0a0000\"><a style=\"color: #0a0000\" href=\"https:\/\/cosyowl.com\/pl\/materialy-do-produkcji-swiec\/wosk-do-swiec\/wosk-sojowy\/wosk-do-pojemnikow-kerasoy-4130\/?wmc-currency=EUR\">dla czystego, r\u00f3wnomiernego spalania<\/a><\/span><span style=\"color: #000000\"><br \/>\n<\/span><\/li>\n<li><span style=\"color: #000000\"><a style=\"color: #000000\" href=\"https:\/\/cosyowl.com\/pl\/materialy-do-produkcji-swiec\/olejki-zapachowe-do-produkcji-swiec\/wszystkie-zapachy\/olejek-zapachowy-czarna-wisnia\/?wmc-currency=EUR\">50 ml<span style=\"color: #ff6600\"><strong>\u00a0Olejek zapachowy Czarna Wi\u015bnia <\/strong><\/span>(Temperatura zap\u0142onu 76\u00b0C) S\u0142odki, intensywny wi\u015bniowy zapach z owocow\u0105 g\u0142\u0119bi\u0105.<\/a><\/span><\/li>\n<li><span style=\"color: #000000\"><span style=\"color: #080000\">1g <\/span>z <span style=\"color: #ff6600\"><strong><a style=\"color: #ff6600\" href=\"https:\/\/cosyowl.com\/pl\/barwniki-do-swiec\/bekro-6133-34-czerwony-barwnik-do-swiec\/?wmc-currency=EUR\">Ciemnoczerwony barwnik Bekro <\/a><\/strong><\/span><a style=\"color: #000000\" href=\"https:\/\/cosyowl.com\/pl\/barwniki-do-swiec\/bekro-6133-34-czerwony-barwnik-do-swiec\/?wmc-currency=EUR\">(6133\/34) Tworzy g\u0142\u0119bokie, bogate czerwone \u015bwiece idealne na ka\u017cd\u0105 por\u0119 roku.<\/a><\/span><\/li>\n<li><span style=\"color: #0a0101\">5 <span style=\"color: #ff6600\"><strong><a style=\"color: #ff6600\" href=\"https:\/\/cosyowl.com\/pl\/knoty-do-swiec\/wedo-eco-wick-120mm\/?wmc-currency=EUR\">Eco Wicks <\/a><\/strong><\/span><a style=\"color: #0a0101\" href=\"https:\/\/cosyowl.com\/pl\/knoty-do-swiec\/wedo-eco-wick-120mm\/?wmc-currency=EUR\"><span style=\"color: #0a0000\">dla optymalnej wydajno\u015bci p\u0142omienia<\/span><\/a><\/span><\/li>\n<li><span style=\"color: #0a0101\">5<span style=\"color: #ff6600\"> <strong><a style=\"color: #ff6600\" href=\"https:\/\/cosyowl.com\/pl\/materialy-do-produkcji-swiec\/pojemniki-na-swiece\/kieliszki-do-swiec\/szklany-pojemnik-na-swiece-20cl-karen-round\/?wmc-currency=EUR\">Okr\u0105g\u0142e szklanki 20cl Karen Pojemniki <\/a><\/strong><\/span><a style=\"color: #0a0101\" href=\"https:\/\/cosyowl.com\/pl\/materialy-do-produkcji-swiec\/pojemniki-na-swiece\/kieliszki-do-swiec\/szklany-pojemnik-na-swiece-20cl-karen-round\/?wmc-currency=EUR\">Idealny do u\u017cytku domowego lub na prezent<\/a><\/span><\/li>\n<li><span style=\"color: #0a0000\">\u0141atwy do na\u015bladowania, <strong><a style=\"color: #0a0000\" href=\"https:\/\/cosyowl.com\/pl\/przewodniki\/jak-zrobic-swiece\/?wmc-currency=EUR\"><span style=\"color: #ff6600\">Przewodnik tworzenia \u015bwiec krok po kroku<\/span><\/a><\/strong> Idealny dla pocz\u0105tkuj\u0105cych<\/span><\/li>\n<\/ul>\n<p>Jeste\u015bmy dumni z zapewniania najwy\u017cszej <a href=\"https:\/\/cosyowl.com\/pl\/candle-wicks\/wedo-lx-wick-raw\">jako\u015b\u0107<\/a> sk\u0142adnik\u00f3w dost\u0119pnych na rynku do tworzenia idealnych \u015bwiec w domu. Nasze zestawy s\u0105 idealne zar\u00f3wno dla tych, kt\u00f3rzy dopiero zaczynaj\u0105, jak i tych, kt\u00f3rzy ju\u017c opanowali t\u0119 umiej\u0119tno\u015b\u0107, wi\u0119c chwy\u0107 fartuch i zacznijmy tworzy\u0107.<\/p>\n<h3>Informacje o zapachu<\/h3>\n<p>Nasz <span style=\"color: #ff6600\"><a style=\"color: #ff6600\" href=\"https:\/\/cosyowl.com\/pl\/materialy-do-produkcji-swiec\/olejki-zapachowe-do-produkcji-swiec\/wszystkie-zapachy\/olejek-zapachowy-czarna-wisnia\/?wmc-currency=EUR\"><strong>Olejek zapachowy Czarna Wi\u015bnia<\/strong> <\/a><\/span>zosta\u0142 specjalnie opracowany, aby przywo\u0142ywa\u0107 znane i lubiane zapachy <a href=\"https:\/\/cosyowl.com\/pl\/candle-making-supplies\/fragrance-oils-for-candle-making\/all-fragrances\/opium-fragrance-oil\">intensywny zapach<\/a> kojarzony z tym bogatym, pe\u0142nym smaku owocem. Zapach pocz\u0105tkowo emanuje silnym i wyra\u017anym zapachem kojarzonym zar\u00f3wno z<strong> wi\u015bnia i granat<\/strong>. Aromat ten jest najbardziej wyra\u017any, gdy \u015bwieca zaczyna si\u0119 pali\u0107, wype\u0142niaj\u0105c pomieszczenie zapachem, kt\u00f3ry jest nast\u0119pnie wzmacniany przez lekkie tony.<strong> \u015bliwka w cukrze, <a href=\"https:\/\/cosyowl.com\/pl\/fragrance-oils\/raspberry\">malina<\/a> oraz <a href=\"https:\/\/cosyowl.com\/pl\/candle-making-supplies\/fragrance-oils-for-candle-making\/all-fragrances\/black-cherry-fragrance-oil\">czarna wi\u015bnia<\/a><\/strong>. W recepturze tego charakterystycznego zapachu znajduje si\u0119 <a href=\"https:\/\/cosyowl.com\/pl\/fragrance-oils\/strawberry-bon-bon\">zachwycaj\u0105cy<\/a> \u015bladowy posmak <strong>czarna herbata, nuty metaliczne i pi\u017cmo kaszmirowe<\/strong>.<\/p>\n<p><span style=\"color: #ff6600\"><a style=\"color: #ff6600\" href=\"https:\/\/cosyowl.com\/pl\/arkusze-danych-substancji-zapachowych-i-olejkow-eterycznych\/?wmc-currency=EUR#NCNL\">(Arkusze danych dla olejku zapachowego Black Cherry)<\/a><\/span><\/p>\n<h3>Informacje o naszych produktach<\/h3>\n<p><a href=\"https:\/\/cosyowl.com\/pl\/shop\">Wszystkie produkty<\/a> w tym zestawie s\u0105 profesjonalnej jako\u015bci, aby stworzy\u0107 najwy\u017cszej jako\u015bci \u015bwiece, kt\u00f3re b\u0119d\u0105 si\u0119 pi\u0119knie i w pe\u0142ni pali\u0107 z doskona\u0142ym wyrzutem zapachu. Nie oferujemy zestaw\u00f3w startowych z ta\u0144szymi lub pocz\u0105tkowymi materia\u0142ami, poniewa\u017c uwa\u017camy, \u017ce najlepiej jest uczy\u0107 si\u0119 przy u\u017cyciu materia\u0142\u00f3w najwy\u017cszej jako\u015bci. Jeste\u015bmy r\u00f3wnie\u017c dumni z tego, \u017ce zaopatrujemy si\u0119 nie tylko w materia\u0142y najwy\u017cszej jako\u015bci, ale tak\u017ce najbardziej etyczne i ekologiczne. <a href=\"https:\/\/cosyowl.com\/pl\/candle-wicks\/wedo-eco-wick-raw\">zr\u00f3wnowa\u017cony<\/a> materia\u0142y. Wszystkie materia\u0142y s\u0105:<\/p>\n<ul>\n<li>Pozyskiwane w spos\u00f3b zr\u00f3wnowa\u017cony<\/li>\n<li>Przyjazny dla \u015brodowiska<\/li>\n<li>Przyjazny dla wegan<\/li>\n<li>Cruelty Free<\/li>\n<li><a href=\"https:\/\/cosyowl.com\/pl\/guides\/cmrs-and-phthalates-in-fragrance-oils\">Wolny od<\/a> CMR i ftalany<\/li>\n<\/ul>\n<h3 data-start=\"2493\" data-end=\"2542\">Pomocne zasoby dla sukcesu w tworzeniu \u015bwiec<\/h3>\n<ul>\n<li><strong><span style=\"color: #ff6600\"><a style=\"color: #ff6600\" href=\"https:\/\/cosyowl.com\/pl\/przewodniki\/jak-zrobic-swiece\/?wmc-currency=EUR\">Jak zrobi\u0107 \u015bwiec\u0119\u00a0<\/a><\/span><\/strong><\/li>\n<li><strong><span style=\"color: #ff6600\"><a style=\"color: #ff6600\" href=\"https:\/\/cosyowl.com\/pl\/przewodniki\/przewodnik-po-swiecach-w-pojemnikach\/?wmc-currency=EUR\">Przewodnik tworzenia \u015bwiec w pojemnikach<\/a><\/span><\/strong><\/li>\n<li><strong><span style=\"color: #ff6600\"><a style=\"color: #ff6600\" href=\"https:\/\/cosyowl.com\/pl\/przewodniki\/przewodnik-dla-poczatkujacych-jak-zrobic-swiece\/?wmc-currency=EUR\">Przewodnik dla pocz\u0105tkuj\u0105cych, jak zrobi\u0107 \u015bwiec\u0119<\/a><\/span><\/strong><\/li>\n<li class=\"entry-title\"><strong><span style=\"color: #ff6600\"><a style=\"color: #ff6600\" href=\"https:\/\/cosyowl.com\/pl\/przewodniki\/przewodnik-po-stosowaniu-barwnika-woskowego-bekro\/?wmc-currency=EUR\" rel=\"bookmark\">Przewodnik po u\u017cywaniu barwnika woskowego Bekro<\/a><\/span><\/strong><\/li>\n<li class=\"entry-title\"><strong><span style=\"color: #ff6600\"><a style=\"color: #ff6600\" href=\"https:\/\/cosyowl.com\/pl\/przewodniki\/jak-uzywac-olejkow-zapachowych\/?wmc-currency=EUR\">Jak u\u017cywa\u0107 olejk\u00f3w zapachowych<\/a><\/span><\/strong><\/li>\n<li><strong><span style=\"color: #ff6600\"><a style=\"color: #ff6600\" href=\"https:\/\/cosyowl.com\/pl\/przewodniki\/rozwiazywanie-problemow\/?wmc-currency=EUR\">Rozwi\u0105zywanie problem\u00f3w zwi\u0105zanych z produkcj\u0105 \u015bwiec<\/a><\/span><\/strong><\/li>\n<li><strong><span style=\"color: #ff6600\"><a style=\"color: #ff6600\" href=\"https:\/\/cosyowl.com\/pl\/przewodniki\/faq\/?wmc-currency=EUR\">Najcz\u0119\u015bciej zadawane pytania dotycz\u0105ce tworzenia \u015bwiec<\/a><\/span><\/strong><\/li>\n<li><strong><span style=\"color: #ff6600\"><a style=\"color: #ff6600\" href=\"https:\/\/cosyowl.com\/pl\/przewodniki\/?wmc-currency=EUR\">Przewodniki i przepisy<\/a><\/span><\/strong><\/li>\n<\/ul>","protected":false},"excerpt":{"rendered":"<p>Look no further if you&#8217;re craving a creative escape with a bold, beautiful twist. The Cheeky Cherry Candle Making Kit includes everything you need to craft up to five candles bursting with a mouth-watering cherry fragrance and a romantic deep red colour.\u00a0Perfect as a personal treat or a thoughtful gift for the craft lovers in [&hellip;]<\/p>\n","protected":false},"featured_media":60370,"comment_status":"open","ping_status":"closed","template":"","meta":{"_acf_changed":false},"product_brand":[],"product_cat":[530,720],"product_tag":[917],"class_list":{"0":"post-10820","1":"product","2":"type-product","3":"status-publish","4":"has-post-thumbnail","6":"product_cat-candle-making-kits","7":"product_cat-candle-making-kits-candle-making-supplies","8":"product_tag-candle-making-kit","9":"product_shipping_class-royal_mail_kits","11":"first","12":"outofstock","13":"taxable","14":"shipping-taxable","15":"purchasable","16":"product-type-simple"},"acf":[],"_links":{"self":[{"href":"https:\/\/cosyowl.com\/pl\/wp-json\/wp\/v2\/product\/10820","targetHints":{"allow":["GET"]}}],"collection":[{"href":"https:\/\/cosyowl.com\/pl\/wp-json\/wp\/v2\/product"}],"about":[{"href":"https:\/\/cosyowl.com\/pl\/wp-json\/wp\/v2\/types\/product"}],"replies":[{"embeddable":true,"href":"https:\/\/cosyowl.com\/pl\/wp-json\/wp\/v2\/comments?post=10820"}],"wp:featuredmedia":[{"embeddable":true,"href":"https:\/\/cosyowl.com\/pl\/wp-json\/wp\/v2\/media\/60370"}],"wp:attachment":[{"href":"https:\/\/cosyowl.com\/pl\/wp-json\/wp\/v2\/media?parent=10820"}],"wp:term":[{"taxonomy":"product_brand","embeddable":true,"href":"https:\/\/cosyowl.com\/pl\/wp-json\/wp\/v2\/product_brand?post=10820"},{"taxonomy":"product_cat","embeddable":true,"href":"https:\/\/cosyowl.com\/pl\/wp-json\/wp\/v2\/product_cat?post=10820"},{"taxonomy":"product_tag","embeddable":true,"href":"https:\/\/cosyowl.com\/pl\/wp-json\/wp\/v2\/product_tag?post=10820"}],"curies":[{"name":"wp","href":"https:\/\/api.w.org\/{rel}","templated":true}]}}