{"id":10755,"date":"2021-01-10T06:08:00","date_gmt":"2021-01-10T06:08:00","guid":{"rendered":"https:\/\/cosyowl.com\/product\/uncategorized\/glass-container-50cl-classic-jar-with-lid"},"modified":"2026-03-03T13:44:46","modified_gmt":"2026-03-03T13:44:46","slug":"szklany-pojemnik-50cl-klasyczny-sloik-z-pokrywka","status":"publish","type":"product","link":"https:\/\/cosyowl.com\/pl\/candle-making-supplies\/candle-containers\/candle-glasses\/glass-candle-container-50cl-classic-jar-with-lid","title":{"rendered":"Szklany pojemnik na \u015bwiec\u0119 - 50cl klasyczny s\u0142oik z pokrywk\u0105"},"content":{"rendered":"<p>Jest to klasyczny szklany s\u0142oik z dopasowan\u0105 pokrywk\u0105 i silikonow\u0105 uszczelk\u0105 zapewniaj\u0105c\u0105 szczelne dopasowanie i wysokiej jako\u015bci wyko\u0144czenie.<\/p>\n<p>Mocna, odporna na ciep\u0142o struktura s\u0142oika sprawia, \u017ce jest on idealny do przechowywania \u015bwiec, a ten model mo\u017ce pomie\u015bci\u0107 50 cl wosku i mierzy 100 mm \u015brednicy i 100 mm wysoko\u015bci.<\/p>\n<p>Szklany s\u0142oik 50Cl Classic pomie\u015bci oko\u0142o 400 g wosku*.<\/p>\n<h3>Zalecenia dotycz\u0105ce knot\u00f3w**<\/h3>\n<table class=\"notesTableBorder\">\n<tbody>\n<tr>\n<th>Wosk Kerasoy (sojowy)<\/th>\n<th>Kerawax (parafina)<\/th>\n<th>Zar\u00f3wno soja, jak i parafina<\/th>\n<th>Wiele knot\u00f3w <a href=\"https:\/\/cosyowl.com\/pl\/guides\/using-cotton-wicks-with-soyaluna-container-wax-recommendations\">zalecenia<\/a><\/th>\n<\/tr>\n<tr>\n<td>ECO NIE DOTYCZY<\/td>\n<td>LX N\/A<\/td>\n<td>TCR 36\/20<\/td>\n<td>2 x LX 4 (<a href=\"https:\/\/cosyowl.com\/pl\/guides\/the-truth-about-paraffin-wax-being-vegan-friendly\">Wosk parafinowy<\/a>)<\/td>\n<\/tr>\n<tr>\n<td>ECO NIE DOTYCZY<\/td>\n<td>LX N\/A<\/td>\n<td>TCR 36\/22<\/td>\n<td>2 x ECO 16 lub 2 x TCR 24\/12 (oba woski)<\/td>\n<\/tr>\n<\/tbody>\n<\/table>\n<p>*Nale\u017cy pami\u0119ta\u0107, \u017ce zalecana ilo\u015b\u0107 wosku jest jedynie wskaz\u00f3wk\u0105 i opiera si\u0119 na maksymalnej pojemno\u015bci danego pojemnika. Dlatego mo\u017cliwe jest u\u017cycie mniejszej ilo\u015bci wosku, ale nie zalecamy przekraczania maksymalnej pojemno\u015bci. Zalecamy stosowanie podanych ilo\u015bci wosku wy\u0142\u0105cznie jako punktu wyj\u015bcia i dostosowanie tych pomiar\u00f3w zgodnie z w\u0142asnymi preferencjami.<\/p>\n<p>**Uwaga: wszystkie zalecenia dotycz\u0105ce knot\u00f3w opieraj\u0105 si\u0119 wy\u0142\u0105cznie na u\u017cyciu z naszym woskiem. Najmniejszy <a href=\"https:\/\/cosyowl.com\/pl\/guides\/candle-wick-size-chart\">Rozmiar knota<\/a> zalecany jest do u\u017cytku wy\u0142\u0105cznie z woskiem. Najwi\u0119kszy zalecany rozmiar knota jest przeznaczony do u\u017cytku, gdy <a href=\"https:\/\/cosyowl.com\/pl\/candle-making-supplies\/fragrance-oils-for-candle-making\/premium-fragrance-oils\/cosy-owl-premium-1-million-type-fragrance-oil\">Olejek zapachowy<\/a> i\/lub barwnik. Wszystkie podane informacje nale\u017cy traktowa\u0107 wy\u0142\u0105cznie jako wskaz\u00f3wki pomocne w znalezieniu punktu wyj\u015bcia podczas eksperymentowania z knotami, poniewa\u017c zmienne temperatury i <a href=\"https:\/\/cosyowl.com\/pl\/guides\/2023-spring-fragrance-oil-trends\">Olejki zapachowe<\/a> b\u0119d\u0105 mia\u0142y wp\u0142yw na sukces knota.<\/p>","protected":false},"excerpt":{"rendered":"<p>This is a classic glass jar that comes complete with a matching lid and silicone seal to ensure a tight fit and high-quality finish. The strong, heat resistant structure of the jar makes this perfect for containing candles and this model can hold 50cl of wax and measures 100mm in diameter and 100mm in height. [&hellip;]<\/p>\n","protected":false},"featured_media":96771,"comment_status":"open","ping_status":"closed","template":"","meta":{"_acf_changed":false},"product_brand":[],"product_cat":[527,750],"product_tag":[921,1596],"class_list":{"0":"post-10755","1":"product","2":"type-product","3":"status-publish","4":"has-post-thumbnail","6":"product_cat-candle-glasses","7":"product_cat-valentines-day","8":"product_tag-glass-container","9":"product_tag-valentines","10":"product_shipping_class-royal_mail","12":"first","13":"instock","14":"taxable","15":"shipping-taxable","16":"purchasable","17":"product-type-simple"},"acf":[],"_links":{"self":[{"href":"https:\/\/cosyowl.com\/pl\/wp-json\/wp\/v2\/product\/10755","targetHints":{"allow":["GET"]}}],"collection":[{"href":"https:\/\/cosyowl.com\/pl\/wp-json\/wp\/v2\/product"}],"about":[{"href":"https:\/\/cosyowl.com\/pl\/wp-json\/wp\/v2\/types\/product"}],"replies":[{"embeddable":true,"href":"https:\/\/cosyowl.com\/pl\/wp-json\/wp\/v2\/comments?post=10755"}],"wp:featuredmedia":[{"embeddable":true,"href":"https:\/\/cosyowl.com\/pl\/wp-json\/wp\/v2\/media\/96771"}],"wp:attachment":[{"href":"https:\/\/cosyowl.com\/pl\/wp-json\/wp\/v2\/media?parent=10755"}],"wp:term":[{"taxonomy":"product_brand","embeddable":true,"href":"https:\/\/cosyowl.com\/pl\/wp-json\/wp\/v2\/product_brand?post=10755"},{"taxonomy":"product_cat","embeddable":true,"href":"https:\/\/cosyowl.com\/pl\/wp-json\/wp\/v2\/product_cat?post=10755"},{"taxonomy":"product_tag","embeddable":true,"href":"https:\/\/cosyowl.com\/pl\/wp-json\/wp\/v2\/product_tag?post=10755"}],"curies":[{"name":"wp","href":"https:\/\/api.w.org\/{rel}","templated":true}]}}