{"id":10732,"date":"2021-01-10T06:08:00","date_gmt":"2021-01-10T06:08:00","guid":{"rendered":"https:\/\/cosyowl.com\/product\/uncategorized\/import-placeholder-for-tcdl-cfra-bowl-nwin-359"},"modified":"2026-03-24T16:27:41","modified_gmt":"2026-03-24T16:27:41","slug":"olejek-zapachowy-z-dzikiej-miety","status":"publish","type":"product","link":"https:\/\/cosyowl.com\/pl\/fragrance-oils\/wild-mint","title":{"rendered":"Olejek zapachowy Dzika mi\u0119ta"},"content":{"rendered":"<p><strong>Uwaga - wszystkie modele 5 kg, 10 kg i 25 kg <a href=\"https:\/\/cosyowl.com\/pl\/guides\/2023-spring-fragrance-oil-trends\">Olejki zapachowe<\/a> S\u0105 to produkty wykonywane na zam\u00f3wienie i maj\u0105 czas realizacji do 6 tygodni, co nie jest odzwierciedlone w opcjach wysy\u0142ki przedstawionych na stronie <a href=\"https:\/\/cosyowl.com\/pl\/checkout\">kasa<\/a>. Je\u015bli <a href=\"https:\/\/cosyowl.com\/pl\/basket\">porz\u0105dek<\/a> obejmuje dowolne olejki zapachowe o wadze 5 kg, 10 kg lub 25 kg, czas realizacji ca\u0142ego zam\u00f3wienia wynosi do 6 tygodni. 5kg, 10kg lub 25kg olejki zapachowe na zam\u00f3wienie r\u00f3wnie\u017c nie podlegaj\u0105 zwrotowi.<\/strong><\/p>\n<p>Wykonane z <a href=\"https:\/\/cosyowl.com\/pl\/candle-making-supplies\/fragrance-oils-for-candle-making\/all-fragrances\/honey-fragrance-oil\">naturalny<\/a> sk\u0142adniki i olejki eteryczne*.<\/p>\n<p>Nasz <strong>Typ dzikiej mi\u0119ty <a href=\"https:\/\/cosyowl.com\/pl\/candle-making-supplies\/fragrance-oils-for-candle-making\/premium-fragrance-oils\/cosy-owl-premium-1-million-type-fragrance-oil\">Olejek zapachowy<\/a><\/strong> zosta\u0142 specjalnie opracowany, aby uwolni\u0107 silny zapach tego dobrze znanego <a href=\"https:\/\/cosyowl.com\/pl\/candle-making-supplies\/essential-oils\/marjoram-essential-oil\">zielny<\/a> ro\u015blina i zapewnia silny i wyra\u017any zapach kojarzony pocz\u0105tkowo z<strong> mi\u0119ta pieprzowa, eukaliptus i galbanum<\/strong>. Aromat ten jest najbardziej wyra\u017any, gdy <a href=\"https:\/\/cosyowl.com\/pl\/guides\/a-summers-beach-gel-votive-candle\">\u015bwieca<\/a> zaczyna si\u0119 pali\u0107, wype\u0142niaj\u0105c pomieszczenie zapachem, kt\u00f3ry jest nast\u0119pnie wzmacniany przez lekkie tony <strong>bazylia, mi\u0119ta i li\u015b\u0107 cedru<\/strong>. Formu\u0142a tego charakterystycznego zapachu zawiera cudowny, \u015bladowy posmak <strong>tonka, pi\u017cmo i <a href=\"https:\/\/cosyowl.com\/pl\/candle-making-supplies\/fragrance-oils-for-candle-making\/all-fragrances\/fig-fragrance-oil\">fig<\/a> li\u015b\u0107<\/strong>.<\/p>\n<p>Wszystkie nasze olejki zapachowe s\u0105 dost\u0119pne wy\u0142\u0105cznie dla <a href=\"https:\/\/cosyowl.com\/pl\/\">Przytulna sowa<\/a> i zosta\u0142y opracowane przez naszych ekspert\u00f3w w celu zapewnienia doskona\u0142ego wyrzutu zapachu w \u015bwiecy i zosta\u0142y zoptymalizowane do u\u017cycia z naszym woskiem. Nasze olejki s\u0105 skoncentrowane w 100% i s\u0105 w pe\u0142ni kompatybilne ze wszystkimi naszymi woskami.<\/p>\n<p><strong>Ile zapachu powinienem doda\u0107?<\/strong><\/p>\n<p>Wszystkie nasze zapachy s\u0105 wysokiej jako\u015bci <a href=\"https:\/\/cosyowl.com\/pl\/candle-wicks\/wedo-lx-wick-raw\">jako\u015b\u0107<\/a> i zaprojektowane specjalnie z my\u015bl\u0105 o doskona\u0142ym wyrzucaniu zapachu, co oznacza, \u017ce og\u00f3lnie rzecz bior\u0105c mniej znaczy wi\u0119cej. To, ile nale\u017cy doda\u0107, jest nieco skomplikowane i opracowali\u015bmy <a href=\"https:\/\/cosyowl.com\/pl\/guides\/a-guide-to-creating-your-own-soap-products\">przewodnik<\/a> aby poda\u0107 wi\u0119cej szczeg\u00f3\u0142\u00f3w. Og\u00f3lnie rzecz bior\u0105c, rozpocz\u0119cie od 5-8% jest dobrym pomys\u0142em, a do 10% dla mniej silnych zapach\u00f3w powinno zapewni\u0107 wi\u0119cej ni\u017c wystarczaj\u0105c\u0105 moc zapachu. Zawsze najlepiej jest poeksperymentowa\u0107 z ka\u017cdym zapachem i kombinacj\u0105 wosk\u00f3w, zaczynaj\u0105c od niskiego poziomu i zwi\u0119kszaj\u0105c go. Tak d\u0142ugo, jak post\u0119pujesz zgodnie z instrukcjami i przestrzegasz temperatury zap\u0142onu, przy odrobinie praktyki uzyskasz pi\u0119knie pachn\u0105ce \u015bwiece. Og\u00f3lnie rzecz bior\u0105c, nigdy nie nale\u017cy dodawa\u0107 wi\u0119cej ni\u017c 12% zapachu, poniewa\u017c \u015bwieca dos\u0142ownie zacznie si\u0119 poci\u0107 lub wyp\u0142ukiwa\u0107 zapach.<\/p>\n<p>Wszystkie olejki zapachowe maj\u0105 tak zwan\u0105 temperatur\u0119 zap\u0142onu - temperatur\u0119, w kt\u00f3rej olejek zaczyna si\u0119 pali\u0107 i uwalnia si\u0119 zapach.<\/p>\n<p>The <strong>Temperatura zap\u0142onu dla Wild Mint wynosi 93,33\u00b0C<\/strong>Aby uzyska\u0107 wi\u0119cej informacji na temat Flash Points, kliknij ten link <a href=\"https:\/\/cosyowl.com\/pl\/przewodniki\/jak-uzywac-olejkow-zapachowych\/?wmc-currency=EUR\">https:\/\/www.cosyowl.com\/guides\/how-to-use-fragrance-oils\/<\/a><\/p>\n<p>Przed zakupem nale\u017cy r\u00f3wnie\u017c zapozna\u0107 si\u0119 z nasz\u0105 not\u0105 informacyjn\u0105 CLP dotycz\u0105c\u0105 stosowania olejk\u00f3w zapachowych w \u015bwiecach. Informacje te odnosz\u0105 si\u0119 do sk\u0142adu chemicznego olejku wraz z ostrze\u017ceniami dotycz\u0105cymi mo\u017cliwych reakcji alergicznych.<\/p>\n<p><strong> Zalecamy wszystkim klientom przetestowanie zapach\u00f3w za pomoc\u0105 naszych butelek testowych o pojemno\u015bci 10 ml przed z\u0142o\u017ceniem zam\u00f3wienia w wi\u0119kszych rozmiarach lub ilo\u015bciach w ma\u0142o prawdopodobnym przypadku niezadowolenia z olejku zapachowego. Prosimy o zapoznanie si\u0119 z nasz\u0105 ofert\u0105 <a href=\"\/pl\/shippinginfo\/?wmc-currency=EUR\" target=\"_blank\" rel=\"noopener\">Dostawa i zwroty<\/a> strona dla pe\u0142nego <a href=\"https:\/\/cosyowl.com\/pl\/privacy\">warunki<\/a> i warunki.<\/strong><\/p>\n<p>*Ten zapach zawiera naturalne sk\u0142adniki (<a href=\"https:\/\/cosyowl.com\/pl\/guides\/essential-oil-benefits\">olejki eteryczne<\/a>ekstrakty, \u017cywice, izolaty), ale nie jest w pe\u0142ni naturalny. Nasze olejki zapachowe zosta\u0142y zaprojektowane tak, aby by\u0142y jak najprostsze, <a href=\"https:\/\/cosyowl.com\/pl\/candle-making-supplies\/glitters\/pure-white-biodegradable\">czysty<\/a> i naturalne, jak to tylko mo\u017cliwe, zapewniaj\u0105c jednocze\u015bnie najlepsz\u0105 projekcj\u0119 zapachu i najlepszy zakres nut zapachowych. Zwi\u0105zki, kt\u00f3re nie s\u0105 pozyskiwane bezpo\u015brednio z natury, s\u0105 albo chemicznie identyczne z naturalnie wyst\u0119puj\u0105cymi zwi\u0105zkami, sztucznie tworzone lub nieznacznie modyfikowane, zwykle w celu uzyskania nieco silniejszego zapachu. Czasami substancje zapachowe niewyst\u0119puj\u0105ce w naturze s\u0105 wykorzystywane do nadania charakterystycznego zapachu, kt\u00f3ry jest wymagany w przypadku niekt\u00f3rych bardziej sztucznych zapach\u00f3w. To samo dotyczy wszystkich olejk\u00f3w zapachowych dost\u0119pnych obecnie na rynku.<\/p>\n<p>Olejki zapachowe maj\u0105 zazwyczaj roczny okres wa\u017cno\u015bci od daty produkcji, jednak wiele olejk\u00f3w zapachowych mo\u017ce przetrwa\u0107 miesi\u0105ce, a nawet lata po up\u0142ywie tej daty, je\u015bli s\u0105 prawid\u0142owo przechowywane. Testy (nie oferujemy tej us\u0142ugi) mog\u0105 by\u0107 wykonywane na olejkach zapachowych w celu okre\u015blenia ich przydatno\u015bci po up\u0142ywie okresu przydatno\u015bci do spo\u017cycia.<\/p>","protected":false},"excerpt":{"rendered":"<p>Please note &#8211; all 5kg, 10kg and 25kg Fragrance Oils are bespoke made-to-order items and have an up to 6-week delivery lead time which isn\u2019t reflected in the shipping options presented at checkout. If your order includes any 5kg, 10kg or 25kg Fragrance Oils, lead time for the entirety of the order will be up [&hellip;]<\/p>\n","protected":false},"featured_media":11815,"comment_status":"open","ping_status":"closed","template":"","meta":{"_acf_changed":false},"product_brand":[],"product_cat":[504,517,790,753,636,586,509,512,511,518,762,515,506,717,788],"product_tag":[909,1595,908,1598],"class_list":{"0":"post-10732","1":"product","2":"type-product","3":"status-publish","4":"has-post-thumbnail","6":"product_cat-fragrance-oils-all-fragrances","7":"product_cat-fragrance-oils-cravings","8":"product_cat-easter","9":"product_cat-sale-fragrance-oils","10":"product_cat-body-care-fragrance-oils","11":"product_cat-hair-care-fragrance-oils","12":"product_cat-soap-making-supplies-fragrances","13":"product_cat-wax-melts-fragrances","14":"product_cat-beard-oil-fragrances","15":"product_cat-fragrance-oils-fresh","16":"product_cat-garden-fragrance-oils","17":"product_cat-fragrance-oils-herbal","18":"product_cat-fragrance-oils-masculine-fragrances","19":"product_cat-sale","20":"product_cat-spring","21":"product_tag-black-friday","22":"product_tag-easter","23":"product_tag-fragrance-oil","24":"product_tag-spring","25":"pa_bottle-size-100ml","26":"pa_bottle-size-10kg","27":"pa_bottle-size-250ml","28":"pa_bottle-size-25kg","29":"pa_bottle-size-500ml","30":"pa_bottle-size-50ml","31":"pa_bottle-size-5kg","32":"pa_bottle-size-950ml","33":"pa_bottle-size-sample","35":"first","36":"instock","37":"sale","38":"taxable","39":"shipping-taxable","40":"purchasable","41":"product-type-variable"},"acf":[],"_links":{"self":[{"href":"https:\/\/cosyowl.com\/pl\/wp-json\/wp\/v2\/product\/10732","targetHints":{"allow":["GET"]}}],"collection":[{"href":"https:\/\/cosyowl.com\/pl\/wp-json\/wp\/v2\/product"}],"about":[{"href":"https:\/\/cosyowl.com\/pl\/wp-json\/wp\/v2\/types\/product"}],"replies":[{"embeddable":true,"href":"https:\/\/cosyowl.com\/pl\/wp-json\/wp\/v2\/comments?post=10732"}],"wp:featuredmedia":[{"embeddable":true,"href":"https:\/\/cosyowl.com\/pl\/wp-json\/wp\/v2\/media\/11815"}],"wp:attachment":[{"href":"https:\/\/cosyowl.com\/pl\/wp-json\/wp\/v2\/media?parent=10732"}],"wp:term":[{"taxonomy":"product_brand","embeddable":true,"href":"https:\/\/cosyowl.com\/pl\/wp-json\/wp\/v2\/product_brand?post=10732"},{"taxonomy":"product_cat","embeddable":true,"href":"https:\/\/cosyowl.com\/pl\/wp-json\/wp\/v2\/product_cat?post=10732"},{"taxonomy":"product_tag","embeddable":true,"href":"https:\/\/cosyowl.com\/pl\/wp-json\/wp\/v2\/product_tag?post=10732"}],"curies":[{"name":"wp","href":"https:\/\/api.w.org\/{rel}","templated":true}]}}