{"id":10731,"date":"2021-10-01T06:08:00","date_gmt":"2021-10-01T05:08:00","guid":{"rendered":"https:\/\/cosyowl.com\/product\/uncategorized\/import-placeholder-for-tcdl-cfra-bowl-ncap-358"},"modified":"2026-04-30T16:22:57","modified_gmt":"2026-04-30T15:22:57","slug":"olejek-zapachowy-cappuccino","status":"publish","type":"product","link":"https:\/\/cosyowl.com\/pl\/candle-making-supplies\/fragrance-oils-for-candle-making\/all-fragrances\/cappuccino-fragrance-oil","title":{"rendered":"Olejek zapachowy cappuccino"},"content":{"rendered":"<p><strong>Uwaga - modele 10 kg i 25 kg <a href=\"https:\/\/cosyowl.com\/pl\/guides\/2023-spring-fragrance-oil-trends\">olejki zapachowe<\/a> Szacowany czas dostawy wynosi 2-3 tygodnie.<\/strong><\/p>\n<p>Wykonane z <a href=\"https:\/\/cosyowl.com\/pl\/candle-making-supplies\/fragrance-oils-for-candle-making\/all-fragrances\/honey-fragrance-oil\">naturalny<\/a> sk\u0142adniki i olejki eteryczne*.<\/p>\n<p>Nasz <strong>Typ cappuccino <a href=\"https:\/\/cosyowl.com\/pl\/candle-making-supplies\/fragrance-oils-for-candle-making\/premium-fragrance-oils\/cosy-owl-premium-1-million-type-fragrance-oil\">Olejek zapachowy<\/a><\/strong> zosta\u0142 specjalnie opracowany, aby uwalnia\u0107 i zalewa\u0107 pomieszczenie po\u0142\u0105czonym przyjemnym zapachem kawy zmieszanym z wieloma dodatkowymi aromatami, zapewniaj\u0105c silny i wyra\u017any zapach kojarzony z<strong> ziarna kawy, <a href=\"https:\/\/cosyowl.com\/pl\/fragrance-oils\/coconut\">kokos<\/a> i bia\u0142a brzoskwinia<\/strong>. Ten pocz\u0105tkowy aromat jest najbardziej wyra\u017any, gdy <a href=\"https:\/\/cosyowl.com\/pl\/guides\/a-summers-beach-gel-votive-candle\">\u015bwieca<\/a> zaczyna si\u0119 pali\u0107, wype\u0142niaj\u0105c pomieszczenie zapachem, kt\u00f3ry jest nast\u0119pnie wzmacniany przez lekkie tony <strong>nuty mleczne, tonka i posypka cynamonowa<\/strong>. Formu\u0142a tego charakterystycznego zapachu zawiera cudowny, \u015bladowy posmak<strong> ziaren wanilii, pi\u017cma i <a href=\"https:\/\/cosyowl.com\/pl\/candle-making-supplies\/fragrance-oils-for-candle-making\/all-fragrances\/french-vanilla-fragrance-oil\">kremowy<\/a> bursztyn<\/strong>.<\/p>\n<p>Wszystkie nasze olejki zapachowe s\u0105 dost\u0119pne wy\u0142\u0105cznie dla <a href=\"https:\/\/cosyowl.com\/pl\/\">Przytulna sowa<\/a> i zosta\u0142y opracowane przez naszych ekspert\u00f3w w celu zapewnienia doskona\u0142ego wyrzutu zapachu w \u015bwiecy i zosta\u0142y zoptymalizowane do u\u017cycia z naszym woskiem. Nasze olejki s\u0105 skoncentrowane w 100% i s\u0105 w pe\u0142ni kompatybilne ze wszystkimi naszymi woskami.<\/p>\n<p><strong>Ile zapachu powinienem doda\u0107?<\/strong><\/p>\n<p>Wszystkie nasze zapachy s\u0105 wysokiej jako\u015bci <a href=\"https:\/\/cosyowl.com\/pl\/candle-wicks\/wedo-lx-wick-raw\">jako\u015b\u0107<\/a> i zaprojektowane specjalnie z my\u015bl\u0105 o doskona\u0142ym wyrzucaniu zapachu, co oznacza, \u017ce og\u00f3lnie rzecz bior\u0105c mniej znaczy wi\u0119cej. To, ile nale\u017cy doda\u0107, jest nieco skomplikowane i opracowali\u015bmy <a href=\"https:\/\/cosyowl.com\/pl\/guides\/a-guide-to-creating-your-own-soap-products\">przewodnik<\/a> aby poda\u0107 wi\u0119cej szczeg\u00f3\u0142\u00f3w. Og\u00f3lnie rzecz bior\u0105c, rozpocz\u0119cie od 5-8% jest dobrym pomys\u0142em, a do 10% dla mniej silnych zapach\u00f3w powinno zapewni\u0107 wi\u0119cej ni\u017c wystarczaj\u0105c\u0105 moc zapachu. Zawsze najlepiej jest poeksperymentowa\u0107 z ka\u017cdym zapachem i kombinacj\u0105 wosk\u00f3w, zaczynaj\u0105c od niskiego poziomu i zwi\u0119kszaj\u0105c go. Tak d\u0142ugo, jak post\u0119pujesz zgodnie z instrukcjami i przestrzegasz temperatury zap\u0142onu, przy odrobinie praktyki uzyskasz pi\u0119knie pachn\u0105ce \u015bwiece. Og\u00f3lnie rzecz bior\u0105c, nigdy nie nale\u017cy dodawa\u0107 wi\u0119cej ni\u017c 12% zapachu, poniewa\u017c \u015bwieca dos\u0142ownie zacznie si\u0119 poci\u0107 lub wyp\u0142ukiwa\u0107 zapach.<\/p>\n<p>Wszystkie olejki zapachowe maj\u0105 tak zwan\u0105 temperatur\u0119 zap\u0142onu - temperatur\u0119, w kt\u00f3rej olejek zaczyna si\u0119 pali\u0107 i uwalnia si\u0119 zapach.<\/p>\n<p>The <strong>Temperatura zap\u0142onu dla cappuccino wynosi 93,33\u00b0C.<\/strong>Aby uzyska\u0107 wi\u0119cej informacji na temat Flash Points, kliknij ten link <a href=\"https:\/\/cosyowl.com\/pl\/przewodniki\/jak-uzywac-olejkow-zapachowych\/?wmc-currency=EUR\">https:\/\/www.cosyowl.com\/guides\/how-to-use-fragrance-oils\/<\/a><\/p>\n<p><strong>U\u017cywanie tego zapachu w <a href=\"https:\/\/cosyowl.com\/pl\/guides\/making-a-reed-diffuser\">dyfuzor trzcinowy<\/a>?<\/strong><\/p>\n<p>Wszystkie nasze zapachy zosta\u0142y zaprojektowane do dzia\u0142ania w <a href=\"https:\/\/cosyowl.com\/pl\/guides\/a-beginners-guide-to-making-reed-diffusers\">dyfuzory trzcinowe<\/a> po zmieszaniu z <a href=\"\/pl\/dyfuzory-trzcinowe\/olej-bazowy-do-dyfuzorow-trzcinowych-2\/?wmc-currency=EUR\">Olej bazowy do dyfuzor\u00f3w dost\u0119pny tutaj<\/a>. U\u017cyj do 25% zapachu zmieszanego z olejem bazowym w zale\u017cno\u015bci od wymaganej si\u0142y zapachu.<\/p>\n<p><strong>U\u017cywasz tego zapachu w mydle?<\/strong><\/p>\n<p>Wszystkie nasze kompozycje zapachowe s\u0105 r\u00f3wnie\u017c specjalnie opracowane do stosowania w myd\u0142ach w postaci sta\u0142ej, patrz karta charakterystyki, aby uzyska\u0107 informacje na temat maksymalnego % ka\u017cdego zapachu, kt\u00f3ry mo\u017ce by\u0107 u\u017cyty w mydle. <a href=\"https:\/\/cosyowl.com\/pl\/guides\/a-beginners-guide-to-soap-making\">produkcja myd\u0142a<\/a> aplikacje.<\/p>\n<p>Przed zakupem nale\u017cy r\u00f3wnie\u017c zapozna\u0107 si\u0119 z nasz\u0105 not\u0105 informacyjn\u0105 CLP dotycz\u0105c\u0105 stosowania olejk\u00f3w zapachowych w \u015bwiecach. Informacje te odnosz\u0105 si\u0119 do sk\u0142adu chemicznego olejku wraz z ostrze\u017ceniami dotycz\u0105cymi mo\u017cliwych reakcji alergicznych.<\/p>\n<p><strong>Cruelty Free<\/strong><\/p>\n<p>Etyczne pozyskiwanie produkt\u00f3w ma dla nas ogromne znaczenie i z dum\u0105 mo\u017cemy powiedzie\u0107, \u017ce wszystkie olejki zapachowe dostarczane przez Cosy Owl i ich <a href=\"https:\/\/cosyowl.com\/pl\/candle-wicks\/tcr-series-wick-raw\">surowy<\/a> materia\u0142y, s\u0105 wolne od okrucie\u0144stwa i absolutnie nie s\u0105 testowane na zwierz\u0119tach ani ludziach. Rozumiemy jednak, \u017ce mo\u017ce wyst\u0105pi\u0107 pewne zamieszanie, poniewa\u017c bezpiecze\u0144stwo <a href=\"https:\/\/cosyowl.com\/pl\/data-sheets\">Arkusze danych<\/a> (SDS) zawieraj\u0105 warto\u015bci toksyczno\u015bci dla szczur\u00f3w i kr\u00f3lik\u00f3w. Ta konkretna sekcja odnosi si\u0119 do LD50 (toksyczno\u015bci) poszczeg\u00f3lnych sk\u0142adnik\u00f3w, kt\u00f3re s\u0105 wymagane w innych bran\u017cach (np. do stosowania w \u017cywno\u015bci) i jest obowi\u0105zkowe, aby\u015bmy je uwzgl\u0119dnili, je\u015bli istniej\u0105. Wszelkie dane dotycz\u0105ce test\u00f3w na zwierz\u0119tach opieraj\u0105 si\u0119 na testach, kt\u00f3re nie zosta\u0142y przeprowadzone lub usankcjonowane przez nas lub naszych dostawc\u00f3w, w niekt\u00f3rych przypadkach testy te zosta\u0142y nakazane przez agencj\u0119 rz\u0105dow\u0105 lub przeprowadzone kilkadziesi\u0105t lat temu i kategorycznie nie przeprowadzono \u017cadnych test\u00f3w pod k\u0105tem stosowania tych sk\u0142adnik\u00f3w w dostarczanych przez nas produktach.<\/p>\n<p><strong> Zalecamy wszystkim klientom przetestowanie zapach\u00f3w za pomoc\u0105 naszych butelek testowych o pojemno\u015bci 10 ml przed z\u0142o\u017ceniem zam\u00f3wienia w wi\u0119kszych rozmiarach lub ilo\u015bciach w ma\u0142o prawdopodobnym przypadku niezadowolenia z olejku zapachowego. Prosimy o zapoznanie si\u0119 z nasz\u0105 ofert\u0105 <a href=\"\/pl\/shippinginfo\/?wmc-currency=EUR\" target=\"_blank\" rel=\"noopener\">Dostawa i zwroty<\/a> strona dla pe\u0142nego <a href=\"https:\/\/cosyowl.com\/pl\/privacy\">warunki<\/a> i warunki.<\/strong><\/p>\n<p>*Ten zapach zawiera naturalne sk\u0142adniki (<a href=\"https:\/\/cosyowl.com\/pl\/guides\/essential-oil-benefits\">olejki eteryczne<\/a>ekstrakty, \u017cywice, izolaty), ale nie jest w pe\u0142ni naturalny. Nasze olejki zapachowe zosta\u0142y zaprojektowane tak, aby by\u0142y jak najprostsze, <a href=\"https:\/\/cosyowl.com\/pl\/candle-making-supplies\/glitters\/pure-white-biodegradable\">czysty<\/a> i naturalne, jak to tylko mo\u017cliwe, zapewniaj\u0105c jednocze\u015bnie najlepsz\u0105 projekcj\u0119 zapachu i najlepszy zakres nut zapachowych. Zwi\u0105zki, kt\u00f3re nie s\u0105 pozyskiwane bezpo\u015brednio z natury, s\u0105 albo chemicznie identyczne z naturalnie wyst\u0119puj\u0105cymi zwi\u0105zkami, sztucznie tworzone lub nieznacznie modyfikowane, zwykle w celu uzyskania nieco silniejszego zapachu. Czasami substancje zapachowe niewyst\u0119puj\u0105ce w naturze s\u0105 wykorzystywane do nadania charakterystycznego zapachu, kt\u00f3ry jest wymagany w przypadku niekt\u00f3rych bardziej sztucznych zapach\u00f3w. To samo dotyczy wszystkich olejk\u00f3w zapachowych dost\u0119pnych obecnie na rynku.<\/p>\n<p>Olejki zapachowe maj\u0105 zazwyczaj roczny okres wa\u017cno\u015bci od daty produkcji, jednak wiele olejk\u00f3w zapachowych mo\u017ce przetrwa\u0107 miesi\u0105ce, a nawet lata po up\u0142ywie tej daty, je\u015bli s\u0105 prawid\u0142owo przechowywane. Testy (nie oferujemy tej us\u0142ugi) mog\u0105 by\u0107 wykonywane na olejkach zapachowych w celu okre\u015blenia ich przydatno\u015bci po up\u0142ywie okresu przydatno\u015bci do spo\u017cycia.<\/p>\n<p>Aktualne dokumenty IFRA (IFRA wersja 48) s\u0105 istotne i maj\u0105 zastosowanie do wszystkich naszych zapach\u00f3w do lutego 2022 r., kiedy to nowe klasyfikacje wejd\u0105 w \u017cycie dla istniej\u0105cych produkt\u00f3w, tj. zapach\u00f3w, kt\u00f3re s\u0105 ju\u017c na rynku. Wszystkie nowe zapachy podlegaj\u0105 ju\u017c klasyfikacji IFRA 49. W nadchodz\u0105cych tygodniach, w miar\u0119 otrzymywania odpowiednich informacji, b\u0119dziemy aktualizowa\u0107 i wprowadza\u0107 niezb\u0119dne zmiany na naszej stronie internetowej.<\/p>","protected":false},"excerpt":{"rendered":"<p>Please note \u2013 The 10kg and 25kg fragrance oils have an estimated lead time of 2-3 weeks for delivery. Made with natural ingredients and essential oils*. Our Cappuccino Type Fragrance Oil has been specially formulated to release and flood your room with the combined indulgent scent of coffee mixed with many complimentary flavours, providing a [&hellip;]<\/p>\n","protected":false},"featured_media":11836,"comment_status":"open","ping_status":"closed","template":"","meta":{"_acf_changed":false},"product_brand":[],"product_cat":[517,504,516,526],"product_tag":[908],"class_list":{"0":"post-10731","1":"product","2":"type-product","3":"status-publish","4":"has-post-thumbnail","6":"product_cat-fragrance-oils-cravings","7":"product_cat-fragrance-oils-all-fragrances","8":"product_cat-fragrance-oils-sweet","9":"product_cat-fragrance-oils-vanilla","10":"product_tag-fragrance-oil","12":"first","13":"instock","14":"taxable","15":"shipping-taxable","16":"purchasable","17":"product-type-variable"},"acf":[],"_links":{"self":[{"href":"https:\/\/cosyowl.com\/pl\/wp-json\/wp\/v2\/product\/10731","targetHints":{"allow":["GET"]}}],"collection":[{"href":"https:\/\/cosyowl.com\/pl\/wp-json\/wp\/v2\/product"}],"about":[{"href":"https:\/\/cosyowl.com\/pl\/wp-json\/wp\/v2\/types\/product"}],"replies":[{"embeddable":true,"href":"https:\/\/cosyowl.com\/pl\/wp-json\/wp\/v2\/comments?post=10731"}],"wp:featuredmedia":[{"embeddable":true,"href":"https:\/\/cosyowl.com\/pl\/wp-json\/wp\/v2\/media\/11836"}],"wp:attachment":[{"href":"https:\/\/cosyowl.com\/pl\/wp-json\/wp\/v2\/media?parent=10731"}],"wp:term":[{"taxonomy":"product_brand","embeddable":true,"href":"https:\/\/cosyowl.com\/pl\/wp-json\/wp\/v2\/product_brand?post=10731"},{"taxonomy":"product_cat","embeddable":true,"href":"https:\/\/cosyowl.com\/pl\/wp-json\/wp\/v2\/product_cat?post=10731"},{"taxonomy":"product_tag","embeddable":true,"href":"https:\/\/cosyowl.com\/pl\/wp-json\/wp\/v2\/product_tag?post=10731"}],"curies":[{"name":"wp","href":"https:\/\/api.w.org\/{rel}","templated":true}]}}