{"id":10702,"date":"2021-10-01T06:07:00","date_gmt":"2021-10-01T05:07:00","guid":{"rendered":"https:\/\/cosyowl.com\/product\/uncategorized\/import-placeholder-for-tcdl-cfra-bowl-nped-355"},"modified":"2026-03-24T16:27:35","modified_gmt":"2026-03-24T16:27:35","slug":"olejek-zapachowy-z-kropli-gruszki","status":"publish","type":"product","link":"https:\/\/cosyowl.com\/pl\/fragrance-oils\/pear-drop","title":{"rendered":"Olejek zapachowy Pear Drop"},"content":{"rendered":"<p><strong>5kg, 10kg i 25kg Pear Drop <a href=\"https:\/\/cosyowl.com\/pl\/candle-making-supplies\/fragrance-oils-for-candle-making\/premium-fragrance-oils\/cosy-owl-premium-1-million-type-fragrance-oil\">Olejek zapachowy<\/a><\/strong><strong>s\u0105 wysy\u0142ane z magazynu i s\u0105 dost\u0119pne w standardowych terminach wysy\u0142ki.<\/strong><\/p>\n<p>Wykonane z <a href=\"https:\/\/cosyowl.com\/pl\/candle-making-supplies\/fragrance-oils-for-candle-making\/all-fragrances\/honey-fragrance-oil\">naturalny<\/a> sk\u0142adniki i olejki eteryczne*.<\/p>\n<p>Nasz <strong>Olejek zapachowy typu Pear Drop<\/strong> zosta\u0142 specjalnie opracowany, aby uwolni\u0107 dobrze znany zapach oparty na owocach i perfumach - by\u0107 mo\u017ce dla niekt\u00f3rych bardzo pami\u0119tny z dzieci\u0144stwa. Zapach pocz\u0105tkowo zapewnia silny i wyra\u017any zapach kojarzony z<strong> <a href=\"https:\/\/cosyowl.com\/pl\/fragrance-oils\/fresh-cut-grass\">zielony<\/a> jab\u0142ko, bia\u0142a lilia i osmantus<\/strong>. Aromat ten jest najbardziej wyra\u017any, gdy <a href=\"https:\/\/cosyowl.com\/pl\/guides\/a-summers-beach-gel-votive-candle\">\u015bwieca<\/a> zaczyna si\u0119 pali\u0107, wype\u0142niaj\u0105c pomieszczenie zapachem, kt\u00f3ry jest nast\u0119pnie wzmacniany przez lekkie tony <strong>p\u00f3\u0142noc <a href=\"https:\/\/cosyowl.com\/pl\/candle-making-supplies\/fragrance-oils-for-candle-making\/all-fragrances\/jasmine-fragrance-oil\">ja\u015bmin<\/a> i gruszka nashi<\/strong>. Formu\u0142a tego charakterystycznego zapachu zawiera cudowny, \u015bladowy posmak <strong>tonka, davana, cynamon, bita \u015bmietana, wanilia i mi\u00f3d z ostu<\/strong>.<\/p>\n<p>Wszystkie nasze <a href=\"https:\/\/cosyowl.com\/pl\/guides\/2023-spring-fragrance-oil-trends\">olejki zapachowe<\/a> s\u0105 wy\u0142\u0105czne dla <a href=\"https:\/\/cosyowl.com\/pl\/\">Przytulna sowa<\/a> i zosta\u0142y opracowane przez naszych ekspert\u00f3w w celu zapewnienia doskona\u0142ego wyrzutu zapachu w \u015bwiecy i zosta\u0142y zoptymalizowane do u\u017cycia z naszym woskiem. Nasze olejki s\u0105 skoncentrowane w 100% i s\u0105 w pe\u0142ni kompatybilne ze wszystkimi naszymi woskami.<\/p>\n<p><strong>Ile zapachu powinienem doda\u0107?<\/strong><\/p>\n<p>Wszystkie nasze zapachy s\u0105 wysokiej jako\u015bci <a href=\"https:\/\/cosyowl.com\/pl\/candle-wicks\/wedo-lx-wick-raw\">jako\u015b\u0107<\/a> i zaprojektowane specjalnie z my\u015bl\u0105 o doskona\u0142ym wyrzucaniu zapachu, co oznacza, \u017ce og\u00f3lnie rzecz bior\u0105c mniej znaczy wi\u0119cej. To, ile nale\u017cy doda\u0107, jest nieco skomplikowane i opracowali\u015bmy <a href=\"https:\/\/cosyowl.com\/pl\/guides\/a-guide-to-creating-your-own-soap-products\">przewodnik<\/a> aby poda\u0107 wi\u0119cej szczeg\u00f3\u0142\u00f3w. Og\u00f3lnie rzecz bior\u0105c, rozpocz\u0119cie od 5-8% jest dobrym pomys\u0142em, a do 10% dla mniej silnych zapach\u00f3w powinno zapewni\u0107 wi\u0119cej ni\u017c wystarczaj\u0105c\u0105 moc zapachu. Zawsze najlepiej jest poeksperymentowa\u0107 z ka\u017cdym zapachem i kombinacj\u0105 wosk\u00f3w, zaczynaj\u0105c od niskiego poziomu i zwi\u0119kszaj\u0105c go. Tak d\u0142ugo, jak post\u0119pujesz zgodnie z instrukcjami i przestrzegasz temperatury zap\u0142onu, przy odrobinie praktyki uzyskasz pi\u0119knie pachn\u0105ce \u015bwiece. Og\u00f3lnie rzecz bior\u0105c, nigdy nie nale\u017cy dodawa\u0107 wi\u0119cej ni\u017c 12% zapachu, poniewa\u017c \u015bwieca dos\u0142ownie zacznie si\u0119 poci\u0107 lub wyp\u0142ukiwa\u0107 zapach.<\/p>\n<p>Wszystkie olejki zapachowe maj\u0105 tak zwan\u0105 temperatur\u0119 zap\u0142onu - temperatur\u0119, w kt\u00f3rej olejek zaczyna si\u0119 pali\u0107 i uwalnia si\u0119 zapach.<\/p>\n<p>The <strong>Temperatura zap\u0142onu dla Pear Drop wynosi 65\u00b0C<\/strong>Aby uzyska\u0107 wi\u0119cej informacji na temat Flash Points, kliknij ten link <a href=\"https:\/\/cosyowl.com\/pl\/przewodniki\/jak-uzywac-olejkow-zapachowych\/?wmc-currency=EUR\">https:\/\/www.cosyowl.com\/guides\/how-to-use-fragrance-oils\/<\/a><\/p>\n<p>Przed zakupem nale\u017cy r\u00f3wnie\u017c zapozna\u0107 si\u0119 z nasz\u0105 not\u0105 informacyjn\u0105 CLP dotycz\u0105c\u0105 stosowania olejk\u00f3w zapachowych w \u015bwiecach. Informacje te odnosz\u0105 si\u0119 do sk\u0142adu chemicznego olejku wraz z ostrze\u017ceniami dotycz\u0105cymi mo\u017cliwych reakcji alergicznych.<\/p>\n<p><strong> Zalecamy wszystkim klientom przetestowanie zapach\u00f3w za pomoc\u0105 naszych butelek testowych o pojemno\u015bci 10 ml przed z\u0142o\u017ceniem zam\u00f3wienia w wi\u0119kszych rozmiarach lub ilo\u015bciach w ma\u0142o prawdopodobnym przypadku niezadowolenia z olejku zapachowego. Prosimy o zapoznanie si\u0119 z nasz\u0105 ofert\u0105 <a href=\"\/pl\/shippinginfo\/?wmc-currency=EUR\" target=\"_blank\" rel=\"noopener\">Dostawa i zwroty<\/a> strona dla pe\u0142nego <a href=\"https:\/\/cosyowl.com\/pl\/privacy\">warunki<\/a> i warunki.<\/strong><\/p>\n<p>*Ten zapach zawiera naturalne sk\u0142adniki (<a href=\"https:\/\/cosyowl.com\/pl\/guides\/essential-oil-benefits\">olejki eteryczne<\/a>ekstrakty, \u017cywice, izolaty), ale nie jest w pe\u0142ni naturalny. Nasze olejki zapachowe zosta\u0142y zaprojektowane tak, aby by\u0142y jak najprostsze, <a href=\"https:\/\/cosyowl.com\/pl\/candle-making-supplies\/glitters\/pure-white-biodegradable\">czysty<\/a> i naturalne, jak to tylko mo\u017cliwe, zapewniaj\u0105c jednocze\u015bnie najlepsz\u0105 projekcj\u0119 zapachu i najlepszy zakres nut zapachowych. Zwi\u0105zki, kt\u00f3re nie s\u0105 pozyskiwane bezpo\u015brednio z natury, s\u0105 albo chemicznie identyczne z naturalnie wyst\u0119puj\u0105cymi zwi\u0105zkami, sztucznie tworzone lub nieznacznie modyfikowane, zwykle w celu uzyskania nieco silniejszego zapachu. Czasami substancje zapachowe niewyst\u0119puj\u0105ce w naturze s\u0105 wykorzystywane do nadania charakterystycznego zapachu, kt\u00f3ry jest wymagany w przypadku niekt\u00f3rych bardziej sztucznych zapach\u00f3w. To samo dotyczy wszystkich olejk\u00f3w zapachowych dost\u0119pnych obecnie na rynku.<\/p>\n<p>Olejki zapachowe maj\u0105 zazwyczaj roczny okres wa\u017cno\u015bci od daty produkcji, jednak wiele olejk\u00f3w zapachowych mo\u017ce przetrwa\u0107 miesi\u0105ce, a nawet lata po up\u0142ywie tej daty, je\u015bli s\u0105 prawid\u0142owo przechowywane. Testy (nie oferujemy tej us\u0142ugi) mog\u0105 by\u0107 wykonywane na olejkach zapachowych w celu okre\u015blenia ich przydatno\u015bci po up\u0142ywie okresu przydatno\u015bci do spo\u017cycia.<\/p>","protected":false},"excerpt":{"rendered":"<p>5kg, 10kg and 25kg Pear Drop Fragrance Oils are despatched from stock and are available on standard shipping times. Made with natural ingredients and essential oils*. Our Pear Drop Type Fragrance Oil has been specially formulated to release a well known fruit and perfume based scent &#8211; perhaps for some very memorable from their childhood. [&hellip;]<\/p>\n","protected":false},"featured_media":11877,"comment_status":"open","ping_status":"closed","template":"","meta":{"_acf_changed":false},"product_brand":[],"product_cat":[504,753,636,586,509,512,511,698,717,516],"product_tag":[909,908],"class_list":{"0":"post-10702","1":"product","2":"type-product","3":"status-publish","4":"has-post-thumbnail","6":"product_cat-fragrance-oils-all-fragrances","7":"product_cat-sale-fragrance-oils","8":"product_cat-body-care-fragrance-oils","9":"product_cat-hair-care-fragrance-oils","10":"product_cat-soap-making-supplies-fragrances","11":"product_cat-wax-melts-fragrances","12":"product_cat-beard-oil-fragrances","13":"product_cat-fruit-fragrance-oils","14":"product_cat-sale","15":"product_cat-fragrance-oils-sweet","16":"product_tag-black-friday","17":"product_tag-fragrance-oil","18":"pa_bottle-size-100ml","19":"pa_bottle-size-10kg-2","20":"pa_bottle-size-250ml","21":"pa_bottle-size-25kg-2","22":"pa_bottle-size-500ml","23":"pa_bottle-size-50ml","24":"pa_bottle-size-950ml","25":"pa_bottle-size-sample","27":"first","28":"instock","29":"sale","30":"taxable","31":"shipping-taxable","32":"purchasable","33":"product-type-variable"},"acf":[],"_links":{"self":[{"href":"https:\/\/cosyowl.com\/pl\/wp-json\/wp\/v2\/product\/10702","targetHints":{"allow":["GET"]}}],"collection":[{"href":"https:\/\/cosyowl.com\/pl\/wp-json\/wp\/v2\/product"}],"about":[{"href":"https:\/\/cosyowl.com\/pl\/wp-json\/wp\/v2\/types\/product"}],"replies":[{"embeddable":true,"href":"https:\/\/cosyowl.com\/pl\/wp-json\/wp\/v2\/comments?post=10702"}],"wp:featuredmedia":[{"embeddable":true,"href":"https:\/\/cosyowl.com\/pl\/wp-json\/wp\/v2\/media\/11877"}],"wp:attachment":[{"href":"https:\/\/cosyowl.com\/pl\/wp-json\/wp\/v2\/media?parent=10702"}],"wp:term":[{"taxonomy":"product_brand","embeddable":true,"href":"https:\/\/cosyowl.com\/pl\/wp-json\/wp\/v2\/product_brand?post=10702"},{"taxonomy":"product_cat","embeddable":true,"href":"https:\/\/cosyowl.com\/pl\/wp-json\/wp\/v2\/product_cat?post=10702"},{"taxonomy":"product_tag","embeddable":true,"href":"https:\/\/cosyowl.com\/pl\/wp-json\/wp\/v2\/product_tag?post=10702"}],"curies":[{"name":"wp","href":"https:\/\/api.w.org\/{rel}","templated":true}]}}