{"id":10518,"date":"2021-01-07T06:06:00","date_gmt":"2021-01-07T06:06:00","guid":{"rendered":"https:\/\/cosyowl.com\/product\/uncategorized\/import-placeholder-for-tcdl-ccon-bowl-ctin18-325"},"modified":"2026-04-30T16:22:50","modified_gmt":"2026-04-30T15:22:50","slug":"srebrna-okragla-bezszwowa-puszka-na-swiece-250ml","status":"publish","type":"product","link":"https:\/\/cosyowl.com\/pl\/candle-containers\/candle-tins\/silver-round-seamless-candle-tin-250ml","title":{"rendered":"Srebrna okr\u0105g\u0142a bezszwowa puszka na \u015bwiec\u0119 - 250 ml"},"content":{"rendered":"<p>Ten produkt jest okr\u0105g\u0142y, wyko\u0144czony na srebrny mat <a href=\"https:\/\/cosyowl.com\/pl\/guides\/a-summers-beach-gel-votive-candle\">\u015bwieca<\/a> Puszka z b\u0142yszcz\u0105cymi srebrnymi obr\u0119czami u podstawy oraz wok\u00f3\u0142 g\u00f3rnej i dolnej cz\u0119\u015bci pokrywy. Ta puszka na \u015bwiec\u0119 nie ma schodkowej podstawy (jak w przypadku innych modeli) i ma nieco mniej toporn\u0105 pokrywk\u0119. Nasze puszki na \u015bwiece s\u0105 bardzo konkurencyjne cenowo i naprawd\u0119 mog\u0105 wnie\u015b\u0107 odrobin\u0119 klasy do ka\u017cdego pomieszczenia.<\/p>\n<p>Nasz <a href=\"https:\/\/cosyowl.com\/pl\/\">Przytulna sowa<\/a> Puszki na \u015bwiece s\u0105 dost\u0119pne w r\u00f3\u017cnych rozmiarach, a tak\u017ce w kolorze bia\u0142ym i r\u00f3\u017cowym ze z\u0142otymi obr\u0119czami.<\/p>\n<p>Rozmiar i obj\u0119to\u015b\u0107:<\/p>\n<ul>\n<li style=\"list-style-type: none\">\n<ul>\n<li>Puszka o pojemno\u015bci 250 ml mie\u015bci oko\u0142o 200 g wosku*.<\/li>\n<li>Rozmiar: 98 mm (\u015brednica) x 40 mm (wysoko\u015b\u0107)<\/li>\n<\/ul>\n<\/li>\n<\/ul>\n<h3>Zalecenia dotycz\u0105ce knot\u00f3w**<\/h3>\n<p><strong>Kliknij poni\u017cszy link, aby zapozna\u0107 si\u0119 z naszymi knotami <a href=\"https:\/\/cosyowl.com\/pl\/guides\/using-cotton-wicks-with-soyaluna-container-wax-recommendations\">zalecenia<\/a> dostosowane do Twoich potrzeb w zakresie produkcji \u015bwiec.<\/strong><\/p>\n<p><a href=\"https:\/\/cosyowl.com\/pl\/przewodniki\/wartosci-procentowe-i-pomiary\/?wmc-currency=EUR\">Rekomendacje Cosy Owl Wick<\/a><\/p>\n<p>*Nale\u017cy pami\u0119ta\u0107, \u017ce zalecana ilo\u015b\u0107 wosku to <a href=\"https:\/\/cosyowl.com\/pl\/guides\/a-guide-to-creating-your-own-soap-products\">przewodnik<\/a> i opiera si\u0119 na maksymalnej pojemno\u015bci danego pojemnika. Dlatego mo\u017cliwe jest u\u017cycie mniejszej ilo\u015bci wosku, ale nie zalecamy przekraczania maksymalnej pojemno\u015bci. Zalecamy stosowanie podanych ilo\u015bci wosku wy\u0142\u0105cznie jako punktu wyj\u015bcia i dostosowanie ich do w\u0142asnych potrzeb. <a href=\"https:\/\/cosyowl.com\/pl\/guides\/weighing-fragrance\">pomiary<\/a> zgodnie z w\u0142asnymi preferencjami.<\/p>\n<p>**Uwaga: wszystkie zalecenia dotycz\u0105ce knot\u00f3w opieraj\u0105 si\u0119 wy\u0142\u0105cznie na u\u017cyciu z naszym woskiem. Najmniejszy <a href=\"https:\/\/cosyowl.com\/pl\/guides\/candle-wick-size-chart\">Rozmiar knota<\/a> zalecany jest do u\u017cytku wy\u0142\u0105cznie z woskiem. Najwi\u0119kszy zalecany rozmiar knota jest przeznaczony do u\u017cytku, gdy <a href=\"https:\/\/cosyowl.com\/pl\/candle-making-supplies\/fragrance-oils-for-candle-making\/premium-fragrance-oils\/cosy-owl-premium-1-million-type-fragrance-oil\">Olejek zapachowy<\/a> i\/lub barwnik. Wszystkie podane informacje nale\u017cy traktowa\u0107 wy\u0142\u0105cznie jako wskaz\u00f3wki pomocne w znalezieniu punktu wyj\u015bcia podczas eksperymentowania z knotami, poniewa\u017c zmienne temperatury i <a href=\"https:\/\/cosyowl.com\/pl\/guides\/2023-spring-fragrance-oil-trends\">Olejki zapachowe<\/a> b\u0119d\u0105 mia\u0142y wp\u0142yw na sukces knota.<\/p>","protected":false},"excerpt":{"rendered":"<p>This product is a round matt silver finished candle tin featuring shiny silver coloured rims at the base and around the top and bottom of the lid. This candle tin has no stepped base (as with other models) and a slightly less fussy lid. Our candle tins are very competitively priced and really can bring [&hellip;]<\/p>\n","protected":false},"featured_media":11975,"comment_status":"open","ping_status":"closed","template":"","meta":{"_acf_changed":false},"product_brand":[],"product_cat":[501,639,752,717],"product_tag":[918],"class_list":{"0":"post-10518","1":"product","2":"type-product","3":"status-publish","4":"has-post-thumbnail","6":"product_cat-metal-containers","7":"product_cat-body-care-containers","8":"product_cat-sale-containers","9":"product_cat-sale","10":"product_tag-candle-tin","12":"first","13":"instock","14":"sale","15":"taxable","16":"shipping-taxable","17":"purchasable","18":"product-type-variable"},"acf":[],"_links":{"self":[{"href":"https:\/\/cosyowl.com\/pl\/wp-json\/wp\/v2\/product\/10518","targetHints":{"allow":["GET"]}}],"collection":[{"href":"https:\/\/cosyowl.com\/pl\/wp-json\/wp\/v2\/product"}],"about":[{"href":"https:\/\/cosyowl.com\/pl\/wp-json\/wp\/v2\/types\/product"}],"replies":[{"embeddable":true,"href":"https:\/\/cosyowl.com\/pl\/wp-json\/wp\/v2\/comments?post=10518"}],"wp:featuredmedia":[{"embeddable":true,"href":"https:\/\/cosyowl.com\/pl\/wp-json\/wp\/v2\/media\/11975"}],"wp:attachment":[{"href":"https:\/\/cosyowl.com\/pl\/wp-json\/wp\/v2\/media?parent=10518"}],"wp:term":[{"taxonomy":"product_brand","embeddable":true,"href":"https:\/\/cosyowl.com\/pl\/wp-json\/wp\/v2\/product_brand?post=10518"},{"taxonomy":"product_cat","embeddable":true,"href":"https:\/\/cosyowl.com\/pl\/wp-json\/wp\/v2\/product_cat?post=10518"},{"taxonomy":"product_tag","embeddable":true,"href":"https:\/\/cosyowl.com\/pl\/wp-json\/wp\/v2\/product_tag?post=10518"}],"curies":[{"name":"wp","href":"https:\/\/api.w.org\/{rel}","templated":true}]}}