{"id":10442,"date":"2021-01-10T06:05:00","date_gmt":"2021-01-10T06:05:00","guid":{"rendered":"https:\/\/cosyowl.com\/product\/uncategorized\/glass-container-200ml-karen-diffuser-bottle"},"modified":"2026-03-03T13:44:31","modified_gmt":"2026-03-03T13:44:31","slug":"szklany-pojemnik-200ml-butelka-z-dyfuzorem-karen","status":"publish","type":"product","link":"https:\/\/cosyowl.com\/pl\/craft-supplies\/reed-diffuser-supplies\/reed-diffuser-bottles\/glass-container-200ml-karen-diffuser-bottle","title":{"rendered":"Szklany pojemnik - butelka dyfuzora Karen 200 ml"},"content":{"rendered":"<p>\u2018<\/p>\n<p>Jest to stylowy i wytrzyma\u0142y <a href=\"https:\/\/cosyowl.com\/pl\/craft-supplies\/reed-diffuser-supplies\/reed-diffuser-bottles\/glass-container-100ml-karen-diffuser-bottle\">szklany pojemnik<\/a> Nadaje si\u0119 do przechowywania do 200 ml zapachu. Jak wida\u0107 po jego wygl\u0105dzie, posiada on <a href=\"https:\/\/cosyowl.com\/pl\/fragrance-oils\/coffee\">solidny<\/a> oraz <a href=\"https:\/\/cosyowl.com\/pl\/candle-making-supplies\/glitters\/pure-white-biodegradable\">elegancki<\/a> kszta\u0142t. Skorzystaj z naszych <a href=\"https:\/\/cosyowl.com\/pl\/guides\/2023-spring-fragrance-oil-trends\">olejki zapachowe<\/a> aby stworzy\u0107 niesamowity aromat, kt\u00f3ry wype\u0142ni ka\u017cd\u0105 przestrze\u0144 \u017cyciow\u0105.<\/p>\n<p><strong>Rozmiar - <\/strong> \u015arednica: 80 mm Wysoko\u015b\u0107: 95 mm z przykr\u0119can\u0105 pokryw\u0105.<\/p>","protected":false},"excerpt":{"rendered":"<p>&#8216; This is a stylish and strong glass container suitable for holding up to 200ml of fragrance. As you can see from its appearance it has a robust and elegant shape. Make use of our fragrance oils to create a tremendous aroma to fill any living space. Size &#8211; Diameter: 80mm Height: 95mm with screw [&hellip;]<\/p>\n","protected":false},"featured_media":11959,"comment_status":"open","ping_status":"closed","template":"","meta":{"_acf_changed":false},"product_brand":[],"product_cat":[650],"product_tag":[923],"class_list":{"0":"post-10442","1":"product","2":"type-product","3":"status-publish","4":"has-post-thumbnail","6":"product_cat-reed-diffusers-bottles","7":"product_tag-bottle","8":"product_shipping_class-royal_mail","10":"first","11":"instock","12":"taxable","13":"shipping-taxable","14":"purchasable","15":"product-type-simple"},"acf":[],"_links":{"self":[{"href":"https:\/\/cosyowl.com\/pl\/wp-json\/wp\/v2\/product\/10442","targetHints":{"allow":["GET"]}}],"collection":[{"href":"https:\/\/cosyowl.com\/pl\/wp-json\/wp\/v2\/product"}],"about":[{"href":"https:\/\/cosyowl.com\/pl\/wp-json\/wp\/v2\/types\/product"}],"replies":[{"embeddable":true,"href":"https:\/\/cosyowl.com\/pl\/wp-json\/wp\/v2\/comments?post=10442"}],"wp:featuredmedia":[{"embeddable":true,"href":"https:\/\/cosyowl.com\/pl\/wp-json\/wp\/v2\/media\/11959"}],"wp:attachment":[{"href":"https:\/\/cosyowl.com\/pl\/wp-json\/wp\/v2\/media?parent=10442"}],"wp:term":[{"taxonomy":"product_brand","embeddable":true,"href":"https:\/\/cosyowl.com\/pl\/wp-json\/wp\/v2\/product_brand?post=10442"},{"taxonomy":"product_cat","embeddable":true,"href":"https:\/\/cosyowl.com\/pl\/wp-json\/wp\/v2\/product_cat?post=10442"},{"taxonomy":"product_tag","embeddable":true,"href":"https:\/\/cosyowl.com\/pl\/wp-json\/wp\/v2\/product_tag?post=10442"}],"curies":[{"name":"wp","href":"https:\/\/api.w.org\/{rel}","templated":true}]}}