{"id":10438,"date":"2021-01-10T06:05:00","date_gmt":"2021-01-10T06:05:00","guid":{"rendered":"https:\/\/cosyowl.com\/product\/uncategorized\/diffuser-bottle-plug"},"modified":"2026-03-03T13:44:30","modified_gmt":"2026-03-03T13:44:30","slug":"zatyczka-butelki-z-dyfuzorem","status":"publish","type":"product","link":"https:\/\/cosyowl.com\/pl\/craft-supplies\/reed-diffuser-supplies\/reed-diffuser-bottles\/diffuser-bottle-plug","title":{"rendered":"Zatyczka do butelki z dyfuzorem"},"content":{"rendered":"<p>Ta plastikowa zatyczka do butelki z dyfuzorem (znana r\u00f3wnie\u017c jako korek) mo\u017ce by\u0107 u\u017cywana do uszczelnienia pojemnika, aby zapewni\u0107, \u017ce <a href=\"https:\/\/cosyowl.com\/pl\/candle-making-supplies\/fragrance-oils-for-candle-making\/premium-fragrance-oils\/cosy-owl-premium-1-million-type-fragrance-oil\">olejek zapachowy<\/a> nie paruje, nie rozlewa si\u0119 ani nie uwalnia zapachu, gdy nie jest potrzebny.<\/p>\n<p>&nbsp;<\/p>","protected":false},"excerpt":{"rendered":"<p>Ta plastikowa zatyczka do butelki z dyfuzorem (znana r\u00f3wnie\u017c jako korek) mo\u017ce by\u0107 u\u017cywana do uszczelnienia pojemnika, aby zapewni\u0107, \u017ce olejek zapachowy nie wyparuje, nie rozleje si\u0119 ani nie uwolni swojego zapachu, gdy nie jest potrzebny. &nbsp;<\/p>","protected":false},"featured_media":11955,"comment_status":"open","ping_status":"closed","template":"","meta":{"_acf_changed":false},"product_brand":[],"product_cat":[650],"product_tag":[919],"class_list":{"0":"post-10438","1":"product","2":"type-product","3":"status-publish","4":"has-post-thumbnail","6":"product_cat-reed-diffusers-bottles","7":"product_tag-plug","8":"product_shipping_class-royal_mail_letter","10":"first","11":"instock","12":"taxable","13":"shipping-taxable","14":"purchasable","15":"product-type-simple"},"acf":[],"_links":{"self":[{"href":"https:\/\/cosyowl.com\/pl\/wp-json\/wp\/v2\/product\/10438","targetHints":{"allow":["GET"]}}],"collection":[{"href":"https:\/\/cosyowl.com\/pl\/wp-json\/wp\/v2\/product"}],"about":[{"href":"https:\/\/cosyowl.com\/pl\/wp-json\/wp\/v2\/types\/product"}],"replies":[{"embeddable":true,"href":"https:\/\/cosyowl.com\/pl\/wp-json\/wp\/v2\/comments?post=10438"}],"wp:featuredmedia":[{"embeddable":true,"href":"https:\/\/cosyowl.com\/pl\/wp-json\/wp\/v2\/media\/11955"}],"wp:attachment":[{"href":"https:\/\/cosyowl.com\/pl\/wp-json\/wp\/v2\/media?parent=10438"}],"wp:term":[{"taxonomy":"product_brand","embeddable":true,"href":"https:\/\/cosyowl.com\/pl\/wp-json\/wp\/v2\/product_brand?post=10438"},{"taxonomy":"product_cat","embeddable":true,"href":"https:\/\/cosyowl.com\/pl\/wp-json\/wp\/v2\/product_cat?post=10438"},{"taxonomy":"product_tag","embeddable":true,"href":"https:\/\/cosyowl.com\/pl\/wp-json\/wp\/v2\/product_tag?post=10438"}],"curies":[{"name":"wp","href":"https:\/\/api.w.org\/{rel}","templated":true}]}}