{"id":10435,"date":"2021-01-10T06:05:00","date_gmt":"2021-01-10T06:05:00","guid":{"rendered":"https:\/\/cosyowl.com\/product\/uncategorized\/wooden-diffuser-cap"},"modified":"2026-05-01T13:08:29","modified_gmt":"2026-05-01T12:08:29","slug":"drewniana-nasadka-dyfuzora","status":"publish","type":"product","link":"https:\/\/cosyowl.com\/pl\/craft-supplies\/reed-diffuser-supplies\/reed-diffuser-bottles\/wooden-diffuser-cap","title":{"rendered":"Drewniana nasadka dyfuzora"},"content":{"rendered":"<p>\u2018<\/p>\n<p>Ta drewniana nasadka dyfuzora mo\u017ce by\u0107 umieszczona na g\u00f3rze pojemnika, aby zapewni\u0107 bardziej <a href=\"https:\/\/cosyowl.com\/pl\/candle-making-supplies\/fragrance-oils-for-candle-making\/all-fragrances\/honey-fragrance-oil\">naturalny<\/a> estetyczny wygl\u0105d. W zestawie <a href=\"https:\/\/cosyowl.com\/pl\/guides\/a-beginners-guide-to-making-reed-diffusers\">dyfuzory trzcinowe<\/a> po prostu wystaje z butelki i wychodzi przez otw\u00f3r w nakr\u0119tce.<\/p>\n<p>Zatyczki do butelek z dyfuzorem s\u0105 sprzedawane oddzielnie.<\/p>","protected":false},"excerpt":{"rendered":"<p>\u2018Ta drewniana nasadka dyfuzora mo\u017ce by\u0107 umieszczona na g\u00f3rze pojemnika, aby zapewni\u0107 bardziej naturalny, estetyczny wygl\u0105d. Dyfuzory trzcinowe po prostu wystaj\u0105 z butelki i wychodz\u0105 przez otw\u00f3r w nasadce. Nale\u017cy pami\u0119ta\u0107, \u017ce zatyczki do butelek z dyfuzorami s\u0105 sprzedawane oddzielnie.<\/p>","protected":false},"featured_media":11952,"comment_status":"open","ping_status":"closed","template":"","meta":{"_acf_changed":false},"product_brand":[],"product_cat":[650],"product_tag":[920],"class_list":{"0":"post-10435","1":"product","2":"type-product","3":"status-publish","4":"has-post-thumbnail","6":"product_cat-reed-diffusers-bottles","7":"product_tag-cap","8":"product_shipping_class-royal_mail_letter","10":"first","11":"instock","12":"taxable","13":"shipping-taxable","14":"purchasable","15":"product-type-simple"},"acf":[],"_links":{"self":[{"href":"https:\/\/cosyowl.com\/pl\/wp-json\/wp\/v2\/product\/10435","targetHints":{"allow":["GET"]}}],"collection":[{"href":"https:\/\/cosyowl.com\/pl\/wp-json\/wp\/v2\/product"}],"about":[{"href":"https:\/\/cosyowl.com\/pl\/wp-json\/wp\/v2\/types\/product"}],"replies":[{"embeddable":true,"href":"https:\/\/cosyowl.com\/pl\/wp-json\/wp\/v2\/comments?post=10435"}],"wp:featuredmedia":[{"embeddable":true,"href":"https:\/\/cosyowl.com\/pl\/wp-json\/wp\/v2\/media\/11952"}],"wp:attachment":[{"href":"https:\/\/cosyowl.com\/pl\/wp-json\/wp\/v2\/media?parent=10435"}],"wp:term":[{"taxonomy":"product_brand","embeddable":true,"href":"https:\/\/cosyowl.com\/pl\/wp-json\/wp\/v2\/product_brand?post=10435"},{"taxonomy":"product_cat","embeddable":true,"href":"https:\/\/cosyowl.com\/pl\/wp-json\/wp\/v2\/product_cat?post=10435"},{"taxonomy":"product_tag","embeddable":true,"href":"https:\/\/cosyowl.com\/pl\/wp-json\/wp\/v2\/product_tag?post=10435"}],"curies":[{"name":"wp","href":"https:\/\/api.w.org\/{rel}","templated":true}]}}