{"id":10430,"date":"2021-01-10T06:05:48","date_gmt":"2021-01-10T06:05:48","guid":{"rendered":"https:\/\/cosyowl.com\/product\/uncategorized\/import-placeholder-for-tcdl-ccon-bowl-nfld-clid-291"},"modified":"2026-05-01T13:08:48","modified_gmt":"2026-05-01T12:08:48","slug":"metalowa-pokrywa-do-okraglego-plaskiego-naczynia-55cl","status":"publish","type":"product","link":"https:\/\/cosyowl.com\/pl\/candle-making-supplies\/candle-containers\/candle-glasses\/metal-lid-for-55cl-round-flat-dish","title":{"rendered":"Srebrna metalowa pokrywka do okr\u0105g\u0142ego p\u0142askiego naczynia 55cl"},"content":{"rendered":"<p>Srebrna metalowa pokrywa dla <a href=\"https:\/\/cosyowl.com\/pl\/candle-making-supplies\/candle-containers\/candle-glasses\/glass-candle-container-55cl-round-flat-dish\">Okr\u0105g\u0142e p\u0142askie naczynie 55cl<\/a>. Nale\u017cy pami\u0119ta\u0107, \u017ce pokrywy te nie s\u0105 wyposa\u017cone w zintegrowan\u0105 uszczelk\u0119 silikonow\u0105.<\/p>\n<p>Wymiary zewn\u0119trzne - wys. 12 mm x szer. 127 mm<br \/>\nWymiary wewn\u0119trzne - wys. 12 mm x szer. 125 mm<\/p>","protected":false},"excerpt":{"rendered":"<p>Srebrna metalowa pokrywka do okr\u0105g\u0142ego p\u0142askiego naczynia o pojemno\u015bci 55 cl. Pokrywki nie posiadaj\u0105 zintegrowanej uszczelki silikonowej. Wymiary zewn\u0119trzne - wys. 12 mm x szer. 127 mm Wymiary wewn\u0119trzne - wys. 12 mm x szer. 125 mm<\/p>","protected":false},"featured_media":53722,"comment_status":"open","ping_status":"closed","template":"","meta":{"_acf_changed":false},"product_brand":[],"product_cat":[527],"product_tag":[924],"class_list":{"0":"post-10430","1":"product","2":"type-product","3":"status-publish","4":"has-post-thumbnail","6":"product_cat-candle-glasses","7":"product_tag-lid","8":"product_shipping_class-royal_mail","10":"first","11":"instock","12":"taxable","13":"shipping-taxable","14":"purchasable","15":"product-type-simple"},"acf":[],"_links":{"self":[{"href":"https:\/\/cosyowl.com\/pl\/wp-json\/wp\/v2\/product\/10430","targetHints":{"allow":["GET"]}}],"collection":[{"href":"https:\/\/cosyowl.com\/pl\/wp-json\/wp\/v2\/product"}],"about":[{"href":"https:\/\/cosyowl.com\/pl\/wp-json\/wp\/v2\/types\/product"}],"replies":[{"embeddable":true,"href":"https:\/\/cosyowl.com\/pl\/wp-json\/wp\/v2\/comments?post=10430"}],"wp:featuredmedia":[{"embeddable":true,"href":"https:\/\/cosyowl.com\/pl\/wp-json\/wp\/v2\/media\/53722"}],"wp:attachment":[{"href":"https:\/\/cosyowl.com\/pl\/wp-json\/wp\/v2\/media?parent=10430"}],"wp:term":[{"taxonomy":"product_brand","embeddable":true,"href":"https:\/\/cosyowl.com\/pl\/wp-json\/wp\/v2\/product_brand?post=10430"},{"taxonomy":"product_cat","embeddable":true,"href":"https:\/\/cosyowl.com\/pl\/wp-json\/wp\/v2\/product_cat?post=10430"},{"taxonomy":"product_tag","embeddable":true,"href":"https:\/\/cosyowl.com\/pl\/wp-json\/wp\/v2\/product_tag?post=10430"}],"curies":[{"name":"wp","href":"https:\/\/api.w.org\/{rel}","templated":true}]}}