{"id":10424,"date":"2021-01-10T06:04:00","date_gmt":"2021-01-10T06:04:00","guid":{"rendered":"https:\/\/cosyowl.com\/product\/uncategorized\/glass-container-100ml-diffuser-cube"},"modified":"2026-03-03T13:44:29","modified_gmt":"2026-03-03T13:44:29","slug":"szklany-pojemnik-100ml-kostka-dyfuzora","status":"publish","type":"product","link":"https:\/\/cosyowl.com\/pl\/craft-supplies\/reed-diffuser-supplies\/reed-diffuser-bottles\/glass-container-100ml-diffuser-cube","title":{"rendered":"Szklany pojemnik - kostka dyfuzora 100 ml"},"content":{"rendered":"<p>\u2018<\/p>\n<p>Jest to stylowy i wytrzyma\u0142y <a href=\"https:\/\/cosyowl.com\/pl\/craft-supplies\/reed-diffuser-supplies\/reed-diffuser-bottles\/glass-container-200ml-karen-diffuser-bottle\">szklany pojemnik<\/a> Nadaje si\u0119 do przechowywania do 100 ml zapachu. Jak wida\u0107 po jego wygl\u0105dzie, ma on <a href=\"https:\/\/cosyowl.com\/pl\/fragrance-oils\/coffee\">solidny<\/a> kszta\u0142t sze\u015bcianu. Skorzystaj z naszych <a href=\"https:\/\/cosyowl.com\/pl\/guides\/2023-spring-fragrance-oil-trends\">olejki zapachowe<\/a> aby stworzy\u0107 niesamowity aromat, kt\u00f3ry wype\u0142ni ka\u017cd\u0105 przestrze\u0144 \u017cyciow\u0105.<\/p>\n<p><strong>Rozmiar - <\/strong> Szeroko\u015b\u0107\/g\u0142\u0119boko\u015b\u0107: 59 mm Wysoko\u015b\u0107: 77 mm z zakr\u0119can\u0105 pokryw\u0105.<\/p>","protected":false},"excerpt":{"rendered":"<p>Jest to stylowy i wytrzyma\u0142y szklany pojemnik odpowiedni do przechowywania do 100 ml zapachu. Jak wida\u0107 po jego wygl\u0105dzie, ma solidny kszta\u0142t sze\u015bcianu. Wykorzystaj nasze olejki zapachowe, aby stworzy\u0107 niesamowity aromat, kt\u00f3ry wype\u0142ni ka\u017cd\u0105 przestrze\u0144 \u017cyciow\u0105. Rozmiar - szeroko\u015b\u0107\/g\u0142\u0119boko\u015b\u0107: 59 mm wysoko\u015b\u0107: 77 mm z zakr\u0119canym wieczkiem.<\/p>","protected":false},"featured_media":11943,"comment_status":"open","ping_status":"closed","template":"","meta":{"_acf_changed":false},"product_brand":[],"product_cat":[650],"product_tag":[921],"class_list":{"0":"post-10424","1":"product","2":"type-product","3":"status-publish","4":"has-post-thumbnail","6":"product_cat-reed-diffusers-bottles","7":"product_tag-glass-container","8":"product_shipping_class-royal_mail","10":"first","11":"instock","12":"taxable","13":"shipping-taxable","14":"purchasable","15":"product-type-simple"},"acf":[],"_links":{"self":[{"href":"https:\/\/cosyowl.com\/pl\/wp-json\/wp\/v2\/product\/10424","targetHints":{"allow":["GET"]}}],"collection":[{"href":"https:\/\/cosyowl.com\/pl\/wp-json\/wp\/v2\/product"}],"about":[{"href":"https:\/\/cosyowl.com\/pl\/wp-json\/wp\/v2\/types\/product"}],"replies":[{"embeddable":true,"href":"https:\/\/cosyowl.com\/pl\/wp-json\/wp\/v2\/comments?post=10424"}],"wp:featuredmedia":[{"embeddable":true,"href":"https:\/\/cosyowl.com\/pl\/wp-json\/wp\/v2\/media\/11943"}],"wp:attachment":[{"href":"https:\/\/cosyowl.com\/pl\/wp-json\/wp\/v2\/media?parent=10424"}],"wp:term":[{"taxonomy":"product_brand","embeddable":true,"href":"https:\/\/cosyowl.com\/pl\/wp-json\/wp\/v2\/product_brand?post=10424"},{"taxonomy":"product_cat","embeddable":true,"href":"https:\/\/cosyowl.com\/pl\/wp-json\/wp\/v2\/product_cat?post=10424"},{"taxonomy":"product_tag","embeddable":true,"href":"https:\/\/cosyowl.com\/pl\/wp-json\/wp\/v2\/product_tag?post=10424"}],"curies":[{"name":"wp","href":"https:\/\/api.w.org\/{rel}","templated":true}]}}