{"id":10422,"date":"2021-01-10T06:04:00","date_gmt":"2021-01-10T06:04:00","guid":{"rendered":"https:\/\/cosyowl.com\/product\/uncategorized\/glass-container-9cl-meredith"},"modified":"2026-03-03T13:44:27","modified_gmt":"2026-03-03T13:44:27","slug":"szklany-pojemnik-9cl-meredith","status":"publish","type":"product","link":"https:\/\/cosyowl.com\/pl\/candle-making-supplies\/candle-containers\/candle-glasses\/glass-candle-container-9cl-meredith","title":{"rendered":"Szklany pojemnik na \u015bwiec\u0119 - 9cl Meredith"},"content":{"rendered":"<p>\u2018<\/p>\n<p>Jest to silny, odporny na ciep\u0142o <a href=\"https:\/\/cosyowl.com\/pl\/craft-supplies\/reed-diffuser-supplies\/reed-diffuser-bottles\/glass-container-200ml-karen-diffuser-bottle\">szklany pojemnik<\/a> nadaje si\u0119 do produkcji ma\u0142ych \u015bwiec. Jak wida\u0107 po jego wygl\u0105dzie, posiada on <a href=\"https:\/\/cosyowl.com\/pl\/candle-tins\/silver-round-candle-tin-with-window-lid-50ml\">drobny<\/a> okr\u0105g\u0142y kszta\u0142t. Skorzystaj z naszych <a href=\"https:\/\/cosyowl.com\/pl\/guides\/2023-spring-fragrance-oil-trends\">olejki zapachowe<\/a> aby stworzy\u0107 niesamowity aromat pot\u0119guj\u0105cy doznania.<\/p>\n<p><strong>Rozmiar - <\/strong> \u015arednica w najszerszym miejscu: 55 mm Wysoko\u015b\u0107: 66 mm<\/p>\n<p>Meredith 9Cl pomie\u015bci oko\u0142o 72 g wosku*.<\/p>\n<p>Nale\u017cy pami\u0119ta\u0107, \u017ce wst\u0119pne podgrzanie szklanego pojemnika do temperatury oko\u0142o 45\u00b0C mo\u017ce pom\u00f3c w zmniejszeniu mo\u017cliwo\u015bci powstawania wad w szklanym pojemniku. <a href=\"https:\/\/cosyowl.com\/pl\/guides\/a-summers-beach-gel-votive-candle\">\u015bwieca<\/a> w miar\u0119 krzepni\u0119cia.<\/p>\n<h3>Zalecenia dotycz\u0105ce knot\u00f3w**<\/h3>\n<table class=\"notesTableBorder\">\n<tbody>\n<tr>\n<th>Wosk Kerasoy (sojowy)<\/th>\n<th>Kerawax (parafina)<\/th>\n<th>Zar\u00f3wno soja, jak i parafina<\/th>\n<th>Wiele knot\u00f3w <a href=\"https:\/\/cosyowl.com\/pl\/guides\/using-cotton-wicks-with-soyaluna-container-wax-recommendations\">zalecenia<\/a><\/th>\n<\/tr>\n<tr>\n<td>ECO 1<\/td>\n<td>LX 14<\/td>\n<td>TCR 24\/12<\/td>\n<td>NIE DOTYCZY<\/td>\n<\/tr>\n<tr>\n<td>ECO 2<\/td>\n<td>LX 16<\/td>\n<td>TCR 24\/14<\/td>\n<td>NIE DOTYCZY<\/td>\n<\/tr>\n<\/tbody>\n<\/table>\n<p>*Nale\u017cy pami\u0119ta\u0107, \u017ce zalecana ilo\u015b\u0107 wosku to <a href=\"https:\/\/cosyowl.com\/pl\/guides\/a-guide-to-creating-your-own-soap-products\">przewodnik<\/a> i opiera si\u0119 na maksymalnej pojemno\u015bci danego pojemnika. Dlatego mo\u017cliwe jest u\u017cycie mniejszej ilo\u015bci wosku, ale nie zalecamy przekraczania maksymalnej pojemno\u015bci. Zalecamy stosowanie podanych ilo\u015bci wosku wy\u0142\u0105cznie jako punktu wyj\u015bcia i dostosowanie ich do w\u0142asnych potrzeb. <a href=\"https:\/\/cosyowl.com\/pl\/guides\/weighing-fragrance\">pomiary<\/a> zgodnie z w\u0142asnymi preferencjami.<\/p>\n<p>**Uwaga: wszystkie zalecenia dotycz\u0105ce knot\u00f3w opieraj\u0105 si\u0119 wy\u0142\u0105cznie na u\u017cyciu z naszym woskiem. Najmniejszy <a href=\"https:\/\/cosyowl.com\/pl\/guides\/candle-wick-size-chart\">Rozmiar knota<\/a> zalecany jest do u\u017cytku wy\u0142\u0105cznie z woskiem. Najwi\u0119kszy zalecany rozmiar knota jest przeznaczony do u\u017cytku, gdy <a href=\"https:\/\/cosyowl.com\/pl\/candle-making-supplies\/fragrance-oils-for-candle-making\/premium-fragrance-oils\/cosy-owl-premium-1-million-type-fragrance-oil\">Olejek zapachowy<\/a> i\/lub barwnik. Wszystkie podane informacje nale\u017cy traktowa\u0107 wy\u0142\u0105cznie jako wskaz\u00f3wki pomocne w znalezieniu punktu wyj\u015bcia podczas eksperymentowania z knotami, poniewa\u017c r\u00f3\u017cne temperatury i olejki zapachowe b\u0119d\u0105 mia\u0142y wp\u0142yw na powodzenie knota.<\/p>","protected":false},"excerpt":{"rendered":"<p>&#8216; This is a strong heat-resistant glass container suitable for making small sized candles. As you can see from its appearance it has a petite round shape. Make use of our fragrance oils to create a tremendous aroma to augment the sensation. Size &#8211; Diameter at its widest: 55mm Height: 66mm The 9Cl Meredith will [&hellip;]<\/p>\n","protected":false},"featured_media":96518,"comment_status":"open","ping_status":"closed","template":"","meta":{"_acf_changed":false},"product_brand":[],"product_cat":[527],"product_tag":[921],"class_list":{"0":"post-10422","1":"product","2":"type-product","3":"status-publish","4":"has-post-thumbnail","6":"product_cat-candle-glasses","7":"product_tag-glass-container","8":"product_shipping_class-royal_mail","10":"first","11":"instock","12":"taxable","13":"shipping-taxable","14":"purchasable","15":"product-type-simple"},"acf":[],"_links":{"self":[{"href":"https:\/\/cosyowl.com\/pl\/wp-json\/wp\/v2\/product\/10422","targetHints":{"allow":["GET"]}}],"collection":[{"href":"https:\/\/cosyowl.com\/pl\/wp-json\/wp\/v2\/product"}],"about":[{"href":"https:\/\/cosyowl.com\/pl\/wp-json\/wp\/v2\/types\/product"}],"replies":[{"embeddable":true,"href":"https:\/\/cosyowl.com\/pl\/wp-json\/wp\/v2\/comments?post=10422"}],"wp:featuredmedia":[{"embeddable":true,"href":"https:\/\/cosyowl.com\/pl\/wp-json\/wp\/v2\/media\/96518"}],"wp:attachment":[{"href":"https:\/\/cosyowl.com\/pl\/wp-json\/wp\/v2\/media?parent=10422"}],"wp:term":[{"taxonomy":"product_brand","embeddable":true,"href":"https:\/\/cosyowl.com\/pl\/wp-json\/wp\/v2\/product_brand?post=10422"},{"taxonomy":"product_cat","embeddable":true,"href":"https:\/\/cosyowl.com\/pl\/wp-json\/wp\/v2\/product_cat?post=10422"},{"taxonomy":"product_tag","embeddable":true,"href":"https:\/\/cosyowl.com\/pl\/wp-json\/wp\/v2\/product_tag?post=10422"}],"curies":[{"name":"wp","href":"https:\/\/api.w.org\/{rel}","templated":true}]}}